{"id":3395,"date":"2021-01-19T20:41:07","date_gmt":"2021-01-19T20:41:07","guid":{"rendered":"https:\/\/sesamo.eu\/prodotto\/karussell\/"},"modified":"2022-02-20T13:29:21","modified_gmt":"2022-02-20T13:29:21","slug":"karussell","status":"publish","type":"product","link":"https:\/\/www.sesamo.eu\/de\/prodotto\/karussell\/","title":{"rendered":"GIOSTRA"},"content":{"rendered":"<p>Automatische oder manuelle Karussellt\u00fcr, erh\u00e4ltlich in verschiedenen Konfigurationen.<\/p>\n<p><strong>Optionen<\/strong><\/p>\n<p>Ausf\u00fchrungen mit Nachtrolll\u00e4den, in manueller Ausf\u00fchrung (3\/4 Fl\u00fcgel) oder Automatik (2\/3\/4 Fl\u00fcgel), mit elektrischen oder mechanischen Schl\u00f6ssern, mit Sto\u00dfgriffen in verschiedenen Varianten oder mit speziellen Glasw\u00fcnschen. Die automatische Karussellt\u00fcr dreht sich gegen den Uhrzeigersinn und ist immer mit den neuesten Sicherheitsfunktionen ausgestattet, um einen sicheren und zuverl\u00e4ssigen Betrieb zu gew\u00e4hrleisten. Die \u00dcberdachungskonstruktion besteht aus einem soliden und robusten Stahlrahmen, der w\u00e4rmeisoliert ist, entlang des Kastens mit Aluminiumblechen bedeckt und mit einer Standard-Staubabdeckung verschlossen ist. Der untere Teil der Decke ist mit segmentierten Aluminiumplatten geschlossen, die ein solides und perfekt koplanares Erscheinungsbild garantieren. Sorgf\u00e4ltiges Design und die Verwendung zuverl\u00e4ssiger Komponenten gew\u00e4hrleisten jederzeit einen reibungslosen und sicheren Betrieb. Karussellt\u00fcren bieten idealen Komfort f\u00fcr B\u00fcros, Flugh\u00e4fen, Bahnh\u00f6fe, Krankenh\u00e4user, Einkaufszentren, Hotels und viele andere Anwendungen.<\/p>\n<ul>\n<li>Die Klimaanlagensteuerung (Temperatur, Klimaanlagenstr\u00f6me), die Kosten reduziert.<\/li>\n<li>Die Flexibilit\u00e4t des Designs bietet vollst\u00e4ndig kundenspezifische L\u00f6sungen f\u00fcr jeden Eingang.<\/li>\n<li>Die Verf\u00fcgbarkeit unz\u00e4hliger verwendbarer Glasoptionen sorgt f\u00fcr eine unglaubliche Transparenz, haupts\u00e4chlich f\u00fcr den Einsatz bei Glasfassaden.<\/li>\n<\/ul>\n<p><strong>Technische Daten der Oberfl\u00e4che<\/strong><\/p>\n<p>Die Oberfl\u00e4chen k\u00f6nnen in allen g\u00e4ngigen RAL-Farben pulverbeschichtet oder standardm\u00e4\u00dfig eloxiert geliefert werden. M\u00f6gliche kundenspezifische Ausf\u00fchrungen mit Beschichtung aus Edelstahl 304 oder 316, Bronze oder Messing.<\/p>\n","protected":false},"excerpt":{"rendered":"<p>Gestaltungsfreiheit, vielf\u00e4ltige Variationen und M\u00f6glichkeiten zur Gestaltung eines repr\u00e4sentativen Eingangsbereichs.<\/p>\n","protected":false},"featured_media":2525,"comment_status":"open","ping_status":"closed","template":"","meta":{"_acf_changed":false,"_et_pb_use_builder":"","_et_pb_old_content":"","_et_gb_content_width":""},"product_brand":[],"product_cat":[67],"product_tag":[],"class_list":{"0":"post-3395","1":"product","2":"type-product","3":"status-publish","4":"has-post-thumbnail","6":"product_cat-spezielle-anwendungen","8":"first","9":"instock","10":"shipping-taxable","11":"product-type-simple"},"acf":[],"yoast_head":"<!-- This site is optimized with the Yoast SEO plugin v27.2 - https:\/\/yoast.com\/product\/yoast-seo-wordpress\/ -->\n<title>GIOSTRA - SESAMO<\/title>\n<meta name=\"robots\" content=\"index, follow, max-snippet:-1, max-image-preview:large, max-video-preview:-1\" \/>\n<link rel=\"canonical\" href=\"https:\/\/www.sesamo.eu\/de\/prodotto\/karussell\/\" \/>\n<meta property=\"og:locale\" content=\"de_DE\" \/>\n<meta property=\"og:type\" content=\"article\" \/>\n<meta property=\"og:title\" content=\"GIOSTRA - SESAMO\" \/>\n<meta property=\"og:description\" content=\"Gestaltungsfreiheit, vielf\u00e4ltige Variationen und M\u00f6glichkeiten zur Gestaltung eines repr\u00e4sentativen Eingangsbereichs.\" \/>\n<meta property=\"og:url\" content=\"https:\/\/www.sesamo.eu\/de\/prodotto\/karussell\/\" \/>\n<meta property=\"og:site_name\" content=\"SESAMO\" \/>\n<meta property=\"article:modified_time\" content=\"2022-02-20T13:29:21+00:00\" \/>\n<meta property=\"og:image\" content=\"https:\/\/www.sesamo.eu\/wp-content\/uploads\/2021\/01\/thumb_Turin_Palace_general.jpeg\" \/>\n\t<meta property=\"og:image:width\" content=\"670\" \/>\n\t<meta property=\"og:image:height\" content=\"414\" \/>\n\t<meta property=\"og:image:type\" content=\"image\/jpeg\" \/>\n<meta name=\"twitter:card\" content=\"summary_large_image\" \/>\n<meta name=\"twitter:label1\" content=\"Gesch\u00e4tzte Lesezeit\" \/>\n\t<meta name=\"twitter:data1\" content=\"1\u00a0Minute\" \/>\n<script type=\"application\/ld+json\" class=\"yoast-schema-graph\">{\"@context\":\"https:\/\/schema.org\",\"@graph\":[{\"@type\":\"WebPage\",\"@id\":\"https:\/\/www.sesamo.eu\/de\/prodotto\/karussell\/\",\"url\":\"https:\/\/www.sesamo.eu\/de\/prodotto\/karussell\/\",\"name\":\"GIOSTRA - SESAMO\",\"isPartOf\":{\"@id\":\"https:\/\/www.sesamo.eu\/de\/#website\"},\"primaryImageOfPage\":{\"@id\":\"https:\/\/www.sesamo.eu\/de\/prodotto\/karussell\/#primaryimage\"},\"image\":{\"@id\":\"https:\/\/www.sesamo.eu\/de\/prodotto\/karussell\/#primaryimage\"},\"thumbnailUrl\":\"https:\/\/www.sesamo.eu\/wp-content\/uploads\/2021\/01\/thumb_Turin_Palace_general.jpeg\",\"datePublished\":\"2021-01-19T20:41:07+00:00\",\"dateModified\":\"2022-02-20T13:29:21+00:00\",\"breadcrumb\":{\"@id\":\"https:\/\/www.sesamo.eu\/de\/prodotto\/karussell\/#breadcrumb\"},\"inLanguage\":\"de\",\"potentialAction\":[{\"@type\":\"ReadAction\",\"target\":[\"https:\/\/www.sesamo.eu\/de\/prodotto\/karussell\/\"]}]},{\"@type\":\"ImageObject\",\"inLanguage\":\"de\",\"@id\":\"https:\/\/www.sesamo.eu\/de\/prodotto\/karussell\/#primaryimage\",\"url\":\"https:\/\/www.sesamo.eu\/wp-content\/uploads\/2021\/01\/thumb_Turin_Palace_general.jpeg\",\"contentUrl\":\"https:\/\/www.sesamo.eu\/wp-content\/uploads\/2021\/01\/thumb_Turin_Palace_general.jpeg\",\"width\":670,\"height\":414},{\"@type\":\"BreadcrumbList\",\"@id\":\"https:\/\/www.sesamo.eu\/de\/prodotto\/karussell\/#breadcrumb\",\"itemListElement\":[{\"@type\":\"ListItem\",\"position\":1,\"name\":\"Home\",\"item\":\"https:\/\/www.sesamo.eu\/de\/heim\/\"},{\"@type\":\"ListItem\",\"position\":2,\"name\":\"Einkaufen\",\"item\":\"https:\/\/www.sesamo.eu\/de\/einkaufen\/\"},{\"@type\":\"ListItem\",\"position\":3,\"name\":\"GIOSTRA\"}]},{\"@type\":\"WebSite\",\"@id\":\"https:\/\/www.sesamo.eu\/de\/#website\",\"url\":\"https:\/\/www.sesamo.eu\/de\/\",\"name\":\"SESAMO\",\"description\":\"Ingressi automatici\",\"publisher\":{\"@id\":\"https:\/\/www.sesamo.eu\/de\/#organization\"},\"potentialAction\":[{\"@type\":\"SearchAction\",\"target\":{\"@type\":\"EntryPoint\",\"urlTemplate\":\"https:\/\/www.sesamo.eu\/de\/?s={search_term_string}\"},\"query-input\":{\"@type\":\"PropertyValueSpecification\",\"valueRequired\":true,\"valueName\":\"search_term_string\"}}],\"inLanguage\":\"de\"},{\"@type\":\"Organization\",\"@id\":\"https:\/\/www.sesamo.eu\/de\/#organization\",\"name\":\"SESAMO\",\"url\":\"https:\/\/www.sesamo.eu\/de\/\",\"logo\":{\"@type\":\"ImageObject\",\"inLanguage\":\"de\",\"@id\":\"https:\/\/www.sesamo.eu\/de\/#\/schema\/logo\/image\/\",\"url\":\"https:\/\/www.sesamo.eu\/wp-content\/uploads\/2020\/10\/cropped-Logo_Sesamo.png\",\"contentUrl\":\"https:\/\/www.sesamo.eu\/wp-content\/uploads\/2020\/10\/cropped-Logo_Sesamo.png\",\"width\":512,\"height\":512,\"caption\":\"SESAMO\"},\"image\":{\"@id\":\"https:\/\/www.sesamo.eu\/de\/#\/schema\/logo\/image\/\"}}]}<\/script>\n<!-- \/ Yoast SEO plugin. -->","yoast_head_json":{"title":"GIOSTRA - SESAMO","robots":{"index":"index","follow":"follow","max-snippet":"max-snippet:-1","max-image-preview":"max-image-preview:large","max-video-preview":"max-video-preview:-1"},"canonical":"https:\/\/www.sesamo.eu\/de\/prodotto\/karussell\/","og_locale":"de_DE","og_type":"article","og_title":"GIOSTRA - SESAMO","og_description":"Gestaltungsfreiheit, vielf\u00e4ltige Variationen und M\u00f6glichkeiten zur Gestaltung eines repr\u00e4sentativen Eingangsbereichs.","og_url":"https:\/\/www.sesamo.eu\/de\/prodotto\/karussell\/","og_site_name":"SESAMO","article_modified_time":"2022-02-20T13:29:21+00:00","og_image":[{"width":670,"height":414,"url":"https:\/\/www.sesamo.eu\/wp-content\/uploads\/2021\/01\/thumb_Turin_Palace_general.jpeg","type":"image\/jpeg"}],"twitter_card":"summary_large_image","twitter_misc":{"Gesch\u00e4tzte Lesezeit":"1\u00a0Minute"},"schema":{"@context":"https:\/\/schema.org","@graph":[{"@type":"WebPage","@id":"https:\/\/www.sesamo.eu\/de\/prodotto\/karussell\/","url":"https:\/\/www.sesamo.eu\/de\/prodotto\/karussell\/","name":"GIOSTRA - SESAMO","isPartOf":{"@id":"https:\/\/www.sesamo.eu\/de\/#website"},"primaryImageOfPage":{"@id":"https:\/\/www.sesamo.eu\/de\/prodotto\/karussell\/#primaryimage"},"image":{"@id":"https:\/\/www.sesamo.eu\/de\/prodotto\/karussell\/#primaryimage"},"thumbnailUrl":"https:\/\/www.sesamo.eu\/wp-content\/uploads\/2021\/01\/thumb_Turin_Palace_general.jpeg","datePublished":"2021-01-19T20:41:07+00:00","dateModified":"2022-02-20T13:29:21+00:00","breadcrumb":{"@id":"https:\/\/www.sesamo.eu\/de\/prodotto\/karussell\/#breadcrumb"},"inLanguage":"de","potentialAction":[{"@type":"ReadAction","target":["https:\/\/www.sesamo.eu\/de\/prodotto\/karussell\/"]}]},{"@type":"ImageObject","inLanguage":"de","@id":"https:\/\/www.sesamo.eu\/de\/prodotto\/karussell\/#primaryimage","url":"https:\/\/www.sesamo.eu\/wp-content\/uploads\/2021\/01\/thumb_Turin_Palace_general.jpeg","contentUrl":"https:\/\/www.sesamo.eu\/wp-content\/uploads\/2021\/01\/thumb_Turin_Palace_general.jpeg","width":670,"height":414},{"@type":"BreadcrumbList","@id":"https:\/\/www.sesamo.eu\/de\/prodotto\/karussell\/#breadcrumb","itemListElement":[{"@type":"ListItem","position":1,"name":"Home","item":"https:\/\/www.sesamo.eu\/de\/heim\/"},{"@type":"ListItem","position":2,"name":"Einkaufen","item":"https:\/\/www.sesamo.eu\/de\/einkaufen\/"},{"@type":"ListItem","position":3,"name":"GIOSTRA"}]},{"@type":"WebSite","@id":"https:\/\/www.sesamo.eu\/de\/#website","url":"https:\/\/www.sesamo.eu\/de\/","name":"SESAMO","description":"Ingressi automatici","publisher":{"@id":"https:\/\/www.sesamo.eu\/de\/#organization"},"potentialAction":[{"@type":"SearchAction","target":{"@type":"EntryPoint","urlTemplate":"https:\/\/www.sesamo.eu\/de\/?s={search_term_string}"},"query-input":{"@type":"PropertyValueSpecification","valueRequired":true,"valueName":"search_term_string"}}],"inLanguage":"de"},{"@type":"Organization","@id":"https:\/\/www.sesamo.eu\/de\/#organization","name":"SESAMO","url":"https:\/\/www.sesamo.eu\/de\/","logo":{"@type":"ImageObject","inLanguage":"de","@id":"https:\/\/www.sesamo.eu\/de\/#\/schema\/logo\/image\/","url":"https:\/\/www.sesamo.eu\/wp-content\/uploads\/2020\/10\/cropped-Logo_Sesamo.png","contentUrl":"https:\/\/www.sesamo.eu\/wp-content\/uploads\/2020\/10\/cropped-Logo_Sesamo.png","width":512,"height":512,"caption":"SESAMO"},"image":{"@id":"https:\/\/www.sesamo.eu\/de\/#\/schema\/logo\/image\/"}}]}},"_links":{"self":[{"href":"https:\/\/www.sesamo.eu\/de\/wp-json\/wp\/v2\/product\/3395","targetHints":{"allow":["GET"]}}],"collection":[{"href":"https:\/\/www.sesamo.eu\/de\/wp-json\/wp\/v2\/product"}],"about":[{"href":"https:\/\/www.sesamo.eu\/de\/wp-json\/wp\/v2\/types\/product"}],"replies":[{"embeddable":true,"href":"https:\/\/www.sesamo.eu\/de\/wp-json\/wp\/v2\/comments?post=3395"}],"wp:featuredmedia":[{"embeddable":true,"href":"https:\/\/www.sesamo.eu\/de\/wp-json\/wp\/v2\/media\/2525"}],"wp:attachment":[{"href":"https:\/\/www.sesamo.eu\/de\/wp-json\/wp\/v2\/media?parent=3395"}],"wp:term":[{"taxonomy":"product_brand","embeddable":true,"href":"https:\/\/www.sesamo.eu\/de\/wp-json\/wp\/v2\/product_brand?post=3395"},{"taxonomy":"product_cat","embeddable":true,"href":"https:\/\/www.sesamo.eu\/de\/wp-json\/wp\/v2\/product_cat?post=3395"},{"taxonomy":"product_tag","embeddable":true,"href":"https:\/\/www.sesamo.eu\/de\/wp-json\/wp\/v2\/product_tag?post=3395"}],"curies":[{"name":"wp","href":"https:\/\/api.w.org\/{rel}","templated":true}]}}