{"id":3407,"date":"2021-01-19T20:44:28","date_gmt":"2021-01-19T20:44:28","guid":{"rendered":"https:\/\/sesamo.eu\/prodotto\/stb\/"},"modified":"2024-02-08T16:49:40","modified_gmt":"2024-02-08T16:49:40","slug":"stb","status":"publish","type":"product","link":"https:\/\/www.sesamo.eu\/de\/prodotto\/stb\/","title":{"rendered":"STB"},"content":{"rendered":"<p>Manuelle und automatische technische Innent\u00fcren, mit einem oder zwei Fl\u00fcgeln, geeignet f\u00fcr alle Krankenh\u00e4user, Aufnahmen, Kliniken und B\u00fcros.<\/p>\n<p>FLACH: Aluminiumt\u00fcr mit fertigem Fl\u00fcgel, sowohl in automatischer als auch in manueller Version erh\u00e4ltlich, 40 mm komplanares Paneel, \u00e4u\u00dfere Oberfl\u00e4che aus HPL-Kunststoffmaterial, Farbe nach ABET-Musterbuch.<\/p>\n<p>ALU: Aluminiumt\u00fcr mit Einsteckblatt, sowohl in automatischer als auch in manueller Version erh\u00e4ltlich, 40 mm koplanares Paneel, \u00e4u\u00dfere Oberfl\u00e4che aus HPL-Kunststoffmaterial, Farbe nach ABET-Musterbuch.<\/p>\n<p>FLAT 42DB: Aluminiumt\u00fcr mit fertigem Fl\u00fcgel, sowohl in automatischer als auch in manueller Version erh\u00e4ltlich, T\u00fcr mit ZERTIFIZIERTER SCHALLD\u00c4MMUNG bei 42 dB aus verzinktem Stahl, RAL-Standardlackierung oder Edelstahl 15\/10 mm dick, nicht teleskopischer Typ.<\/p>\n","protected":false},"excerpt":{"rendered":"<p>Manuelle und automatische technische Innent\u00fcren, mit einem oder zwei Fl\u00fcgeln, geeignet f\u00fcr alle Krankenh\u00e4user, Aufnahmen, Kliniken und B\u00fcros. FLACH: Aluminiumt\u00fcr mit fertigem Fl\u00fcgel, sowohl in automatischer als auch in manueller Version erh\u00e4ltlich, 40 mm komplanares Paneel, \u00e4u\u00dfere Oberfl\u00e4che aus HPL-Kunststoffmaterial, Farbe nach ABET-Musterbuch. ALU: Aluminiumt\u00fcr mit Einsteckblatt, sowohl in automatischer als auch in manueller Version [&hellip;]<\/p>\n","protected":false},"featured_media":2565,"comment_status":"open","ping_status":"closed","template":"","meta":{"_acf_changed":false,"_et_pb_use_builder":"","_et_pb_old_content":"","_et_gb_content_width":""},"product_brand":[],"product_cat":[73],"product_tag":[],"class_list":{"0":"post-3407","1":"product","2":"type-product","3":"status-publish","4":"has-post-thumbnail","6":"product_cat-turen-fur-den-krankenhausbereich","8":"first","9":"instock","10":"shipping-taxable","11":"product-type-simple"},"acf":[],"yoast_head":"<!-- This site is optimized with the Yoast SEO plugin v27.2 - https:\/\/yoast.com\/product\/yoast-seo-wordpress\/ -->\n<title>STB - SESAMO<\/title>\n<meta name=\"robots\" content=\"index, follow, max-snippet:-1, max-image-preview:large, max-video-preview:-1\" \/>\n<link rel=\"canonical\" href=\"https:\/\/www.sesamo.eu\/de\/prodotto\/stb\/\" \/>\n<meta property=\"og:locale\" content=\"de_DE\" \/>\n<meta property=\"og:type\" content=\"article\" \/>\n<meta property=\"og:title\" content=\"STB - SESAMO\" \/>\n<meta property=\"og:description\" content=\"Manuelle und automatische technische Innent\u00fcren, mit einem oder zwei Fl\u00fcgeln, geeignet f\u00fcr alle Krankenh\u00e4user, Aufnahmen, Kliniken und B\u00fcros. FLACH: Aluminiumt\u00fcr mit fertigem Fl\u00fcgel, sowohl in automatischer als auch in manueller Version erh\u00e4ltlich, 40 mm komplanares Paneel, \u00e4u\u00dfere Oberfl\u00e4che aus HPL-Kunststoffmaterial, Farbe nach ABET-Musterbuch. ALU: Aluminiumt\u00fcr mit Einsteckblatt, sowohl in automatischer als auch in manueller Version [&hellip;]\" \/>\n<meta property=\"og:url\" content=\"https:\/\/www.sesamo.eu\/de\/prodotto\/stb\/\" \/>\n<meta property=\"og:site_name\" content=\"SESAMO\" \/>\n<meta property=\"article:modified_time\" content=\"2024-02-08T16:49:40+00:00\" \/>\n<meta property=\"og:image\" content=\"https:\/\/www.sesamo.eu\/wp-content\/uploads\/2021\/01\/thumb_hospital_Singapore_1.jpg\" \/>\n\t<meta property=\"og:image:width\" content=\"670\" \/>\n\t<meta property=\"og:image:height\" content=\"414\" \/>\n\t<meta property=\"og:image:type\" content=\"image\/jpeg\" \/>\n<meta name=\"twitter:card\" content=\"summary_large_image\" \/>\n<meta name=\"twitter:label1\" content=\"Gesch\u00e4tzte Lesezeit\" \/>\n\t<meta name=\"twitter:data1\" content=\"1\u00a0Minute\" \/>\n<script type=\"application\/ld+json\" class=\"yoast-schema-graph\">{\"@context\":\"https:\/\/schema.org\",\"@graph\":[{\"@type\":\"WebPage\",\"@id\":\"https:\/\/www.sesamo.eu\/de\/prodotto\/stb\/\",\"url\":\"https:\/\/www.sesamo.eu\/de\/prodotto\/stb\/\",\"name\":\"STB - SESAMO\",\"isPartOf\":{\"@id\":\"https:\/\/www.sesamo.eu\/de\/#website\"},\"primaryImageOfPage\":{\"@id\":\"https:\/\/www.sesamo.eu\/de\/prodotto\/stb\/#primaryimage\"},\"image\":{\"@id\":\"https:\/\/www.sesamo.eu\/de\/prodotto\/stb\/#primaryimage\"},\"thumbnailUrl\":\"https:\/\/www.sesamo.eu\/wp-content\/uploads\/2021\/01\/thumb_hospital_Singapore_1.jpg\",\"datePublished\":\"2021-01-19T20:44:28+00:00\",\"dateModified\":\"2024-02-08T16:49:40+00:00\",\"breadcrumb\":{\"@id\":\"https:\/\/www.sesamo.eu\/de\/prodotto\/stb\/#breadcrumb\"},\"inLanguage\":\"de\",\"potentialAction\":[{\"@type\":\"ReadAction\",\"target\":[\"https:\/\/www.sesamo.eu\/de\/prodotto\/stb\/\"]}]},{\"@type\":\"ImageObject\",\"inLanguage\":\"de\",\"@id\":\"https:\/\/www.sesamo.eu\/de\/prodotto\/stb\/#primaryimage\",\"url\":\"https:\/\/www.sesamo.eu\/wp-content\/uploads\/2021\/01\/thumb_hospital_Singapore_1.jpg\",\"contentUrl\":\"https:\/\/www.sesamo.eu\/wp-content\/uploads\/2021\/01\/thumb_hospital_Singapore_1.jpg\",\"width\":670,\"height\":414},{\"@type\":\"BreadcrumbList\",\"@id\":\"https:\/\/www.sesamo.eu\/de\/prodotto\/stb\/#breadcrumb\",\"itemListElement\":[{\"@type\":\"ListItem\",\"position\":1,\"name\":\"Home\",\"item\":\"https:\/\/www.sesamo.eu\/de\/heim\/\"},{\"@type\":\"ListItem\",\"position\":2,\"name\":\"Einkaufen\",\"item\":\"https:\/\/www.sesamo.eu\/de\/einkaufen\/\"},{\"@type\":\"ListItem\",\"position\":3,\"name\":\"STB\"}]},{\"@type\":\"WebSite\",\"@id\":\"https:\/\/www.sesamo.eu\/de\/#website\",\"url\":\"https:\/\/www.sesamo.eu\/de\/\",\"name\":\"SESAMO\",\"description\":\"Ingressi automatici\",\"publisher\":{\"@id\":\"https:\/\/www.sesamo.eu\/de\/#organization\"},\"potentialAction\":[{\"@type\":\"SearchAction\",\"target\":{\"@type\":\"EntryPoint\",\"urlTemplate\":\"https:\/\/www.sesamo.eu\/de\/?s={search_term_string}\"},\"query-input\":{\"@type\":\"PropertyValueSpecification\",\"valueRequired\":true,\"valueName\":\"search_term_string\"}}],\"inLanguage\":\"de\"},{\"@type\":\"Organization\",\"@id\":\"https:\/\/www.sesamo.eu\/de\/#organization\",\"name\":\"SESAMO\",\"url\":\"https:\/\/www.sesamo.eu\/de\/\",\"logo\":{\"@type\":\"ImageObject\",\"inLanguage\":\"de\",\"@id\":\"https:\/\/www.sesamo.eu\/de\/#\/schema\/logo\/image\/\",\"url\":\"https:\/\/www.sesamo.eu\/wp-content\/uploads\/2020\/10\/cropped-Logo_Sesamo.png\",\"contentUrl\":\"https:\/\/www.sesamo.eu\/wp-content\/uploads\/2020\/10\/cropped-Logo_Sesamo.png\",\"width\":512,\"height\":512,\"caption\":\"SESAMO\"},\"image\":{\"@id\":\"https:\/\/www.sesamo.eu\/de\/#\/schema\/logo\/image\/\"}}]}<\/script>\n<!-- \/ Yoast SEO plugin. -->","yoast_head_json":{"title":"STB - SESAMO","robots":{"index":"index","follow":"follow","max-snippet":"max-snippet:-1","max-image-preview":"max-image-preview:large","max-video-preview":"max-video-preview:-1"},"canonical":"https:\/\/www.sesamo.eu\/de\/prodotto\/stb\/","og_locale":"de_DE","og_type":"article","og_title":"STB - SESAMO","og_description":"Manuelle und automatische technische Innent\u00fcren, mit einem oder zwei Fl\u00fcgeln, geeignet f\u00fcr alle Krankenh\u00e4user, Aufnahmen, Kliniken und B\u00fcros. FLACH: Aluminiumt\u00fcr mit fertigem Fl\u00fcgel, sowohl in automatischer als auch in manueller Version erh\u00e4ltlich, 40 mm komplanares Paneel, \u00e4u\u00dfere Oberfl\u00e4che aus HPL-Kunststoffmaterial, Farbe nach ABET-Musterbuch. ALU: Aluminiumt\u00fcr mit Einsteckblatt, sowohl in automatischer als auch in manueller Version [&hellip;]","og_url":"https:\/\/www.sesamo.eu\/de\/prodotto\/stb\/","og_site_name":"SESAMO","article_modified_time":"2024-02-08T16:49:40+00:00","og_image":[{"width":670,"height":414,"url":"https:\/\/www.sesamo.eu\/wp-content\/uploads\/2021\/01\/thumb_hospital_Singapore_1.jpg","type":"image\/jpeg"}],"twitter_card":"summary_large_image","twitter_misc":{"Gesch\u00e4tzte Lesezeit":"1\u00a0Minute"},"schema":{"@context":"https:\/\/schema.org","@graph":[{"@type":"WebPage","@id":"https:\/\/www.sesamo.eu\/de\/prodotto\/stb\/","url":"https:\/\/www.sesamo.eu\/de\/prodotto\/stb\/","name":"STB - SESAMO","isPartOf":{"@id":"https:\/\/www.sesamo.eu\/de\/#website"},"primaryImageOfPage":{"@id":"https:\/\/www.sesamo.eu\/de\/prodotto\/stb\/#primaryimage"},"image":{"@id":"https:\/\/www.sesamo.eu\/de\/prodotto\/stb\/#primaryimage"},"thumbnailUrl":"https:\/\/www.sesamo.eu\/wp-content\/uploads\/2021\/01\/thumb_hospital_Singapore_1.jpg","datePublished":"2021-01-19T20:44:28+00:00","dateModified":"2024-02-08T16:49:40+00:00","breadcrumb":{"@id":"https:\/\/www.sesamo.eu\/de\/prodotto\/stb\/#breadcrumb"},"inLanguage":"de","potentialAction":[{"@type":"ReadAction","target":["https:\/\/www.sesamo.eu\/de\/prodotto\/stb\/"]}]},{"@type":"ImageObject","inLanguage":"de","@id":"https:\/\/www.sesamo.eu\/de\/prodotto\/stb\/#primaryimage","url":"https:\/\/www.sesamo.eu\/wp-content\/uploads\/2021\/01\/thumb_hospital_Singapore_1.jpg","contentUrl":"https:\/\/www.sesamo.eu\/wp-content\/uploads\/2021\/01\/thumb_hospital_Singapore_1.jpg","width":670,"height":414},{"@type":"BreadcrumbList","@id":"https:\/\/www.sesamo.eu\/de\/prodotto\/stb\/#breadcrumb","itemListElement":[{"@type":"ListItem","position":1,"name":"Home","item":"https:\/\/www.sesamo.eu\/de\/heim\/"},{"@type":"ListItem","position":2,"name":"Einkaufen","item":"https:\/\/www.sesamo.eu\/de\/einkaufen\/"},{"@type":"ListItem","position":3,"name":"STB"}]},{"@type":"WebSite","@id":"https:\/\/www.sesamo.eu\/de\/#website","url":"https:\/\/www.sesamo.eu\/de\/","name":"SESAMO","description":"Ingressi automatici","publisher":{"@id":"https:\/\/www.sesamo.eu\/de\/#organization"},"potentialAction":[{"@type":"SearchAction","target":{"@type":"EntryPoint","urlTemplate":"https:\/\/www.sesamo.eu\/de\/?s={search_term_string}"},"query-input":{"@type":"PropertyValueSpecification","valueRequired":true,"valueName":"search_term_string"}}],"inLanguage":"de"},{"@type":"Organization","@id":"https:\/\/www.sesamo.eu\/de\/#organization","name":"SESAMO","url":"https:\/\/www.sesamo.eu\/de\/","logo":{"@type":"ImageObject","inLanguage":"de","@id":"https:\/\/www.sesamo.eu\/de\/#\/schema\/logo\/image\/","url":"https:\/\/www.sesamo.eu\/wp-content\/uploads\/2020\/10\/cropped-Logo_Sesamo.png","contentUrl":"https:\/\/www.sesamo.eu\/wp-content\/uploads\/2020\/10\/cropped-Logo_Sesamo.png","width":512,"height":512,"caption":"SESAMO"},"image":{"@id":"https:\/\/www.sesamo.eu\/de\/#\/schema\/logo\/image\/"}}]}},"_links":{"self":[{"href":"https:\/\/www.sesamo.eu\/de\/wp-json\/wp\/v2\/product\/3407","targetHints":{"allow":["GET"]}}],"collection":[{"href":"https:\/\/www.sesamo.eu\/de\/wp-json\/wp\/v2\/product"}],"about":[{"href":"https:\/\/www.sesamo.eu\/de\/wp-json\/wp\/v2\/types\/product"}],"replies":[{"embeddable":true,"href":"https:\/\/www.sesamo.eu\/de\/wp-json\/wp\/v2\/comments?post=3407"}],"wp:featuredmedia":[{"embeddable":true,"href":"https:\/\/www.sesamo.eu\/de\/wp-json\/wp\/v2\/media\/2565"}],"wp:attachment":[{"href":"https:\/\/www.sesamo.eu\/de\/wp-json\/wp\/v2\/media?parent=3407"}],"wp:term":[{"taxonomy":"product_brand","embeddable":true,"href":"https:\/\/www.sesamo.eu\/de\/wp-json\/wp\/v2\/product_brand?post=3407"},{"taxonomy":"product_cat","embeddable":true,"href":"https:\/\/www.sesamo.eu\/de\/wp-json\/wp\/v2\/product_cat?post=3407"},{"taxonomy":"product_tag","embeddable":true,"href":"https:\/\/www.sesamo.eu\/de\/wp-json\/wp\/v2\/product_tag?post=3407"}],"curies":[{"name":"wp","href":"https:\/\/api.w.org\/{rel}","templated":true}]}}