{"id":3411,"date":"2021-01-19T20:55:26","date_gmt":"2021-01-19T20:55:26","guid":{"rendered":"https:\/\/sesamo.eu\/prodotto\/zwanzig\/"},"modified":"2022-02-21T09:45:52","modified_gmt":"2022-02-21T09:45:52","slug":"zwanzig","status":"publish","type":"product","link":"https:\/\/www.sesamo.eu\/de\/prodotto\/zwanzig\/","title":{"rendered":"TWENTY"},"content":{"rendered":"<p>DAS VIELSEITIGE UND INNOVATIVE PROFIL F\u00dcR SCHIEBET\u00dcREN<\/p>\n<p>Ein Profil mit weichen Linien und kleinen Abmessungen, die beste Technologie mit einem raffinierten und zeitgem\u00e4\u00dfen Design.<\/p>\n<ul>\n<li>Mit dem Ziel, perfekt funktionale und \u00e4sthetisch einwandfreie T\u00fcren und Fenster mit einer oder mehreren T\u00fcren zu schaffen, erm\u00f6glichen seine linearen und leichten Formen den Einsatz in einer Vielzahl von Eing\u00e4ngen, von Wohn- bis zu \u00f6ffentlichen, und erf\u00fcllen selbst die ausgefallensten Bed\u00fcrfnisse.<\/li>\n<li>Die Linie steht an vorderster Front, wenn es darum geht, ein hochkar\u00e4tiges Produkt anzubieten, das in der Lage ist, die Transparenz von Glas zu verbessern und jedem architektonischen Projekt Eleganz zu verleihen.<\/li>\n<li>Ein innovatives Produkt mit technischen Eigenschaften und hoher Leistung, kombiniert mit einem essentiellen und eleganten Design.<\/li>\n<li>TWENTY zeichnet sich durch eine Elastizit\u00e4t und einfache Montage aus, die die Bearbeitungszeiten reduzieren und optimieren, vielseitig und innovativ nicht nur in der Form, sondern auch in der Substanz.<\/li>\n<li>Es wird spezifisches Zubeh\u00f6r (Dichtungen und B\u00fcrsten) geliefert, das Schutz und Festigkeit des Rahmens und folglich der automatischen Schiebet\u00fcr garantiert.<\/li>\n<\/ul>\n","protected":false},"excerpt":{"rendered":"<p>DAS VIELSEITIGE UND INNOVATIVE PROFIL F\u00dcR SCHIEBET\u00dcREN Ein Profil mit weichen Linien und kleinen Abmessungen, die beste Technologie mit einem raffinierten und zeitgem\u00e4\u00dfen Design. Mit dem Ziel, perfekt funktionale und \u00e4sthetisch einwandfreie T\u00fcren und Fenster mit einer oder mehreren T\u00fcren zu schaffen, erm\u00f6glichen seine linearen und leichten Formen den Einsatz in einer Vielzahl von Eing\u00e4ngen, [&hellip;]<\/p>\n","protected":false},"featured_media":2613,"comment_status":"open","ping_status":"closed","template":"","meta":{"_acf_changed":false,"_et_pb_use_builder":"","_et_pb_old_content":"","_et_gb_content_width":""},"product_brand":[],"product_cat":[82],"product_tag":[],"class_list":{"0":"post-3411","1":"product","2":"type-product","3":"status-publish","4":"has-post-thumbnail","6":"product_cat-profile-und-fenster","8":"first","9":"instock","10":"shipping-taxable","11":"product-type-simple"},"acf":[],"yoast_head":"<!-- This site is optimized with the Yoast SEO plugin v27.2 - https:\/\/yoast.com\/product\/yoast-seo-wordpress\/ -->\n<title>TWENTY - SESAMO<\/title>\n<meta name=\"robots\" content=\"index, follow, max-snippet:-1, max-image-preview:large, max-video-preview:-1\" \/>\n<link rel=\"canonical\" href=\"https:\/\/www.sesamo.eu\/de\/prodotto\/zwanzig\/\" \/>\n<meta property=\"og:locale\" content=\"de_DE\" \/>\n<meta property=\"og:type\" content=\"article\" \/>\n<meta property=\"og:title\" content=\"TWENTY - SESAMO\" \/>\n<meta property=\"og:description\" content=\"DAS VIELSEITIGE UND INNOVATIVE PROFIL F\u00dcR SCHIEBET\u00dcREN Ein Profil mit weichen Linien und kleinen Abmessungen, die beste Technologie mit einem raffinierten und zeitgem\u00e4\u00dfen Design. Mit dem Ziel, perfekt funktionale und \u00e4sthetisch einwandfreie T\u00fcren und Fenster mit einer oder mehreren T\u00fcren zu schaffen, erm\u00f6glichen seine linearen und leichten Formen den Einsatz in einer Vielzahl von Eing\u00e4ngen, [&hellip;]\" \/>\n<meta property=\"og:url\" content=\"https:\/\/www.sesamo.eu\/de\/prodotto\/zwanzig\/\" \/>\n<meta property=\"og:site_name\" content=\"SESAMO\" \/>\n<meta property=\"article:modified_time\" content=\"2022-02-21T09:45:52+00:00\" \/>\n<meta property=\"og:image\" content=\"https:\/\/www.sesamo.eu\/wp-content\/uploads\/2021\/01\/thumb_DSCN6404.jpeg\" \/>\n\t<meta property=\"og:image:width\" content=\"670\" \/>\n\t<meta property=\"og:image:height\" content=\"414\" \/>\n\t<meta property=\"og:image:type\" content=\"image\/jpeg\" \/>\n<meta name=\"twitter:card\" content=\"summary_large_image\" \/>\n<meta name=\"twitter:label1\" content=\"Gesch\u00e4tzte Lesezeit\" \/>\n\t<meta name=\"twitter:data1\" content=\"1\u00a0Minute\" \/>\n<script type=\"application\/ld+json\" class=\"yoast-schema-graph\">{\"@context\":\"https:\/\/schema.org\",\"@graph\":[{\"@type\":\"WebPage\",\"@id\":\"https:\/\/www.sesamo.eu\/de\/prodotto\/zwanzig\/\",\"url\":\"https:\/\/www.sesamo.eu\/de\/prodotto\/zwanzig\/\",\"name\":\"TWENTY - SESAMO\",\"isPartOf\":{\"@id\":\"https:\/\/www.sesamo.eu\/de\/#website\"},\"primaryImageOfPage\":{\"@id\":\"https:\/\/www.sesamo.eu\/de\/prodotto\/zwanzig\/#primaryimage\"},\"image\":{\"@id\":\"https:\/\/www.sesamo.eu\/de\/prodotto\/zwanzig\/#primaryimage\"},\"thumbnailUrl\":\"https:\/\/www.sesamo.eu\/wp-content\/uploads\/2021\/01\/thumb_DSCN6404.jpeg\",\"datePublished\":\"2021-01-19T20:55:26+00:00\",\"dateModified\":\"2022-02-21T09:45:52+00:00\",\"breadcrumb\":{\"@id\":\"https:\/\/www.sesamo.eu\/de\/prodotto\/zwanzig\/#breadcrumb\"},\"inLanguage\":\"de\",\"potentialAction\":[{\"@type\":\"ReadAction\",\"target\":[\"https:\/\/www.sesamo.eu\/de\/prodotto\/zwanzig\/\"]}]},{\"@type\":\"ImageObject\",\"inLanguage\":\"de\",\"@id\":\"https:\/\/www.sesamo.eu\/de\/prodotto\/zwanzig\/#primaryimage\",\"url\":\"https:\/\/www.sesamo.eu\/wp-content\/uploads\/2021\/01\/thumb_DSCN6404.jpeg\",\"contentUrl\":\"https:\/\/www.sesamo.eu\/wp-content\/uploads\/2021\/01\/thumb_DSCN6404.jpeg\",\"width\":670,\"height\":414},{\"@type\":\"BreadcrumbList\",\"@id\":\"https:\/\/www.sesamo.eu\/de\/prodotto\/zwanzig\/#breadcrumb\",\"itemListElement\":[{\"@type\":\"ListItem\",\"position\":1,\"name\":\"Home\",\"item\":\"https:\/\/www.sesamo.eu\/de\/heim\/\"},{\"@type\":\"ListItem\",\"position\":2,\"name\":\"Einkaufen\",\"item\":\"https:\/\/www.sesamo.eu\/de\/einkaufen\/\"},{\"@type\":\"ListItem\",\"position\":3,\"name\":\"TWENTY\"}]},{\"@type\":\"WebSite\",\"@id\":\"https:\/\/www.sesamo.eu\/de\/#website\",\"url\":\"https:\/\/www.sesamo.eu\/de\/\",\"name\":\"SESAMO\",\"description\":\"Ingressi automatici\",\"publisher\":{\"@id\":\"https:\/\/www.sesamo.eu\/de\/#organization\"},\"potentialAction\":[{\"@type\":\"SearchAction\",\"target\":{\"@type\":\"EntryPoint\",\"urlTemplate\":\"https:\/\/www.sesamo.eu\/de\/?s={search_term_string}\"},\"query-input\":{\"@type\":\"PropertyValueSpecification\",\"valueRequired\":true,\"valueName\":\"search_term_string\"}}],\"inLanguage\":\"de\"},{\"@type\":\"Organization\",\"@id\":\"https:\/\/www.sesamo.eu\/de\/#organization\",\"name\":\"SESAMO\",\"url\":\"https:\/\/www.sesamo.eu\/de\/\",\"logo\":{\"@type\":\"ImageObject\",\"inLanguage\":\"de\",\"@id\":\"https:\/\/www.sesamo.eu\/de\/#\/schema\/logo\/image\/\",\"url\":\"https:\/\/www.sesamo.eu\/wp-content\/uploads\/2020\/10\/cropped-Logo_Sesamo.png\",\"contentUrl\":\"https:\/\/www.sesamo.eu\/wp-content\/uploads\/2020\/10\/cropped-Logo_Sesamo.png\",\"width\":512,\"height\":512,\"caption\":\"SESAMO\"},\"image\":{\"@id\":\"https:\/\/www.sesamo.eu\/de\/#\/schema\/logo\/image\/\"}}]}<\/script>\n<!-- \/ Yoast SEO plugin. -->","yoast_head_json":{"title":"TWENTY - SESAMO","robots":{"index":"index","follow":"follow","max-snippet":"max-snippet:-1","max-image-preview":"max-image-preview:large","max-video-preview":"max-video-preview:-1"},"canonical":"https:\/\/www.sesamo.eu\/de\/prodotto\/zwanzig\/","og_locale":"de_DE","og_type":"article","og_title":"TWENTY - SESAMO","og_description":"DAS VIELSEITIGE UND INNOVATIVE PROFIL F\u00dcR SCHIEBET\u00dcREN Ein Profil mit weichen Linien und kleinen Abmessungen, die beste Technologie mit einem raffinierten und zeitgem\u00e4\u00dfen Design. Mit dem Ziel, perfekt funktionale und \u00e4sthetisch einwandfreie T\u00fcren und Fenster mit einer oder mehreren T\u00fcren zu schaffen, erm\u00f6glichen seine linearen und leichten Formen den Einsatz in einer Vielzahl von Eing\u00e4ngen, [&hellip;]","og_url":"https:\/\/www.sesamo.eu\/de\/prodotto\/zwanzig\/","og_site_name":"SESAMO","article_modified_time":"2022-02-21T09:45:52+00:00","og_image":[{"width":670,"height":414,"url":"https:\/\/www.sesamo.eu\/wp-content\/uploads\/2021\/01\/thumb_DSCN6404.jpeg","type":"image\/jpeg"}],"twitter_card":"summary_large_image","twitter_misc":{"Gesch\u00e4tzte Lesezeit":"1\u00a0Minute"},"schema":{"@context":"https:\/\/schema.org","@graph":[{"@type":"WebPage","@id":"https:\/\/www.sesamo.eu\/de\/prodotto\/zwanzig\/","url":"https:\/\/www.sesamo.eu\/de\/prodotto\/zwanzig\/","name":"TWENTY - SESAMO","isPartOf":{"@id":"https:\/\/www.sesamo.eu\/de\/#website"},"primaryImageOfPage":{"@id":"https:\/\/www.sesamo.eu\/de\/prodotto\/zwanzig\/#primaryimage"},"image":{"@id":"https:\/\/www.sesamo.eu\/de\/prodotto\/zwanzig\/#primaryimage"},"thumbnailUrl":"https:\/\/www.sesamo.eu\/wp-content\/uploads\/2021\/01\/thumb_DSCN6404.jpeg","datePublished":"2021-01-19T20:55:26+00:00","dateModified":"2022-02-21T09:45:52+00:00","breadcrumb":{"@id":"https:\/\/www.sesamo.eu\/de\/prodotto\/zwanzig\/#breadcrumb"},"inLanguage":"de","potentialAction":[{"@type":"ReadAction","target":["https:\/\/www.sesamo.eu\/de\/prodotto\/zwanzig\/"]}]},{"@type":"ImageObject","inLanguage":"de","@id":"https:\/\/www.sesamo.eu\/de\/prodotto\/zwanzig\/#primaryimage","url":"https:\/\/www.sesamo.eu\/wp-content\/uploads\/2021\/01\/thumb_DSCN6404.jpeg","contentUrl":"https:\/\/www.sesamo.eu\/wp-content\/uploads\/2021\/01\/thumb_DSCN6404.jpeg","width":670,"height":414},{"@type":"BreadcrumbList","@id":"https:\/\/www.sesamo.eu\/de\/prodotto\/zwanzig\/#breadcrumb","itemListElement":[{"@type":"ListItem","position":1,"name":"Home","item":"https:\/\/www.sesamo.eu\/de\/heim\/"},{"@type":"ListItem","position":2,"name":"Einkaufen","item":"https:\/\/www.sesamo.eu\/de\/einkaufen\/"},{"@type":"ListItem","position":3,"name":"TWENTY"}]},{"@type":"WebSite","@id":"https:\/\/www.sesamo.eu\/de\/#website","url":"https:\/\/www.sesamo.eu\/de\/","name":"SESAMO","description":"Ingressi automatici","publisher":{"@id":"https:\/\/www.sesamo.eu\/de\/#organization"},"potentialAction":[{"@type":"SearchAction","target":{"@type":"EntryPoint","urlTemplate":"https:\/\/www.sesamo.eu\/de\/?s={search_term_string}"},"query-input":{"@type":"PropertyValueSpecification","valueRequired":true,"valueName":"search_term_string"}}],"inLanguage":"de"},{"@type":"Organization","@id":"https:\/\/www.sesamo.eu\/de\/#organization","name":"SESAMO","url":"https:\/\/www.sesamo.eu\/de\/","logo":{"@type":"ImageObject","inLanguage":"de","@id":"https:\/\/www.sesamo.eu\/de\/#\/schema\/logo\/image\/","url":"https:\/\/www.sesamo.eu\/wp-content\/uploads\/2020\/10\/cropped-Logo_Sesamo.png","contentUrl":"https:\/\/www.sesamo.eu\/wp-content\/uploads\/2020\/10\/cropped-Logo_Sesamo.png","width":512,"height":512,"caption":"SESAMO"},"image":{"@id":"https:\/\/www.sesamo.eu\/de\/#\/schema\/logo\/image\/"}}]}},"_links":{"self":[{"href":"https:\/\/www.sesamo.eu\/de\/wp-json\/wp\/v2\/product\/3411","targetHints":{"allow":["GET"]}}],"collection":[{"href":"https:\/\/www.sesamo.eu\/de\/wp-json\/wp\/v2\/product"}],"about":[{"href":"https:\/\/www.sesamo.eu\/de\/wp-json\/wp\/v2\/types\/product"}],"replies":[{"embeddable":true,"href":"https:\/\/www.sesamo.eu\/de\/wp-json\/wp\/v2\/comments?post=3411"}],"wp:featuredmedia":[{"embeddable":true,"href":"https:\/\/www.sesamo.eu\/de\/wp-json\/wp\/v2\/media\/2613"}],"wp:attachment":[{"href":"https:\/\/www.sesamo.eu\/de\/wp-json\/wp\/v2\/media?parent=3411"}],"wp:term":[{"taxonomy":"product_brand","embeddable":true,"href":"https:\/\/www.sesamo.eu\/de\/wp-json\/wp\/v2\/product_brand?post=3411"},{"taxonomy":"product_cat","embeddable":true,"href":"https:\/\/www.sesamo.eu\/de\/wp-json\/wp\/v2\/product_cat?post=3411"},{"taxonomy":"product_tag","embeddable":true,"href":"https:\/\/www.sesamo.eu\/de\/wp-json\/wp\/v2\/product_tag?post=3411"}],"curies":[{"name":"wp","href":"https:\/\/api.w.org\/{rel}","templated":true}]}}