{"id":3419,"date":"2021-01-19T21:08:06","date_gmt":"2021-01-19T21:08:06","guid":{"rendered":"https:\/\/sesamo.eu\/prodotto\/smartpro\/"},"modified":"2022-10-26T15:38:11","modified_gmt":"2022-10-26T15:38:11","slug":"smartpro","status":"publish","type":"product","link":"https:\/\/www.sesamo.eu\/de\/prodotto\/smartpro\/","title":{"rendered":"SMARTPRO"},"content":{"rendered":"<p>Dreht\u00fcrantrieb, der darauf ausgelegt ist, die Installations- und Programmiert\u00e4tigkeiten so weit wie m\u00f6glich zu vereinfachen. SmartPRO ist mit innovativen mechanischen L\u00f6sungen ausgestattet, die eine intensive Nutzung und eine lange Lebensdauer garantieren. Die begrenzte Anzahl mechanischer Innenteile in Kombination mit der elektronischen Steuereinheit, die das Know-how von Sesamo in der Konstruktion von Automatismen f\u00fcr automatische Eing\u00e4nge vereint, garantiert h\u00f6chste Zuverl\u00e4ssigkeitsstandards und die vollst\u00e4ndige Einhaltung der europ\u00e4ischen Norm EN 16005. Das innovative Herz des Antriebs stellt das Getriebe dar, bestehend aus dem Getriebemotor, der bereits mit hervorragenden Qualit\u00e4tsergebnissen in anderen Automatismen der Sesamo-Reihe verwendet wird, kombiniert mit einer einzelnen Untersetzungsstufe, die aus einer Rollenkette mit geschlossener Schmierung (selbstschmierend) besteht. Diese L\u00f6sung ist langlebig und wartungsfrei. Das System wird durch einen mechanischen Energiespeicher vervollst\u00e4ndigt, der mit einer speziellen und innovativen Bandfeder hergestellt ist, die getestet wurde, um einen Betrieb von mehr als einer Million \u00d6ffnungs- und Schlie\u00dfzyklen zu gew\u00e4hrleisten.<\/p>\n<p>TECHNISCHE HAUPTMERKMALE<\/p>\n<p>\u2022 M\u00f6glichkeit, verschiedene Arten von Elektroschl\u00f6ssern mit unterschiedlichen Leistungswerten zu verwalten<\/p>\n<p>\u2022 Harmonische Stahlfeder mit hoher Widerstandsf\u00e4higkeit, die mehr als eine Million vollst\u00e4ndiger \u00d6ffnungs-\/Schlie\u00dfzyklen \u00fcbersteht<\/p>\n<p>\u2022 Einrichtung und Inbetriebnahme direkt am Steuerger\u00e4t<\/p>\n<p>\u2022 Steuerung mit verschiedenen Arten von Funktionsw\u00e4hlern und in WiFi mit der Sesamo-App<\/p>\n<p>\u2022 \u00dcbertragungssystem mit wartungsfreier selbstschmierender Kette<\/p>\n<p>\u2022 PUSH &amp; GO und Interlock-Funktion<\/p>\n<p>\u2022 Veranlagung von Sensoren auf CAN-BUS<\/p>\n<p>\u2022 Integrierte Standardschalter, EIN\/AUS und 3-Logik-Wahlschalter<\/p>\n<p>VIDEO<\/p>\n<div style=\"width: 640px;\" class=\"wp-video\"><video class=\"wp-video-shortcode\" id=\"video-3419-1\" width=\"640\" height=\"480\" loop autoplay preload=\"metadata\" controls=\"controls\"><source type=\"video\/mp4\" src=\"https:\/\/www.sesamo.eu\/wp-content\/uploads\/2021\/01\/SmartPro_MUSICA-FG-eng.mp4?_=1\" \/><a href=\"https:\/\/www.sesamo.eu\/wp-content\/uploads\/2021\/01\/SmartPro_MUSICA-FG-eng.mp4\">https:\/\/www.sesamo.eu\/wp-content\/uploads\/2021\/01\/SmartPro_MUSICA-FG-eng.mp4<\/a><\/video><\/div>\n","protected":false},"excerpt":{"rendered":"<p>Antrieb geeignet f\u00fcr jede Art von Eingang an Innen- und Au\u00dfent\u00fcren, vielseitig, leistungsstark und sicher.<\/p>\n","protected":false},"featured_media":3853,"comment_status":"open","ping_status":"closed","template":"","meta":{"_acf_changed":false,"_et_pb_use_builder":"","_et_pb_old_content":"","_et_gb_content_width":""},"product_brand":[],"product_cat":[77,85],"product_tag":[],"class_list":{"0":"post-3419","1":"product","2":"type-product","3":"status-publish","4":"has-post-thumbnail","6":"product_cat-automatisierung-fur-turen","7":"product_cat-drehturantriebe","9":"first","10":"instock","11":"shipping-taxable","12":"product-type-simple"},"acf":[],"yoast_head":"<!-- This site is optimized with the Yoast SEO plugin v27.2 - https:\/\/yoast.com\/product\/yoast-seo-wordpress\/ -->\n<title>SMARTPRO - SESAMO<\/title>\n<meta name=\"robots\" content=\"index, follow, max-snippet:-1, max-image-preview:large, max-video-preview:-1\" \/>\n<link rel=\"canonical\" href=\"https:\/\/www.sesamo.eu\/de\/prodotto\/smartpro\/\" \/>\n<meta property=\"og:locale\" content=\"de_DE\" \/>\n<meta property=\"og:type\" content=\"article\" \/>\n<meta property=\"og:title\" content=\"SMARTPRO - SESAMO\" \/>\n<meta property=\"og:description\" content=\"Antrieb geeignet f\u00fcr jede Art von Eingang an Innen- und Au\u00dfent\u00fcren, vielseitig, leistungsstark und sicher.\" \/>\n<meta property=\"og:url\" content=\"https:\/\/www.sesamo.eu\/de\/prodotto\/smartpro\/\" \/>\n<meta property=\"og:site_name\" content=\"SESAMO\" \/>\n<meta property=\"article:modified_time\" content=\"2022-10-26T15:38:11+00:00\" \/>\n<meta property=\"og:image\" content=\"https:\/\/www.sesamo.eu\/wp-content\/uploads\/2021\/01\/20200508_091442-1.png\" \/>\n\t<meta property=\"og:image:width\" content=\"805\" \/>\n\t<meta property=\"og:image:height\" content=\"325\" \/>\n\t<meta property=\"og:image:type\" content=\"image\/png\" \/>\n<meta name=\"twitter:card\" content=\"summary_large_image\" \/>\n<meta name=\"twitter:label1\" content=\"Gesch\u00e4tzte Lesezeit\" \/>\n\t<meta name=\"twitter:data1\" content=\"1\u00a0Minute\" \/>\n<script type=\"application\/ld+json\" class=\"yoast-schema-graph\">{\"@context\":\"https:\/\/schema.org\",\"@graph\":[{\"@type\":\"WebPage\",\"@id\":\"https:\/\/www.sesamo.eu\/de\/prodotto\/smartpro\/\",\"url\":\"https:\/\/www.sesamo.eu\/de\/prodotto\/smartpro\/\",\"name\":\"SMARTPRO - SESAMO\",\"isPartOf\":{\"@id\":\"https:\/\/www.sesamo.eu\/de\/#website\"},\"primaryImageOfPage\":{\"@id\":\"https:\/\/www.sesamo.eu\/de\/prodotto\/smartpro\/#primaryimage\"},\"image\":{\"@id\":\"https:\/\/www.sesamo.eu\/de\/prodotto\/smartpro\/#primaryimage\"},\"thumbnailUrl\":\"https:\/\/www.sesamo.eu\/wp-content\/uploads\/2021\/01\/20200508_091442-1.png\",\"datePublished\":\"2021-01-19T21:08:06+00:00\",\"dateModified\":\"2022-10-26T15:38:11+00:00\",\"breadcrumb\":{\"@id\":\"https:\/\/www.sesamo.eu\/de\/prodotto\/smartpro\/#breadcrumb\"},\"inLanguage\":\"de\",\"potentialAction\":[{\"@type\":\"ReadAction\",\"target\":[\"https:\/\/www.sesamo.eu\/de\/prodotto\/smartpro\/\"]}]},{\"@type\":\"ImageObject\",\"inLanguage\":\"de\",\"@id\":\"https:\/\/www.sesamo.eu\/de\/prodotto\/smartpro\/#primaryimage\",\"url\":\"https:\/\/www.sesamo.eu\/wp-content\/uploads\/2021\/01\/20200508_091442-1.png\",\"contentUrl\":\"https:\/\/www.sesamo.eu\/wp-content\/uploads\/2021\/01\/20200508_091442-1.png\",\"width\":805,\"height\":325},{\"@type\":\"BreadcrumbList\",\"@id\":\"https:\/\/www.sesamo.eu\/de\/prodotto\/smartpro\/#breadcrumb\",\"itemListElement\":[{\"@type\":\"ListItem\",\"position\":1,\"name\":\"Home\",\"item\":\"https:\/\/www.sesamo.eu\/de\/heim\/\"},{\"@type\":\"ListItem\",\"position\":2,\"name\":\"Einkaufen\",\"item\":\"https:\/\/www.sesamo.eu\/de\/einkaufen\/\"},{\"@type\":\"ListItem\",\"position\":3,\"name\":\"SMARTPRO\"}]},{\"@type\":\"WebSite\",\"@id\":\"https:\/\/www.sesamo.eu\/de\/#website\",\"url\":\"https:\/\/www.sesamo.eu\/de\/\",\"name\":\"SESAMO\",\"description\":\"Ingressi automatici\",\"publisher\":{\"@id\":\"https:\/\/www.sesamo.eu\/de\/#organization\"},\"potentialAction\":[{\"@type\":\"SearchAction\",\"target\":{\"@type\":\"EntryPoint\",\"urlTemplate\":\"https:\/\/www.sesamo.eu\/de\/?s={search_term_string}\"},\"query-input\":{\"@type\":\"PropertyValueSpecification\",\"valueRequired\":true,\"valueName\":\"search_term_string\"}}],\"inLanguage\":\"de\"},{\"@type\":\"Organization\",\"@id\":\"https:\/\/www.sesamo.eu\/de\/#organization\",\"name\":\"SESAMO\",\"url\":\"https:\/\/www.sesamo.eu\/de\/\",\"logo\":{\"@type\":\"ImageObject\",\"inLanguage\":\"de\",\"@id\":\"https:\/\/www.sesamo.eu\/de\/#\/schema\/logo\/image\/\",\"url\":\"https:\/\/www.sesamo.eu\/wp-content\/uploads\/2020\/10\/cropped-Logo_Sesamo.png\",\"contentUrl\":\"https:\/\/www.sesamo.eu\/wp-content\/uploads\/2020\/10\/cropped-Logo_Sesamo.png\",\"width\":512,\"height\":512,\"caption\":\"SESAMO\"},\"image\":{\"@id\":\"https:\/\/www.sesamo.eu\/de\/#\/schema\/logo\/image\/\"}}]}<\/script>\n<!-- \/ Yoast SEO plugin. -->","yoast_head_json":{"title":"SMARTPRO - SESAMO","robots":{"index":"index","follow":"follow","max-snippet":"max-snippet:-1","max-image-preview":"max-image-preview:large","max-video-preview":"max-video-preview:-1"},"canonical":"https:\/\/www.sesamo.eu\/de\/prodotto\/smartpro\/","og_locale":"de_DE","og_type":"article","og_title":"SMARTPRO - SESAMO","og_description":"Antrieb geeignet f\u00fcr jede Art von Eingang an Innen- und Au\u00dfent\u00fcren, vielseitig, leistungsstark und sicher.","og_url":"https:\/\/www.sesamo.eu\/de\/prodotto\/smartpro\/","og_site_name":"SESAMO","article_modified_time":"2022-10-26T15:38:11+00:00","og_image":[{"url":"https:\/\/www.sesamo.eu\/wp-content\/uploads\/2021\/01\/20200508_091442-1.png","width":805,"height":325,"type":"image\/png"}],"twitter_card":"summary_large_image","twitter_misc":{"Gesch\u00e4tzte Lesezeit":"1\u00a0Minute"},"schema":{"@context":"https:\/\/schema.org","@graph":[{"@type":"WebPage","@id":"https:\/\/www.sesamo.eu\/de\/prodotto\/smartpro\/","url":"https:\/\/www.sesamo.eu\/de\/prodotto\/smartpro\/","name":"SMARTPRO - SESAMO","isPartOf":{"@id":"https:\/\/www.sesamo.eu\/de\/#website"},"primaryImageOfPage":{"@id":"https:\/\/www.sesamo.eu\/de\/prodotto\/smartpro\/#primaryimage"},"image":{"@id":"https:\/\/www.sesamo.eu\/de\/prodotto\/smartpro\/#primaryimage"},"thumbnailUrl":"https:\/\/www.sesamo.eu\/wp-content\/uploads\/2021\/01\/20200508_091442-1.png","datePublished":"2021-01-19T21:08:06+00:00","dateModified":"2022-10-26T15:38:11+00:00","breadcrumb":{"@id":"https:\/\/www.sesamo.eu\/de\/prodotto\/smartpro\/#breadcrumb"},"inLanguage":"de","potentialAction":[{"@type":"ReadAction","target":["https:\/\/www.sesamo.eu\/de\/prodotto\/smartpro\/"]}]},{"@type":"ImageObject","inLanguage":"de","@id":"https:\/\/www.sesamo.eu\/de\/prodotto\/smartpro\/#primaryimage","url":"https:\/\/www.sesamo.eu\/wp-content\/uploads\/2021\/01\/20200508_091442-1.png","contentUrl":"https:\/\/www.sesamo.eu\/wp-content\/uploads\/2021\/01\/20200508_091442-1.png","width":805,"height":325},{"@type":"BreadcrumbList","@id":"https:\/\/www.sesamo.eu\/de\/prodotto\/smartpro\/#breadcrumb","itemListElement":[{"@type":"ListItem","position":1,"name":"Home","item":"https:\/\/www.sesamo.eu\/de\/heim\/"},{"@type":"ListItem","position":2,"name":"Einkaufen","item":"https:\/\/www.sesamo.eu\/de\/einkaufen\/"},{"@type":"ListItem","position":3,"name":"SMARTPRO"}]},{"@type":"WebSite","@id":"https:\/\/www.sesamo.eu\/de\/#website","url":"https:\/\/www.sesamo.eu\/de\/","name":"SESAMO","description":"Ingressi automatici","publisher":{"@id":"https:\/\/www.sesamo.eu\/de\/#organization"},"potentialAction":[{"@type":"SearchAction","target":{"@type":"EntryPoint","urlTemplate":"https:\/\/www.sesamo.eu\/de\/?s={search_term_string}"},"query-input":{"@type":"PropertyValueSpecification","valueRequired":true,"valueName":"search_term_string"}}],"inLanguage":"de"},{"@type":"Organization","@id":"https:\/\/www.sesamo.eu\/de\/#organization","name":"SESAMO","url":"https:\/\/www.sesamo.eu\/de\/","logo":{"@type":"ImageObject","inLanguage":"de","@id":"https:\/\/www.sesamo.eu\/de\/#\/schema\/logo\/image\/","url":"https:\/\/www.sesamo.eu\/wp-content\/uploads\/2020\/10\/cropped-Logo_Sesamo.png","contentUrl":"https:\/\/www.sesamo.eu\/wp-content\/uploads\/2020\/10\/cropped-Logo_Sesamo.png","width":512,"height":512,"caption":"SESAMO"},"image":{"@id":"https:\/\/www.sesamo.eu\/de\/#\/schema\/logo\/image\/"}}]}},"_links":{"self":[{"href":"https:\/\/www.sesamo.eu\/de\/wp-json\/wp\/v2\/product\/3419","targetHints":{"allow":["GET"]}}],"collection":[{"href":"https:\/\/www.sesamo.eu\/de\/wp-json\/wp\/v2\/product"}],"about":[{"href":"https:\/\/www.sesamo.eu\/de\/wp-json\/wp\/v2\/types\/product"}],"replies":[{"embeddable":true,"href":"https:\/\/www.sesamo.eu\/de\/wp-json\/wp\/v2\/comments?post=3419"}],"wp:featuredmedia":[{"embeddable":true,"href":"https:\/\/www.sesamo.eu\/de\/wp-json\/wp\/v2\/media\/3853"}],"wp:attachment":[{"href":"https:\/\/www.sesamo.eu\/de\/wp-json\/wp\/v2\/media?parent=3419"}],"wp:term":[{"taxonomy":"product_brand","embeddable":true,"href":"https:\/\/www.sesamo.eu\/de\/wp-json\/wp\/v2\/product_brand?post=3419"},{"taxonomy":"product_cat","embeddable":true,"href":"https:\/\/www.sesamo.eu\/de\/wp-json\/wp\/v2\/product_cat?post=3419"},{"taxonomy":"product_tag","embeddable":true,"href":"https:\/\/www.sesamo.eu\/de\/wp-json\/wp\/v2\/product_tag?post=3419"}],"curies":[{"name":"wp","href":"https:\/\/api.w.org\/{rel}","templated":true}]}}