{"id":3420,"date":"2021-01-19T20:52:16","date_gmt":"2021-01-19T20:52:16","guid":{"rendered":"https:\/\/sesamo.eu\/prodotto\/magnum\/"},"modified":"2022-02-21T09:46:03","modified_gmt":"2022-02-21T09:46:03","slug":"magnum","status":"publish","type":"product","link":"https:\/\/www.sesamo.eu\/de\/prodotto\/magnum\/","title":{"rendered":"MAGNUM"},"content":{"rendered":"<p>Die neue Linie wurde mit der Idee entwickelt, m\u00f6glichst vielen architektonischen L\u00f6sungen gerecht zu werden, und geh\u00f6rt zu den vollst\u00e4ndigsten auf dem Markt von Aluminiumprofilen f\u00fcr automatische Schiebet\u00fcren. Die Vollst\u00e4ndigkeit des Sortiments erm\u00f6glicht es, alle Komponenten eines automatischen Schiebeeingangs zu erstellen: Schiebet\u00fcren, feste T\u00fcren, Bodenf\u00fchrungen, Oberlichter, Automatisierungstr\u00e4ger, Schnittstellen zu festen Elementen wie W\u00e4nden.<\/p>\n<p>Die gr\u00f6\u00dfere Gr\u00f6\u00dfe der Profile macht das MAGNUM-Sortiment zu einer Erg\u00e4nzung der aktuellen Linie der SMALL-Profile f\u00fcr T\u00fcren und Fenster von <strong>SESAMO<\/strong> und erm\u00f6glicht es, alle Anforderungen zu erf\u00fcllen, insbesondere wenn Festigkeit und Solidit\u00e4t grundlegende Bestandteile des Projekts sind. Das neue Design mit abgerundeten Formen verleiht den mit diesen Profilen hergestellten Strukturen Harmonie und Bedeutung.<\/p>\n<p>Spezielle L\u00f6sungen, wie das Vorhandensein von einrastbaren Glasleistenprofilen, machen das neue Produkt \u00e4u\u00dferst montage- und montagefreundlich. Mit MAGNUM steht <strong>SESAMO-<\/strong> Kunden ein echtes und vollst\u00e4ndiges Werkzeug f\u00fcr den Bau fertiger, \u201eschl\u00fcsselfertiger\u201c Systeme zur Verf\u00fcgung.<\/p>\n","protected":false},"excerpt":{"rendered":"<p>MAGNUM, Profillinie f\u00fcr Aluminiumrahmen mit erh\u00f6htem Querschnitt.<\/p>\n","protected":false},"featured_media":2581,"comment_status":"open","ping_status":"closed","template":"","meta":{"_acf_changed":false,"_et_pb_use_builder":"","_et_pb_old_content":"","_et_gb_content_width":""},"product_brand":[],"product_cat":[82],"product_tag":[],"class_list":{"0":"post-3420","1":"product","2":"type-product","3":"status-publish","4":"has-post-thumbnail","6":"product_cat-profile-und-fenster","8":"first","9":"instock","10":"shipping-taxable","11":"product-type-simple"},"acf":[],"yoast_head":"<!-- This site is optimized with the Yoast SEO plugin v27.2 - https:\/\/yoast.com\/product\/yoast-seo-wordpress\/ -->\n<title>MAGNUM - SESAMO<\/title>\n<meta name=\"robots\" content=\"index, follow, max-snippet:-1, max-image-preview:large, max-video-preview:-1\" \/>\n<link rel=\"canonical\" href=\"https:\/\/www.sesamo.eu\/de\/prodotto\/magnum\/\" \/>\n<meta property=\"og:locale\" content=\"de_DE\" \/>\n<meta property=\"og:type\" content=\"article\" \/>\n<meta property=\"og:title\" content=\"MAGNUM - SESAMO\" \/>\n<meta property=\"og:description\" content=\"MAGNUM, Profillinie f\u00fcr Aluminiumrahmen mit erh\u00f6htem Querschnitt.\" \/>\n<meta property=\"og:url\" content=\"https:\/\/www.sesamo.eu\/de\/prodotto\/magnum\/\" \/>\n<meta property=\"og:site_name\" content=\"SESAMO\" \/>\n<meta property=\"article:modified_time\" content=\"2022-02-21T09:46:03+00:00\" \/>\n<meta property=\"og:image\" content=\"https:\/\/www.sesamo.eu\/wp-content\/uploads\/2021\/01\/thumb_Ikos_Hotel_2.jpg\" \/>\n\t<meta property=\"og:image:width\" content=\"670\" \/>\n\t<meta property=\"og:image:height\" content=\"414\" \/>\n\t<meta property=\"og:image:type\" content=\"image\/jpeg\" \/>\n<meta name=\"twitter:card\" content=\"summary_large_image\" \/>\n<meta name=\"twitter:label1\" content=\"Gesch\u00e4tzte Lesezeit\" \/>\n\t<meta name=\"twitter:data1\" content=\"1\u00a0Minute\" \/>\n<script type=\"application\/ld+json\" class=\"yoast-schema-graph\">{\"@context\":\"https:\/\/schema.org\",\"@graph\":[{\"@type\":\"WebPage\",\"@id\":\"https:\/\/www.sesamo.eu\/de\/prodotto\/magnum\/\",\"url\":\"https:\/\/www.sesamo.eu\/de\/prodotto\/magnum\/\",\"name\":\"MAGNUM - SESAMO\",\"isPartOf\":{\"@id\":\"https:\/\/www.sesamo.eu\/de\/#website\"},\"primaryImageOfPage\":{\"@id\":\"https:\/\/www.sesamo.eu\/de\/prodotto\/magnum\/#primaryimage\"},\"image\":{\"@id\":\"https:\/\/www.sesamo.eu\/de\/prodotto\/magnum\/#primaryimage\"},\"thumbnailUrl\":\"https:\/\/www.sesamo.eu\/wp-content\/uploads\/2021\/01\/thumb_Ikos_Hotel_2.jpg\",\"datePublished\":\"2021-01-19T20:52:16+00:00\",\"dateModified\":\"2022-02-21T09:46:03+00:00\",\"breadcrumb\":{\"@id\":\"https:\/\/www.sesamo.eu\/de\/prodotto\/magnum\/#breadcrumb\"},\"inLanguage\":\"de\",\"potentialAction\":[{\"@type\":\"ReadAction\",\"target\":[\"https:\/\/www.sesamo.eu\/de\/prodotto\/magnum\/\"]}]},{\"@type\":\"ImageObject\",\"inLanguage\":\"de\",\"@id\":\"https:\/\/www.sesamo.eu\/de\/prodotto\/magnum\/#primaryimage\",\"url\":\"https:\/\/www.sesamo.eu\/wp-content\/uploads\/2021\/01\/thumb_Ikos_Hotel_2.jpg\",\"contentUrl\":\"https:\/\/www.sesamo.eu\/wp-content\/uploads\/2021\/01\/thumb_Ikos_Hotel_2.jpg\",\"width\":670,\"height\":414},{\"@type\":\"BreadcrumbList\",\"@id\":\"https:\/\/www.sesamo.eu\/de\/prodotto\/magnum\/#breadcrumb\",\"itemListElement\":[{\"@type\":\"ListItem\",\"position\":1,\"name\":\"Home\",\"item\":\"https:\/\/www.sesamo.eu\/de\/heim\/\"},{\"@type\":\"ListItem\",\"position\":2,\"name\":\"Einkaufen\",\"item\":\"https:\/\/www.sesamo.eu\/de\/einkaufen\/\"},{\"@type\":\"ListItem\",\"position\":3,\"name\":\"MAGNUM\"}]},{\"@type\":\"WebSite\",\"@id\":\"https:\/\/www.sesamo.eu\/de\/#website\",\"url\":\"https:\/\/www.sesamo.eu\/de\/\",\"name\":\"SESAMO\",\"description\":\"Ingressi automatici\",\"publisher\":{\"@id\":\"https:\/\/www.sesamo.eu\/de\/#organization\"},\"potentialAction\":[{\"@type\":\"SearchAction\",\"target\":{\"@type\":\"EntryPoint\",\"urlTemplate\":\"https:\/\/www.sesamo.eu\/de\/?s={search_term_string}\"},\"query-input\":{\"@type\":\"PropertyValueSpecification\",\"valueRequired\":true,\"valueName\":\"search_term_string\"}}],\"inLanguage\":\"de\"},{\"@type\":\"Organization\",\"@id\":\"https:\/\/www.sesamo.eu\/de\/#organization\",\"name\":\"SESAMO\",\"url\":\"https:\/\/www.sesamo.eu\/de\/\",\"logo\":{\"@type\":\"ImageObject\",\"inLanguage\":\"de\",\"@id\":\"https:\/\/www.sesamo.eu\/de\/#\/schema\/logo\/image\/\",\"url\":\"https:\/\/www.sesamo.eu\/wp-content\/uploads\/2020\/10\/cropped-Logo_Sesamo.png\",\"contentUrl\":\"https:\/\/www.sesamo.eu\/wp-content\/uploads\/2020\/10\/cropped-Logo_Sesamo.png\",\"width\":512,\"height\":512,\"caption\":\"SESAMO\"},\"image\":{\"@id\":\"https:\/\/www.sesamo.eu\/de\/#\/schema\/logo\/image\/\"}}]}<\/script>\n<!-- \/ Yoast SEO plugin. -->","yoast_head_json":{"title":"MAGNUM - SESAMO","robots":{"index":"index","follow":"follow","max-snippet":"max-snippet:-1","max-image-preview":"max-image-preview:large","max-video-preview":"max-video-preview:-1"},"canonical":"https:\/\/www.sesamo.eu\/de\/prodotto\/magnum\/","og_locale":"de_DE","og_type":"article","og_title":"MAGNUM - SESAMO","og_description":"MAGNUM, Profillinie f\u00fcr Aluminiumrahmen mit erh\u00f6htem Querschnitt.","og_url":"https:\/\/www.sesamo.eu\/de\/prodotto\/magnum\/","og_site_name":"SESAMO","article_modified_time":"2022-02-21T09:46:03+00:00","og_image":[{"width":670,"height":414,"url":"https:\/\/www.sesamo.eu\/wp-content\/uploads\/2021\/01\/thumb_Ikos_Hotel_2.jpg","type":"image\/jpeg"}],"twitter_card":"summary_large_image","twitter_misc":{"Gesch\u00e4tzte Lesezeit":"1\u00a0Minute"},"schema":{"@context":"https:\/\/schema.org","@graph":[{"@type":"WebPage","@id":"https:\/\/www.sesamo.eu\/de\/prodotto\/magnum\/","url":"https:\/\/www.sesamo.eu\/de\/prodotto\/magnum\/","name":"MAGNUM - SESAMO","isPartOf":{"@id":"https:\/\/www.sesamo.eu\/de\/#website"},"primaryImageOfPage":{"@id":"https:\/\/www.sesamo.eu\/de\/prodotto\/magnum\/#primaryimage"},"image":{"@id":"https:\/\/www.sesamo.eu\/de\/prodotto\/magnum\/#primaryimage"},"thumbnailUrl":"https:\/\/www.sesamo.eu\/wp-content\/uploads\/2021\/01\/thumb_Ikos_Hotel_2.jpg","datePublished":"2021-01-19T20:52:16+00:00","dateModified":"2022-02-21T09:46:03+00:00","breadcrumb":{"@id":"https:\/\/www.sesamo.eu\/de\/prodotto\/magnum\/#breadcrumb"},"inLanguage":"de","potentialAction":[{"@type":"ReadAction","target":["https:\/\/www.sesamo.eu\/de\/prodotto\/magnum\/"]}]},{"@type":"ImageObject","inLanguage":"de","@id":"https:\/\/www.sesamo.eu\/de\/prodotto\/magnum\/#primaryimage","url":"https:\/\/www.sesamo.eu\/wp-content\/uploads\/2021\/01\/thumb_Ikos_Hotel_2.jpg","contentUrl":"https:\/\/www.sesamo.eu\/wp-content\/uploads\/2021\/01\/thumb_Ikos_Hotel_2.jpg","width":670,"height":414},{"@type":"BreadcrumbList","@id":"https:\/\/www.sesamo.eu\/de\/prodotto\/magnum\/#breadcrumb","itemListElement":[{"@type":"ListItem","position":1,"name":"Home","item":"https:\/\/www.sesamo.eu\/de\/heim\/"},{"@type":"ListItem","position":2,"name":"Einkaufen","item":"https:\/\/www.sesamo.eu\/de\/einkaufen\/"},{"@type":"ListItem","position":3,"name":"MAGNUM"}]},{"@type":"WebSite","@id":"https:\/\/www.sesamo.eu\/de\/#website","url":"https:\/\/www.sesamo.eu\/de\/","name":"SESAMO","description":"Ingressi automatici","publisher":{"@id":"https:\/\/www.sesamo.eu\/de\/#organization"},"potentialAction":[{"@type":"SearchAction","target":{"@type":"EntryPoint","urlTemplate":"https:\/\/www.sesamo.eu\/de\/?s={search_term_string}"},"query-input":{"@type":"PropertyValueSpecification","valueRequired":true,"valueName":"search_term_string"}}],"inLanguage":"de"},{"@type":"Organization","@id":"https:\/\/www.sesamo.eu\/de\/#organization","name":"SESAMO","url":"https:\/\/www.sesamo.eu\/de\/","logo":{"@type":"ImageObject","inLanguage":"de","@id":"https:\/\/www.sesamo.eu\/de\/#\/schema\/logo\/image\/","url":"https:\/\/www.sesamo.eu\/wp-content\/uploads\/2020\/10\/cropped-Logo_Sesamo.png","contentUrl":"https:\/\/www.sesamo.eu\/wp-content\/uploads\/2020\/10\/cropped-Logo_Sesamo.png","width":512,"height":512,"caption":"SESAMO"},"image":{"@id":"https:\/\/www.sesamo.eu\/de\/#\/schema\/logo\/image\/"}}]}},"_links":{"self":[{"href":"https:\/\/www.sesamo.eu\/de\/wp-json\/wp\/v2\/product\/3420","targetHints":{"allow":["GET"]}}],"collection":[{"href":"https:\/\/www.sesamo.eu\/de\/wp-json\/wp\/v2\/product"}],"about":[{"href":"https:\/\/www.sesamo.eu\/de\/wp-json\/wp\/v2\/types\/product"}],"replies":[{"embeddable":true,"href":"https:\/\/www.sesamo.eu\/de\/wp-json\/wp\/v2\/comments?post=3420"}],"wp:featuredmedia":[{"embeddable":true,"href":"https:\/\/www.sesamo.eu\/de\/wp-json\/wp\/v2\/media\/2581"}],"wp:attachment":[{"href":"https:\/\/www.sesamo.eu\/de\/wp-json\/wp\/v2\/media?parent=3420"}],"wp:term":[{"taxonomy":"product_brand","embeddable":true,"href":"https:\/\/www.sesamo.eu\/de\/wp-json\/wp\/v2\/product_brand?post=3420"},{"taxonomy":"product_cat","embeddable":true,"href":"https:\/\/www.sesamo.eu\/de\/wp-json\/wp\/v2\/product_cat?post=3420"},{"taxonomy":"product_tag","embeddable":true,"href":"https:\/\/www.sesamo.eu\/de\/wp-json\/wp\/v2\/product_tag?post=3420"}],"curies":[{"name":"wp","href":"https:\/\/api.w.org\/{rel}","templated":true}]}}