{"id":3430,"date":"2021-01-19T20:54:21","date_gmt":"2021-01-19T20:54:21","guid":{"rendered":"https:\/\/sesamo.eu\/prodotto\/s30\/"},"modified":"2022-02-21T09:45:53","modified_gmt":"2022-02-21T09:45:53","slug":"s30","status":"publish","type":"product","link":"https:\/\/www.sesamo.eu\/de\/prodotto\/s30\/","title":{"rendered":"S30"},"content":{"rendered":"<p>Die neue Serie wurde entwickelt und gebaut, um die beste Leistung in Bezug auf St\u00e4rke, Leichtigkeit und Vielseitigkeit zu garantieren, eine perfekte Erg\u00e4nzung zu den Dualcore-Automatisierungen f\u00fcr die Schaffung automatischer Eing\u00e4nge in voller \u00dcbereinstimmung mit internationalen Sicherheitsstandards.<\/p>\n<p>H\u00f6chste Verarbeitungs-, Montage- und Montagefreundlichkeit, 90\u00b0-Schnitte, Montage mittels Richtwinkel und selbstschneidenden Schrauben.<\/p>\n<p><strong><em>Hauptmerkmale<\/em><\/strong> <em>:<\/em><\/p>\n<ul>\n<li><em>im unteren Profil des beweglichen Fl\u00fcgels befinden sich die Aufnahmen zum Gleiten auf der Laufschiene und zum Einsetzen der Bodendichtungsb\u00fcrste;<\/em><\/li>\n<li><em>begrenzte Anzahl von Matrizen, um einen vollst\u00e4ndigen Rahmen zu bilden;<\/em><\/li>\n<li><em>zwei verschiedene Arten von Dichtungen erm\u00f6glichen die Verwendung mit geh\u00e4rteter, laminierter oder doppelter Verglasung bis zu einer maximalen Dicke von 25 mm;<\/em><\/li>\n<li><em>Mittelverschluss zwischen den Schiebet\u00fcren mit doppelter Anschlagdichtung mit Verriegelung;<\/em><\/li>\n<li><em>Luftdichtheit zwischen Schiebet\u00fcr und feststehender T\u00fcr mit Aluminium-Labyrinth oder Druckdichtung;<\/em><\/li>\n<li><em>oberes Querprofil ben\u00f6tigt keinen zus\u00e4tzlichen Adapter zum Einh\u00e4ngen der Laufwagen;<\/em><\/li>\n<li><em>das Fenster kann mit verschiedenen Arten von Verschl\u00fcssen und Schl\u00f6ssern integriert werden;<\/em><\/li>\n<li><em>Profile in Silber oder roh eloxiert; Es ist m\u00f6glich, Standard- oder spezielle RAL-Lackierung nach Muster anzufordern<\/em><\/li>\n<\/ul>\n","protected":false},"excerpt":{"rendered":"<p><strong>SESAMO<\/strong> freut sich, das neue Sortiment an Aluminiumprofilen f\u00fcr automatische Schiebet\u00fcren <strong>S30 vorzustellen,<\/strong> eine <strong>Serie<\/strong> , die das Sortiment an Profilen f\u00fcr automatische T\u00fcren und Fenster erweitert.<\/p>\n","protected":false},"featured_media":2601,"comment_status":"open","ping_status":"closed","template":"","meta":{"_acf_changed":false,"_et_pb_use_builder":"","_et_pb_old_content":"","_et_gb_content_width":""},"product_brand":[],"product_cat":[82],"product_tag":[],"class_list":{"0":"post-3430","1":"product","2":"type-product","3":"status-publish","4":"has-post-thumbnail","6":"product_cat-profile-und-fenster","8":"first","9":"instock","10":"shipping-taxable","11":"product-type-simple"},"acf":[],"yoast_head":"<!-- This site is optimized with the Yoast SEO plugin v27.2 - https:\/\/yoast.com\/product\/yoast-seo-wordpress\/ -->\n<title>S30 - SESAMO<\/title>\n<meta name=\"robots\" content=\"index, follow, max-snippet:-1, max-image-preview:large, max-video-preview:-1\" \/>\n<link rel=\"canonical\" href=\"https:\/\/www.sesamo.eu\/de\/prodotto\/s30\/\" \/>\n<meta property=\"og:locale\" content=\"de_DE\" \/>\n<meta property=\"og:type\" content=\"article\" \/>\n<meta property=\"og:title\" content=\"S30 - SESAMO\" \/>\n<meta property=\"og:description\" content=\"SESAMO freut sich, das neue Sortiment an Aluminiumprofilen f\u00fcr automatische Schiebet\u00fcren S30 vorzustellen, eine Serie , die das Sortiment an Profilen f\u00fcr automatische T\u00fcren und Fenster erweitert.\" \/>\n<meta property=\"og:url\" content=\"https:\/\/www.sesamo.eu\/de\/prodotto\/s30\/\" \/>\n<meta property=\"og:site_name\" content=\"SESAMO\" \/>\n<meta property=\"article:modified_time\" content=\"2022-02-21T09:45:53+00:00\" \/>\n<meta property=\"og:image\" content=\"https:\/\/www.sesamo.eu\/wp-content\/uploads\/2021\/01\/thumb_IMG_0409.jpeg\" \/>\n\t<meta property=\"og:image:width\" content=\"552\" \/>\n\t<meta property=\"og:image:height\" content=\"414\" \/>\n\t<meta property=\"og:image:type\" content=\"image\/jpeg\" \/>\n<meta name=\"twitter:card\" content=\"summary_large_image\" \/>\n<meta name=\"twitter:label1\" content=\"Gesch\u00e4tzte Lesezeit\" \/>\n\t<meta name=\"twitter:data1\" content=\"1\u00a0Minute\" \/>\n<script type=\"application\/ld+json\" class=\"yoast-schema-graph\">{\"@context\":\"https:\/\/schema.org\",\"@graph\":[{\"@type\":\"WebPage\",\"@id\":\"https:\/\/www.sesamo.eu\/de\/prodotto\/s30\/\",\"url\":\"https:\/\/www.sesamo.eu\/de\/prodotto\/s30\/\",\"name\":\"S30 - SESAMO\",\"isPartOf\":{\"@id\":\"https:\/\/www.sesamo.eu\/de\/#website\"},\"primaryImageOfPage\":{\"@id\":\"https:\/\/www.sesamo.eu\/de\/prodotto\/s30\/#primaryimage\"},\"image\":{\"@id\":\"https:\/\/www.sesamo.eu\/de\/prodotto\/s30\/#primaryimage\"},\"thumbnailUrl\":\"https:\/\/www.sesamo.eu\/wp-content\/uploads\/2021\/01\/thumb_IMG_0409.jpeg\",\"datePublished\":\"2021-01-19T20:54:21+00:00\",\"dateModified\":\"2022-02-21T09:45:53+00:00\",\"breadcrumb\":{\"@id\":\"https:\/\/www.sesamo.eu\/de\/prodotto\/s30\/#breadcrumb\"},\"inLanguage\":\"de\",\"potentialAction\":[{\"@type\":\"ReadAction\",\"target\":[\"https:\/\/www.sesamo.eu\/de\/prodotto\/s30\/\"]}]},{\"@type\":\"ImageObject\",\"inLanguage\":\"de\",\"@id\":\"https:\/\/www.sesamo.eu\/de\/prodotto\/s30\/#primaryimage\",\"url\":\"https:\/\/www.sesamo.eu\/wp-content\/uploads\/2021\/01\/thumb_IMG_0409.jpeg\",\"contentUrl\":\"https:\/\/www.sesamo.eu\/wp-content\/uploads\/2021\/01\/thumb_IMG_0409.jpeg\",\"width\":552,\"height\":414},{\"@type\":\"BreadcrumbList\",\"@id\":\"https:\/\/www.sesamo.eu\/de\/prodotto\/s30\/#breadcrumb\",\"itemListElement\":[{\"@type\":\"ListItem\",\"position\":1,\"name\":\"Home\",\"item\":\"https:\/\/www.sesamo.eu\/de\/heim\/\"},{\"@type\":\"ListItem\",\"position\":2,\"name\":\"Einkaufen\",\"item\":\"https:\/\/www.sesamo.eu\/de\/einkaufen\/\"},{\"@type\":\"ListItem\",\"position\":3,\"name\":\"S30\"}]},{\"@type\":\"WebSite\",\"@id\":\"https:\/\/www.sesamo.eu\/de\/#website\",\"url\":\"https:\/\/www.sesamo.eu\/de\/\",\"name\":\"SESAMO\",\"description\":\"Ingressi automatici\",\"publisher\":{\"@id\":\"https:\/\/www.sesamo.eu\/de\/#organization\"},\"potentialAction\":[{\"@type\":\"SearchAction\",\"target\":{\"@type\":\"EntryPoint\",\"urlTemplate\":\"https:\/\/www.sesamo.eu\/de\/?s={search_term_string}\"},\"query-input\":{\"@type\":\"PropertyValueSpecification\",\"valueRequired\":true,\"valueName\":\"search_term_string\"}}],\"inLanguage\":\"de\"},{\"@type\":\"Organization\",\"@id\":\"https:\/\/www.sesamo.eu\/de\/#organization\",\"name\":\"SESAMO\",\"url\":\"https:\/\/www.sesamo.eu\/de\/\",\"logo\":{\"@type\":\"ImageObject\",\"inLanguage\":\"de\",\"@id\":\"https:\/\/www.sesamo.eu\/de\/#\/schema\/logo\/image\/\",\"url\":\"https:\/\/www.sesamo.eu\/wp-content\/uploads\/2020\/10\/cropped-Logo_Sesamo.png\",\"contentUrl\":\"https:\/\/www.sesamo.eu\/wp-content\/uploads\/2020\/10\/cropped-Logo_Sesamo.png\",\"width\":512,\"height\":512,\"caption\":\"SESAMO\"},\"image\":{\"@id\":\"https:\/\/www.sesamo.eu\/de\/#\/schema\/logo\/image\/\"}}]}<\/script>\n<!-- \/ Yoast SEO plugin. -->","yoast_head_json":{"title":"S30 - SESAMO","robots":{"index":"index","follow":"follow","max-snippet":"max-snippet:-1","max-image-preview":"max-image-preview:large","max-video-preview":"max-video-preview:-1"},"canonical":"https:\/\/www.sesamo.eu\/de\/prodotto\/s30\/","og_locale":"de_DE","og_type":"article","og_title":"S30 - SESAMO","og_description":"SESAMO freut sich, das neue Sortiment an Aluminiumprofilen f\u00fcr automatische Schiebet\u00fcren S30 vorzustellen, eine Serie , die das Sortiment an Profilen f\u00fcr automatische T\u00fcren und Fenster erweitert.","og_url":"https:\/\/www.sesamo.eu\/de\/prodotto\/s30\/","og_site_name":"SESAMO","article_modified_time":"2022-02-21T09:45:53+00:00","og_image":[{"width":552,"height":414,"url":"https:\/\/www.sesamo.eu\/wp-content\/uploads\/2021\/01\/thumb_IMG_0409.jpeg","type":"image\/jpeg"}],"twitter_card":"summary_large_image","twitter_misc":{"Gesch\u00e4tzte Lesezeit":"1\u00a0Minute"},"schema":{"@context":"https:\/\/schema.org","@graph":[{"@type":"WebPage","@id":"https:\/\/www.sesamo.eu\/de\/prodotto\/s30\/","url":"https:\/\/www.sesamo.eu\/de\/prodotto\/s30\/","name":"S30 - SESAMO","isPartOf":{"@id":"https:\/\/www.sesamo.eu\/de\/#website"},"primaryImageOfPage":{"@id":"https:\/\/www.sesamo.eu\/de\/prodotto\/s30\/#primaryimage"},"image":{"@id":"https:\/\/www.sesamo.eu\/de\/prodotto\/s30\/#primaryimage"},"thumbnailUrl":"https:\/\/www.sesamo.eu\/wp-content\/uploads\/2021\/01\/thumb_IMG_0409.jpeg","datePublished":"2021-01-19T20:54:21+00:00","dateModified":"2022-02-21T09:45:53+00:00","breadcrumb":{"@id":"https:\/\/www.sesamo.eu\/de\/prodotto\/s30\/#breadcrumb"},"inLanguage":"de","potentialAction":[{"@type":"ReadAction","target":["https:\/\/www.sesamo.eu\/de\/prodotto\/s30\/"]}]},{"@type":"ImageObject","inLanguage":"de","@id":"https:\/\/www.sesamo.eu\/de\/prodotto\/s30\/#primaryimage","url":"https:\/\/www.sesamo.eu\/wp-content\/uploads\/2021\/01\/thumb_IMG_0409.jpeg","contentUrl":"https:\/\/www.sesamo.eu\/wp-content\/uploads\/2021\/01\/thumb_IMG_0409.jpeg","width":552,"height":414},{"@type":"BreadcrumbList","@id":"https:\/\/www.sesamo.eu\/de\/prodotto\/s30\/#breadcrumb","itemListElement":[{"@type":"ListItem","position":1,"name":"Home","item":"https:\/\/www.sesamo.eu\/de\/heim\/"},{"@type":"ListItem","position":2,"name":"Einkaufen","item":"https:\/\/www.sesamo.eu\/de\/einkaufen\/"},{"@type":"ListItem","position":3,"name":"S30"}]},{"@type":"WebSite","@id":"https:\/\/www.sesamo.eu\/de\/#website","url":"https:\/\/www.sesamo.eu\/de\/","name":"SESAMO","description":"Ingressi automatici","publisher":{"@id":"https:\/\/www.sesamo.eu\/de\/#organization"},"potentialAction":[{"@type":"SearchAction","target":{"@type":"EntryPoint","urlTemplate":"https:\/\/www.sesamo.eu\/de\/?s={search_term_string}"},"query-input":{"@type":"PropertyValueSpecification","valueRequired":true,"valueName":"search_term_string"}}],"inLanguage":"de"},{"@type":"Organization","@id":"https:\/\/www.sesamo.eu\/de\/#organization","name":"SESAMO","url":"https:\/\/www.sesamo.eu\/de\/","logo":{"@type":"ImageObject","inLanguage":"de","@id":"https:\/\/www.sesamo.eu\/de\/#\/schema\/logo\/image\/","url":"https:\/\/www.sesamo.eu\/wp-content\/uploads\/2020\/10\/cropped-Logo_Sesamo.png","contentUrl":"https:\/\/www.sesamo.eu\/wp-content\/uploads\/2020\/10\/cropped-Logo_Sesamo.png","width":512,"height":512,"caption":"SESAMO"},"image":{"@id":"https:\/\/www.sesamo.eu\/de\/#\/schema\/logo\/image\/"}}]}},"_links":{"self":[{"href":"https:\/\/www.sesamo.eu\/de\/wp-json\/wp\/v2\/product\/3430","targetHints":{"allow":["GET"]}}],"collection":[{"href":"https:\/\/www.sesamo.eu\/de\/wp-json\/wp\/v2\/product"}],"about":[{"href":"https:\/\/www.sesamo.eu\/de\/wp-json\/wp\/v2\/types\/product"}],"replies":[{"embeddable":true,"href":"https:\/\/www.sesamo.eu\/de\/wp-json\/wp\/v2\/comments?post=3430"}],"wp:featuredmedia":[{"embeddable":true,"href":"https:\/\/www.sesamo.eu\/de\/wp-json\/wp\/v2\/media\/2601"}],"wp:attachment":[{"href":"https:\/\/www.sesamo.eu\/de\/wp-json\/wp\/v2\/media?parent=3430"}],"wp:term":[{"taxonomy":"product_brand","embeddable":true,"href":"https:\/\/www.sesamo.eu\/de\/wp-json\/wp\/v2\/product_brand?post=3430"},{"taxonomy":"product_cat","embeddable":true,"href":"https:\/\/www.sesamo.eu\/de\/wp-json\/wp\/v2\/product_cat?post=3430"},{"taxonomy":"product_tag","embeddable":true,"href":"https:\/\/www.sesamo.eu\/de\/wp-json\/wp\/v2\/product_tag?post=3430"}],"curies":[{"name":"wp","href":"https:\/\/api.w.org\/{rel}","templated":true}]}}