{"id":3431,"date":"2021-01-19T21:01:10","date_gmt":"2021-01-19T21:01:10","guid":{"rendered":"https:\/\/sesamo.eu\/prodotto\/widder\/"},"modified":"2022-02-21T09:45:54","modified_gmt":"2022-02-21T09:45:54","slug":"widder","status":"publish","type":"product","link":"https:\/\/www.sesamo.eu\/de\/prodotto\/widder\/","title":{"rendered":"ARIETE"},"content":{"rendered":"<p>Das Antipaniksystem ARIETE, entworfen und gebaut von <strong>SESAMO<\/strong> , erm\u00f6glicht das \u00d6ffnen der T\u00fcren eines automatischen Schiebeeingangs durch Aufbrechen. Es kann zwischen einem partiellen Breakout-System und einem totalen Breakout-System gew\u00e4hlt werden. Die erste ist so konzipiert, dass im Bedarfsfall nur der bewegliche Teil (Schiebet\u00fcr \/ en) des automatischen Eingangs durchbrochen werden kann; Die zweite soll im Falle eines Ausfalls der Schiebet\u00fcren auch die Freigabe der &#8222;halbfesten&#8220; T\u00fcren gew\u00e4hrleisten, wodurch der Fluchtraum breiter wird und im Notfall die R\u00e4umung des Raums erleichtert wird . Der ARIETE-Panikt\u00fcrverschluss wurde entwickelt, um die notwendigen Sicherheitsanforderungen zu erf\u00fcllen, wenn der Eingang als Fluchtweg im Falle eines Feuers oder anderer Katastrophen verwendet wird, die das Geb\u00e4ude treffen k\u00f6nnen. Das System besteht im Wesentlichen aus zwei hochfesten Profilen aus Aluminiumlegierung, die die Schiebet\u00fcr tragen, und aus Details, die, am Fensterrahmen angebracht, es der T\u00fcr erm\u00f6glichen, sich durch Aufbringen einer geeigneten Kraft vom oberen Profil zu l\u00f6sen und sich in der \u00d6ffnung zu drehen Richtung, um den Fluchtweg vollst\u00e4ndig freizugeben. Die Gleitf\u00fchrungen sind unter den Schiebet\u00fcren entlang ihres Laufs untergebracht und so ausgef\u00fchrt, dass sie die vertikale Belastung minimieren, indem sie die Stolpergefahr w\u00e4hrend der Notevakuierungsphase des Raums so weit wie m\u00f6glich begrenzen. Wenn das Break-out-System w\u00e4hrend des Betriebs der Anlage aktiviert wird, registriert die automatische Steuereinheit das Ereignis automatisch und f\u00e4hrt die Fl\u00fcgel in die vollst\u00e4ndig ge\u00f6ffnete Position, um das \u00d6ffnen des Fluchtwegs so weit wie m\u00f6glich zu erleichtern. Das Breakout-System ARIETE wurde getestet und mit dem entsprechenden Pr\u00fcfzertifikat des Innenministeriums ausgestattet. ARIETE ist so konzipiert, dass es sich an alle g\u00e4ngigen kommerziellen Profile anpasst: Eine Kammer im Inneren des Pfostens von mindestens 29 x 29 mm ist erforderlich und die M\u00f6glichkeit, einen Abstand zwischen der Mitte der Drehwelle und dem Ende des Pfostens von 23,5 mm zu erreichen.<\/p>\n","protected":false},"excerpt":{"rendered":"<p>Das Antipaniksystem ARIETE, entworfen und gebaut von <strong>SESAMO<\/strong> , erm\u00f6glicht das \u00d6ffnen der T\u00fcren eines automatischen Schiebeeingangs durch Aufbrechen.<\/p>\n","protected":false},"featured_media":2661,"comment_status":"open","ping_status":"closed","template":"","meta":{"_acf_changed":false,"_et_pb_use_builder":"off","_et_pb_old_content":"Das Antipaniksystem ARIETE, entworfen und gebaut von <strong>SESAMO<\/strong> , erm\u00f6glicht das \u00d6ffnen der T\u00fcren eines automatischen Schiebeeingangs durch Aufbrechen.\n\nEs kann zwischen einem partiellen Breakout-System und einem totalen Breakout-System gew\u00e4hlt werden. Die erste ist so konzipiert, dass im Bedarfsfall nur der bewegliche Teil (Schiebet\u00fcr \/ en) des automatischen Eingangs durchbrochen werden kann; Die zweite soll im Falle eines Ausfalls der Schiebet\u00fcren auch die Freigabe der \"halbfesten\" T\u00fcren gew\u00e4hrleisten, wodurch der Fluchtraum breiter wird und im Notfall die R\u00e4umung des Raums erleichtert wird .\n\nDer ARIETE-Panikt\u00fcrverschluss wurde entwickelt, um die notwendigen Sicherheitsanforderungen zu erf\u00fcllen, wenn der Eingang als Fluchtweg im Falle eines Feuers oder anderer Katastrophen verwendet wird, die das Geb\u00e4ude treffen k\u00f6nnen. Das System besteht im Wesentlichen aus zwei hochfesten Profilen aus Aluminiumlegierung, die die Schiebet\u00fcr tragen, und aus Details, die, am Fensterrahmen angebracht, es der T\u00fcr erm\u00f6glichen, sich durch Aufbringen einer geeigneten Kraft vom oberen Profil zu l\u00f6sen und sich in der \u00d6ffnung zu drehen Richtung, um den Fluchtweg vollst\u00e4ndig freizugeben. Die Gleitf\u00fchrungen sind unter den Schiebet\u00fcren entlang ihres Laufs untergebracht und so ausgef\u00fchrt, dass sie die vertikale Belastung minimieren, indem sie die Stolpergefahr w\u00e4hrend der Notevakuierungsphase des Raums so weit wie m\u00f6glich begrenzen.\n\nWenn das Break-out-System w\u00e4hrend des Betriebs der Anlage aktiviert wird, registriert die automatische Steuereinheit das Ereignis automatisch und f\u00e4hrt die Fl\u00fcgel in die vollst\u00e4ndig ge\u00f6ffnete Position, um das \u00d6ffnen des Fluchtwegs so weit wie m\u00f6glich zu erleichtern. Das Breakout-System ARIETE wurde getestet und mit dem entsprechenden Pr\u00fcfzertifikat des Innenministeriums ausgestattet. ARIETE ist so konzipiert, dass es sich an alle g\u00e4ngigen kommerziellen Profile anpasst: Eine Kammer im Inneren des Pfostens von mindestens 29 x 29 mm ist erforderlich und die M\u00f6glichkeit, einen Abstand zwischen der Mitte der Drehwelle und dem Ende des Pfostens von 23,5 mm zu erreichen.","_et_gb_content_width":""},"product_brand":[],"product_cat":[72],"product_tag":[],"class_list":{"0":"post-3431","1":"product","2":"type-product","3":"status-publish","4":"has-post-thumbnail","6":"product_cat-systeme-fur-fluchtwege","8":"first","9":"instock","10":"shipping-taxable","11":"product-type-simple"},"acf":[],"yoast_head":"<!-- This site is optimized with the Yoast SEO plugin v27.2 - https:\/\/yoast.com\/product\/yoast-seo-wordpress\/ -->\n<title>ARIETE - SESAMO<\/title>\n<meta name=\"robots\" content=\"index, follow, max-snippet:-1, max-image-preview:large, max-video-preview:-1\" \/>\n<link rel=\"canonical\" href=\"https:\/\/www.sesamo.eu\/de\/prodotto\/widder\/\" \/>\n<meta property=\"og:locale\" content=\"de_DE\" \/>\n<meta property=\"og:type\" content=\"article\" \/>\n<meta property=\"og:title\" content=\"ARIETE - SESAMO\" \/>\n<meta property=\"og:description\" content=\"Das Antipaniksystem ARIETE, entworfen und gebaut von SESAMO , erm\u00f6glicht das \u00d6ffnen der T\u00fcren eines automatischen Schiebeeingangs durch Aufbrechen.\" \/>\n<meta property=\"og:url\" content=\"https:\/\/www.sesamo.eu\/de\/prodotto\/widder\/\" \/>\n<meta property=\"og:site_name\" content=\"SESAMO\" \/>\n<meta property=\"article:modified_time\" content=\"2022-02-21T09:45:54+00:00\" \/>\n<meta property=\"og:image\" content=\"https:\/\/www.sesamo.eu\/wp-content\/uploads\/2021\/01\/thumb_DSCN0956.jpeg\" \/>\n\t<meta property=\"og:image:width\" content=\"670\" \/>\n\t<meta property=\"og:image:height\" content=\"414\" \/>\n\t<meta property=\"og:image:type\" content=\"image\/jpeg\" \/>\n<meta name=\"twitter:card\" content=\"summary_large_image\" \/>\n<meta name=\"twitter:label1\" content=\"Gesch\u00e4tzte Lesezeit\" \/>\n\t<meta name=\"twitter:data1\" content=\"2\u00a0Minuten\" \/>\n<script type=\"application\/ld+json\" class=\"yoast-schema-graph\">{\"@context\":\"https:\/\/schema.org\",\"@graph\":[{\"@type\":\"WebPage\",\"@id\":\"https:\/\/www.sesamo.eu\/de\/prodotto\/widder\/\",\"url\":\"https:\/\/www.sesamo.eu\/de\/prodotto\/widder\/\",\"name\":\"ARIETE - SESAMO\",\"isPartOf\":{\"@id\":\"https:\/\/www.sesamo.eu\/de\/#website\"},\"primaryImageOfPage\":{\"@id\":\"https:\/\/www.sesamo.eu\/de\/prodotto\/widder\/#primaryimage\"},\"image\":{\"@id\":\"https:\/\/www.sesamo.eu\/de\/prodotto\/widder\/#primaryimage\"},\"thumbnailUrl\":\"https:\/\/www.sesamo.eu\/wp-content\/uploads\/2021\/01\/thumb_DSCN0956.jpeg\",\"datePublished\":\"2021-01-19T21:01:10+00:00\",\"dateModified\":\"2022-02-21T09:45:54+00:00\",\"breadcrumb\":{\"@id\":\"https:\/\/www.sesamo.eu\/de\/prodotto\/widder\/#breadcrumb\"},\"inLanguage\":\"de\",\"potentialAction\":[{\"@type\":\"ReadAction\",\"target\":[\"https:\/\/www.sesamo.eu\/de\/prodotto\/widder\/\"]}]},{\"@type\":\"ImageObject\",\"inLanguage\":\"de\",\"@id\":\"https:\/\/www.sesamo.eu\/de\/prodotto\/widder\/#primaryimage\",\"url\":\"https:\/\/www.sesamo.eu\/wp-content\/uploads\/2021\/01\/thumb_DSCN0956.jpeg\",\"contentUrl\":\"https:\/\/www.sesamo.eu\/wp-content\/uploads\/2021\/01\/thumb_DSCN0956.jpeg\",\"width\":670,\"height\":414},{\"@type\":\"BreadcrumbList\",\"@id\":\"https:\/\/www.sesamo.eu\/de\/prodotto\/widder\/#breadcrumb\",\"itemListElement\":[{\"@type\":\"ListItem\",\"position\":1,\"name\":\"Home\",\"item\":\"https:\/\/www.sesamo.eu\/de\/heim\/\"},{\"@type\":\"ListItem\",\"position\":2,\"name\":\"Einkaufen\",\"item\":\"https:\/\/www.sesamo.eu\/de\/einkaufen\/\"},{\"@type\":\"ListItem\",\"position\":3,\"name\":\"ARIETE\"}]},{\"@type\":\"WebSite\",\"@id\":\"https:\/\/www.sesamo.eu\/de\/#website\",\"url\":\"https:\/\/www.sesamo.eu\/de\/\",\"name\":\"SESAMO\",\"description\":\"Ingressi automatici\",\"publisher\":{\"@id\":\"https:\/\/www.sesamo.eu\/de\/#organization\"},\"potentialAction\":[{\"@type\":\"SearchAction\",\"target\":{\"@type\":\"EntryPoint\",\"urlTemplate\":\"https:\/\/www.sesamo.eu\/de\/?s={search_term_string}\"},\"query-input\":{\"@type\":\"PropertyValueSpecification\",\"valueRequired\":true,\"valueName\":\"search_term_string\"}}],\"inLanguage\":\"de\"},{\"@type\":\"Organization\",\"@id\":\"https:\/\/www.sesamo.eu\/de\/#organization\",\"name\":\"SESAMO\",\"url\":\"https:\/\/www.sesamo.eu\/de\/\",\"logo\":{\"@type\":\"ImageObject\",\"inLanguage\":\"de\",\"@id\":\"https:\/\/www.sesamo.eu\/de\/#\/schema\/logo\/image\/\",\"url\":\"https:\/\/www.sesamo.eu\/wp-content\/uploads\/2020\/10\/cropped-Logo_Sesamo.png\",\"contentUrl\":\"https:\/\/www.sesamo.eu\/wp-content\/uploads\/2020\/10\/cropped-Logo_Sesamo.png\",\"width\":512,\"height\":512,\"caption\":\"SESAMO\"},\"image\":{\"@id\":\"https:\/\/www.sesamo.eu\/de\/#\/schema\/logo\/image\/\"}}]}<\/script>\n<!-- \/ Yoast SEO plugin. -->","yoast_head_json":{"title":"ARIETE - SESAMO","robots":{"index":"index","follow":"follow","max-snippet":"max-snippet:-1","max-image-preview":"max-image-preview:large","max-video-preview":"max-video-preview:-1"},"canonical":"https:\/\/www.sesamo.eu\/de\/prodotto\/widder\/","og_locale":"de_DE","og_type":"article","og_title":"ARIETE - SESAMO","og_description":"Das Antipaniksystem ARIETE, entworfen und gebaut von SESAMO , erm\u00f6glicht das \u00d6ffnen der T\u00fcren eines automatischen Schiebeeingangs durch Aufbrechen.","og_url":"https:\/\/www.sesamo.eu\/de\/prodotto\/widder\/","og_site_name":"SESAMO","article_modified_time":"2022-02-21T09:45:54+00:00","og_image":[{"width":670,"height":414,"url":"https:\/\/www.sesamo.eu\/wp-content\/uploads\/2021\/01\/thumb_DSCN0956.jpeg","type":"image\/jpeg"}],"twitter_card":"summary_large_image","twitter_misc":{"Gesch\u00e4tzte Lesezeit":"2\u00a0Minuten"},"schema":{"@context":"https:\/\/schema.org","@graph":[{"@type":"WebPage","@id":"https:\/\/www.sesamo.eu\/de\/prodotto\/widder\/","url":"https:\/\/www.sesamo.eu\/de\/prodotto\/widder\/","name":"ARIETE - SESAMO","isPartOf":{"@id":"https:\/\/www.sesamo.eu\/de\/#website"},"primaryImageOfPage":{"@id":"https:\/\/www.sesamo.eu\/de\/prodotto\/widder\/#primaryimage"},"image":{"@id":"https:\/\/www.sesamo.eu\/de\/prodotto\/widder\/#primaryimage"},"thumbnailUrl":"https:\/\/www.sesamo.eu\/wp-content\/uploads\/2021\/01\/thumb_DSCN0956.jpeg","datePublished":"2021-01-19T21:01:10+00:00","dateModified":"2022-02-21T09:45:54+00:00","breadcrumb":{"@id":"https:\/\/www.sesamo.eu\/de\/prodotto\/widder\/#breadcrumb"},"inLanguage":"de","potentialAction":[{"@type":"ReadAction","target":["https:\/\/www.sesamo.eu\/de\/prodotto\/widder\/"]}]},{"@type":"ImageObject","inLanguage":"de","@id":"https:\/\/www.sesamo.eu\/de\/prodotto\/widder\/#primaryimage","url":"https:\/\/www.sesamo.eu\/wp-content\/uploads\/2021\/01\/thumb_DSCN0956.jpeg","contentUrl":"https:\/\/www.sesamo.eu\/wp-content\/uploads\/2021\/01\/thumb_DSCN0956.jpeg","width":670,"height":414},{"@type":"BreadcrumbList","@id":"https:\/\/www.sesamo.eu\/de\/prodotto\/widder\/#breadcrumb","itemListElement":[{"@type":"ListItem","position":1,"name":"Home","item":"https:\/\/www.sesamo.eu\/de\/heim\/"},{"@type":"ListItem","position":2,"name":"Einkaufen","item":"https:\/\/www.sesamo.eu\/de\/einkaufen\/"},{"@type":"ListItem","position":3,"name":"ARIETE"}]},{"@type":"WebSite","@id":"https:\/\/www.sesamo.eu\/de\/#website","url":"https:\/\/www.sesamo.eu\/de\/","name":"SESAMO","description":"Ingressi automatici","publisher":{"@id":"https:\/\/www.sesamo.eu\/de\/#organization"},"potentialAction":[{"@type":"SearchAction","target":{"@type":"EntryPoint","urlTemplate":"https:\/\/www.sesamo.eu\/de\/?s={search_term_string}"},"query-input":{"@type":"PropertyValueSpecification","valueRequired":true,"valueName":"search_term_string"}}],"inLanguage":"de"},{"@type":"Organization","@id":"https:\/\/www.sesamo.eu\/de\/#organization","name":"SESAMO","url":"https:\/\/www.sesamo.eu\/de\/","logo":{"@type":"ImageObject","inLanguage":"de","@id":"https:\/\/www.sesamo.eu\/de\/#\/schema\/logo\/image\/","url":"https:\/\/www.sesamo.eu\/wp-content\/uploads\/2020\/10\/cropped-Logo_Sesamo.png","contentUrl":"https:\/\/www.sesamo.eu\/wp-content\/uploads\/2020\/10\/cropped-Logo_Sesamo.png","width":512,"height":512,"caption":"SESAMO"},"image":{"@id":"https:\/\/www.sesamo.eu\/de\/#\/schema\/logo\/image\/"}}]}},"_links":{"self":[{"href":"https:\/\/www.sesamo.eu\/de\/wp-json\/wp\/v2\/product\/3431","targetHints":{"allow":["GET"]}}],"collection":[{"href":"https:\/\/www.sesamo.eu\/de\/wp-json\/wp\/v2\/product"}],"about":[{"href":"https:\/\/www.sesamo.eu\/de\/wp-json\/wp\/v2\/types\/product"}],"replies":[{"embeddable":true,"href":"https:\/\/www.sesamo.eu\/de\/wp-json\/wp\/v2\/comments?post=3431"}],"wp:featuredmedia":[{"embeddable":true,"href":"https:\/\/www.sesamo.eu\/de\/wp-json\/wp\/v2\/media\/2661"}],"wp:attachment":[{"href":"https:\/\/www.sesamo.eu\/de\/wp-json\/wp\/v2\/media?parent=3431"}],"wp:term":[{"taxonomy":"product_brand","embeddable":true,"href":"https:\/\/www.sesamo.eu\/de\/wp-json\/wp\/v2\/product_brand?post=3431"},{"taxonomy":"product_cat","embeddable":true,"href":"https:\/\/www.sesamo.eu\/de\/wp-json\/wp\/v2\/product_cat?post=3431"},{"taxonomy":"product_tag","embeddable":true,"href":"https:\/\/www.sesamo.eu\/de\/wp-json\/wp\/v2\/product_tag?post=3431"}],"curies":[{"name":"wp","href":"https:\/\/api.w.org\/{rel}","templated":true}]}}