{"id":5815,"date":"2026-04-14T14:03:23","date_gmt":"2026-04-14T14:03:23","guid":{"rendered":"https:\/\/www.sesamo.eu\/?post_type=product&#038;p=5815"},"modified":"2026-04-15T10:00:01","modified_gmt":"2026-04-15T10:00:01","slug":"telescopica-ert80","status":"publish","type":"product","link":"https:\/\/www.sesamo.eu\/de\/prodotto\/telescopica-ert80\/","title":{"rendered":"TELESCOPICA ERT80"},"content":{"rendered":"<p>Der elektromechanische Teleskopantrieb POWERCORE ERT80 eignet sich f\u00fcr gerade Teleskop-Schiebet\u00fcren bis 100 kg (2-fl\u00fcgelig) bzw. 80 kg (4-fl\u00fcgelig).<\/p>\n<p>Dieser Antrieb ist speziell f\u00fcr Notausg\u00e4nge und Fluchtwege konzipiert. Er verf\u00fcgt \u00fcber redundante Komponenten und ist f\u00fcr den Betrieb mit Sensoren der Leistungsklasse \u201ed\u201c, Kategorie 2 nach EN 13849-1 ausgelegt. Dadurch sind Installationen gem\u00e4\u00df der europ\u00e4ischen Norm EN 16005 m\u00f6glich.<\/p>\n<p>Technische Spezifikationen des ERT80:<\/p>\n<p>\u2022 Vorgebohrtes Aluminium-Tr\u00e4gerprofil f\u00fcr einfache Montage<br \/>\n\u2022 Doppelte Gleitf\u00fchrung aus einer speziellen, austauschbaren verst\u00e4rkten Legierung, montiert mit einem Gummiprofil zur Ger\u00e4usch- und Vibrationsd\u00e4mpfung<br \/>\n\u2022 Antistatischer Riemen mit internen Kevlarfasern<br \/>\n\u2022 Zwei in Reihe geschaltete Gleichstrommotoren, Modell GR63x55 \u2013 40 V DC und GR63x25 \u2013 24 V DC, mit optischem Encoder und SG80-Getriebe<br \/>\n\u2022 Backup-Steuereinheit zur \u00dcberwachung der T\u00fcrbewegung, die nur als passive Sicherheitsvorrichtung im Notfall aktiviert wird<br \/>\n\u2022 Backup-System mit NiMH-Akkus, wartungsfrei f\u00fcr viele Jahre und schnellladef\u00e4hig<br \/>\n\u2022 Spezieller DIGIDOR T Funktionsw\u00e4hler mit 3 Tags. Der Tag dient zum Aktivieren und Deaktivieren des Nachtmodus sowie zum Umschalten zwischen Sicherheits- und Verriegelungsmodus<br \/>\n\u2022 T\u00dcV-gepr\u00fcft nach PL \u201ed\u201c EN13849-1<\/p>\n","protected":false},"excerpt":{"rendered":"<p>Dieser Antrieb f\u00fcr Teleskopt\u00fcren ist speziell f\u00fcr Notausg\u00e4nge und Fluchtwege konzipiert. Er enth\u00e4lt redundante Komponenten und ist f\u00fcr den Betrieb mit Sensoren der Leistungsklasse \u201ed\u201c nach EN 13849-1, Kategorie 2, ausgelegt. Dadurch sind Installationen gem\u00e4\u00df der europ\u00e4ischen Norm EN 16005 m\u00f6glich.<\/p>\n","protected":false},"featured_media":0,"comment_status":"open","ping_status":"closed","template":"","meta":{"_acf_changed":false,"_et_pb_use_builder":"","_et_pb_old_content":"","_et_gb_content_width":""},"product_brand":[],"product_cat":[72],"product_tag":[],"class_list":{"0":"post-5815","1":"product","2":"type-product","3":"status-publish","5":"product_cat-systeme-fur-fluchtwege","7":"first","8":"instock","9":"shipping-taxable","10":"product-type-simple"},"acf":[],"yoast_head":"<!-- This site is optimized with the Yoast SEO plugin v27.2 - https:\/\/yoast.com\/product\/yoast-seo-wordpress\/ -->\n<title>TELESCOPICA ERT80 - SESAMO<\/title>\n<meta name=\"robots\" content=\"index, follow, max-snippet:-1, max-image-preview:large, max-video-preview:-1\" \/>\n<link rel=\"canonical\" href=\"https:\/\/www.sesamo.eu\/de\/prodotto\/telescopica-ert80\/\" \/>\n<meta property=\"og:locale\" content=\"de_DE\" \/>\n<meta property=\"og:type\" content=\"article\" \/>\n<meta property=\"og:title\" content=\"TELESCOPICA ERT80 - SESAMO\" \/>\n<meta property=\"og:description\" content=\"Dieser Antrieb f\u00fcr Teleskopt\u00fcren ist speziell f\u00fcr Notausg\u00e4nge und Fluchtwege konzipiert. Er enth\u00e4lt redundante Komponenten und ist f\u00fcr den Betrieb mit Sensoren der Leistungsklasse \u201ed\u201c nach EN 13849-1, Kategorie 2, ausgelegt. Dadurch sind Installationen gem\u00e4\u00df der europ\u00e4ischen Norm EN 16005 m\u00f6glich.\" \/>\n<meta property=\"og:url\" content=\"https:\/\/www.sesamo.eu\/de\/prodotto\/telescopica-ert80\/\" \/>\n<meta property=\"og:site_name\" content=\"SESAMO\" \/>\n<meta property=\"article:modified_time\" content=\"2026-04-15T10:00:01+00:00\" \/>\n<meta name=\"twitter:card\" content=\"summary_large_image\" \/>\n<meta name=\"twitter:label1\" content=\"Gesch\u00e4tzte Lesezeit\" \/>\n\t<meta name=\"twitter:data1\" content=\"1\u00a0Minute\" \/>\n<script type=\"application\/ld+json\" class=\"yoast-schema-graph\">{\"@context\":\"https:\/\/schema.org\",\"@graph\":[{\"@type\":\"WebPage\",\"@id\":\"https:\/\/www.sesamo.eu\/de\/prodotto\/telescopica-ert80\/\",\"url\":\"https:\/\/www.sesamo.eu\/de\/prodotto\/telescopica-ert80\/\",\"name\":\"TELESCOPICA ERT80 - SESAMO\",\"isPartOf\":{\"@id\":\"https:\/\/www.sesamo.eu\/de\/#website\"},\"datePublished\":\"2026-04-14T14:03:23+00:00\",\"dateModified\":\"2026-04-15T10:00:01+00:00\",\"breadcrumb\":{\"@id\":\"https:\/\/www.sesamo.eu\/de\/prodotto\/telescopica-ert80\/#breadcrumb\"},\"inLanguage\":\"de\",\"potentialAction\":[{\"@type\":\"ReadAction\",\"target\":[\"https:\/\/www.sesamo.eu\/de\/prodotto\/telescopica-ert80\/\"]}]},{\"@type\":\"BreadcrumbList\",\"@id\":\"https:\/\/www.sesamo.eu\/de\/prodotto\/telescopica-ert80\/#breadcrumb\",\"itemListElement\":[{\"@type\":\"ListItem\",\"position\":1,\"name\":\"Home\",\"item\":\"https:\/\/www.sesamo.eu\/de\/heim\/\"},{\"@type\":\"ListItem\",\"position\":2,\"name\":\"Einkaufen\",\"item\":\"https:\/\/www.sesamo.eu\/de\/einkaufen\/\"},{\"@type\":\"ListItem\",\"position\":3,\"name\":\"TELESCOPICA ERT80\"}]},{\"@type\":\"WebSite\",\"@id\":\"https:\/\/www.sesamo.eu\/de\/#website\",\"url\":\"https:\/\/www.sesamo.eu\/de\/\",\"name\":\"SESAMO\",\"description\":\"Ingressi automatici\",\"publisher\":{\"@id\":\"https:\/\/www.sesamo.eu\/de\/#organization\"},\"potentialAction\":[{\"@type\":\"SearchAction\",\"target\":{\"@type\":\"EntryPoint\",\"urlTemplate\":\"https:\/\/www.sesamo.eu\/de\/?s={search_term_string}\"},\"query-input\":{\"@type\":\"PropertyValueSpecification\",\"valueRequired\":true,\"valueName\":\"search_term_string\"}}],\"inLanguage\":\"de\"},{\"@type\":\"Organization\",\"@id\":\"https:\/\/www.sesamo.eu\/de\/#organization\",\"name\":\"SESAMO\",\"url\":\"https:\/\/www.sesamo.eu\/de\/\",\"logo\":{\"@type\":\"ImageObject\",\"inLanguage\":\"de\",\"@id\":\"https:\/\/www.sesamo.eu\/de\/#\/schema\/logo\/image\/\",\"url\":\"https:\/\/www.sesamo.eu\/wp-content\/uploads\/2020\/10\/cropped-Logo_Sesamo.png\",\"contentUrl\":\"https:\/\/www.sesamo.eu\/wp-content\/uploads\/2020\/10\/cropped-Logo_Sesamo.png\",\"width\":512,\"height\":512,\"caption\":\"SESAMO\"},\"image\":{\"@id\":\"https:\/\/www.sesamo.eu\/de\/#\/schema\/logo\/image\/\"}}]}<\/script>\n<!-- \/ Yoast SEO plugin. -->","yoast_head_json":{"title":"TELESCOPICA ERT80 - SESAMO","robots":{"index":"index","follow":"follow","max-snippet":"max-snippet:-1","max-image-preview":"max-image-preview:large","max-video-preview":"max-video-preview:-1"},"canonical":"https:\/\/www.sesamo.eu\/de\/prodotto\/telescopica-ert80\/","og_locale":"de_DE","og_type":"article","og_title":"TELESCOPICA ERT80 - SESAMO","og_description":"Dieser Antrieb f\u00fcr Teleskopt\u00fcren ist speziell f\u00fcr Notausg\u00e4nge und Fluchtwege konzipiert. Er enth\u00e4lt redundante Komponenten und ist f\u00fcr den Betrieb mit Sensoren der Leistungsklasse \u201ed\u201c nach EN 13849-1, Kategorie 2, ausgelegt. Dadurch sind Installationen gem\u00e4\u00df der europ\u00e4ischen Norm EN 16005 m\u00f6glich.","og_url":"https:\/\/www.sesamo.eu\/de\/prodotto\/telescopica-ert80\/","og_site_name":"SESAMO","article_modified_time":"2026-04-15T10:00:01+00:00","twitter_card":"summary_large_image","twitter_misc":{"Gesch\u00e4tzte Lesezeit":"1\u00a0Minute"},"schema":{"@context":"https:\/\/schema.org","@graph":[{"@type":"WebPage","@id":"https:\/\/www.sesamo.eu\/de\/prodotto\/telescopica-ert80\/","url":"https:\/\/www.sesamo.eu\/de\/prodotto\/telescopica-ert80\/","name":"TELESCOPICA ERT80 - SESAMO","isPartOf":{"@id":"https:\/\/www.sesamo.eu\/de\/#website"},"datePublished":"2026-04-14T14:03:23+00:00","dateModified":"2026-04-15T10:00:01+00:00","breadcrumb":{"@id":"https:\/\/www.sesamo.eu\/de\/prodotto\/telescopica-ert80\/#breadcrumb"},"inLanguage":"de","potentialAction":[{"@type":"ReadAction","target":["https:\/\/www.sesamo.eu\/de\/prodotto\/telescopica-ert80\/"]}]},{"@type":"BreadcrumbList","@id":"https:\/\/www.sesamo.eu\/de\/prodotto\/telescopica-ert80\/#breadcrumb","itemListElement":[{"@type":"ListItem","position":1,"name":"Home","item":"https:\/\/www.sesamo.eu\/de\/heim\/"},{"@type":"ListItem","position":2,"name":"Einkaufen","item":"https:\/\/www.sesamo.eu\/de\/einkaufen\/"},{"@type":"ListItem","position":3,"name":"TELESCOPICA ERT80"}]},{"@type":"WebSite","@id":"https:\/\/www.sesamo.eu\/de\/#website","url":"https:\/\/www.sesamo.eu\/de\/","name":"SESAMO","description":"Ingressi automatici","publisher":{"@id":"https:\/\/www.sesamo.eu\/de\/#organization"},"potentialAction":[{"@type":"SearchAction","target":{"@type":"EntryPoint","urlTemplate":"https:\/\/www.sesamo.eu\/de\/?s={search_term_string}"},"query-input":{"@type":"PropertyValueSpecification","valueRequired":true,"valueName":"search_term_string"}}],"inLanguage":"de"},{"@type":"Organization","@id":"https:\/\/www.sesamo.eu\/de\/#organization","name":"SESAMO","url":"https:\/\/www.sesamo.eu\/de\/","logo":{"@type":"ImageObject","inLanguage":"de","@id":"https:\/\/www.sesamo.eu\/de\/#\/schema\/logo\/image\/","url":"https:\/\/www.sesamo.eu\/wp-content\/uploads\/2020\/10\/cropped-Logo_Sesamo.png","contentUrl":"https:\/\/www.sesamo.eu\/wp-content\/uploads\/2020\/10\/cropped-Logo_Sesamo.png","width":512,"height":512,"caption":"SESAMO"},"image":{"@id":"https:\/\/www.sesamo.eu\/de\/#\/schema\/logo\/image\/"}}]}},"_links":{"self":[{"href":"https:\/\/www.sesamo.eu\/de\/wp-json\/wp\/v2\/product\/5815","targetHints":{"allow":["GET"]}}],"collection":[{"href":"https:\/\/www.sesamo.eu\/de\/wp-json\/wp\/v2\/product"}],"about":[{"href":"https:\/\/www.sesamo.eu\/de\/wp-json\/wp\/v2\/types\/product"}],"replies":[{"embeddable":true,"href":"https:\/\/www.sesamo.eu\/de\/wp-json\/wp\/v2\/comments?post=5815"}],"wp:attachment":[{"href":"https:\/\/www.sesamo.eu\/de\/wp-json\/wp\/v2\/media?parent=5815"}],"wp:term":[{"taxonomy":"product_brand","embeddable":true,"href":"https:\/\/www.sesamo.eu\/de\/wp-json\/wp\/v2\/product_brand?post=5815"},{"taxonomy":"product_cat","embeddable":true,"href":"https:\/\/www.sesamo.eu\/de\/wp-json\/wp\/v2\/product_cat?post=5815"},{"taxonomy":"product_tag","embeddable":true,"href":"https:\/\/www.sesamo.eu\/de\/wp-json\/wp\/v2\/product_tag?post=5815"}],"curies":[{"name":"wp","href":"https:\/\/api.w.org\/{rel}","templated":true}]}}