{"id":5816,"date":"2026-04-14T09:20:04","date_gmt":"2026-04-14T09:20:04","guid":{"rendered":"https:\/\/www.sesamo.eu\/?post_type=product&#038;p=5816"},"modified":"2026-04-15T10:04:27","modified_gmt":"2026-04-15T10:04:27","slug":"er140-powercore","status":"publish","type":"product","link":"https:\/\/www.sesamo.eu\/de\/prodotto\/er140-powercore\/","title":{"rendered":"ER140 POWERCORE"},"content":{"rendered":"<p>Dieser neue Antrieb nutzt eine L\u00f6sung mit zwei in Reihe geschalteten Gleichstrommotoren, Modell GR63x55 \u2013 40 V DC und GR63x25 \u2013 24 V DC, mit optischem Encoder und SG80-Getriebe. Wir haben uns f\u00fcr das zuverl\u00e4ssigste Produkt auf dem Markt entschieden, das maximale Leistung gew\u00e4hrleistet.<\/p>\n<p>Die Norm EN 16005 f\u00fcr T\u00fcren in Fluchtwegen besagt: \u201eDer Sicherheitsteil des Stromkreises muss<br \/>\neinen PL \u201ed\u201c gem\u00e4\u00df EN 13849-1 aufweisen. Dies ist erf\u00fcllt, wenn die T\u00fcr in Fluchtrichtung (normalerweise Ausgang) ge\u00f6ffnet wird.\u201c<br \/>\nDie Steuereinheit POWERCORE ER140 arbeitet mit dem Motor GR63x55 zusammen. Die Backup-Steuereinheit \u00fcberwacht die T\u00fcrbewegung und wird nur als passive Sicherheitsvorrichtung aktiviert.<br \/>\nSie ist nur im Notfall aktiv.<br \/>\nIm Normalbetrieb f\u00fchrt der Backup-Teil alle 24 Stunden einen Testzyklus (zwei \u00d6ffnungszyklen) durch.<br \/>\nIm Nachtmodus (LOCK-Modus) wird der Testzyklus nicht durchgef\u00fchrt.<br \/>\nNach Wiederherstellung des Normalbetriebs nach dem n\u00e4chtlichen Schlie\u00dfen (Umschaltung von LOCK auf SAFE) f\u00fchrt die T\u00fcr einen Testzyklus durch.<br \/>\nBei Stromausfall f\u00fchrt das System nach Wiederherstellung der Stromversorgung umgehend einen neuen Test durch.<\/p>\n","protected":false},"excerpt":{"rendered":"<p>POWERCORE ER140-REDUNDANT<\/p>\n<p>Die Norm EN 16005 f\u00fcr T\u00fcren in Fluchtwegen besagt: \u201eDer Sicherheitsteil des Stromkreises muss<br \/>\neinen PL \u201ed\u201c gem\u00e4\u00df EN 13849-1 aufweisen. Dies ist erf\u00fcllt, wenn die T\u00fcr in Fluchtrichtung (normalerweise Ausgang) ge\u00f6ffnet wird.\u201c<\/p>\n","protected":false},"featured_media":5453,"comment_status":"open","ping_status":"closed","template":"","meta":{"_acf_changed":false,"_et_pb_use_builder":"","_et_pb_old_content":"","_et_gb_content_width":""},"product_brand":[],"product_cat":[72],"product_tag":[],"class_list":{"0":"post-5816","1":"product","2":"type-product","3":"status-publish","4":"has-post-thumbnail","6":"product_cat-systeme-fur-fluchtwege","8":"first","9":"instock","10":"shipping-taxable","11":"product-type-simple"},"acf":[],"yoast_head":"<!-- This site is optimized with the Yoast SEO plugin v27.2 - https:\/\/yoast.com\/product\/yoast-seo-wordpress\/ -->\n<title>ER140 POWERCORE - SESAMO<\/title>\n<meta name=\"robots\" content=\"index, follow, max-snippet:-1, max-image-preview:large, max-video-preview:-1\" \/>\n<link rel=\"canonical\" href=\"https:\/\/www.sesamo.eu\/de\/prodotto\/er140-powercore\/\" \/>\n<meta property=\"og:locale\" content=\"de_DE\" \/>\n<meta property=\"og:type\" content=\"article\" \/>\n<meta property=\"og:title\" content=\"ER140 POWERCORE - SESAMO\" \/>\n<meta property=\"og:description\" content=\"POWERCORE ER140-REDUNDANT  Die Norm EN 16005 f\u00fcr T\u00fcren in Fluchtwegen besagt: \u201eDer Sicherheitsteil des Stromkreises muss einen PL \u201ed\u201c gem\u00e4\u00df EN 13849-1 aufweisen. Dies ist erf\u00fcllt, wenn die T\u00fcr in Fluchtrichtung (normalerweise Ausgang) ge\u00f6ffnet wird.\u201c\" \/>\n<meta property=\"og:url\" content=\"https:\/\/www.sesamo.eu\/de\/prodotto\/er140-powercore\/\" \/>\n<meta property=\"og:site_name\" content=\"SESAMO\" \/>\n<meta property=\"article:modified_time\" content=\"2026-04-15T10:04:27+00:00\" \/>\n<meta property=\"og:image\" content=\"https:\/\/www.sesamo.eu\/wp-content\/uploads\/2026\/04\/PW100-immahine-pagina-4-brochure-scaled.png\" \/>\n\t<meta property=\"og:image:width\" content=\"2560\" \/>\n\t<meta property=\"og:image:height\" content=\"667\" \/>\n\t<meta property=\"og:image:type\" content=\"image\/png\" \/>\n<meta name=\"twitter:card\" content=\"summary_large_image\" \/>\n<meta name=\"twitter:label1\" content=\"Gesch\u00e4tzte Lesezeit\" \/>\n\t<meta name=\"twitter:data1\" content=\"1\u00a0Minute\" \/>\n<script type=\"application\/ld+json\" class=\"yoast-schema-graph\">{\"@context\":\"https:\/\/schema.org\",\"@graph\":[{\"@type\":\"WebPage\",\"@id\":\"https:\/\/www.sesamo.eu\/de\/prodotto\/er140-powercore\/\",\"url\":\"https:\/\/www.sesamo.eu\/de\/prodotto\/er140-powercore\/\",\"name\":\"ER140 POWERCORE - SESAMO\",\"isPartOf\":{\"@id\":\"https:\/\/www.sesamo.eu\/de\/#website\"},\"primaryImageOfPage\":{\"@id\":\"https:\/\/www.sesamo.eu\/de\/prodotto\/er140-powercore\/#primaryimage\"},\"image\":{\"@id\":\"https:\/\/www.sesamo.eu\/de\/prodotto\/er140-powercore\/#primaryimage\"},\"thumbnailUrl\":\"https:\/\/www.sesamo.eu\/wp-content\/uploads\/2026\/04\/PW100-immahine-pagina-4-brochure-scaled.png\",\"datePublished\":\"2026-04-14T09:20:04+00:00\",\"dateModified\":\"2026-04-15T10:04:27+00:00\",\"breadcrumb\":{\"@id\":\"https:\/\/www.sesamo.eu\/de\/prodotto\/er140-powercore\/#breadcrumb\"},\"inLanguage\":\"de\",\"potentialAction\":[{\"@type\":\"ReadAction\",\"target\":[\"https:\/\/www.sesamo.eu\/de\/prodotto\/er140-powercore\/\"]}]},{\"@type\":\"ImageObject\",\"inLanguage\":\"de\",\"@id\":\"https:\/\/www.sesamo.eu\/de\/prodotto\/er140-powercore\/#primaryimage\",\"url\":\"https:\/\/www.sesamo.eu\/wp-content\/uploads\/2026\/04\/PW100-immahine-pagina-4-brochure-scaled.png\",\"contentUrl\":\"https:\/\/www.sesamo.eu\/wp-content\/uploads\/2026\/04\/PW100-immahine-pagina-4-brochure-scaled.png\",\"width\":2560,\"height\":667},{\"@type\":\"BreadcrumbList\",\"@id\":\"https:\/\/www.sesamo.eu\/de\/prodotto\/er140-powercore\/#breadcrumb\",\"itemListElement\":[{\"@type\":\"ListItem\",\"position\":1,\"name\":\"Home\",\"item\":\"https:\/\/www.sesamo.eu\/de\/heim\/\"},{\"@type\":\"ListItem\",\"position\":2,\"name\":\"Einkaufen\",\"item\":\"https:\/\/www.sesamo.eu\/de\/einkaufen\/\"},{\"@type\":\"ListItem\",\"position\":3,\"name\":\"ER140 POWERCORE\"}]},{\"@type\":\"WebSite\",\"@id\":\"https:\/\/www.sesamo.eu\/de\/#website\",\"url\":\"https:\/\/www.sesamo.eu\/de\/\",\"name\":\"SESAMO\",\"description\":\"Ingressi automatici\",\"publisher\":{\"@id\":\"https:\/\/www.sesamo.eu\/de\/#organization\"},\"potentialAction\":[{\"@type\":\"SearchAction\",\"target\":{\"@type\":\"EntryPoint\",\"urlTemplate\":\"https:\/\/www.sesamo.eu\/de\/?s={search_term_string}\"},\"query-input\":{\"@type\":\"PropertyValueSpecification\",\"valueRequired\":true,\"valueName\":\"search_term_string\"}}],\"inLanguage\":\"de\"},{\"@type\":\"Organization\",\"@id\":\"https:\/\/www.sesamo.eu\/de\/#organization\",\"name\":\"SESAMO\",\"url\":\"https:\/\/www.sesamo.eu\/de\/\",\"logo\":{\"@type\":\"ImageObject\",\"inLanguage\":\"de\",\"@id\":\"https:\/\/www.sesamo.eu\/de\/#\/schema\/logo\/image\/\",\"url\":\"https:\/\/www.sesamo.eu\/wp-content\/uploads\/2020\/10\/cropped-Logo_Sesamo.png\",\"contentUrl\":\"https:\/\/www.sesamo.eu\/wp-content\/uploads\/2020\/10\/cropped-Logo_Sesamo.png\",\"width\":512,\"height\":512,\"caption\":\"SESAMO\"},\"image\":{\"@id\":\"https:\/\/www.sesamo.eu\/de\/#\/schema\/logo\/image\/\"}}]}<\/script>\n<!-- \/ Yoast SEO plugin. -->","yoast_head_json":{"title":"ER140 POWERCORE - SESAMO","robots":{"index":"index","follow":"follow","max-snippet":"max-snippet:-1","max-image-preview":"max-image-preview:large","max-video-preview":"max-video-preview:-1"},"canonical":"https:\/\/www.sesamo.eu\/de\/prodotto\/er140-powercore\/","og_locale":"de_DE","og_type":"article","og_title":"ER140 POWERCORE - SESAMO","og_description":"POWERCORE ER140-REDUNDANT  Die Norm EN 16005 f\u00fcr T\u00fcren in Fluchtwegen besagt: \u201eDer Sicherheitsteil des Stromkreises muss einen PL \u201ed\u201c gem\u00e4\u00df EN 13849-1 aufweisen. Dies ist erf\u00fcllt, wenn die T\u00fcr in Fluchtrichtung (normalerweise Ausgang) ge\u00f6ffnet wird.\u201c","og_url":"https:\/\/www.sesamo.eu\/de\/prodotto\/er140-powercore\/","og_site_name":"SESAMO","article_modified_time":"2026-04-15T10:04:27+00:00","og_image":[{"width":2560,"height":667,"url":"https:\/\/www.sesamo.eu\/wp-content\/uploads\/2026\/04\/PW100-immahine-pagina-4-brochure-scaled.png","type":"image\/png"}],"twitter_card":"summary_large_image","twitter_misc":{"Gesch\u00e4tzte Lesezeit":"1\u00a0Minute"},"schema":{"@context":"https:\/\/schema.org","@graph":[{"@type":"WebPage","@id":"https:\/\/www.sesamo.eu\/de\/prodotto\/er140-powercore\/","url":"https:\/\/www.sesamo.eu\/de\/prodotto\/er140-powercore\/","name":"ER140 POWERCORE - SESAMO","isPartOf":{"@id":"https:\/\/www.sesamo.eu\/de\/#website"},"primaryImageOfPage":{"@id":"https:\/\/www.sesamo.eu\/de\/prodotto\/er140-powercore\/#primaryimage"},"image":{"@id":"https:\/\/www.sesamo.eu\/de\/prodotto\/er140-powercore\/#primaryimage"},"thumbnailUrl":"https:\/\/www.sesamo.eu\/wp-content\/uploads\/2026\/04\/PW100-immahine-pagina-4-brochure-scaled.png","datePublished":"2026-04-14T09:20:04+00:00","dateModified":"2026-04-15T10:04:27+00:00","breadcrumb":{"@id":"https:\/\/www.sesamo.eu\/de\/prodotto\/er140-powercore\/#breadcrumb"},"inLanguage":"de","potentialAction":[{"@type":"ReadAction","target":["https:\/\/www.sesamo.eu\/de\/prodotto\/er140-powercore\/"]}]},{"@type":"ImageObject","inLanguage":"de","@id":"https:\/\/www.sesamo.eu\/de\/prodotto\/er140-powercore\/#primaryimage","url":"https:\/\/www.sesamo.eu\/wp-content\/uploads\/2026\/04\/PW100-immahine-pagina-4-brochure-scaled.png","contentUrl":"https:\/\/www.sesamo.eu\/wp-content\/uploads\/2026\/04\/PW100-immahine-pagina-4-brochure-scaled.png","width":2560,"height":667},{"@type":"BreadcrumbList","@id":"https:\/\/www.sesamo.eu\/de\/prodotto\/er140-powercore\/#breadcrumb","itemListElement":[{"@type":"ListItem","position":1,"name":"Home","item":"https:\/\/www.sesamo.eu\/de\/heim\/"},{"@type":"ListItem","position":2,"name":"Einkaufen","item":"https:\/\/www.sesamo.eu\/de\/einkaufen\/"},{"@type":"ListItem","position":3,"name":"ER140 POWERCORE"}]},{"@type":"WebSite","@id":"https:\/\/www.sesamo.eu\/de\/#website","url":"https:\/\/www.sesamo.eu\/de\/","name":"SESAMO","description":"Ingressi automatici","publisher":{"@id":"https:\/\/www.sesamo.eu\/de\/#organization"},"potentialAction":[{"@type":"SearchAction","target":{"@type":"EntryPoint","urlTemplate":"https:\/\/www.sesamo.eu\/de\/?s={search_term_string}"},"query-input":{"@type":"PropertyValueSpecification","valueRequired":true,"valueName":"search_term_string"}}],"inLanguage":"de"},{"@type":"Organization","@id":"https:\/\/www.sesamo.eu\/de\/#organization","name":"SESAMO","url":"https:\/\/www.sesamo.eu\/de\/","logo":{"@type":"ImageObject","inLanguage":"de","@id":"https:\/\/www.sesamo.eu\/de\/#\/schema\/logo\/image\/","url":"https:\/\/www.sesamo.eu\/wp-content\/uploads\/2020\/10\/cropped-Logo_Sesamo.png","contentUrl":"https:\/\/www.sesamo.eu\/wp-content\/uploads\/2020\/10\/cropped-Logo_Sesamo.png","width":512,"height":512,"caption":"SESAMO"},"image":{"@id":"https:\/\/www.sesamo.eu\/de\/#\/schema\/logo\/image\/"}}]}},"_links":{"self":[{"href":"https:\/\/www.sesamo.eu\/de\/wp-json\/wp\/v2\/product\/5816","targetHints":{"allow":["GET"]}}],"collection":[{"href":"https:\/\/www.sesamo.eu\/de\/wp-json\/wp\/v2\/product"}],"about":[{"href":"https:\/\/www.sesamo.eu\/de\/wp-json\/wp\/v2\/types\/product"}],"replies":[{"embeddable":true,"href":"https:\/\/www.sesamo.eu\/de\/wp-json\/wp\/v2\/comments?post=5816"}],"wp:featuredmedia":[{"embeddable":true,"href":"https:\/\/www.sesamo.eu\/de\/wp-json\/wp\/v2\/media\/5453"}],"wp:attachment":[{"href":"https:\/\/www.sesamo.eu\/de\/wp-json\/wp\/v2\/media?parent=5816"}],"wp:term":[{"taxonomy":"product_brand","embeddable":true,"href":"https:\/\/www.sesamo.eu\/de\/wp-json\/wp\/v2\/product_brand?post=5816"},{"taxonomy":"product_cat","embeddable":true,"href":"https:\/\/www.sesamo.eu\/de\/wp-json\/wp\/v2\/product_cat?post=5816"},{"taxonomy":"product_tag","embeddable":true,"href":"https:\/\/www.sesamo.eu\/de\/wp-json\/wp\/v2\/product_tag?post=5816"}],"curies":[{"name":"wp","href":"https:\/\/api.w.org\/{rel}","templated":true}]}}