{"id":5817,"date":"2026-04-14T08:44:50","date_gmt":"2026-04-14T08:44:50","guid":{"rendered":"https:\/\/www.sesamo.eu\/?post_type=product&#038;p=5817"},"modified":"2026-04-15T10:08:59","modified_gmt":"2026-04-15T10:08:59","slug":"telescopica-pwt80","status":"publish","type":"product","link":"https:\/\/www.sesamo.eu\/de\/prodotto\/telescopica-pwt80\/","title":{"rendered":"TELESCOPICA PWT80"},"content":{"rendered":"<p>SESAMO pr\u00e4sentiert TELESCOPICA POWERCORE, den neuen Antrieb f\u00fcr Teleskop-Schiebet\u00fcren.<\/p>\n<p>Die technologisch fortschrittlichsten L\u00f6sungen der POWERCORE-Serie bilden das Herzst\u00fcck des neuen Sesamo Telescopica-Systems.<\/p>\n<p>TELESCOPICA POWERCORE wurde speziell f\u00fcr Installationen entwickelt, bei denen die Fl\u00fcgelbewegung eingeschr\u00e4nkt ist und beengte Platzverh\u00e4ltnisse oder architektonische Gegebenheiten bestehen. Hochwertige Materialien und innovative Technologien vereinen sich mit einfacher Installation, Bedienung und Wartung sowie der Sicherheit eines langlebigen Antriebs. Die hochentwickelte Elektronik bietet dem Installateur zus\u00e4tzliche M\u00f6glichkeiten zur Personalisierung und Diagnose w\u00e4hrend der Wartung.<br \/>\nDas durchdachte und funktionale Design optimiert die Funktionen und die besonders kompakten Abmessungen des Antriebs.<\/p>\n","protected":false},"excerpt":{"rendered":"<p>TELESCOPICA POWERCORE wurde entwickelt und hergestellt, um das Problem von Installationen zu l\u00f6sen, bei denen die Fl\u00fcgel nicht gleiten k\u00f6nnen und es begrenzte Platzverh\u00e4ltnisse oder architektonische Einschr\u00e4nkungen gibt, 2- oder 4-Fl\u00fcgel-Anwendungen.<\/p>\n","protected":false},"featured_media":5583,"comment_status":"open","ping_status":"closed","template":"","meta":{"_acf_changed":false,"_et_pb_use_builder":"","_et_pb_old_content":"","_et_gb_content_width":""},"product_brand":[],"product_cat":[63,77],"product_tag":[],"class_list":{"0":"post-5817","1":"product","2":"type-product","3":"status-publish","4":"has-post-thumbnail","6":"product_cat-antriebe-fur-schiebeturen","7":"product_cat-automatisierung-fur-turen","9":"first","10":"instock","11":"shipping-taxable","12":"product-type-simple"},"acf":[],"yoast_head":"<!-- This site is optimized with the Yoast SEO plugin v27.2 - https:\/\/yoast.com\/product\/yoast-seo-wordpress\/ -->\n<title>TELESCOPICA PWT80 - SESAMO<\/title>\n<meta name=\"robots\" content=\"index, follow, max-snippet:-1, max-image-preview:large, max-video-preview:-1\" \/>\n<link rel=\"canonical\" href=\"https:\/\/www.sesamo.eu\/de\/prodotto\/telescopica-pwt80\/\" \/>\n<meta property=\"og:locale\" content=\"de_DE\" \/>\n<meta property=\"og:type\" content=\"article\" \/>\n<meta property=\"og:title\" content=\"TELESCOPICA PWT80 - SESAMO\" \/>\n<meta property=\"og:description\" content=\"TELESCOPICA POWERCORE wurde entwickelt und hergestellt, um das Problem von Installationen zu l\u00f6sen, bei denen die Fl\u00fcgel nicht gleiten k\u00f6nnen und es begrenzte Platzverh\u00e4ltnisse oder architektonische Einschr\u00e4nkungen gibt, 2- oder 4-Fl\u00fcgel-Anwendungen.\" \/>\n<meta property=\"og:url\" content=\"https:\/\/www.sesamo.eu\/de\/prodotto\/telescopica-pwt80\/\" \/>\n<meta property=\"og:site_name\" content=\"SESAMO\" \/>\n<meta property=\"article:modified_time\" content=\"2026-04-15T10:08:59+00:00\" \/>\n<meta property=\"og:image\" content=\"https:\/\/www.sesamo.eu\/wp-content\/uploads\/2026\/04\/PWT80-immagine-pagina-5-brochure-scaled.png\" \/>\n\t<meta property=\"og:image:width\" content=\"2560\" \/>\n\t<meta property=\"og:image:height\" content=\"667\" \/>\n\t<meta property=\"og:image:type\" content=\"image\/png\" \/>\n<meta name=\"twitter:card\" content=\"summary_large_image\" \/>\n<meta name=\"twitter:label1\" content=\"Gesch\u00e4tzte Lesezeit\" \/>\n\t<meta name=\"twitter:data1\" content=\"1\u00a0Minute\" \/>\n<script type=\"application\/ld+json\" class=\"yoast-schema-graph\">{\"@context\":\"https:\/\/schema.org\",\"@graph\":[{\"@type\":\"WebPage\",\"@id\":\"https:\/\/www.sesamo.eu\/de\/prodotto\/telescopica-pwt80\/\",\"url\":\"https:\/\/www.sesamo.eu\/de\/prodotto\/telescopica-pwt80\/\",\"name\":\"TELESCOPICA PWT80 - SESAMO\",\"isPartOf\":{\"@id\":\"https:\/\/www.sesamo.eu\/de\/#website\"},\"primaryImageOfPage\":{\"@id\":\"https:\/\/www.sesamo.eu\/de\/prodotto\/telescopica-pwt80\/#primaryimage\"},\"image\":{\"@id\":\"https:\/\/www.sesamo.eu\/de\/prodotto\/telescopica-pwt80\/#primaryimage\"},\"thumbnailUrl\":\"https:\/\/www.sesamo.eu\/wp-content\/uploads\/2026\/04\/PWT80-immagine-pagina-5-brochure-scaled.png\",\"datePublished\":\"2026-04-14T08:44:50+00:00\",\"dateModified\":\"2026-04-15T10:08:59+00:00\",\"breadcrumb\":{\"@id\":\"https:\/\/www.sesamo.eu\/de\/prodotto\/telescopica-pwt80\/#breadcrumb\"},\"inLanguage\":\"de\",\"potentialAction\":[{\"@type\":\"ReadAction\",\"target\":[\"https:\/\/www.sesamo.eu\/de\/prodotto\/telescopica-pwt80\/\"]}]},{\"@type\":\"ImageObject\",\"inLanguage\":\"de\",\"@id\":\"https:\/\/www.sesamo.eu\/de\/prodotto\/telescopica-pwt80\/#primaryimage\",\"url\":\"https:\/\/www.sesamo.eu\/wp-content\/uploads\/2026\/04\/PWT80-immagine-pagina-5-brochure-scaled.png\",\"contentUrl\":\"https:\/\/www.sesamo.eu\/wp-content\/uploads\/2026\/04\/PWT80-immagine-pagina-5-brochure-scaled.png\",\"width\":2560,\"height\":667},{\"@type\":\"BreadcrumbList\",\"@id\":\"https:\/\/www.sesamo.eu\/de\/prodotto\/telescopica-pwt80\/#breadcrumb\",\"itemListElement\":[{\"@type\":\"ListItem\",\"position\":1,\"name\":\"Home\",\"item\":\"https:\/\/www.sesamo.eu\/de\/heim\/\"},{\"@type\":\"ListItem\",\"position\":2,\"name\":\"Einkaufen\",\"item\":\"https:\/\/www.sesamo.eu\/de\/einkaufen\/\"},{\"@type\":\"ListItem\",\"position\":3,\"name\":\"TELESCOPICA PWT80\"}]},{\"@type\":\"WebSite\",\"@id\":\"https:\/\/www.sesamo.eu\/de\/#website\",\"url\":\"https:\/\/www.sesamo.eu\/de\/\",\"name\":\"SESAMO\",\"description\":\"Ingressi automatici\",\"publisher\":{\"@id\":\"https:\/\/www.sesamo.eu\/de\/#organization\"},\"potentialAction\":[{\"@type\":\"SearchAction\",\"target\":{\"@type\":\"EntryPoint\",\"urlTemplate\":\"https:\/\/www.sesamo.eu\/de\/?s={search_term_string}\"},\"query-input\":{\"@type\":\"PropertyValueSpecification\",\"valueRequired\":true,\"valueName\":\"search_term_string\"}}],\"inLanguage\":\"de\"},{\"@type\":\"Organization\",\"@id\":\"https:\/\/www.sesamo.eu\/de\/#organization\",\"name\":\"SESAMO\",\"url\":\"https:\/\/www.sesamo.eu\/de\/\",\"logo\":{\"@type\":\"ImageObject\",\"inLanguage\":\"de\",\"@id\":\"https:\/\/www.sesamo.eu\/de\/#\/schema\/logo\/image\/\",\"url\":\"https:\/\/www.sesamo.eu\/wp-content\/uploads\/2020\/10\/cropped-Logo_Sesamo.png\",\"contentUrl\":\"https:\/\/www.sesamo.eu\/wp-content\/uploads\/2020\/10\/cropped-Logo_Sesamo.png\",\"width\":512,\"height\":512,\"caption\":\"SESAMO\"},\"image\":{\"@id\":\"https:\/\/www.sesamo.eu\/de\/#\/schema\/logo\/image\/\"}}]}<\/script>\n<!-- \/ Yoast SEO plugin. -->","yoast_head_json":{"title":"TELESCOPICA PWT80 - SESAMO","robots":{"index":"index","follow":"follow","max-snippet":"max-snippet:-1","max-image-preview":"max-image-preview:large","max-video-preview":"max-video-preview:-1"},"canonical":"https:\/\/www.sesamo.eu\/de\/prodotto\/telescopica-pwt80\/","og_locale":"de_DE","og_type":"article","og_title":"TELESCOPICA PWT80 - SESAMO","og_description":"TELESCOPICA POWERCORE wurde entwickelt und hergestellt, um das Problem von Installationen zu l\u00f6sen, bei denen die Fl\u00fcgel nicht gleiten k\u00f6nnen und es begrenzte Platzverh\u00e4ltnisse oder architektonische Einschr\u00e4nkungen gibt, 2- oder 4-Fl\u00fcgel-Anwendungen.","og_url":"https:\/\/www.sesamo.eu\/de\/prodotto\/telescopica-pwt80\/","og_site_name":"SESAMO","article_modified_time":"2026-04-15T10:08:59+00:00","og_image":[{"width":2560,"height":667,"url":"https:\/\/www.sesamo.eu\/wp-content\/uploads\/2026\/04\/PWT80-immagine-pagina-5-brochure-scaled.png","type":"image\/png"}],"twitter_card":"summary_large_image","twitter_misc":{"Gesch\u00e4tzte Lesezeit":"1\u00a0Minute"},"schema":{"@context":"https:\/\/schema.org","@graph":[{"@type":"WebPage","@id":"https:\/\/www.sesamo.eu\/de\/prodotto\/telescopica-pwt80\/","url":"https:\/\/www.sesamo.eu\/de\/prodotto\/telescopica-pwt80\/","name":"TELESCOPICA PWT80 - SESAMO","isPartOf":{"@id":"https:\/\/www.sesamo.eu\/de\/#website"},"primaryImageOfPage":{"@id":"https:\/\/www.sesamo.eu\/de\/prodotto\/telescopica-pwt80\/#primaryimage"},"image":{"@id":"https:\/\/www.sesamo.eu\/de\/prodotto\/telescopica-pwt80\/#primaryimage"},"thumbnailUrl":"https:\/\/www.sesamo.eu\/wp-content\/uploads\/2026\/04\/PWT80-immagine-pagina-5-brochure-scaled.png","datePublished":"2026-04-14T08:44:50+00:00","dateModified":"2026-04-15T10:08:59+00:00","breadcrumb":{"@id":"https:\/\/www.sesamo.eu\/de\/prodotto\/telescopica-pwt80\/#breadcrumb"},"inLanguage":"de","potentialAction":[{"@type":"ReadAction","target":["https:\/\/www.sesamo.eu\/de\/prodotto\/telescopica-pwt80\/"]}]},{"@type":"ImageObject","inLanguage":"de","@id":"https:\/\/www.sesamo.eu\/de\/prodotto\/telescopica-pwt80\/#primaryimage","url":"https:\/\/www.sesamo.eu\/wp-content\/uploads\/2026\/04\/PWT80-immagine-pagina-5-brochure-scaled.png","contentUrl":"https:\/\/www.sesamo.eu\/wp-content\/uploads\/2026\/04\/PWT80-immagine-pagina-5-brochure-scaled.png","width":2560,"height":667},{"@type":"BreadcrumbList","@id":"https:\/\/www.sesamo.eu\/de\/prodotto\/telescopica-pwt80\/#breadcrumb","itemListElement":[{"@type":"ListItem","position":1,"name":"Home","item":"https:\/\/www.sesamo.eu\/de\/heim\/"},{"@type":"ListItem","position":2,"name":"Einkaufen","item":"https:\/\/www.sesamo.eu\/de\/einkaufen\/"},{"@type":"ListItem","position":3,"name":"TELESCOPICA PWT80"}]},{"@type":"WebSite","@id":"https:\/\/www.sesamo.eu\/de\/#website","url":"https:\/\/www.sesamo.eu\/de\/","name":"SESAMO","description":"Ingressi automatici","publisher":{"@id":"https:\/\/www.sesamo.eu\/de\/#organization"},"potentialAction":[{"@type":"SearchAction","target":{"@type":"EntryPoint","urlTemplate":"https:\/\/www.sesamo.eu\/de\/?s={search_term_string}"},"query-input":{"@type":"PropertyValueSpecification","valueRequired":true,"valueName":"search_term_string"}}],"inLanguage":"de"},{"@type":"Organization","@id":"https:\/\/www.sesamo.eu\/de\/#organization","name":"SESAMO","url":"https:\/\/www.sesamo.eu\/de\/","logo":{"@type":"ImageObject","inLanguage":"de","@id":"https:\/\/www.sesamo.eu\/de\/#\/schema\/logo\/image\/","url":"https:\/\/www.sesamo.eu\/wp-content\/uploads\/2020\/10\/cropped-Logo_Sesamo.png","contentUrl":"https:\/\/www.sesamo.eu\/wp-content\/uploads\/2020\/10\/cropped-Logo_Sesamo.png","width":512,"height":512,"caption":"SESAMO"},"image":{"@id":"https:\/\/www.sesamo.eu\/de\/#\/schema\/logo\/image\/"}}]}},"_links":{"self":[{"href":"https:\/\/www.sesamo.eu\/de\/wp-json\/wp\/v2\/product\/5817","targetHints":{"allow":["GET"]}}],"collection":[{"href":"https:\/\/www.sesamo.eu\/de\/wp-json\/wp\/v2\/product"}],"about":[{"href":"https:\/\/www.sesamo.eu\/de\/wp-json\/wp\/v2\/types\/product"}],"replies":[{"embeddable":true,"href":"https:\/\/www.sesamo.eu\/de\/wp-json\/wp\/v2\/comments?post=5817"}],"wp:featuredmedia":[{"embeddable":true,"href":"https:\/\/www.sesamo.eu\/de\/wp-json\/wp\/v2\/media\/5583"}],"wp:attachment":[{"href":"https:\/\/www.sesamo.eu\/de\/wp-json\/wp\/v2\/media?parent=5817"}],"wp:term":[{"taxonomy":"product_brand","embeddable":true,"href":"https:\/\/www.sesamo.eu\/de\/wp-json\/wp\/v2\/product_brand?post=5817"},{"taxonomy":"product_cat","embeddable":true,"href":"https:\/\/www.sesamo.eu\/de\/wp-json\/wp\/v2\/product_cat?post=5817"},{"taxonomy":"product_tag","embeddable":true,"href":"https:\/\/www.sesamo.eu\/de\/wp-json\/wp\/v2\/product_tag?post=5817"}],"curies":[{"name":"wp","href":"https:\/\/api.w.org\/{rel}","templated":true}]}}