{"id":5823,"date":"2026-04-15T13:05:43","date_gmt":"2026-04-15T13:05:43","guid":{"rendered":"https:\/\/www.sesamo.eu\/?post_type=product&#038;p=5823"},"modified":"2026-04-15T14:15:34","modified_gmt":"2026-04-15T14:15:34","slug":"pl55","status":"publish","type":"product","link":"https:\/\/www.sesamo.eu\/de\/prodotto\/pl55\/","title":{"rendered":"PL55"},"content":{"rendered":"<p>Die POWERCORE-Serie zeichnet sich durch fortschrittliche Technologien aus, die alle relevanten Parameter in Echtzeit ber\u00fccksichtigen und optimieren, um maximale Energieeinsparung und kurze Installationszeiten zu gew\u00e4hrleisten.<\/p>\n<p>Powercore PW100 ist f\u00fcr den Schwerlasteinsatz an T\u00fcren mit einer maximalen Tragf\u00e4higkeit von 55 + 55 kg (Doppelt\u00fcrversion) bzw. 55 kg (Einzelt\u00fcrversion) geeignet.<\/p>\n<p>Hauptmerkmale:<\/p>\n<p>Magnetische Verriegelung f\u00fcr Laufwagen oder Rollen f\u00fcr spezielle Anwendungen<br \/>\nSchnittstelle zum Anschluss von Sensoren und anderen CANopen-Ger\u00e4ten<br \/>\nEinradwagen mit H\u00f6henverstellung<\/p>\n<div style=\"width: 1080px;\" class=\"wp-video\"><video class=\"wp-video-shortcode\" id=\"video-5823-1\" width=\"1080\" height=\"608\" preload=\"metadata\" controls=\"controls\"><source type=\"video\/mp4\" src=\"https:\/\/www.sesamo.eu\/wp-content\/uploads\/2026\/04\/Sesamo_Def.mp4?_=1\" \/><a href=\"https:\/\/www.sesamo.eu\/wp-content\/uploads\/2026\/04\/Sesamo_Def.mp4\">https:\/\/www.sesamo.eu\/wp-content\/uploads\/2026\/04\/Sesamo_Def.mp4<\/a><\/video><\/div>\n<p>Diverses T\u00fcrverriegelungszubeh\u00f6r<br \/>\nElektronische Steuereinheit der neuesten Generation mit separatem Schaltnetzteil f\u00fcr h\u00f6here Energieeinsparung, geringeres Gewicht, kompaktere Abmessungen und h\u00f6here Beschleunigung<br \/>\nEinstellung aller Parameter direkt am Bedienfeld \u00fcber das Display mit speziellen Auswahltasten, Firmware-Updates und kundenspezifische L\u00f6sungen<br \/>\nOptionale Bluetooth-Verbindung zum neuen Digidor Selektor\/Programmierger\u00e4t f\u00fcr die Programmierung und Nutzung der Sesamo-App<br \/>\nWLAN-Modul f\u00fcr das \u00d6ffnen\/Zur\u00fccksetzen\/Schlie\u00dfen bei Nacht<\/p>\n","protected":false},"excerpt":{"rendered":"<p>POWERCORE PL55 Schiebet\u00fcrantrieb mit einer Tragf\u00e4higkeit von 55+55 kg f\u00fcr 2 T\u00fcren oder 55 kg f\u00fcr 1 T\u00fcr, mit T\u00fcren mit reduziertem Gewicht und nicht intensiver Nutzung.<\/p>\n","protected":false},"featured_media":5453,"comment_status":"open","ping_status":"closed","template":"","meta":{"_acf_changed":false,"_et_pb_use_builder":"","_et_pb_old_content":"","_et_gb_content_width":""},"product_brand":[],"product_cat":[63],"product_tag":[],"class_list":{"0":"post-5823","1":"product","2":"type-product","3":"status-publish","4":"has-post-thumbnail","6":"product_cat-antriebe-fur-schiebeturen","8":"first","9":"instock","10":"shipping-taxable","11":"product-type-simple"},"acf":[],"yoast_head":"<!-- This site is optimized with the Yoast SEO plugin v27.2 - https:\/\/yoast.com\/product\/yoast-seo-wordpress\/ -->\n<title>PL55 - SESAMO<\/title>\n<meta name=\"robots\" content=\"index, follow, max-snippet:-1, max-image-preview:large, max-video-preview:-1\" \/>\n<link rel=\"canonical\" href=\"https:\/\/www.sesamo.eu\/de\/prodotto\/pl55\/\" \/>\n<meta property=\"og:locale\" content=\"de_DE\" \/>\n<meta property=\"og:type\" content=\"article\" \/>\n<meta property=\"og:title\" content=\"PL55 - SESAMO\" \/>\n<meta property=\"og:description\" content=\"POWERCORE PL55 Schiebet\u00fcrantrieb mit einer Tragf\u00e4higkeit von 55+55 kg f\u00fcr 2 T\u00fcren oder 55 kg f\u00fcr 1 T\u00fcr, mit T\u00fcren mit reduziertem Gewicht und nicht intensiver Nutzung.\" \/>\n<meta property=\"og:url\" content=\"https:\/\/www.sesamo.eu\/de\/prodotto\/pl55\/\" \/>\n<meta property=\"og:site_name\" content=\"SESAMO\" \/>\n<meta property=\"article:modified_time\" content=\"2026-04-15T14:15:34+00:00\" \/>\n<meta property=\"og:image\" content=\"https:\/\/www.sesamo.eu\/wp-content\/uploads\/2026\/04\/PW100-immahine-pagina-4-brochure-scaled.png\" \/>\n\t<meta property=\"og:image:width\" content=\"2560\" \/>\n\t<meta property=\"og:image:height\" content=\"667\" \/>\n\t<meta property=\"og:image:type\" content=\"image\/png\" \/>\n<meta name=\"twitter:card\" content=\"summary_large_image\" \/>\n<meta name=\"twitter:label1\" content=\"Gesch\u00e4tzte Lesezeit\" \/>\n\t<meta name=\"twitter:data1\" content=\"1\u00a0Minute\" \/>\n<script type=\"application\/ld+json\" class=\"yoast-schema-graph\">{\"@context\":\"https:\/\/schema.org\",\"@graph\":[{\"@type\":\"WebPage\",\"@id\":\"https:\/\/www.sesamo.eu\/de\/prodotto\/pl55\/\",\"url\":\"https:\/\/www.sesamo.eu\/de\/prodotto\/pl55\/\",\"name\":\"PL55 - SESAMO\",\"isPartOf\":{\"@id\":\"https:\/\/www.sesamo.eu\/de\/#website\"},\"primaryImageOfPage\":{\"@id\":\"https:\/\/www.sesamo.eu\/de\/prodotto\/pl55\/#primaryimage\"},\"image\":{\"@id\":\"https:\/\/www.sesamo.eu\/de\/prodotto\/pl55\/#primaryimage\"},\"thumbnailUrl\":\"https:\/\/www.sesamo.eu\/wp-content\/uploads\/2026\/04\/PW100-immahine-pagina-4-brochure-scaled.png\",\"datePublished\":\"2026-04-15T13:05:43+00:00\",\"dateModified\":\"2026-04-15T14:15:34+00:00\",\"breadcrumb\":{\"@id\":\"https:\/\/www.sesamo.eu\/de\/prodotto\/pl55\/#breadcrumb\"},\"inLanguage\":\"de\",\"potentialAction\":[{\"@type\":\"ReadAction\",\"target\":[\"https:\/\/www.sesamo.eu\/de\/prodotto\/pl55\/\"]}]},{\"@type\":\"ImageObject\",\"inLanguage\":\"de\",\"@id\":\"https:\/\/www.sesamo.eu\/de\/prodotto\/pl55\/#primaryimage\",\"url\":\"https:\/\/www.sesamo.eu\/wp-content\/uploads\/2026\/04\/PW100-immahine-pagina-4-brochure-scaled.png\",\"contentUrl\":\"https:\/\/www.sesamo.eu\/wp-content\/uploads\/2026\/04\/PW100-immahine-pagina-4-brochure-scaled.png\",\"width\":2560,\"height\":667},{\"@type\":\"BreadcrumbList\",\"@id\":\"https:\/\/www.sesamo.eu\/de\/prodotto\/pl55\/#breadcrumb\",\"itemListElement\":[{\"@type\":\"ListItem\",\"position\":1,\"name\":\"Home\",\"item\":\"https:\/\/www.sesamo.eu\/de\/heim\/\"},{\"@type\":\"ListItem\",\"position\":2,\"name\":\"Einkaufen\",\"item\":\"https:\/\/www.sesamo.eu\/de\/einkaufen\/\"},{\"@type\":\"ListItem\",\"position\":3,\"name\":\"PL55\"}]},{\"@type\":\"WebSite\",\"@id\":\"https:\/\/www.sesamo.eu\/de\/#website\",\"url\":\"https:\/\/www.sesamo.eu\/de\/\",\"name\":\"SESAMO\",\"description\":\"Ingressi automatici\",\"publisher\":{\"@id\":\"https:\/\/www.sesamo.eu\/de\/#organization\"},\"potentialAction\":[{\"@type\":\"SearchAction\",\"target\":{\"@type\":\"EntryPoint\",\"urlTemplate\":\"https:\/\/www.sesamo.eu\/de\/?s={search_term_string}\"},\"query-input\":{\"@type\":\"PropertyValueSpecification\",\"valueRequired\":true,\"valueName\":\"search_term_string\"}}],\"inLanguage\":\"de\"},{\"@type\":\"Organization\",\"@id\":\"https:\/\/www.sesamo.eu\/de\/#organization\",\"name\":\"SESAMO\",\"url\":\"https:\/\/www.sesamo.eu\/de\/\",\"logo\":{\"@type\":\"ImageObject\",\"inLanguage\":\"de\",\"@id\":\"https:\/\/www.sesamo.eu\/de\/#\/schema\/logo\/image\/\",\"url\":\"https:\/\/www.sesamo.eu\/wp-content\/uploads\/2020\/10\/cropped-Logo_Sesamo.png\",\"contentUrl\":\"https:\/\/www.sesamo.eu\/wp-content\/uploads\/2020\/10\/cropped-Logo_Sesamo.png\",\"width\":512,\"height\":512,\"caption\":\"SESAMO\"},\"image\":{\"@id\":\"https:\/\/www.sesamo.eu\/de\/#\/schema\/logo\/image\/\"}}]}<\/script>\n<!-- \/ Yoast SEO plugin. -->","yoast_head_json":{"title":"PL55 - SESAMO","robots":{"index":"index","follow":"follow","max-snippet":"max-snippet:-1","max-image-preview":"max-image-preview:large","max-video-preview":"max-video-preview:-1"},"canonical":"https:\/\/www.sesamo.eu\/de\/prodotto\/pl55\/","og_locale":"de_DE","og_type":"article","og_title":"PL55 - SESAMO","og_description":"POWERCORE PL55 Schiebet\u00fcrantrieb mit einer Tragf\u00e4higkeit von 55+55 kg f\u00fcr 2 T\u00fcren oder 55 kg f\u00fcr 1 T\u00fcr, mit T\u00fcren mit reduziertem Gewicht und nicht intensiver Nutzung.","og_url":"https:\/\/www.sesamo.eu\/de\/prodotto\/pl55\/","og_site_name":"SESAMO","article_modified_time":"2026-04-15T14:15:34+00:00","og_image":[{"width":2560,"height":667,"url":"https:\/\/www.sesamo.eu\/wp-content\/uploads\/2026\/04\/PW100-immahine-pagina-4-brochure-scaled.png","type":"image\/png"}],"twitter_card":"summary_large_image","twitter_misc":{"Gesch\u00e4tzte Lesezeit":"1\u00a0Minute"},"schema":{"@context":"https:\/\/schema.org","@graph":[{"@type":"WebPage","@id":"https:\/\/www.sesamo.eu\/de\/prodotto\/pl55\/","url":"https:\/\/www.sesamo.eu\/de\/prodotto\/pl55\/","name":"PL55 - SESAMO","isPartOf":{"@id":"https:\/\/www.sesamo.eu\/de\/#website"},"primaryImageOfPage":{"@id":"https:\/\/www.sesamo.eu\/de\/prodotto\/pl55\/#primaryimage"},"image":{"@id":"https:\/\/www.sesamo.eu\/de\/prodotto\/pl55\/#primaryimage"},"thumbnailUrl":"https:\/\/www.sesamo.eu\/wp-content\/uploads\/2026\/04\/PW100-immahine-pagina-4-brochure-scaled.png","datePublished":"2026-04-15T13:05:43+00:00","dateModified":"2026-04-15T14:15:34+00:00","breadcrumb":{"@id":"https:\/\/www.sesamo.eu\/de\/prodotto\/pl55\/#breadcrumb"},"inLanguage":"de","potentialAction":[{"@type":"ReadAction","target":["https:\/\/www.sesamo.eu\/de\/prodotto\/pl55\/"]}]},{"@type":"ImageObject","inLanguage":"de","@id":"https:\/\/www.sesamo.eu\/de\/prodotto\/pl55\/#primaryimage","url":"https:\/\/www.sesamo.eu\/wp-content\/uploads\/2026\/04\/PW100-immahine-pagina-4-brochure-scaled.png","contentUrl":"https:\/\/www.sesamo.eu\/wp-content\/uploads\/2026\/04\/PW100-immahine-pagina-4-brochure-scaled.png","width":2560,"height":667},{"@type":"BreadcrumbList","@id":"https:\/\/www.sesamo.eu\/de\/prodotto\/pl55\/#breadcrumb","itemListElement":[{"@type":"ListItem","position":1,"name":"Home","item":"https:\/\/www.sesamo.eu\/de\/heim\/"},{"@type":"ListItem","position":2,"name":"Einkaufen","item":"https:\/\/www.sesamo.eu\/de\/einkaufen\/"},{"@type":"ListItem","position":3,"name":"PL55"}]},{"@type":"WebSite","@id":"https:\/\/www.sesamo.eu\/de\/#website","url":"https:\/\/www.sesamo.eu\/de\/","name":"SESAMO","description":"Ingressi automatici","publisher":{"@id":"https:\/\/www.sesamo.eu\/de\/#organization"},"potentialAction":[{"@type":"SearchAction","target":{"@type":"EntryPoint","urlTemplate":"https:\/\/www.sesamo.eu\/de\/?s={search_term_string}"},"query-input":{"@type":"PropertyValueSpecification","valueRequired":true,"valueName":"search_term_string"}}],"inLanguage":"de"},{"@type":"Organization","@id":"https:\/\/www.sesamo.eu\/de\/#organization","name":"SESAMO","url":"https:\/\/www.sesamo.eu\/de\/","logo":{"@type":"ImageObject","inLanguage":"de","@id":"https:\/\/www.sesamo.eu\/de\/#\/schema\/logo\/image\/","url":"https:\/\/www.sesamo.eu\/wp-content\/uploads\/2020\/10\/cropped-Logo_Sesamo.png","contentUrl":"https:\/\/www.sesamo.eu\/wp-content\/uploads\/2020\/10\/cropped-Logo_Sesamo.png","width":512,"height":512,"caption":"SESAMO"},"image":{"@id":"https:\/\/www.sesamo.eu\/de\/#\/schema\/logo\/image\/"}}]}},"_links":{"self":[{"href":"https:\/\/www.sesamo.eu\/de\/wp-json\/wp\/v2\/product\/5823","targetHints":{"allow":["GET"]}}],"collection":[{"href":"https:\/\/www.sesamo.eu\/de\/wp-json\/wp\/v2\/product"}],"about":[{"href":"https:\/\/www.sesamo.eu\/de\/wp-json\/wp\/v2\/types\/product"}],"replies":[{"embeddable":true,"href":"https:\/\/www.sesamo.eu\/de\/wp-json\/wp\/v2\/comments?post=5823"}],"wp:featuredmedia":[{"embeddable":true,"href":"https:\/\/www.sesamo.eu\/de\/wp-json\/wp\/v2\/media\/5453"}],"wp:attachment":[{"href":"https:\/\/www.sesamo.eu\/de\/wp-json\/wp\/v2\/media?parent=5823"}],"wp:term":[{"taxonomy":"product_brand","embeddable":true,"href":"https:\/\/www.sesamo.eu\/de\/wp-json\/wp\/v2\/product_brand?post=5823"},{"taxonomy":"product_cat","embeddable":true,"href":"https:\/\/www.sesamo.eu\/de\/wp-json\/wp\/v2\/product_cat?post=5823"},{"taxonomy":"product_tag","embeddable":true,"href":"https:\/\/www.sesamo.eu\/de\/wp-json\/wp\/v2\/product_tag?post=5823"}],"curies":[{"name":"wp","href":"https:\/\/api.w.org\/{rel}","templated":true}]}}