{"id":3408,"date":"2021-01-19T20:44:28","date_gmt":"2021-01-19T20:44:28","guid":{"rendered":"https:\/\/sesamo.eu\/prodotto\/stb\/"},"modified":"2024-02-08T16:53:07","modified_gmt":"2024-02-08T16:53:07","slug":"stb","status":"publish","type":"product","link":"https:\/\/www.sesamo.eu\/es\/prodotto\/stb\/","title":{"rendered":"STB"},"content":{"rendered":"<p>Puertas t\u00e9cnicas de interior manuales y autom\u00e1ticas, de una o dos hojas, aptas para todos los hospitales, admisiones, cl\u00ednicas y oficinas.<\/p>\n<p>FLAT: Puerta de aluminio con hoja acabada disponible en versi\u00f3n autom\u00e1tica y manual, panel coplanar de 40 mm, acabado exterior en material pl\u00e1stico HPL, color muestrario ABET.<\/p>\n<p>ALU: Puerta de aluminio con hoja embutida disponible en versi\u00f3n autom\u00e1tica y manual, panel coplanar de 40 mm, acabado exterior en material pl\u00e1stico HPL, color muestrario ABET.<\/p>\n<p>FLAT 42DB: Puerta de aluminio con hoja acabada disponible en versi\u00f3n autom\u00e1tica y manual, Puerta con REDUCCI\u00d3N AC\u00daSTICA CERTIFICADA a 42 dB fabricada en acero galvanizado, pintado est\u00e1ndar RAL o acero inoxidable de 15\/10 mm de espesor, tipo no telesc\u00f3pica.<\/p>\n","protected":false},"excerpt":{"rendered":"<p>Puertas t\u00e9cnicas de interior manuales y autom\u00e1ticas, de una o dos hojas, aptas para todos los hospitales, admisiones, cl\u00ednicas y oficinas. FLAT: Puerta de aluminio con hoja acabada disponible en versi\u00f3n autom\u00e1tica y manual, panel coplanar de 40 mm, acabado exterior en material pl\u00e1stico HPL, color muestrario ABET. ALU: Puerta de aluminio con hoja embutida [&hellip;]<\/p>\n","protected":false},"featured_media":2566,"comment_status":"open","ping_status":"closed","template":"","meta":{"_acf_changed":false,"_et_pb_use_builder":"","_et_pb_old_content":"","_et_gb_content_width":""},"product_brand":[],"product_cat":[80],"product_tag":[],"class_list":{"0":"post-3408","1":"product","2":"type-product","3":"status-publish","4":"has-post-thumbnail","6":"product_cat-puertas-para-el-sector-hospitalario","8":"first","9":"instock","10":"shipping-taxable","11":"product-type-simple"},"acf":[],"yoast_head":"<!-- This site is optimized with the Yoast SEO plugin v27.2 - https:\/\/yoast.com\/product\/yoast-seo-wordpress\/ -->\n<title>STB - SESAMO<\/title>\n<meta name=\"robots\" content=\"index, follow, max-snippet:-1, max-image-preview:large, max-video-preview:-1\" \/>\n<link rel=\"canonical\" href=\"https:\/\/www.sesamo.eu\/es\/prodotto\/stb\/\" \/>\n<meta property=\"og:locale\" content=\"es_ES\" \/>\n<meta property=\"og:type\" content=\"article\" \/>\n<meta property=\"og:title\" content=\"STB - SESAMO\" \/>\n<meta property=\"og:description\" content=\"Puertas t\u00e9cnicas de interior manuales y autom\u00e1ticas, de una o dos hojas, aptas para todos los hospitales, admisiones, cl\u00ednicas y oficinas. FLAT: Puerta de aluminio con hoja acabada disponible en versi\u00f3n autom\u00e1tica y manual, panel coplanar de 40 mm, acabado exterior en material pl\u00e1stico HPL, color muestrario ABET. ALU: Puerta de aluminio con hoja embutida [&hellip;]\" \/>\n<meta property=\"og:url\" content=\"https:\/\/www.sesamo.eu\/es\/prodotto\/stb\/\" \/>\n<meta property=\"og:site_name\" content=\"SESAMO\" \/>\n<meta property=\"article:modified_time\" content=\"2024-02-08T16:53:07+00:00\" \/>\n<meta property=\"og:image\" content=\"https:\/\/www.sesamo.eu\/wp-content\/uploads\/2021\/01\/thumb_hospital_Singapore_1.jpg\" \/>\n\t<meta property=\"og:image:width\" content=\"670\" \/>\n\t<meta property=\"og:image:height\" content=\"414\" \/>\n\t<meta property=\"og:image:type\" content=\"image\/jpeg\" \/>\n<meta name=\"twitter:card\" content=\"summary_large_image\" \/>\n<meta name=\"twitter:label1\" content=\"Tiempo de lectura\" \/>\n\t<meta name=\"twitter:data1\" content=\"1 minuto\" \/>\n<script type=\"application\/ld+json\" class=\"yoast-schema-graph\">{\"@context\":\"https:\/\/schema.org\",\"@graph\":[{\"@type\":\"WebPage\",\"@id\":\"https:\/\/www.sesamo.eu\/es\/prodotto\/stb\/\",\"url\":\"https:\/\/www.sesamo.eu\/es\/prodotto\/stb\/\",\"name\":\"STB - SESAMO\",\"isPartOf\":{\"@id\":\"https:\/\/www.sesamo.eu\/es\/#website\"},\"primaryImageOfPage\":{\"@id\":\"https:\/\/www.sesamo.eu\/es\/prodotto\/stb\/#primaryimage\"},\"image\":{\"@id\":\"https:\/\/www.sesamo.eu\/es\/prodotto\/stb\/#primaryimage\"},\"thumbnailUrl\":\"https:\/\/www.sesamo.eu\/wp-content\/uploads\/2021\/01\/thumb_hospital_Singapore_1.jpg\",\"datePublished\":\"2021-01-19T20:44:28+00:00\",\"dateModified\":\"2024-02-08T16:53:07+00:00\",\"breadcrumb\":{\"@id\":\"https:\/\/www.sesamo.eu\/es\/prodotto\/stb\/#breadcrumb\"},\"inLanguage\":\"es\",\"potentialAction\":[{\"@type\":\"ReadAction\",\"target\":[\"https:\/\/www.sesamo.eu\/es\/prodotto\/stb\/\"]}]},{\"@type\":\"ImageObject\",\"inLanguage\":\"es\",\"@id\":\"https:\/\/www.sesamo.eu\/es\/prodotto\/stb\/#primaryimage\",\"url\":\"https:\/\/www.sesamo.eu\/wp-content\/uploads\/2021\/01\/thumb_hospital_Singapore_1.jpg\",\"contentUrl\":\"https:\/\/www.sesamo.eu\/wp-content\/uploads\/2021\/01\/thumb_hospital_Singapore_1.jpg\",\"width\":670,\"height\":414},{\"@type\":\"BreadcrumbList\",\"@id\":\"https:\/\/www.sesamo.eu\/es\/prodotto\/stb\/#breadcrumb\",\"itemListElement\":[{\"@type\":\"ListItem\",\"position\":1,\"name\":\"Home\",\"item\":\"https:\/\/www.sesamo.eu\/es\/casa\/\"},{\"@type\":\"ListItem\",\"position\":2,\"name\":\"Tienda\",\"item\":\"https:\/\/www.sesamo.eu\/es\/tienda\/\"},{\"@type\":\"ListItem\",\"position\":3,\"name\":\"STB\"}]},{\"@type\":\"WebSite\",\"@id\":\"https:\/\/www.sesamo.eu\/es\/#website\",\"url\":\"https:\/\/www.sesamo.eu\/es\/\",\"name\":\"SESAMO\",\"description\":\"Ingressi automatici\",\"publisher\":{\"@id\":\"https:\/\/www.sesamo.eu\/es\/#organization\"},\"potentialAction\":[{\"@type\":\"SearchAction\",\"target\":{\"@type\":\"EntryPoint\",\"urlTemplate\":\"https:\/\/www.sesamo.eu\/es\/?s={search_term_string}\"},\"query-input\":{\"@type\":\"PropertyValueSpecification\",\"valueRequired\":true,\"valueName\":\"search_term_string\"}}],\"inLanguage\":\"es\"},{\"@type\":\"Organization\",\"@id\":\"https:\/\/www.sesamo.eu\/es\/#organization\",\"name\":\"SESAMO\",\"url\":\"https:\/\/www.sesamo.eu\/es\/\",\"logo\":{\"@type\":\"ImageObject\",\"inLanguage\":\"es\",\"@id\":\"https:\/\/www.sesamo.eu\/es\/#\/schema\/logo\/image\/\",\"url\":\"https:\/\/www.sesamo.eu\/wp-content\/uploads\/2020\/10\/cropped-Logo_Sesamo.png\",\"contentUrl\":\"https:\/\/www.sesamo.eu\/wp-content\/uploads\/2020\/10\/cropped-Logo_Sesamo.png\",\"width\":512,\"height\":512,\"caption\":\"SESAMO\"},\"image\":{\"@id\":\"https:\/\/www.sesamo.eu\/es\/#\/schema\/logo\/image\/\"}}]}<\/script>\n<!-- \/ Yoast SEO plugin. -->","yoast_head_json":{"title":"STB - SESAMO","robots":{"index":"index","follow":"follow","max-snippet":"max-snippet:-1","max-image-preview":"max-image-preview:large","max-video-preview":"max-video-preview:-1"},"canonical":"https:\/\/www.sesamo.eu\/es\/prodotto\/stb\/","og_locale":"es_ES","og_type":"article","og_title":"STB - SESAMO","og_description":"Puertas t\u00e9cnicas de interior manuales y autom\u00e1ticas, de una o dos hojas, aptas para todos los hospitales, admisiones, cl\u00ednicas y oficinas. FLAT: Puerta de aluminio con hoja acabada disponible en versi\u00f3n autom\u00e1tica y manual, panel coplanar de 40 mm, acabado exterior en material pl\u00e1stico HPL, color muestrario ABET. ALU: Puerta de aluminio con hoja embutida [&hellip;]","og_url":"https:\/\/www.sesamo.eu\/es\/prodotto\/stb\/","og_site_name":"SESAMO","article_modified_time":"2024-02-08T16:53:07+00:00","og_image":[{"width":670,"height":414,"url":"https:\/\/www.sesamo.eu\/wp-content\/uploads\/2021\/01\/thumb_hospital_Singapore_1.jpg","type":"image\/jpeg"}],"twitter_card":"summary_large_image","twitter_misc":{"Tiempo de lectura":"1 minuto"},"schema":{"@context":"https:\/\/schema.org","@graph":[{"@type":"WebPage","@id":"https:\/\/www.sesamo.eu\/es\/prodotto\/stb\/","url":"https:\/\/www.sesamo.eu\/es\/prodotto\/stb\/","name":"STB - SESAMO","isPartOf":{"@id":"https:\/\/www.sesamo.eu\/es\/#website"},"primaryImageOfPage":{"@id":"https:\/\/www.sesamo.eu\/es\/prodotto\/stb\/#primaryimage"},"image":{"@id":"https:\/\/www.sesamo.eu\/es\/prodotto\/stb\/#primaryimage"},"thumbnailUrl":"https:\/\/www.sesamo.eu\/wp-content\/uploads\/2021\/01\/thumb_hospital_Singapore_1.jpg","datePublished":"2021-01-19T20:44:28+00:00","dateModified":"2024-02-08T16:53:07+00:00","breadcrumb":{"@id":"https:\/\/www.sesamo.eu\/es\/prodotto\/stb\/#breadcrumb"},"inLanguage":"es","potentialAction":[{"@type":"ReadAction","target":["https:\/\/www.sesamo.eu\/es\/prodotto\/stb\/"]}]},{"@type":"ImageObject","inLanguage":"es","@id":"https:\/\/www.sesamo.eu\/es\/prodotto\/stb\/#primaryimage","url":"https:\/\/www.sesamo.eu\/wp-content\/uploads\/2021\/01\/thumb_hospital_Singapore_1.jpg","contentUrl":"https:\/\/www.sesamo.eu\/wp-content\/uploads\/2021\/01\/thumb_hospital_Singapore_1.jpg","width":670,"height":414},{"@type":"BreadcrumbList","@id":"https:\/\/www.sesamo.eu\/es\/prodotto\/stb\/#breadcrumb","itemListElement":[{"@type":"ListItem","position":1,"name":"Home","item":"https:\/\/www.sesamo.eu\/es\/casa\/"},{"@type":"ListItem","position":2,"name":"Tienda","item":"https:\/\/www.sesamo.eu\/es\/tienda\/"},{"@type":"ListItem","position":3,"name":"STB"}]},{"@type":"WebSite","@id":"https:\/\/www.sesamo.eu\/es\/#website","url":"https:\/\/www.sesamo.eu\/es\/","name":"SESAMO","description":"Ingressi automatici","publisher":{"@id":"https:\/\/www.sesamo.eu\/es\/#organization"},"potentialAction":[{"@type":"SearchAction","target":{"@type":"EntryPoint","urlTemplate":"https:\/\/www.sesamo.eu\/es\/?s={search_term_string}"},"query-input":{"@type":"PropertyValueSpecification","valueRequired":true,"valueName":"search_term_string"}}],"inLanguage":"es"},{"@type":"Organization","@id":"https:\/\/www.sesamo.eu\/es\/#organization","name":"SESAMO","url":"https:\/\/www.sesamo.eu\/es\/","logo":{"@type":"ImageObject","inLanguage":"es","@id":"https:\/\/www.sesamo.eu\/es\/#\/schema\/logo\/image\/","url":"https:\/\/www.sesamo.eu\/wp-content\/uploads\/2020\/10\/cropped-Logo_Sesamo.png","contentUrl":"https:\/\/www.sesamo.eu\/wp-content\/uploads\/2020\/10\/cropped-Logo_Sesamo.png","width":512,"height":512,"caption":"SESAMO"},"image":{"@id":"https:\/\/www.sesamo.eu\/es\/#\/schema\/logo\/image\/"}}]}},"_links":{"self":[{"href":"https:\/\/www.sesamo.eu\/es\/wp-json\/wp\/v2\/product\/3408","targetHints":{"allow":["GET"]}}],"collection":[{"href":"https:\/\/www.sesamo.eu\/es\/wp-json\/wp\/v2\/product"}],"about":[{"href":"https:\/\/www.sesamo.eu\/es\/wp-json\/wp\/v2\/types\/product"}],"replies":[{"embeddable":true,"href":"https:\/\/www.sesamo.eu\/es\/wp-json\/wp\/v2\/comments?post=3408"}],"wp:featuredmedia":[{"embeddable":true,"href":"https:\/\/www.sesamo.eu\/es\/wp-json\/wp\/v2\/media\/2566"}],"wp:attachment":[{"href":"https:\/\/www.sesamo.eu\/es\/wp-json\/wp\/v2\/media?parent=3408"}],"wp:term":[{"taxonomy":"product_brand","embeddable":true,"href":"https:\/\/www.sesamo.eu\/es\/wp-json\/wp\/v2\/product_brand?post=3408"},{"taxonomy":"product_cat","embeddable":true,"href":"https:\/\/www.sesamo.eu\/es\/wp-json\/wp\/v2\/product_cat?post=3408"},{"taxonomy":"product_tag","embeddable":true,"href":"https:\/\/www.sesamo.eu\/es\/wp-json\/wp\/v2\/product_tag?post=3408"}],"curies":[{"name":"wp","href":"https:\/\/api.w.org\/{rel}","templated":true}]}}