{"id":3415,"date":"2021-01-19T20:52:16","date_gmt":"2021-01-19T20:52:16","guid":{"rendered":"https:\/\/sesamo.eu\/prodotto\/botella-doble\/"},"modified":"2022-11-17T09:49:30","modified_gmt":"2022-11-17T09:49:30","slug":"botella-doble","status":"publish","type":"product","link":"https:\/\/www.sesamo.eu\/es\/prodotto\/botella-doble\/","title":{"rendered":"MAGNUM"},"content":{"rendered":"<p>Dise\u00f1ada con la idea de satisfacer el mayor n\u00famero posible de soluciones arquitect\u00f3nicas, la nueva l\u00ednea se encuentra entre las m\u00e1s completas del mercado de perfiles de aluminio para puertas correderas autom\u00e1ticas. La amplitud de la gama permite realizar todos los componentes de una entrada corredera autom\u00e1tica: puertas correderas, puertas fijas, gu\u00edas de suelo, travesa\u00f1os, vigas de soporte de automatizaci\u00f3n, interfaces con elementos fijos como paredes.<\/p>\n<p>El mayor tama\u00f1o de los perfiles hace que la gama MAGNUM sea complementaria a la l\u00ednea actual de perfiles SMALL para puertas y ventanas producidos por <strong>SESAMO<\/strong> y permite satisfacer todas las solicitudes, especialmente cuando la resistencia y la solidez son componentes fundamentales del proyecto. El nuevo dise\u00f1o con formas redondeadas da armon\u00eda y protagonismo a las estructuras realizadas con estos perfiles.<\/p>\n<p>Las soluciones especiales, como la presencia de perfiles de junquillos a presi\u00f3n, hacen que el nuevo producto sea extremadamente f\u00e1cil de montar e instalar. Con MAGNUM, los clientes de <strong>SESAMO<\/strong> tendr\u00e1n a su disposici\u00f3n una herramienta real y completa para la construcci\u00f3n de sistemas terminados \u00abllave en mano\u00bb.<\/p>\n","protected":false},"excerpt":{"rendered":"<p>MAGNUM, l\u00ednea de perfiles para marcos de aluminio de secci\u00f3n aumentada.<\/p>\n","protected":false},"featured_media":2582,"comment_status":"open","ping_status":"closed","template":"","meta":{"_acf_changed":false,"_et_pb_use_builder":"","_et_pb_old_content":"","_et_gb_content_width":""},"product_brand":[],"product_cat":[84],"product_tag":[],"class_list":{"0":"post-3415","1":"product","2":"type-product","3":"status-publish","4":"has-post-thumbnail","6":"product_cat-perfiles-y-ventanas","8":"first","9":"instock","10":"shipping-taxable","11":"product-type-simple"},"acf":[],"yoast_head":"<!-- This site is optimized with the Yoast SEO plugin v27.2 - https:\/\/yoast.com\/product\/yoast-seo-wordpress\/ -->\n<title>MAGNUM - SESAMO<\/title>\n<meta name=\"robots\" content=\"index, follow, max-snippet:-1, max-image-preview:large, max-video-preview:-1\" \/>\n<link rel=\"canonical\" href=\"https:\/\/www.sesamo.eu\/es\/prodotto\/botella-doble\/\" \/>\n<meta property=\"og:locale\" content=\"es_ES\" \/>\n<meta property=\"og:type\" content=\"article\" \/>\n<meta property=\"og:title\" content=\"MAGNUM - SESAMO\" \/>\n<meta property=\"og:description\" content=\"MAGNUM, l\u00ednea de perfiles para marcos de aluminio de secci\u00f3n aumentada.\" \/>\n<meta property=\"og:url\" content=\"https:\/\/www.sesamo.eu\/es\/prodotto\/botella-doble\/\" \/>\n<meta property=\"og:site_name\" content=\"SESAMO\" \/>\n<meta property=\"article:modified_time\" content=\"2022-11-17T09:49:30+00:00\" \/>\n<meta property=\"og:image\" content=\"https:\/\/www.sesamo.eu\/wp-content\/uploads\/2021\/01\/thumb_Ikos_Hotel_2.jpg\" \/>\n\t<meta property=\"og:image:width\" content=\"670\" \/>\n\t<meta property=\"og:image:height\" content=\"414\" \/>\n\t<meta property=\"og:image:type\" content=\"image\/jpeg\" \/>\n<meta name=\"twitter:card\" content=\"summary_large_image\" \/>\n<meta name=\"twitter:label1\" content=\"Tiempo de lectura\" \/>\n\t<meta name=\"twitter:data1\" content=\"1 minuto\" \/>\n<script type=\"application\/ld+json\" class=\"yoast-schema-graph\">{\"@context\":\"https:\/\/schema.org\",\"@graph\":[{\"@type\":\"WebPage\",\"@id\":\"https:\/\/www.sesamo.eu\/es\/prodotto\/botella-doble\/\",\"url\":\"https:\/\/www.sesamo.eu\/es\/prodotto\/botella-doble\/\",\"name\":\"MAGNUM - SESAMO\",\"isPartOf\":{\"@id\":\"https:\/\/www.sesamo.eu\/es\/#website\"},\"primaryImageOfPage\":{\"@id\":\"https:\/\/www.sesamo.eu\/es\/prodotto\/botella-doble\/#primaryimage\"},\"image\":{\"@id\":\"https:\/\/www.sesamo.eu\/es\/prodotto\/botella-doble\/#primaryimage\"},\"thumbnailUrl\":\"https:\/\/www.sesamo.eu\/wp-content\/uploads\/2021\/01\/thumb_Ikos_Hotel_2.jpg\",\"datePublished\":\"2021-01-19T20:52:16+00:00\",\"dateModified\":\"2022-11-17T09:49:30+00:00\",\"breadcrumb\":{\"@id\":\"https:\/\/www.sesamo.eu\/es\/prodotto\/botella-doble\/#breadcrumb\"},\"inLanguage\":\"es\",\"potentialAction\":[{\"@type\":\"ReadAction\",\"target\":[\"https:\/\/www.sesamo.eu\/es\/prodotto\/botella-doble\/\"]}]},{\"@type\":\"ImageObject\",\"inLanguage\":\"es\",\"@id\":\"https:\/\/www.sesamo.eu\/es\/prodotto\/botella-doble\/#primaryimage\",\"url\":\"https:\/\/www.sesamo.eu\/wp-content\/uploads\/2021\/01\/thumb_Ikos_Hotel_2.jpg\",\"contentUrl\":\"https:\/\/www.sesamo.eu\/wp-content\/uploads\/2021\/01\/thumb_Ikos_Hotel_2.jpg\",\"width\":670,\"height\":414},{\"@type\":\"BreadcrumbList\",\"@id\":\"https:\/\/www.sesamo.eu\/es\/prodotto\/botella-doble\/#breadcrumb\",\"itemListElement\":[{\"@type\":\"ListItem\",\"position\":1,\"name\":\"Home\",\"item\":\"https:\/\/www.sesamo.eu\/es\/casa\/\"},{\"@type\":\"ListItem\",\"position\":2,\"name\":\"Tienda\",\"item\":\"https:\/\/www.sesamo.eu\/es\/tienda\/\"},{\"@type\":\"ListItem\",\"position\":3,\"name\":\"MAGNUM\"}]},{\"@type\":\"WebSite\",\"@id\":\"https:\/\/www.sesamo.eu\/es\/#website\",\"url\":\"https:\/\/www.sesamo.eu\/es\/\",\"name\":\"SESAMO\",\"description\":\"Ingressi automatici\",\"publisher\":{\"@id\":\"https:\/\/www.sesamo.eu\/es\/#organization\"},\"potentialAction\":[{\"@type\":\"SearchAction\",\"target\":{\"@type\":\"EntryPoint\",\"urlTemplate\":\"https:\/\/www.sesamo.eu\/es\/?s={search_term_string}\"},\"query-input\":{\"@type\":\"PropertyValueSpecification\",\"valueRequired\":true,\"valueName\":\"search_term_string\"}}],\"inLanguage\":\"es\"},{\"@type\":\"Organization\",\"@id\":\"https:\/\/www.sesamo.eu\/es\/#organization\",\"name\":\"SESAMO\",\"url\":\"https:\/\/www.sesamo.eu\/es\/\",\"logo\":{\"@type\":\"ImageObject\",\"inLanguage\":\"es\",\"@id\":\"https:\/\/www.sesamo.eu\/es\/#\/schema\/logo\/image\/\",\"url\":\"https:\/\/www.sesamo.eu\/wp-content\/uploads\/2020\/10\/cropped-Logo_Sesamo.png\",\"contentUrl\":\"https:\/\/www.sesamo.eu\/wp-content\/uploads\/2020\/10\/cropped-Logo_Sesamo.png\",\"width\":512,\"height\":512,\"caption\":\"SESAMO\"},\"image\":{\"@id\":\"https:\/\/www.sesamo.eu\/es\/#\/schema\/logo\/image\/\"}}]}<\/script>\n<!-- \/ Yoast SEO plugin. -->","yoast_head_json":{"title":"MAGNUM - SESAMO","robots":{"index":"index","follow":"follow","max-snippet":"max-snippet:-1","max-image-preview":"max-image-preview:large","max-video-preview":"max-video-preview:-1"},"canonical":"https:\/\/www.sesamo.eu\/es\/prodotto\/botella-doble\/","og_locale":"es_ES","og_type":"article","og_title":"MAGNUM - SESAMO","og_description":"MAGNUM, l\u00ednea de perfiles para marcos de aluminio de secci\u00f3n aumentada.","og_url":"https:\/\/www.sesamo.eu\/es\/prodotto\/botella-doble\/","og_site_name":"SESAMO","article_modified_time":"2022-11-17T09:49:30+00:00","og_image":[{"width":670,"height":414,"url":"https:\/\/www.sesamo.eu\/wp-content\/uploads\/2021\/01\/thumb_Ikos_Hotel_2.jpg","type":"image\/jpeg"}],"twitter_card":"summary_large_image","twitter_misc":{"Tiempo de lectura":"1 minuto"},"schema":{"@context":"https:\/\/schema.org","@graph":[{"@type":"WebPage","@id":"https:\/\/www.sesamo.eu\/es\/prodotto\/botella-doble\/","url":"https:\/\/www.sesamo.eu\/es\/prodotto\/botella-doble\/","name":"MAGNUM - SESAMO","isPartOf":{"@id":"https:\/\/www.sesamo.eu\/es\/#website"},"primaryImageOfPage":{"@id":"https:\/\/www.sesamo.eu\/es\/prodotto\/botella-doble\/#primaryimage"},"image":{"@id":"https:\/\/www.sesamo.eu\/es\/prodotto\/botella-doble\/#primaryimage"},"thumbnailUrl":"https:\/\/www.sesamo.eu\/wp-content\/uploads\/2021\/01\/thumb_Ikos_Hotel_2.jpg","datePublished":"2021-01-19T20:52:16+00:00","dateModified":"2022-11-17T09:49:30+00:00","breadcrumb":{"@id":"https:\/\/www.sesamo.eu\/es\/prodotto\/botella-doble\/#breadcrumb"},"inLanguage":"es","potentialAction":[{"@type":"ReadAction","target":["https:\/\/www.sesamo.eu\/es\/prodotto\/botella-doble\/"]}]},{"@type":"ImageObject","inLanguage":"es","@id":"https:\/\/www.sesamo.eu\/es\/prodotto\/botella-doble\/#primaryimage","url":"https:\/\/www.sesamo.eu\/wp-content\/uploads\/2021\/01\/thumb_Ikos_Hotel_2.jpg","contentUrl":"https:\/\/www.sesamo.eu\/wp-content\/uploads\/2021\/01\/thumb_Ikos_Hotel_2.jpg","width":670,"height":414},{"@type":"BreadcrumbList","@id":"https:\/\/www.sesamo.eu\/es\/prodotto\/botella-doble\/#breadcrumb","itemListElement":[{"@type":"ListItem","position":1,"name":"Home","item":"https:\/\/www.sesamo.eu\/es\/casa\/"},{"@type":"ListItem","position":2,"name":"Tienda","item":"https:\/\/www.sesamo.eu\/es\/tienda\/"},{"@type":"ListItem","position":3,"name":"MAGNUM"}]},{"@type":"WebSite","@id":"https:\/\/www.sesamo.eu\/es\/#website","url":"https:\/\/www.sesamo.eu\/es\/","name":"SESAMO","description":"Ingressi automatici","publisher":{"@id":"https:\/\/www.sesamo.eu\/es\/#organization"},"potentialAction":[{"@type":"SearchAction","target":{"@type":"EntryPoint","urlTemplate":"https:\/\/www.sesamo.eu\/es\/?s={search_term_string}"},"query-input":{"@type":"PropertyValueSpecification","valueRequired":true,"valueName":"search_term_string"}}],"inLanguage":"es"},{"@type":"Organization","@id":"https:\/\/www.sesamo.eu\/es\/#organization","name":"SESAMO","url":"https:\/\/www.sesamo.eu\/es\/","logo":{"@type":"ImageObject","inLanguage":"es","@id":"https:\/\/www.sesamo.eu\/es\/#\/schema\/logo\/image\/","url":"https:\/\/www.sesamo.eu\/wp-content\/uploads\/2020\/10\/cropped-Logo_Sesamo.png","contentUrl":"https:\/\/www.sesamo.eu\/wp-content\/uploads\/2020\/10\/cropped-Logo_Sesamo.png","width":512,"height":512,"caption":"SESAMO"},"image":{"@id":"https:\/\/www.sesamo.eu\/es\/#\/schema\/logo\/image\/"}}]}},"_links":{"self":[{"href":"https:\/\/www.sesamo.eu\/es\/wp-json\/wp\/v2\/product\/3415","targetHints":{"allow":["GET"]}}],"collection":[{"href":"https:\/\/www.sesamo.eu\/es\/wp-json\/wp\/v2\/product"}],"about":[{"href":"https:\/\/www.sesamo.eu\/es\/wp-json\/wp\/v2\/types\/product"}],"replies":[{"embeddable":true,"href":"https:\/\/www.sesamo.eu\/es\/wp-json\/wp\/v2\/comments?post=3415"}],"wp:featuredmedia":[{"embeddable":true,"href":"https:\/\/www.sesamo.eu\/es\/wp-json\/wp\/v2\/media\/2582"}],"wp:attachment":[{"href":"https:\/\/www.sesamo.eu\/es\/wp-json\/wp\/v2\/media?parent=3415"}],"wp:term":[{"taxonomy":"product_brand","embeddable":true,"href":"https:\/\/www.sesamo.eu\/es\/wp-json\/wp\/v2\/product_brand?post=3415"},{"taxonomy":"product_cat","embeddable":true,"href":"https:\/\/www.sesamo.eu\/es\/wp-json\/wp\/v2\/product_cat?post=3415"},{"taxonomy":"product_tag","embeddable":true,"href":"https:\/\/www.sesamo.eu\/es\/wp-json\/wp\/v2\/product_tag?post=3415"}],"curies":[{"name":"wp","href":"https:\/\/api.w.org\/{rel}","templated":true}]}}