{"id":3429,"date":"2021-01-19T21:08:06","date_gmt":"2021-01-19T21:08:06","guid":{"rendered":"https:\/\/sesamo.eu\/prodotto\/smartpro\/"},"modified":"2023-02-21T10:12:48","modified_gmt":"2023-02-21T10:12:48","slug":"smartpro","status":"publish","type":"product","link":"https:\/\/www.sesamo.eu\/es\/prodotto\/smartpro\/","title":{"rendered":"SMARTPRO"},"content":{"rendered":"<p>Operador de puerta batiente dise\u00f1ado para simplificar al m\u00e1ximo las actividades de instalaci\u00f3n y programaci\u00f3n. SmartPRO est\u00e1 equipado con soluciones mec\u00e1nicas innovadoras que garantizan un uso intensivo y una larga vida \u00fatil. El n\u00famero limitado de piezas mec\u00e1nicas internas combinadas con la centralita electr\u00f3nica que recoge la s\u00edntesis del saber hacer de Sesamo en el dise\u00f1o de automatismos para entradas autom\u00e1ticas, garantizan los m\u00e1s altos est\u00e1ndares de fiabilidad y el pleno cumplimiento de la norma europea EN 16005. El coraz\u00f3n innovador del operador est\u00e1 representado por la transmisi\u00f3n, compuesta por el motorreductor ya utilizado con excelentes resultados de calidad en otros automatismos de la gama Sesamo, combinado con una sola etapa de reducci\u00f3n realizada con cadena de rodillos con lubricaci\u00f3n sellada (autolubricante). Esta soluci\u00f3n implica una larga vida y ning\u00fan mantenimiento. El sistema se completa con un acumulador de energ\u00eda mec\u00e1nica realizado con un resorte de cinta especial e innovador probado para garantizar un funcionamiento superior a un mill\u00f3n de ciclos de apertura y cierre.<\/p>\n<p>CARACTER\u00cdSTICAS T\u00c9CNICAS PRINCIPALES<\/p>\n<p>\u2022 Posibilidad de gestionar diferentes tipos de cerraduras el\u00e9ctricas con diferentes valores de potencia<\/p>\n<p>\u2022 Resorte de acero arm\u00f3nico de alta resistencia, con una duraci\u00f3n de m\u00e1s de un mill\u00f3n de ciclos completos de apertura\/cierre<\/p>\n<p>\u2022 Configuraci\u00f3n y puesta en marcha directamente en la unidad de control<\/p>\n<p>\u2022 Controles con diferentes tipos de selectores de funciones y en WiFi con app Sesamo<\/p>\n<p>\u2022 Sistema de transmisi\u00f3n con cadena autolubricante libre de mantenimiento<\/p>\n<p>\u2022 PUSH &amp; GO y funci\u00f3n de enclavamiento<\/p>\n<p>\u2022 Predisposici\u00f3n de sensores en CAN-BUS<\/p>\n<p>\u2022 Interruptores integrados est\u00e1ndar, ON\/OFF y selector de 3 l\u00f3gicas<\/p>\n<p>VIDEO<\/p>\n<div style=\"width: 640px;\" class=\"wp-video\"><video class=\"wp-video-shortcode\" id=\"video-3429-1\" width=\"640\" height=\"480\" loop autoplay preload=\"metadata\" controls=\"controls\"><source type=\"video\/mp4\" src=\"https:\/\/www.sesamo.eu\/wp-content\/uploads\/2021\/01\/SmartPro_MUSICA-FG-spa.mp4?_=1\" \/><a href=\"https:\/\/www.sesamo.eu\/wp-content\/uploads\/2021\/01\/SmartPro_MUSICA-FG-spa.mp4\">https:\/\/www.sesamo.eu\/wp-content\/uploads\/2021\/01\/SmartPro_MUSICA-FG-spa.mp4<\/a><\/video><\/div>\n","protected":false},"excerpt":{"rendered":"<p>Operador apto para cualquier tipo de entrada tanto en puertas interiores como exteriores, vers\u00e1til, potente y seguro.<\/p>\n","protected":false},"featured_media":3854,"comment_status":"open","ping_status":"closed","template":"","meta":{"_acf_changed":false,"_et_pb_use_builder":"","_et_pb_old_content":"","_et_gb_content_width":""},"product_brand":[],"product_cat":[78,88],"product_tag":[],"class_list":{"0":"post-3429","1":"product","2":"type-product","3":"status-publish","4":"has-post-thumbnail","6":"product_cat-automatismos-para-puertas","7":"product_cat-operadores-de-puertas-batientes","9":"first","10":"instock","11":"shipping-taxable","12":"product-type-simple"},"acf":[],"yoast_head":"<!-- This site is optimized with the Yoast SEO plugin v27.2 - https:\/\/yoast.com\/product\/yoast-seo-wordpress\/ -->\n<title>SMARTPRO - SESAMO<\/title>\n<meta name=\"robots\" content=\"index, follow, max-snippet:-1, max-image-preview:large, max-video-preview:-1\" \/>\n<link rel=\"canonical\" href=\"https:\/\/www.sesamo.eu\/es\/prodotto\/smartpro\/\" \/>\n<meta property=\"og:locale\" content=\"es_ES\" \/>\n<meta property=\"og:type\" content=\"article\" \/>\n<meta property=\"og:title\" content=\"SMARTPRO - SESAMO\" \/>\n<meta property=\"og:description\" content=\"Operador apto para cualquier tipo de entrada tanto en puertas interiores como exteriores, vers\u00e1til, potente y seguro.\" \/>\n<meta property=\"og:url\" content=\"https:\/\/www.sesamo.eu\/es\/prodotto\/smartpro\/\" \/>\n<meta property=\"og:site_name\" content=\"SESAMO\" \/>\n<meta property=\"article:modified_time\" content=\"2023-02-21T10:12:48+00:00\" \/>\n<meta property=\"og:image\" content=\"https:\/\/www.sesamo.eu\/wp-content\/uploads\/2021\/01\/20200508_091442-1.png\" \/>\n\t<meta property=\"og:image:width\" content=\"805\" \/>\n\t<meta property=\"og:image:height\" content=\"325\" \/>\n\t<meta property=\"og:image:type\" content=\"image\/png\" \/>\n<meta name=\"twitter:card\" content=\"summary_large_image\" \/>\n<meta name=\"twitter:label1\" content=\"Tiempo de lectura\" \/>\n\t<meta name=\"twitter:data1\" content=\"2 minutos\" \/>\n<script type=\"application\/ld+json\" class=\"yoast-schema-graph\">{\"@context\":\"https:\/\/schema.org\",\"@graph\":[{\"@type\":\"WebPage\",\"@id\":\"https:\/\/www.sesamo.eu\/es\/prodotto\/smartpro\/\",\"url\":\"https:\/\/www.sesamo.eu\/es\/prodotto\/smartpro\/\",\"name\":\"SMARTPRO - SESAMO\",\"isPartOf\":{\"@id\":\"https:\/\/www.sesamo.eu\/es\/#website\"},\"primaryImageOfPage\":{\"@id\":\"https:\/\/www.sesamo.eu\/es\/prodotto\/smartpro\/#primaryimage\"},\"image\":{\"@id\":\"https:\/\/www.sesamo.eu\/es\/prodotto\/smartpro\/#primaryimage\"},\"thumbnailUrl\":\"https:\/\/www.sesamo.eu\/wp-content\/uploads\/2021\/01\/20200508_091442-1.png\",\"datePublished\":\"2021-01-19T21:08:06+00:00\",\"dateModified\":\"2023-02-21T10:12:48+00:00\",\"breadcrumb\":{\"@id\":\"https:\/\/www.sesamo.eu\/es\/prodotto\/smartpro\/#breadcrumb\"},\"inLanguage\":\"es\",\"potentialAction\":[{\"@type\":\"ReadAction\",\"target\":[\"https:\/\/www.sesamo.eu\/es\/prodotto\/smartpro\/\"]}]},{\"@type\":\"ImageObject\",\"inLanguage\":\"es\",\"@id\":\"https:\/\/www.sesamo.eu\/es\/prodotto\/smartpro\/#primaryimage\",\"url\":\"https:\/\/www.sesamo.eu\/wp-content\/uploads\/2021\/01\/20200508_091442-1.png\",\"contentUrl\":\"https:\/\/www.sesamo.eu\/wp-content\/uploads\/2021\/01\/20200508_091442-1.png\",\"width\":805,\"height\":325},{\"@type\":\"BreadcrumbList\",\"@id\":\"https:\/\/www.sesamo.eu\/es\/prodotto\/smartpro\/#breadcrumb\",\"itemListElement\":[{\"@type\":\"ListItem\",\"position\":1,\"name\":\"Home\",\"item\":\"https:\/\/www.sesamo.eu\/es\/casa\/\"},{\"@type\":\"ListItem\",\"position\":2,\"name\":\"Tienda\",\"item\":\"https:\/\/www.sesamo.eu\/es\/tienda\/\"},{\"@type\":\"ListItem\",\"position\":3,\"name\":\"SMARTPRO\"}]},{\"@type\":\"WebSite\",\"@id\":\"https:\/\/www.sesamo.eu\/es\/#website\",\"url\":\"https:\/\/www.sesamo.eu\/es\/\",\"name\":\"SESAMO\",\"description\":\"Ingressi automatici\",\"publisher\":{\"@id\":\"https:\/\/www.sesamo.eu\/es\/#organization\"},\"potentialAction\":[{\"@type\":\"SearchAction\",\"target\":{\"@type\":\"EntryPoint\",\"urlTemplate\":\"https:\/\/www.sesamo.eu\/es\/?s={search_term_string}\"},\"query-input\":{\"@type\":\"PropertyValueSpecification\",\"valueRequired\":true,\"valueName\":\"search_term_string\"}}],\"inLanguage\":\"es\"},{\"@type\":\"Organization\",\"@id\":\"https:\/\/www.sesamo.eu\/es\/#organization\",\"name\":\"SESAMO\",\"url\":\"https:\/\/www.sesamo.eu\/es\/\",\"logo\":{\"@type\":\"ImageObject\",\"inLanguage\":\"es\",\"@id\":\"https:\/\/www.sesamo.eu\/es\/#\/schema\/logo\/image\/\",\"url\":\"https:\/\/www.sesamo.eu\/wp-content\/uploads\/2020\/10\/cropped-Logo_Sesamo.png\",\"contentUrl\":\"https:\/\/www.sesamo.eu\/wp-content\/uploads\/2020\/10\/cropped-Logo_Sesamo.png\",\"width\":512,\"height\":512,\"caption\":\"SESAMO\"},\"image\":{\"@id\":\"https:\/\/www.sesamo.eu\/es\/#\/schema\/logo\/image\/\"}}]}<\/script>\n<!-- \/ Yoast SEO plugin. -->","yoast_head_json":{"title":"SMARTPRO - SESAMO","robots":{"index":"index","follow":"follow","max-snippet":"max-snippet:-1","max-image-preview":"max-image-preview:large","max-video-preview":"max-video-preview:-1"},"canonical":"https:\/\/www.sesamo.eu\/es\/prodotto\/smartpro\/","og_locale":"es_ES","og_type":"article","og_title":"SMARTPRO - SESAMO","og_description":"Operador apto para cualquier tipo de entrada tanto en puertas interiores como exteriores, vers\u00e1til, potente y seguro.","og_url":"https:\/\/www.sesamo.eu\/es\/prodotto\/smartpro\/","og_site_name":"SESAMO","article_modified_time":"2023-02-21T10:12:48+00:00","og_image":[{"url":"https:\/\/www.sesamo.eu\/wp-content\/uploads\/2021\/01\/20200508_091442-1.png","width":805,"height":325,"type":"image\/png"}],"twitter_card":"summary_large_image","twitter_misc":{"Tiempo de lectura":"2 minutos"},"schema":{"@context":"https:\/\/schema.org","@graph":[{"@type":"WebPage","@id":"https:\/\/www.sesamo.eu\/es\/prodotto\/smartpro\/","url":"https:\/\/www.sesamo.eu\/es\/prodotto\/smartpro\/","name":"SMARTPRO - SESAMO","isPartOf":{"@id":"https:\/\/www.sesamo.eu\/es\/#website"},"primaryImageOfPage":{"@id":"https:\/\/www.sesamo.eu\/es\/prodotto\/smartpro\/#primaryimage"},"image":{"@id":"https:\/\/www.sesamo.eu\/es\/prodotto\/smartpro\/#primaryimage"},"thumbnailUrl":"https:\/\/www.sesamo.eu\/wp-content\/uploads\/2021\/01\/20200508_091442-1.png","datePublished":"2021-01-19T21:08:06+00:00","dateModified":"2023-02-21T10:12:48+00:00","breadcrumb":{"@id":"https:\/\/www.sesamo.eu\/es\/prodotto\/smartpro\/#breadcrumb"},"inLanguage":"es","potentialAction":[{"@type":"ReadAction","target":["https:\/\/www.sesamo.eu\/es\/prodotto\/smartpro\/"]}]},{"@type":"ImageObject","inLanguage":"es","@id":"https:\/\/www.sesamo.eu\/es\/prodotto\/smartpro\/#primaryimage","url":"https:\/\/www.sesamo.eu\/wp-content\/uploads\/2021\/01\/20200508_091442-1.png","contentUrl":"https:\/\/www.sesamo.eu\/wp-content\/uploads\/2021\/01\/20200508_091442-1.png","width":805,"height":325},{"@type":"BreadcrumbList","@id":"https:\/\/www.sesamo.eu\/es\/prodotto\/smartpro\/#breadcrumb","itemListElement":[{"@type":"ListItem","position":1,"name":"Home","item":"https:\/\/www.sesamo.eu\/es\/casa\/"},{"@type":"ListItem","position":2,"name":"Tienda","item":"https:\/\/www.sesamo.eu\/es\/tienda\/"},{"@type":"ListItem","position":3,"name":"SMARTPRO"}]},{"@type":"WebSite","@id":"https:\/\/www.sesamo.eu\/es\/#website","url":"https:\/\/www.sesamo.eu\/es\/","name":"SESAMO","description":"Ingressi automatici","publisher":{"@id":"https:\/\/www.sesamo.eu\/es\/#organization"},"potentialAction":[{"@type":"SearchAction","target":{"@type":"EntryPoint","urlTemplate":"https:\/\/www.sesamo.eu\/es\/?s={search_term_string}"},"query-input":{"@type":"PropertyValueSpecification","valueRequired":true,"valueName":"search_term_string"}}],"inLanguage":"es"},{"@type":"Organization","@id":"https:\/\/www.sesamo.eu\/es\/#organization","name":"SESAMO","url":"https:\/\/www.sesamo.eu\/es\/","logo":{"@type":"ImageObject","inLanguage":"es","@id":"https:\/\/www.sesamo.eu\/es\/#\/schema\/logo\/image\/","url":"https:\/\/www.sesamo.eu\/wp-content\/uploads\/2020\/10\/cropped-Logo_Sesamo.png","contentUrl":"https:\/\/www.sesamo.eu\/wp-content\/uploads\/2020\/10\/cropped-Logo_Sesamo.png","width":512,"height":512,"caption":"SESAMO"},"image":{"@id":"https:\/\/www.sesamo.eu\/es\/#\/schema\/logo\/image\/"}}]}},"_links":{"self":[{"href":"https:\/\/www.sesamo.eu\/es\/wp-json\/wp\/v2\/product\/3429","targetHints":{"allow":["GET"]}}],"collection":[{"href":"https:\/\/www.sesamo.eu\/es\/wp-json\/wp\/v2\/product"}],"about":[{"href":"https:\/\/www.sesamo.eu\/es\/wp-json\/wp\/v2\/types\/product"}],"replies":[{"embeddable":true,"href":"https:\/\/www.sesamo.eu\/es\/wp-json\/wp\/v2\/comments?post=3429"}],"wp:featuredmedia":[{"embeddable":true,"href":"https:\/\/www.sesamo.eu\/es\/wp-json\/wp\/v2\/media\/3854"}],"wp:attachment":[{"href":"https:\/\/www.sesamo.eu\/es\/wp-json\/wp\/v2\/media?parent=3429"}],"wp:term":[{"taxonomy":"product_brand","embeddable":true,"href":"https:\/\/www.sesamo.eu\/es\/wp-json\/wp\/v2\/product_brand?post=3429"},{"taxonomy":"product_cat","embeddable":true,"href":"https:\/\/www.sesamo.eu\/es\/wp-json\/wp\/v2\/product_cat?post=3429"},{"taxonomy":"product_tag","embeddable":true,"href":"https:\/\/www.sesamo.eu\/es\/wp-json\/wp\/v2\/product_tag?post=3429"}],"curies":[{"name":"wp","href":"https:\/\/api.w.org\/{rel}","templated":true}]}}