{"id":3441,"date":"2021-01-19T21:01:10","date_gmt":"2021-01-19T21:01:10","guid":{"rendered":"https:\/\/sesamo.eu\/prodotto\/aries\/"},"modified":"2022-09-06T12:45:37","modified_gmt":"2022-09-06T12:45:37","slug":"aries","status":"publish","type":"product","link":"https:\/\/www.sesamo.eu\/es\/prodotto\/aries\/","title":{"rendered":"ARIETE"},"content":{"rendered":"<p>El sistema antip\u00e1nico ARIETE, dise\u00f1ado y construido por <strong>SESAMO<\/strong> , permite la apertura antip\u00e1nico de las puertas de una entrada corredera autom\u00e1tica. Es posible elegir entre un sistema de ruptura parcial y un sistema de ruptura total. El primero est\u00e1 dise\u00f1ado para permitir el paso \u00fanicamente de la parte m\u00f3vil (puerta\/s corredera\/s) de la entrada autom\u00e1tica en caso de necesidad; el segundo est\u00e1 dise\u00f1ado para garantizar, en caso de rotura de las puertas correderas, tambi\u00e9n el desbloqueo de las puertas \u00absemifijas\u00bb, ayudando a aumentar la anchura del espacio destinado a la evacuaci\u00f3n, facilitando el despeje de la habitaci\u00f3n en caso de emergencia . El dispositivo antip\u00e1nico ARIETE est\u00e1 dise\u00f1ado para cumplir con los requisitos de seguridad necesarios siempre que la entrada se utilice como v\u00eda de escape en caso de incendio u otras calamidades que puedan azotar el edificio. El sistema se compone esencialmente de dos perfiles de aleaci\u00f3n de aluminio de alta resistencia que soportan la puerta corredera y de unos detalles que, aplicados al marco de la ventana, permiten que la puerta, aplicando una fuerza adecuada, se desprenda del perfil superior y gire en el vano direcci\u00f3n para liberar completamente la v\u00eda de escape. Las gu\u00edas correderas se alojan debajo de las puertas correderas, a lo largo de su recorrido, y est\u00e1n realizadas de manera que se minimice el estorbo vertical limitando al m\u00e1ximo el riesgo de tropezar durante la fase de evacuaci\u00f3n de emergencia de la sala. Si el sistema antip\u00e1nico se activa durante el funcionamiento del sistema, la unidad de control autom\u00e1tico registra autom\u00e1ticamente el evento y mueve las hojas a la posici\u00f3n de apertura total para facilitar al m\u00e1ximo la apertura de la v\u00eda de escape. El sistema de arranque ARIETE ha sido probado y equipado con el correspondiente certificado de prueba emitido por el Ministerio del Interior. ARIETE est\u00e1 dise\u00f1ado para adaptarse a todos los perfiles comerciales m\u00e1s habituales: se requiere una c\u00e1mara en el interior del montante de al menos 29&#215;29 mm y la posibilidad de obtener una distancia entre el centro del eje de giro y la cola del montante de 23,5 mm.<\/p>\n","protected":false},"excerpt":{"rendered":"<p>El sistema antip\u00e1nico ARIETE, dise\u00f1ado y construido por <strong>SESAMO<\/strong> , permite la apertura antip\u00e1nico de las puertas de una entrada corredera autom\u00e1tica.<\/p>\n","protected":false},"featured_media":2662,"comment_status":"open","ping_status":"closed","template":"","meta":{"_acf_changed":false,"_et_pb_use_builder":"off","_et_pb_old_content":"El sistema antip\u00e1nico ARIETE, dise\u00f1ado y construido por <strong>SESAMO<\/strong> , permite la apertura antip\u00e1nico de las puertas de una entrada corredera autom\u00e1tica.\r\n\r\nEs posible elegir entre un sistema de ruptura parcial y un sistema de ruptura total. El primero est\u00e1 dise\u00f1ado para permitir el paso \u00fanicamente de la parte m\u00f3vil (puerta\/s corredera\/s) de la entrada autom\u00e1tica en caso de necesidad; el segundo est\u00e1 dise\u00f1ado para garantizar, en caso de rotura de las puertas correderas, tambi\u00e9n el desbloqueo de las puertas \"semifijas\", ayudando a aumentar la anchura del espacio destinado a la evacuaci\u00f3n, facilitando el despeje de la habitaci\u00f3n en caso de emergencia .\r\n\r\nEl dispositivo antip\u00e1nico ARIETE est\u00e1 dise\u00f1ado para cumplir con los requisitos de seguridad necesarios siempre que la entrada se utilice como v\u00eda de escape en caso de incendio u otras calamidades que puedan azotar el edificio. El sistema se compone esencialmente de dos perfiles de aleaci\u00f3n de aluminio de alta resistencia que soportan la puerta corredera y de unos detalles que, aplicados al marco de la ventana, permiten que la puerta, aplicando una fuerza adecuada, se desprenda del perfil superior y gire en el vano direcci\u00f3n para liberar completamente la v\u00eda de escape. Las gu\u00edas correderas se alojan debajo de las puertas correderas, a lo largo de su recorrido, y est\u00e1n realizadas de manera que se minimice el estorbo vertical limitando al m\u00e1ximo el riesgo de tropezar durante la fase de evacuaci\u00f3n de emergencia de la sala.\r\n\r\nSi el sistema antip\u00e1nico se activa durante el funcionamiento del sistema, la unidad de control autom\u00e1tico registra autom\u00e1ticamente el evento y mueve las hojas a la posici\u00f3n de apertura total para facilitar al m\u00e1ximo la apertura de la v\u00eda de escape. El sistema de arranque ARIETE ha sido probado y equipado con el correspondiente certificado de prueba emitido por el Ministerio del Interior. ARIETE est\u00e1 dise\u00f1ado para adaptarse a todos los perfiles comerciales m\u00e1s habituales: se requiere una c\u00e1mara en el interior del montante de al menos 29x29 mm y la posibilidad de obtener una distancia entre el centro del eje de giro y la cola del montante de 23,5 mm.","_et_gb_content_width":""},"product_brand":[],"product_cat":[65],"product_tag":[],"class_list":{"0":"post-3441","1":"product","2":"type-product","3":"status-publish","4":"has-post-thumbnail","6":"product_cat-sistemas-para-rutas-de-escape","8":"first","9":"instock","10":"shipping-taxable","11":"product-type-simple"},"acf":[],"yoast_head":"<!-- This site is optimized with the Yoast SEO plugin v27.2 - https:\/\/yoast.com\/product\/yoast-seo-wordpress\/ -->\n<title>ARIETE - SESAMO<\/title>\n<meta name=\"robots\" content=\"index, follow, max-snippet:-1, max-image-preview:large, max-video-preview:-1\" \/>\n<link rel=\"canonical\" href=\"https:\/\/www.sesamo.eu\/es\/prodotto\/aries\/\" \/>\n<meta property=\"og:locale\" content=\"es_ES\" \/>\n<meta property=\"og:type\" content=\"article\" \/>\n<meta property=\"og:title\" content=\"ARIETE - SESAMO\" \/>\n<meta property=\"og:description\" content=\"El sistema antip\u00e1nico ARIETE, dise\u00f1ado y construido por SESAMO , permite la apertura antip\u00e1nico de las puertas de una entrada corredera autom\u00e1tica.\" \/>\n<meta property=\"og:url\" content=\"https:\/\/www.sesamo.eu\/es\/prodotto\/aries\/\" \/>\n<meta property=\"og:site_name\" content=\"SESAMO\" \/>\n<meta property=\"article:modified_time\" content=\"2022-09-06T12:45:37+00:00\" \/>\n<meta property=\"og:image\" content=\"https:\/\/www.sesamo.eu\/wp-content\/uploads\/2021\/01\/thumb_DSCN0956.jpeg\" \/>\n\t<meta property=\"og:image:width\" content=\"670\" \/>\n\t<meta property=\"og:image:height\" content=\"414\" \/>\n\t<meta property=\"og:image:type\" content=\"image\/jpeg\" \/>\n<meta name=\"twitter:card\" content=\"summary_large_image\" \/>\n<meta name=\"twitter:label1\" content=\"Tiempo de lectura\" \/>\n\t<meta name=\"twitter:data1\" content=\"2 minutos\" \/>\n<script type=\"application\/ld+json\" class=\"yoast-schema-graph\">{\"@context\":\"https:\/\/schema.org\",\"@graph\":[{\"@type\":\"WebPage\",\"@id\":\"https:\/\/www.sesamo.eu\/es\/prodotto\/aries\/\",\"url\":\"https:\/\/www.sesamo.eu\/es\/prodotto\/aries\/\",\"name\":\"ARIETE - SESAMO\",\"isPartOf\":{\"@id\":\"https:\/\/www.sesamo.eu\/es\/#website\"},\"primaryImageOfPage\":{\"@id\":\"https:\/\/www.sesamo.eu\/es\/prodotto\/aries\/#primaryimage\"},\"image\":{\"@id\":\"https:\/\/www.sesamo.eu\/es\/prodotto\/aries\/#primaryimage\"},\"thumbnailUrl\":\"https:\/\/www.sesamo.eu\/wp-content\/uploads\/2021\/01\/thumb_DSCN0956.jpeg\",\"datePublished\":\"2021-01-19T21:01:10+00:00\",\"dateModified\":\"2022-09-06T12:45:37+00:00\",\"breadcrumb\":{\"@id\":\"https:\/\/www.sesamo.eu\/es\/prodotto\/aries\/#breadcrumb\"},\"inLanguage\":\"es\",\"potentialAction\":[{\"@type\":\"ReadAction\",\"target\":[\"https:\/\/www.sesamo.eu\/es\/prodotto\/aries\/\"]}]},{\"@type\":\"ImageObject\",\"inLanguage\":\"es\",\"@id\":\"https:\/\/www.sesamo.eu\/es\/prodotto\/aries\/#primaryimage\",\"url\":\"https:\/\/www.sesamo.eu\/wp-content\/uploads\/2021\/01\/thumb_DSCN0956.jpeg\",\"contentUrl\":\"https:\/\/www.sesamo.eu\/wp-content\/uploads\/2021\/01\/thumb_DSCN0956.jpeg\",\"width\":670,\"height\":414},{\"@type\":\"BreadcrumbList\",\"@id\":\"https:\/\/www.sesamo.eu\/es\/prodotto\/aries\/#breadcrumb\",\"itemListElement\":[{\"@type\":\"ListItem\",\"position\":1,\"name\":\"Home\",\"item\":\"https:\/\/www.sesamo.eu\/es\/casa\/\"},{\"@type\":\"ListItem\",\"position\":2,\"name\":\"Tienda\",\"item\":\"https:\/\/www.sesamo.eu\/es\/tienda\/\"},{\"@type\":\"ListItem\",\"position\":3,\"name\":\"ARIETE\"}]},{\"@type\":\"WebSite\",\"@id\":\"https:\/\/www.sesamo.eu\/es\/#website\",\"url\":\"https:\/\/www.sesamo.eu\/es\/\",\"name\":\"SESAMO\",\"description\":\"Ingressi automatici\",\"publisher\":{\"@id\":\"https:\/\/www.sesamo.eu\/es\/#organization\"},\"potentialAction\":[{\"@type\":\"SearchAction\",\"target\":{\"@type\":\"EntryPoint\",\"urlTemplate\":\"https:\/\/www.sesamo.eu\/es\/?s={search_term_string}\"},\"query-input\":{\"@type\":\"PropertyValueSpecification\",\"valueRequired\":true,\"valueName\":\"search_term_string\"}}],\"inLanguage\":\"es\"},{\"@type\":\"Organization\",\"@id\":\"https:\/\/www.sesamo.eu\/es\/#organization\",\"name\":\"SESAMO\",\"url\":\"https:\/\/www.sesamo.eu\/es\/\",\"logo\":{\"@type\":\"ImageObject\",\"inLanguage\":\"es\",\"@id\":\"https:\/\/www.sesamo.eu\/es\/#\/schema\/logo\/image\/\",\"url\":\"https:\/\/www.sesamo.eu\/wp-content\/uploads\/2020\/10\/cropped-Logo_Sesamo.png\",\"contentUrl\":\"https:\/\/www.sesamo.eu\/wp-content\/uploads\/2020\/10\/cropped-Logo_Sesamo.png\",\"width\":512,\"height\":512,\"caption\":\"SESAMO\"},\"image\":{\"@id\":\"https:\/\/www.sesamo.eu\/es\/#\/schema\/logo\/image\/\"}}]}<\/script>\n<!-- \/ Yoast SEO plugin. -->","yoast_head_json":{"title":"ARIETE - SESAMO","robots":{"index":"index","follow":"follow","max-snippet":"max-snippet:-1","max-image-preview":"max-image-preview:large","max-video-preview":"max-video-preview:-1"},"canonical":"https:\/\/www.sesamo.eu\/es\/prodotto\/aries\/","og_locale":"es_ES","og_type":"article","og_title":"ARIETE - SESAMO","og_description":"El sistema antip\u00e1nico ARIETE, dise\u00f1ado y construido por SESAMO , permite la apertura antip\u00e1nico de las puertas de una entrada corredera autom\u00e1tica.","og_url":"https:\/\/www.sesamo.eu\/es\/prodotto\/aries\/","og_site_name":"SESAMO","article_modified_time":"2022-09-06T12:45:37+00:00","og_image":[{"width":670,"height":414,"url":"https:\/\/www.sesamo.eu\/wp-content\/uploads\/2021\/01\/thumb_DSCN0956.jpeg","type":"image\/jpeg"}],"twitter_card":"summary_large_image","twitter_misc":{"Tiempo de lectura":"2 minutos"},"schema":{"@context":"https:\/\/schema.org","@graph":[{"@type":"WebPage","@id":"https:\/\/www.sesamo.eu\/es\/prodotto\/aries\/","url":"https:\/\/www.sesamo.eu\/es\/prodotto\/aries\/","name":"ARIETE - SESAMO","isPartOf":{"@id":"https:\/\/www.sesamo.eu\/es\/#website"},"primaryImageOfPage":{"@id":"https:\/\/www.sesamo.eu\/es\/prodotto\/aries\/#primaryimage"},"image":{"@id":"https:\/\/www.sesamo.eu\/es\/prodotto\/aries\/#primaryimage"},"thumbnailUrl":"https:\/\/www.sesamo.eu\/wp-content\/uploads\/2021\/01\/thumb_DSCN0956.jpeg","datePublished":"2021-01-19T21:01:10+00:00","dateModified":"2022-09-06T12:45:37+00:00","breadcrumb":{"@id":"https:\/\/www.sesamo.eu\/es\/prodotto\/aries\/#breadcrumb"},"inLanguage":"es","potentialAction":[{"@type":"ReadAction","target":["https:\/\/www.sesamo.eu\/es\/prodotto\/aries\/"]}]},{"@type":"ImageObject","inLanguage":"es","@id":"https:\/\/www.sesamo.eu\/es\/prodotto\/aries\/#primaryimage","url":"https:\/\/www.sesamo.eu\/wp-content\/uploads\/2021\/01\/thumb_DSCN0956.jpeg","contentUrl":"https:\/\/www.sesamo.eu\/wp-content\/uploads\/2021\/01\/thumb_DSCN0956.jpeg","width":670,"height":414},{"@type":"BreadcrumbList","@id":"https:\/\/www.sesamo.eu\/es\/prodotto\/aries\/#breadcrumb","itemListElement":[{"@type":"ListItem","position":1,"name":"Home","item":"https:\/\/www.sesamo.eu\/es\/casa\/"},{"@type":"ListItem","position":2,"name":"Tienda","item":"https:\/\/www.sesamo.eu\/es\/tienda\/"},{"@type":"ListItem","position":3,"name":"ARIETE"}]},{"@type":"WebSite","@id":"https:\/\/www.sesamo.eu\/es\/#website","url":"https:\/\/www.sesamo.eu\/es\/","name":"SESAMO","description":"Ingressi automatici","publisher":{"@id":"https:\/\/www.sesamo.eu\/es\/#organization"},"potentialAction":[{"@type":"SearchAction","target":{"@type":"EntryPoint","urlTemplate":"https:\/\/www.sesamo.eu\/es\/?s={search_term_string}"},"query-input":{"@type":"PropertyValueSpecification","valueRequired":true,"valueName":"search_term_string"}}],"inLanguage":"es"},{"@type":"Organization","@id":"https:\/\/www.sesamo.eu\/es\/#organization","name":"SESAMO","url":"https:\/\/www.sesamo.eu\/es\/","logo":{"@type":"ImageObject","inLanguage":"es","@id":"https:\/\/www.sesamo.eu\/es\/#\/schema\/logo\/image\/","url":"https:\/\/www.sesamo.eu\/wp-content\/uploads\/2020\/10\/cropped-Logo_Sesamo.png","contentUrl":"https:\/\/www.sesamo.eu\/wp-content\/uploads\/2020\/10\/cropped-Logo_Sesamo.png","width":512,"height":512,"caption":"SESAMO"},"image":{"@id":"https:\/\/www.sesamo.eu\/es\/#\/schema\/logo\/image\/"}}]}},"_links":{"self":[{"href":"https:\/\/www.sesamo.eu\/es\/wp-json\/wp\/v2\/product\/3441","targetHints":{"allow":["GET"]}}],"collection":[{"href":"https:\/\/www.sesamo.eu\/es\/wp-json\/wp\/v2\/product"}],"about":[{"href":"https:\/\/www.sesamo.eu\/es\/wp-json\/wp\/v2\/types\/product"}],"replies":[{"embeddable":true,"href":"https:\/\/www.sesamo.eu\/es\/wp-json\/wp\/v2\/comments?post=3441"}],"wp:featuredmedia":[{"embeddable":true,"href":"https:\/\/www.sesamo.eu\/es\/wp-json\/wp\/v2\/media\/2662"}],"wp:attachment":[{"href":"https:\/\/www.sesamo.eu\/es\/wp-json\/wp\/v2\/media?parent=3441"}],"wp:term":[{"taxonomy":"product_brand","embeddable":true,"href":"https:\/\/www.sesamo.eu\/es\/wp-json\/wp\/v2\/product_brand?post=3441"},{"taxonomy":"product_cat","embeddable":true,"href":"https:\/\/www.sesamo.eu\/es\/wp-json\/wp\/v2\/product_cat?post=3441"},{"taxonomy":"product_tag","embeddable":true,"href":"https:\/\/www.sesamo.eu\/es\/wp-json\/wp\/v2\/product_tag?post=3441"}],"curies":[{"name":"wp","href":"https:\/\/api.w.org\/{rel}","templated":true}]}}