{"id":5578,"date":"2026-04-14T08:06:47","date_gmt":"2026-04-14T08:06:47","guid":{"rendered":"https:\/\/www.sesamo.eu\/?post_type=product&#038;p=5578"},"modified":"2026-04-15T08:38:07","modified_gmt":"2026-04-15T08:38:07","slug":"pw140","status":"publish","type":"product","link":"https:\/\/www.sesamo.eu\/es\/prodotto\/pw140\/","title":{"rendered":"PW140"},"content":{"rendered":"<div style=\"width: 1080px;\" class=\"wp-video\"><video class=\"wp-video-shortcode\" id=\"video-5578-1\" width=\"1080\" height=\"608\" preload=\"metadata\" controls=\"controls\"><source type=\"video\/mp4\" src=\"https:\/\/www.sesamo.eu\/wp-content\/uploads\/2026\/04\/Sesamo_Def.mp4?_=1\" \/><a href=\"https:\/\/www.sesamo.eu\/wp-content\/uploads\/2026\/04\/Sesamo_Def.mp4\">https:\/\/www.sesamo.eu\/wp-content\/uploads\/2026\/04\/Sesamo_Def.mp4<\/a><\/video><\/div>\n<p>La serie POWERCORE incorpora soluciones tecnol\u00f3gicas avanzadas que respetan y optimizan todos los par\u00e1metros en tiempo real para maximizar el ahorro energ\u00e9tico y reducir el tiempo de instalaci\u00f3n.<\/p>\n<p>Powercore PW140 es apto para uso intensivo en puertas con una capacidad de carga m\u00e1xima de 140+140 kg en la versi\u00f3n de doble puerta y de 160 kg en la versi\u00f3n de una puerta.<\/p>\n<p>Caracter\u00edsticas principales:<\/p>\n<ul>\n<li>Dispositivo de bloqueo magn\u00e9tico para carros o poleas en aplicaciones especiales.<\/li>\n<li>Interfaz para la conexi\u00f3n de sensores y otros dispositivos CANopen.<\/li>\n<li>Carro de doble rueda con mayor di\u00e1metro y ajuste de altura.<\/li>\n<li>Varios tipos de accesorios de bloqueo de puertas.<\/li>\n<li>Unidad de control electr\u00f3nico de \u00faltima generaci\u00f3n con fuente de alimentaci\u00f3n conmutada independiente, mayor ahorro energ\u00e9tico, menor peso, dimensiones m\u00e1s compactas y mayor aceleraci\u00f3n. Nueva tecnolog\u00eda POWERCORE.<\/li>\n<li>Ajuste de todos los par\u00e1metros directamente en la placa mediante pantalla con botones de selecci\u00f3n dedicados, actualizaciones de firmware y soluciones personalizadas.<\/li>\n<li>Opci\u00f3n de conectar el nuevo selector\/programador Digidor en modo Bluetooth para la programaci\u00f3n y el uso de la aplicaci\u00f3n Sesamo.<\/li>\n<li>M\u00f3dulo Wi-Fi para apertura, reinicio y cierre nocturnos.<\/li>\n<\/ul>\n","protected":false},"excerpt":{"rendered":"<p>El operador de puertas correderas POWERCORE PW250 tiene una capacidad de carga de 140+140 kg para 2 puertas o 160 kg para 1 puerta, adecuado para aplicaciones de trabajo pesado o donde se requiera el movimiento sin esfuerzo de puertas muy grandes con pesos superiores.<\/p>\n","protected":false},"featured_media":5454,"comment_status":"open","ping_status":"closed","template":"","meta":{"_acf_changed":false,"_et_pb_use_builder":"","_et_pb_old_content":"","_et_gb_content_width":""},"product_brand":[],"product_cat":[71],"product_tag":[],"class_list":{"0":"post-5578","1":"product","2":"type-product","3":"status-publish","4":"has-post-thumbnail","6":"product_cat-operadores-para-puertas-correderas-rectas","8":"first","9":"instock","10":"shipping-taxable","11":"product-type-simple"},"acf":[],"yoast_head":"<!-- This site is optimized with the Yoast SEO plugin v27.2 - https:\/\/yoast.com\/product\/yoast-seo-wordpress\/ -->\n<title>PW140 - SESAMO<\/title>\n<meta name=\"robots\" content=\"index, follow, max-snippet:-1, max-image-preview:large, max-video-preview:-1\" \/>\n<link rel=\"canonical\" href=\"https:\/\/www.sesamo.eu\/es\/prodotto\/pw140\/\" \/>\n<meta property=\"og:locale\" content=\"es_ES\" \/>\n<meta property=\"og:type\" content=\"article\" \/>\n<meta property=\"og:title\" content=\"PW140 - SESAMO\" \/>\n<meta property=\"og:description\" content=\"El operador de puertas correderas POWERCORE PW250 tiene una capacidad de carga de 140+140 kg para 2 puertas o 160 kg para 1 puerta, adecuado para aplicaciones de trabajo pesado o donde se requiera el movimiento sin esfuerzo de puertas muy grandes con pesos superiores.\" \/>\n<meta property=\"og:url\" content=\"https:\/\/www.sesamo.eu\/es\/prodotto\/pw140\/\" \/>\n<meta property=\"og:site_name\" content=\"SESAMO\" \/>\n<meta property=\"article:modified_time\" content=\"2026-04-15T08:38:07+00:00\" \/>\n<meta property=\"og:image\" content=\"https:\/\/www.sesamo.eu\/wp-content\/uploads\/2026\/04\/PW100-immahine-pagina-4-brochure-scaled.png\" \/>\n\t<meta property=\"og:image:width\" content=\"2560\" \/>\n\t<meta property=\"og:image:height\" content=\"667\" \/>\n\t<meta property=\"og:image:type\" content=\"image\/png\" \/>\n<meta name=\"twitter:card\" content=\"summary_large_image\" \/>\n<meta name=\"twitter:label1\" content=\"Tiempo de lectura\" \/>\n\t<meta name=\"twitter:data1\" content=\"2 minutos\" \/>\n<script type=\"application\/ld+json\" class=\"yoast-schema-graph\">{\"@context\":\"https:\/\/schema.org\",\"@graph\":[{\"@type\":\"WebPage\",\"@id\":\"https:\/\/www.sesamo.eu\/es\/prodotto\/pw140\/\",\"url\":\"https:\/\/www.sesamo.eu\/es\/prodotto\/pw140\/\",\"name\":\"PW140 - SESAMO\",\"isPartOf\":{\"@id\":\"https:\/\/www.sesamo.eu\/es\/#website\"},\"primaryImageOfPage\":{\"@id\":\"https:\/\/www.sesamo.eu\/es\/prodotto\/pw140\/#primaryimage\"},\"image\":{\"@id\":\"https:\/\/www.sesamo.eu\/es\/prodotto\/pw140\/#primaryimage\"},\"thumbnailUrl\":\"https:\/\/www.sesamo.eu\/wp-content\/uploads\/2026\/04\/PW100-immahine-pagina-4-brochure-scaled.png\",\"datePublished\":\"2026-04-14T08:06:47+00:00\",\"dateModified\":\"2026-04-15T08:38:07+00:00\",\"breadcrumb\":{\"@id\":\"https:\/\/www.sesamo.eu\/es\/prodotto\/pw140\/#breadcrumb\"},\"inLanguage\":\"es\",\"potentialAction\":[{\"@type\":\"ReadAction\",\"target\":[\"https:\/\/www.sesamo.eu\/es\/prodotto\/pw140\/\"]}]},{\"@type\":\"ImageObject\",\"inLanguage\":\"es\",\"@id\":\"https:\/\/www.sesamo.eu\/es\/prodotto\/pw140\/#primaryimage\",\"url\":\"https:\/\/www.sesamo.eu\/wp-content\/uploads\/2026\/04\/PW100-immahine-pagina-4-brochure-scaled.png\",\"contentUrl\":\"https:\/\/www.sesamo.eu\/wp-content\/uploads\/2026\/04\/PW100-immahine-pagina-4-brochure-scaled.png\",\"width\":2560,\"height\":667},{\"@type\":\"BreadcrumbList\",\"@id\":\"https:\/\/www.sesamo.eu\/es\/prodotto\/pw140\/#breadcrumb\",\"itemListElement\":[{\"@type\":\"ListItem\",\"position\":1,\"name\":\"Home\",\"item\":\"https:\/\/www.sesamo.eu\/es\/casa\/\"},{\"@type\":\"ListItem\",\"position\":2,\"name\":\"Tienda\",\"item\":\"https:\/\/www.sesamo.eu\/es\/tienda\/\"},{\"@type\":\"ListItem\",\"position\":3,\"name\":\"PW140\"}]},{\"@type\":\"WebSite\",\"@id\":\"https:\/\/www.sesamo.eu\/es\/#website\",\"url\":\"https:\/\/www.sesamo.eu\/es\/\",\"name\":\"SESAMO\",\"description\":\"Ingressi automatici\",\"publisher\":{\"@id\":\"https:\/\/www.sesamo.eu\/es\/#organization\"},\"potentialAction\":[{\"@type\":\"SearchAction\",\"target\":{\"@type\":\"EntryPoint\",\"urlTemplate\":\"https:\/\/www.sesamo.eu\/es\/?s={search_term_string}\"},\"query-input\":{\"@type\":\"PropertyValueSpecification\",\"valueRequired\":true,\"valueName\":\"search_term_string\"}}],\"inLanguage\":\"es\"},{\"@type\":\"Organization\",\"@id\":\"https:\/\/www.sesamo.eu\/es\/#organization\",\"name\":\"SESAMO\",\"url\":\"https:\/\/www.sesamo.eu\/es\/\",\"logo\":{\"@type\":\"ImageObject\",\"inLanguage\":\"es\",\"@id\":\"https:\/\/www.sesamo.eu\/es\/#\/schema\/logo\/image\/\",\"url\":\"https:\/\/www.sesamo.eu\/wp-content\/uploads\/2020\/10\/cropped-Logo_Sesamo.png\",\"contentUrl\":\"https:\/\/www.sesamo.eu\/wp-content\/uploads\/2020\/10\/cropped-Logo_Sesamo.png\",\"width\":512,\"height\":512,\"caption\":\"SESAMO\"},\"image\":{\"@id\":\"https:\/\/www.sesamo.eu\/es\/#\/schema\/logo\/image\/\"}}]}<\/script>\n<!-- \/ Yoast SEO plugin. -->","yoast_head_json":{"title":"PW140 - SESAMO","robots":{"index":"index","follow":"follow","max-snippet":"max-snippet:-1","max-image-preview":"max-image-preview:large","max-video-preview":"max-video-preview:-1"},"canonical":"https:\/\/www.sesamo.eu\/es\/prodotto\/pw140\/","og_locale":"es_ES","og_type":"article","og_title":"PW140 - SESAMO","og_description":"El operador de puertas correderas POWERCORE PW250 tiene una capacidad de carga de 140+140 kg para 2 puertas o 160 kg para 1 puerta, adecuado para aplicaciones de trabajo pesado o donde se requiera el movimiento sin esfuerzo de puertas muy grandes con pesos superiores.","og_url":"https:\/\/www.sesamo.eu\/es\/prodotto\/pw140\/","og_site_name":"SESAMO","article_modified_time":"2026-04-15T08:38:07+00:00","og_image":[{"width":2560,"height":667,"url":"https:\/\/www.sesamo.eu\/wp-content\/uploads\/2026\/04\/PW100-immahine-pagina-4-brochure-scaled.png","type":"image\/png"}],"twitter_card":"summary_large_image","twitter_misc":{"Tiempo de lectura":"2 minutos"},"schema":{"@context":"https:\/\/schema.org","@graph":[{"@type":"WebPage","@id":"https:\/\/www.sesamo.eu\/es\/prodotto\/pw140\/","url":"https:\/\/www.sesamo.eu\/es\/prodotto\/pw140\/","name":"PW140 - SESAMO","isPartOf":{"@id":"https:\/\/www.sesamo.eu\/es\/#website"},"primaryImageOfPage":{"@id":"https:\/\/www.sesamo.eu\/es\/prodotto\/pw140\/#primaryimage"},"image":{"@id":"https:\/\/www.sesamo.eu\/es\/prodotto\/pw140\/#primaryimage"},"thumbnailUrl":"https:\/\/www.sesamo.eu\/wp-content\/uploads\/2026\/04\/PW100-immahine-pagina-4-brochure-scaled.png","datePublished":"2026-04-14T08:06:47+00:00","dateModified":"2026-04-15T08:38:07+00:00","breadcrumb":{"@id":"https:\/\/www.sesamo.eu\/es\/prodotto\/pw140\/#breadcrumb"},"inLanguage":"es","potentialAction":[{"@type":"ReadAction","target":["https:\/\/www.sesamo.eu\/es\/prodotto\/pw140\/"]}]},{"@type":"ImageObject","inLanguage":"es","@id":"https:\/\/www.sesamo.eu\/es\/prodotto\/pw140\/#primaryimage","url":"https:\/\/www.sesamo.eu\/wp-content\/uploads\/2026\/04\/PW100-immahine-pagina-4-brochure-scaled.png","contentUrl":"https:\/\/www.sesamo.eu\/wp-content\/uploads\/2026\/04\/PW100-immahine-pagina-4-brochure-scaled.png","width":2560,"height":667},{"@type":"BreadcrumbList","@id":"https:\/\/www.sesamo.eu\/es\/prodotto\/pw140\/#breadcrumb","itemListElement":[{"@type":"ListItem","position":1,"name":"Home","item":"https:\/\/www.sesamo.eu\/es\/casa\/"},{"@type":"ListItem","position":2,"name":"Tienda","item":"https:\/\/www.sesamo.eu\/es\/tienda\/"},{"@type":"ListItem","position":3,"name":"PW140"}]},{"@type":"WebSite","@id":"https:\/\/www.sesamo.eu\/es\/#website","url":"https:\/\/www.sesamo.eu\/es\/","name":"SESAMO","description":"Ingressi automatici","publisher":{"@id":"https:\/\/www.sesamo.eu\/es\/#organization"},"potentialAction":[{"@type":"SearchAction","target":{"@type":"EntryPoint","urlTemplate":"https:\/\/www.sesamo.eu\/es\/?s={search_term_string}"},"query-input":{"@type":"PropertyValueSpecification","valueRequired":true,"valueName":"search_term_string"}}],"inLanguage":"es"},{"@type":"Organization","@id":"https:\/\/www.sesamo.eu\/es\/#organization","name":"SESAMO","url":"https:\/\/www.sesamo.eu\/es\/","logo":{"@type":"ImageObject","inLanguage":"es","@id":"https:\/\/www.sesamo.eu\/es\/#\/schema\/logo\/image\/","url":"https:\/\/www.sesamo.eu\/wp-content\/uploads\/2020\/10\/cropped-Logo_Sesamo.png","contentUrl":"https:\/\/www.sesamo.eu\/wp-content\/uploads\/2020\/10\/cropped-Logo_Sesamo.png","width":512,"height":512,"caption":"SESAMO"},"image":{"@id":"https:\/\/www.sesamo.eu\/es\/#\/schema\/logo\/image\/"}}]}},"_links":{"self":[{"href":"https:\/\/www.sesamo.eu\/es\/wp-json\/wp\/v2\/product\/5578","targetHints":{"allow":["GET"]}}],"collection":[{"href":"https:\/\/www.sesamo.eu\/es\/wp-json\/wp\/v2\/product"}],"about":[{"href":"https:\/\/www.sesamo.eu\/es\/wp-json\/wp\/v2\/types\/product"}],"replies":[{"embeddable":true,"href":"https:\/\/www.sesamo.eu\/es\/wp-json\/wp\/v2\/comments?post=5578"}],"wp:featuredmedia":[{"embeddable":true,"href":"https:\/\/www.sesamo.eu\/es\/wp-json\/wp\/v2\/media\/5454"}],"wp:attachment":[{"href":"https:\/\/www.sesamo.eu\/es\/wp-json\/wp\/v2\/media?parent=5578"}],"wp:term":[{"taxonomy":"product_brand","embeddable":true,"href":"https:\/\/www.sesamo.eu\/es\/wp-json\/wp\/v2\/product_brand?post=5578"},{"taxonomy":"product_cat","embeddable":true,"href":"https:\/\/www.sesamo.eu\/es\/wp-json\/wp\/v2\/product_cat?post=5578"},{"taxonomy":"product_tag","embeddable":true,"href":"https:\/\/www.sesamo.eu\/es\/wp-json\/wp\/v2\/product_tag?post=5578"}],"curies":[{"name":"wp","href":"https:\/\/api.w.org\/{rel}","templated":true}]}}