{"id":5587,"date":"2026-04-14T08:44:50","date_gmt":"2026-04-14T08:44:50","guid":{"rendered":"https:\/\/www.sesamo.eu\/?post_type=product&#038;p=5587"},"modified":"2026-04-14T13:30:10","modified_gmt":"2026-04-14T13:30:10","slug":"telescopica-pwt80","status":"publish","type":"product","link":"https:\/\/www.sesamo.eu\/es\/prodotto\/telescopica-pwt80\/","title":{"rendered":"TELESCOPICA PWT80"},"content":{"rendered":"<p>SESAMO presenta TELESCOPICA POWERCORE, el nuevo sistema autom\u00e1tico para puertas correderas con hojas telesc\u00f3picas. Las soluciones tecnol\u00f3gicamente m\u00e1s avanzadas de la serie POWERCORE constituyen la base de este nuevo sistema autom\u00e1tico.<\/p>\n<p>TELESCOPICA POWERCORE est\u00e1 dise\u00f1ado y fabricado para solucionar el problema de aquellos pasajes donde la capacidad de deslizamiento de las puertas es limitada o incluso est\u00e1 impedida por requisitos arquitect\u00f3nicos. Materiales de alta calidad y soluciones tecnol\u00f3gicas innovadoras combinan facilidad de instalaci\u00f3n, uso y mantenimiento con la seguridad de un sistema autom\u00e1tico de larga duraci\u00f3n. La sofisticada electr\u00f3nica proporciona al instalador las herramientas necesarias para una alta personalizaci\u00f3n y un diagn\u00f3stico preciso durante el mantenimiento.<\/p>\n<p>El dise\u00f1o refinado y funcional realza las prestaciones y las dimensiones especialmente compactas del sistema.<\/p>\n","protected":false},"excerpt":{"rendered":"<p>TELESCOPICA POWERCORE est\u00e1 dise\u00f1ado y fabricado para solucionar el problema de aquellos pasajes donde la capacidad de deslizamiento de las puertas es limitada o incluso est\u00e1 impedida por requisitos arquitect\u00f3nicos.<\/p>\n","protected":false},"featured_media":5584,"comment_status":"open","ping_status":"closed","template":"","meta":{"_acf_changed":false,"_et_pb_use_builder":"","_et_pb_old_content":"","_et_gb_content_width":""},"product_brand":[],"product_cat":[78,71],"product_tag":[],"class_list":{"0":"post-5587","1":"product","2":"type-product","3":"status-publish","4":"has-post-thumbnail","6":"product_cat-automatismos-para-puertas","7":"product_cat-operadores-para-puertas-correderas-rectas","9":"first","10":"instock","11":"shipping-taxable","12":"product-type-simple"},"acf":[],"yoast_head":"<!-- This site is optimized with the Yoast SEO plugin v27.2 - https:\/\/yoast.com\/product\/yoast-seo-wordpress\/ -->\n<title>TELESCOPICA PWT80 - SESAMO<\/title>\n<meta name=\"robots\" content=\"index, follow, max-snippet:-1, max-image-preview:large, max-video-preview:-1\" \/>\n<link rel=\"canonical\" href=\"https:\/\/www.sesamo.eu\/es\/prodotto\/telescopica-pwt80\/\" \/>\n<meta property=\"og:locale\" content=\"es_ES\" \/>\n<meta property=\"og:type\" content=\"article\" \/>\n<meta property=\"og:title\" content=\"TELESCOPICA PWT80 - SESAMO\" \/>\n<meta property=\"og:description\" content=\"TELESCOPICA POWERCORE est\u00e1 dise\u00f1ado y fabricado para solucionar el problema de aquellos pasajes donde la capacidad de deslizamiento de las puertas es limitada o incluso est\u00e1 impedida por requisitos arquitect\u00f3nicos.\" \/>\n<meta property=\"og:url\" content=\"https:\/\/www.sesamo.eu\/es\/prodotto\/telescopica-pwt80\/\" \/>\n<meta property=\"og:site_name\" content=\"SESAMO\" \/>\n<meta property=\"article:modified_time\" content=\"2026-04-14T13:30:10+00:00\" \/>\n<meta property=\"og:image\" content=\"https:\/\/www.sesamo.eu\/wp-content\/uploads\/2026\/04\/PWT80-immagine-pagina-5-brochure-scaled.png\" \/>\n\t<meta property=\"og:image:width\" content=\"2560\" \/>\n\t<meta property=\"og:image:height\" content=\"667\" \/>\n\t<meta property=\"og:image:type\" content=\"image\/png\" \/>\n<meta name=\"twitter:card\" content=\"summary_large_image\" \/>\n<meta name=\"twitter:label1\" content=\"Tiempo de lectura\" \/>\n\t<meta name=\"twitter:data1\" content=\"1 minuto\" \/>\n<script type=\"application\/ld+json\" class=\"yoast-schema-graph\">{\"@context\":\"https:\/\/schema.org\",\"@graph\":[{\"@type\":\"WebPage\",\"@id\":\"https:\/\/www.sesamo.eu\/es\/prodotto\/telescopica-pwt80\/\",\"url\":\"https:\/\/www.sesamo.eu\/es\/prodotto\/telescopica-pwt80\/\",\"name\":\"TELESCOPICA PWT80 - SESAMO\",\"isPartOf\":{\"@id\":\"https:\/\/www.sesamo.eu\/es\/#website\"},\"primaryImageOfPage\":{\"@id\":\"https:\/\/www.sesamo.eu\/es\/prodotto\/telescopica-pwt80\/#primaryimage\"},\"image\":{\"@id\":\"https:\/\/www.sesamo.eu\/es\/prodotto\/telescopica-pwt80\/#primaryimage\"},\"thumbnailUrl\":\"https:\/\/www.sesamo.eu\/wp-content\/uploads\/2026\/04\/PWT80-immagine-pagina-5-brochure-scaled.png\",\"datePublished\":\"2026-04-14T08:44:50+00:00\",\"dateModified\":\"2026-04-14T13:30:10+00:00\",\"breadcrumb\":{\"@id\":\"https:\/\/www.sesamo.eu\/es\/prodotto\/telescopica-pwt80\/#breadcrumb\"},\"inLanguage\":\"es\",\"potentialAction\":[{\"@type\":\"ReadAction\",\"target\":[\"https:\/\/www.sesamo.eu\/es\/prodotto\/telescopica-pwt80\/\"]}]},{\"@type\":\"ImageObject\",\"inLanguage\":\"es\",\"@id\":\"https:\/\/www.sesamo.eu\/es\/prodotto\/telescopica-pwt80\/#primaryimage\",\"url\":\"https:\/\/www.sesamo.eu\/wp-content\/uploads\/2026\/04\/PWT80-immagine-pagina-5-brochure-scaled.png\",\"contentUrl\":\"https:\/\/www.sesamo.eu\/wp-content\/uploads\/2026\/04\/PWT80-immagine-pagina-5-brochure-scaled.png\",\"width\":2560,\"height\":667},{\"@type\":\"BreadcrumbList\",\"@id\":\"https:\/\/www.sesamo.eu\/es\/prodotto\/telescopica-pwt80\/#breadcrumb\",\"itemListElement\":[{\"@type\":\"ListItem\",\"position\":1,\"name\":\"Home\",\"item\":\"https:\/\/www.sesamo.eu\/es\/casa\/\"},{\"@type\":\"ListItem\",\"position\":2,\"name\":\"Tienda\",\"item\":\"https:\/\/www.sesamo.eu\/es\/tienda\/\"},{\"@type\":\"ListItem\",\"position\":3,\"name\":\"TELESCOPICA PWT80\"}]},{\"@type\":\"WebSite\",\"@id\":\"https:\/\/www.sesamo.eu\/es\/#website\",\"url\":\"https:\/\/www.sesamo.eu\/es\/\",\"name\":\"SESAMO\",\"description\":\"Ingressi automatici\",\"publisher\":{\"@id\":\"https:\/\/www.sesamo.eu\/es\/#organization\"},\"potentialAction\":[{\"@type\":\"SearchAction\",\"target\":{\"@type\":\"EntryPoint\",\"urlTemplate\":\"https:\/\/www.sesamo.eu\/es\/?s={search_term_string}\"},\"query-input\":{\"@type\":\"PropertyValueSpecification\",\"valueRequired\":true,\"valueName\":\"search_term_string\"}}],\"inLanguage\":\"es\"},{\"@type\":\"Organization\",\"@id\":\"https:\/\/www.sesamo.eu\/es\/#organization\",\"name\":\"SESAMO\",\"url\":\"https:\/\/www.sesamo.eu\/es\/\",\"logo\":{\"@type\":\"ImageObject\",\"inLanguage\":\"es\",\"@id\":\"https:\/\/www.sesamo.eu\/es\/#\/schema\/logo\/image\/\",\"url\":\"https:\/\/www.sesamo.eu\/wp-content\/uploads\/2020\/10\/cropped-Logo_Sesamo.png\",\"contentUrl\":\"https:\/\/www.sesamo.eu\/wp-content\/uploads\/2020\/10\/cropped-Logo_Sesamo.png\",\"width\":512,\"height\":512,\"caption\":\"SESAMO\"},\"image\":{\"@id\":\"https:\/\/www.sesamo.eu\/es\/#\/schema\/logo\/image\/\"}}]}<\/script>\n<!-- \/ Yoast SEO plugin. -->","yoast_head_json":{"title":"TELESCOPICA PWT80 - SESAMO","robots":{"index":"index","follow":"follow","max-snippet":"max-snippet:-1","max-image-preview":"max-image-preview:large","max-video-preview":"max-video-preview:-1"},"canonical":"https:\/\/www.sesamo.eu\/es\/prodotto\/telescopica-pwt80\/","og_locale":"es_ES","og_type":"article","og_title":"TELESCOPICA PWT80 - SESAMO","og_description":"TELESCOPICA POWERCORE est\u00e1 dise\u00f1ado y fabricado para solucionar el problema de aquellos pasajes donde la capacidad de deslizamiento de las puertas es limitada o incluso est\u00e1 impedida por requisitos arquitect\u00f3nicos.","og_url":"https:\/\/www.sesamo.eu\/es\/prodotto\/telescopica-pwt80\/","og_site_name":"SESAMO","article_modified_time":"2026-04-14T13:30:10+00:00","og_image":[{"width":2560,"height":667,"url":"https:\/\/www.sesamo.eu\/wp-content\/uploads\/2026\/04\/PWT80-immagine-pagina-5-brochure-scaled.png","type":"image\/png"}],"twitter_card":"summary_large_image","twitter_misc":{"Tiempo de lectura":"1 minuto"},"schema":{"@context":"https:\/\/schema.org","@graph":[{"@type":"WebPage","@id":"https:\/\/www.sesamo.eu\/es\/prodotto\/telescopica-pwt80\/","url":"https:\/\/www.sesamo.eu\/es\/prodotto\/telescopica-pwt80\/","name":"TELESCOPICA PWT80 - SESAMO","isPartOf":{"@id":"https:\/\/www.sesamo.eu\/es\/#website"},"primaryImageOfPage":{"@id":"https:\/\/www.sesamo.eu\/es\/prodotto\/telescopica-pwt80\/#primaryimage"},"image":{"@id":"https:\/\/www.sesamo.eu\/es\/prodotto\/telescopica-pwt80\/#primaryimage"},"thumbnailUrl":"https:\/\/www.sesamo.eu\/wp-content\/uploads\/2026\/04\/PWT80-immagine-pagina-5-brochure-scaled.png","datePublished":"2026-04-14T08:44:50+00:00","dateModified":"2026-04-14T13:30:10+00:00","breadcrumb":{"@id":"https:\/\/www.sesamo.eu\/es\/prodotto\/telescopica-pwt80\/#breadcrumb"},"inLanguage":"es","potentialAction":[{"@type":"ReadAction","target":["https:\/\/www.sesamo.eu\/es\/prodotto\/telescopica-pwt80\/"]}]},{"@type":"ImageObject","inLanguage":"es","@id":"https:\/\/www.sesamo.eu\/es\/prodotto\/telescopica-pwt80\/#primaryimage","url":"https:\/\/www.sesamo.eu\/wp-content\/uploads\/2026\/04\/PWT80-immagine-pagina-5-brochure-scaled.png","contentUrl":"https:\/\/www.sesamo.eu\/wp-content\/uploads\/2026\/04\/PWT80-immagine-pagina-5-brochure-scaled.png","width":2560,"height":667},{"@type":"BreadcrumbList","@id":"https:\/\/www.sesamo.eu\/es\/prodotto\/telescopica-pwt80\/#breadcrumb","itemListElement":[{"@type":"ListItem","position":1,"name":"Home","item":"https:\/\/www.sesamo.eu\/es\/casa\/"},{"@type":"ListItem","position":2,"name":"Tienda","item":"https:\/\/www.sesamo.eu\/es\/tienda\/"},{"@type":"ListItem","position":3,"name":"TELESCOPICA PWT80"}]},{"@type":"WebSite","@id":"https:\/\/www.sesamo.eu\/es\/#website","url":"https:\/\/www.sesamo.eu\/es\/","name":"SESAMO","description":"Ingressi automatici","publisher":{"@id":"https:\/\/www.sesamo.eu\/es\/#organization"},"potentialAction":[{"@type":"SearchAction","target":{"@type":"EntryPoint","urlTemplate":"https:\/\/www.sesamo.eu\/es\/?s={search_term_string}"},"query-input":{"@type":"PropertyValueSpecification","valueRequired":true,"valueName":"search_term_string"}}],"inLanguage":"es"},{"@type":"Organization","@id":"https:\/\/www.sesamo.eu\/es\/#organization","name":"SESAMO","url":"https:\/\/www.sesamo.eu\/es\/","logo":{"@type":"ImageObject","inLanguage":"es","@id":"https:\/\/www.sesamo.eu\/es\/#\/schema\/logo\/image\/","url":"https:\/\/www.sesamo.eu\/wp-content\/uploads\/2020\/10\/cropped-Logo_Sesamo.png","contentUrl":"https:\/\/www.sesamo.eu\/wp-content\/uploads\/2020\/10\/cropped-Logo_Sesamo.png","width":512,"height":512,"caption":"SESAMO"},"image":{"@id":"https:\/\/www.sesamo.eu\/es\/#\/schema\/logo\/image\/"}}]}},"_links":{"self":[{"href":"https:\/\/www.sesamo.eu\/es\/wp-json\/wp\/v2\/product\/5587","targetHints":{"allow":["GET"]}}],"collection":[{"href":"https:\/\/www.sesamo.eu\/es\/wp-json\/wp\/v2\/product"}],"about":[{"href":"https:\/\/www.sesamo.eu\/es\/wp-json\/wp\/v2\/types\/product"}],"replies":[{"embeddable":true,"href":"https:\/\/www.sesamo.eu\/es\/wp-json\/wp\/v2\/comments?post=5587"}],"wp:featuredmedia":[{"embeddable":true,"href":"https:\/\/www.sesamo.eu\/es\/wp-json\/wp\/v2\/media\/5584"}],"wp:attachment":[{"href":"https:\/\/www.sesamo.eu\/es\/wp-json\/wp\/v2\/media?parent=5587"}],"wp:term":[{"taxonomy":"product_brand","embeddable":true,"href":"https:\/\/www.sesamo.eu\/es\/wp-json\/wp\/v2\/product_brand?post=5587"},{"taxonomy":"product_cat","embeddable":true,"href":"https:\/\/www.sesamo.eu\/es\/wp-json\/wp\/v2\/product_cat?post=5587"},{"taxonomy":"product_tag","embeddable":true,"href":"https:\/\/www.sesamo.eu\/es\/wp-json\/wp\/v2\/product_tag?post=5587"}],"curies":[{"name":"wp","href":"https:\/\/api.w.org\/{rel}","templated":true}]}}