{"id":3387,"date":"2021-01-19T20:35:15","date_gmt":"2021-01-19T20:35:15","guid":{"rendered":"https:\/\/sesamo.eu\/prodotto\/rd-telescopique\/"},"modified":"2024-02-08T17:09:16","modified_gmt":"2024-02-08T17:09:16","slug":"telescopique-rd","status":"publish","type":"product","link":"https:\/\/www.sesamo.eu\/fr\/prodotto\/telescopique-rd\/","title":{"rendered":"TELESCOPICA RD"},"content":{"rendered":"<p>Automatisme \u00e9lectrom\u00e9canique t\u00e9lescopique DUALCORE ER140 pour portes coulissantes t\u00e9lescopiques droites adapt\u00e9es \u00e0 des vantaux pesant jusqu&rsquo;\u00e0 100 kg (2 vantaux) et 50 kg (4 vantaux).<\/p>\n<p>Op\u00e9rateur sp\u00e9cialement con\u00e7u pour les voies d&rsquo;urgence et les issues de secours. Il contient des composants redondants et est con\u00e7u pour fonctionner avec des capteurs conformes \u00e0 la norme EN 13849-1 niveau de performance \u00ab\u00a0d\u00a0\u00bb Cat.2, afin de permettre des installations conformes \u00e0 la norme europ\u00e9enne EN16005.<\/p>\n<p id=\"tw-target-text\" class=\"tw-data-text tw-text-large tw-ta\" dir=\"ltr\" data-placeholder=\"Traduzione\" data-ved=\"2ahUKEwjls7TAnZyEAxWd_rsIHRT4AqEQ3ewLegQIDRAU\">Quelques sp\u00e9cifications techniques de l&rsquo;ER140 :<br \/>\n\u2022 Profil de support en aluminium pr\u00e9-perc\u00e9 pour faciliter l&rsquo;installation<br \/>\n\u2022 Double guidage coulissant en alliage sp\u00e9cial renforc\u00e9 rempla\u00e7able et mont\u00e9 avec profil en caoutchouc\u00a0 pour r\u00e9duire le bruit et vibration<br \/>\n\u2022 Ceinture antistatique avec fibres internes de Kevlar<br \/>\n\u2022 Double moteur DC en s\u00e9rie mod\u00e8le GR63x55 &#8211; 40Vdc et GR63x25 &#8211; 24Vdc avec encodeur optique et r\u00e9ducteur SG80<br \/>\n\u2022 Centrale de commande de secours qui surveille et supervise le mouvement des vantaux et s&rsquo;active uniquement comme \u00ab passif \u00bb protection de s\u00e9curit\u00e9 et fonctionne uniquement en cas d&rsquo;urgence<br \/>\n\u2022 Syst\u00e8me de secours avec supercondensateurs (Supercap), aucun entretien pendant de nombreuses ann\u00e9es et recharge ultra rapide<br \/>\n\u2022 S\u00e9lecteur de fonctions sp\u00e9cifiques DIGIDOR RD\/R comprenant 3 tags. Le tag permet d&rsquo;activer et de d\u00e9sactiver la nuit mode, passage du mode SAFE au mode LOCK<br \/>\n\u2022 Produit test\u00e9 T\u00dcV selon PL \u00ab\u00a0d\u00a0\u00bb EN13849-1<\/p>\n","protected":false},"excerpt":{"rendered":"<p>Automatisme \u00e9lectrom\u00e9canique t\u00e9lescopique DUALCORE ER140 pour portes coulissantes t\u00e9lescopiques droites adapt\u00e9es \u00e0 des vantaux pesant jusqu&rsquo;\u00e0 100 kg (2 vantaux) et 50 kg (4 vantaux). Op\u00e9rateur sp\u00e9cialement con\u00e7u pour les voies d&rsquo;urgence et les issues de secours. Il contient des composants redondants et est con\u00e7u pour fonctionner avec des capteurs conformes \u00e0 la norme EN [&hellip;]<\/p>\n","protected":false},"featured_media":2484,"comment_status":"open","ping_status":"closed","template":"","meta":{"_acf_changed":false,"_et_pb_use_builder":"","_et_pb_old_content":"","_et_gb_content_width":""},"product_brand":[],"product_cat":[69],"product_tag":[],"class_list":{"0":"post-3387","1":"product","2":"type-product","3":"status-publish","4":"has-post-thumbnail","6":"product_cat-systemes-pour-issues-de-secours","8":"first","9":"instock","10":"shipping-taxable","11":"product-type-simple"},"acf":[],"yoast_head":"<!-- This site is optimized with the Yoast SEO plugin v27.2 - https:\/\/yoast.com\/product\/yoast-seo-wordpress\/ -->\n<title>TELESCOPICA RD - SESAMO<\/title>\n<meta name=\"robots\" content=\"index, follow, max-snippet:-1, max-image-preview:large, max-video-preview:-1\" \/>\n<link rel=\"canonical\" href=\"https:\/\/www.sesamo.eu\/fr\/prodotto\/telescopique-rd\/\" \/>\n<meta property=\"og:locale\" content=\"fr_FR\" \/>\n<meta property=\"og:type\" content=\"article\" \/>\n<meta property=\"og:title\" content=\"TELESCOPICA RD - SESAMO\" \/>\n<meta property=\"og:description\" content=\"Automatisme \u00e9lectrom\u00e9canique t\u00e9lescopique DUALCORE ER140 pour portes coulissantes t\u00e9lescopiques droites adapt\u00e9es \u00e0 des vantaux pesant jusqu&rsquo;\u00e0 100 kg (2 vantaux) et 50 kg (4 vantaux). Op\u00e9rateur sp\u00e9cialement con\u00e7u pour les voies d&rsquo;urgence et les issues de secours. Il contient des composants redondants et est con\u00e7u pour fonctionner avec des capteurs conformes \u00e0 la norme EN [&hellip;]\" \/>\n<meta property=\"og:url\" content=\"https:\/\/www.sesamo.eu\/fr\/prodotto\/telescopique-rd\/\" \/>\n<meta property=\"og:site_name\" content=\"SESAMO\" \/>\n<meta property=\"article:modified_time\" content=\"2024-02-08T17:09:16+00:00\" \/>\n<meta property=\"og:image\" content=\"https:\/\/www.sesamo.eu\/wp-content\/uploads\/2021\/01\/thumb_1.jpg\" \/>\n\t<meta property=\"og:image:width\" content=\"670\" \/>\n\t<meta property=\"og:image:height\" content=\"414\" \/>\n\t<meta property=\"og:image:type\" content=\"image\/jpeg\" \/>\n<meta name=\"twitter:card\" content=\"summary_large_image\" \/>\n<meta name=\"twitter:label1\" content=\"Dur\u00e9e de lecture estim\u00e9e\" \/>\n\t<meta name=\"twitter:data1\" content=\"1 minute\" \/>\n<script type=\"application\/ld+json\" class=\"yoast-schema-graph\">{\"@context\":\"https:\/\/schema.org\",\"@graph\":[{\"@type\":\"WebPage\",\"@id\":\"https:\/\/www.sesamo.eu\/fr\/prodotto\/telescopique-rd\/\",\"url\":\"https:\/\/www.sesamo.eu\/fr\/prodotto\/telescopique-rd\/\",\"name\":\"TELESCOPICA RD - SESAMO\",\"isPartOf\":{\"@id\":\"https:\/\/www.sesamo.eu\/fr\/#website\"},\"primaryImageOfPage\":{\"@id\":\"https:\/\/www.sesamo.eu\/fr\/prodotto\/telescopique-rd\/#primaryimage\"},\"image\":{\"@id\":\"https:\/\/www.sesamo.eu\/fr\/prodotto\/telescopique-rd\/#primaryimage\"},\"thumbnailUrl\":\"https:\/\/www.sesamo.eu\/wp-content\/uploads\/2021\/01\/thumb_1.jpg\",\"datePublished\":\"2021-01-19T20:35:15+00:00\",\"dateModified\":\"2024-02-08T17:09:16+00:00\",\"breadcrumb\":{\"@id\":\"https:\/\/www.sesamo.eu\/fr\/prodotto\/telescopique-rd\/#breadcrumb\"},\"inLanguage\":\"fr-FR\",\"potentialAction\":[{\"@type\":\"ReadAction\",\"target\":[\"https:\/\/www.sesamo.eu\/fr\/prodotto\/telescopique-rd\/\"]}]},{\"@type\":\"ImageObject\",\"inLanguage\":\"fr-FR\",\"@id\":\"https:\/\/www.sesamo.eu\/fr\/prodotto\/telescopique-rd\/#primaryimage\",\"url\":\"https:\/\/www.sesamo.eu\/wp-content\/uploads\/2021\/01\/thumb_1.jpg\",\"contentUrl\":\"https:\/\/www.sesamo.eu\/wp-content\/uploads\/2021\/01\/thumb_1.jpg\",\"width\":670,\"height\":414},{\"@type\":\"BreadcrumbList\",\"@id\":\"https:\/\/www.sesamo.eu\/fr\/prodotto\/telescopique-rd\/#breadcrumb\",\"itemListElement\":[{\"@type\":\"ListItem\",\"position\":1,\"name\":\"Home\",\"item\":\"https:\/\/www.sesamo.eu\/fr\/accueil\/\"},{\"@type\":\"ListItem\",\"position\":2,\"name\":\"Boutique\",\"item\":\"https:\/\/www.sesamo.eu\/fr\/boutique\/\"},{\"@type\":\"ListItem\",\"position\":3,\"name\":\"TELESCOPICA RD\"}]},{\"@type\":\"WebSite\",\"@id\":\"https:\/\/www.sesamo.eu\/fr\/#website\",\"url\":\"https:\/\/www.sesamo.eu\/fr\/\",\"name\":\"SESAMO\",\"description\":\"Ingressi automatici\",\"publisher\":{\"@id\":\"https:\/\/www.sesamo.eu\/fr\/#organization\"},\"potentialAction\":[{\"@type\":\"SearchAction\",\"target\":{\"@type\":\"EntryPoint\",\"urlTemplate\":\"https:\/\/www.sesamo.eu\/fr\/?s={search_term_string}\"},\"query-input\":{\"@type\":\"PropertyValueSpecification\",\"valueRequired\":true,\"valueName\":\"search_term_string\"}}],\"inLanguage\":\"fr-FR\"},{\"@type\":\"Organization\",\"@id\":\"https:\/\/www.sesamo.eu\/fr\/#organization\",\"name\":\"SESAMO\",\"url\":\"https:\/\/www.sesamo.eu\/fr\/\",\"logo\":{\"@type\":\"ImageObject\",\"inLanguage\":\"fr-FR\",\"@id\":\"https:\/\/www.sesamo.eu\/fr\/#\/schema\/logo\/image\/\",\"url\":\"https:\/\/www.sesamo.eu\/wp-content\/uploads\/2020\/10\/cropped-Logo_Sesamo.png\",\"contentUrl\":\"https:\/\/www.sesamo.eu\/wp-content\/uploads\/2020\/10\/cropped-Logo_Sesamo.png\",\"width\":512,\"height\":512,\"caption\":\"SESAMO\"},\"image\":{\"@id\":\"https:\/\/www.sesamo.eu\/fr\/#\/schema\/logo\/image\/\"}}]}<\/script>\n<!-- \/ Yoast SEO plugin. -->","yoast_head_json":{"title":"TELESCOPICA RD - SESAMO","robots":{"index":"index","follow":"follow","max-snippet":"max-snippet:-1","max-image-preview":"max-image-preview:large","max-video-preview":"max-video-preview:-1"},"canonical":"https:\/\/www.sesamo.eu\/fr\/prodotto\/telescopique-rd\/","og_locale":"fr_FR","og_type":"article","og_title":"TELESCOPICA RD - SESAMO","og_description":"Automatisme \u00e9lectrom\u00e9canique t\u00e9lescopique DUALCORE ER140 pour portes coulissantes t\u00e9lescopiques droites adapt\u00e9es \u00e0 des vantaux pesant jusqu&rsquo;\u00e0 100 kg (2 vantaux) et 50 kg (4 vantaux). Op\u00e9rateur sp\u00e9cialement con\u00e7u pour les voies d&rsquo;urgence et les issues de secours. Il contient des composants redondants et est con\u00e7u pour fonctionner avec des capteurs conformes \u00e0 la norme EN [&hellip;]","og_url":"https:\/\/www.sesamo.eu\/fr\/prodotto\/telescopique-rd\/","og_site_name":"SESAMO","article_modified_time":"2024-02-08T17:09:16+00:00","og_image":[{"width":670,"height":414,"url":"https:\/\/www.sesamo.eu\/wp-content\/uploads\/2021\/01\/thumb_1.jpg","type":"image\/jpeg"}],"twitter_card":"summary_large_image","twitter_misc":{"Dur\u00e9e de lecture estim\u00e9e":"1 minute"},"schema":{"@context":"https:\/\/schema.org","@graph":[{"@type":"WebPage","@id":"https:\/\/www.sesamo.eu\/fr\/prodotto\/telescopique-rd\/","url":"https:\/\/www.sesamo.eu\/fr\/prodotto\/telescopique-rd\/","name":"TELESCOPICA RD - SESAMO","isPartOf":{"@id":"https:\/\/www.sesamo.eu\/fr\/#website"},"primaryImageOfPage":{"@id":"https:\/\/www.sesamo.eu\/fr\/prodotto\/telescopique-rd\/#primaryimage"},"image":{"@id":"https:\/\/www.sesamo.eu\/fr\/prodotto\/telescopique-rd\/#primaryimage"},"thumbnailUrl":"https:\/\/www.sesamo.eu\/wp-content\/uploads\/2021\/01\/thumb_1.jpg","datePublished":"2021-01-19T20:35:15+00:00","dateModified":"2024-02-08T17:09:16+00:00","breadcrumb":{"@id":"https:\/\/www.sesamo.eu\/fr\/prodotto\/telescopique-rd\/#breadcrumb"},"inLanguage":"fr-FR","potentialAction":[{"@type":"ReadAction","target":["https:\/\/www.sesamo.eu\/fr\/prodotto\/telescopique-rd\/"]}]},{"@type":"ImageObject","inLanguage":"fr-FR","@id":"https:\/\/www.sesamo.eu\/fr\/prodotto\/telescopique-rd\/#primaryimage","url":"https:\/\/www.sesamo.eu\/wp-content\/uploads\/2021\/01\/thumb_1.jpg","contentUrl":"https:\/\/www.sesamo.eu\/wp-content\/uploads\/2021\/01\/thumb_1.jpg","width":670,"height":414},{"@type":"BreadcrumbList","@id":"https:\/\/www.sesamo.eu\/fr\/prodotto\/telescopique-rd\/#breadcrumb","itemListElement":[{"@type":"ListItem","position":1,"name":"Home","item":"https:\/\/www.sesamo.eu\/fr\/accueil\/"},{"@type":"ListItem","position":2,"name":"Boutique","item":"https:\/\/www.sesamo.eu\/fr\/boutique\/"},{"@type":"ListItem","position":3,"name":"TELESCOPICA RD"}]},{"@type":"WebSite","@id":"https:\/\/www.sesamo.eu\/fr\/#website","url":"https:\/\/www.sesamo.eu\/fr\/","name":"SESAMO","description":"Ingressi automatici","publisher":{"@id":"https:\/\/www.sesamo.eu\/fr\/#organization"},"potentialAction":[{"@type":"SearchAction","target":{"@type":"EntryPoint","urlTemplate":"https:\/\/www.sesamo.eu\/fr\/?s={search_term_string}"},"query-input":{"@type":"PropertyValueSpecification","valueRequired":true,"valueName":"search_term_string"}}],"inLanguage":"fr-FR"},{"@type":"Organization","@id":"https:\/\/www.sesamo.eu\/fr\/#organization","name":"SESAMO","url":"https:\/\/www.sesamo.eu\/fr\/","logo":{"@type":"ImageObject","inLanguage":"fr-FR","@id":"https:\/\/www.sesamo.eu\/fr\/#\/schema\/logo\/image\/","url":"https:\/\/www.sesamo.eu\/wp-content\/uploads\/2020\/10\/cropped-Logo_Sesamo.png","contentUrl":"https:\/\/www.sesamo.eu\/wp-content\/uploads\/2020\/10\/cropped-Logo_Sesamo.png","width":512,"height":512,"caption":"SESAMO"},"image":{"@id":"https:\/\/www.sesamo.eu\/fr\/#\/schema\/logo\/image\/"}}]}},"_links":{"self":[{"href":"https:\/\/www.sesamo.eu\/fr\/wp-json\/wp\/v2\/product\/3387","targetHints":{"allow":["GET"]}}],"collection":[{"href":"https:\/\/www.sesamo.eu\/fr\/wp-json\/wp\/v2\/product"}],"about":[{"href":"https:\/\/www.sesamo.eu\/fr\/wp-json\/wp\/v2\/types\/product"}],"replies":[{"embeddable":true,"href":"https:\/\/www.sesamo.eu\/fr\/wp-json\/wp\/v2\/comments?post=3387"}],"wp:featuredmedia":[{"embeddable":true,"href":"https:\/\/www.sesamo.eu\/fr\/wp-json\/wp\/v2\/media\/2484"}],"wp:attachment":[{"href":"https:\/\/www.sesamo.eu\/fr\/wp-json\/wp\/v2\/media?parent=3387"}],"wp:term":[{"taxonomy":"product_brand","embeddable":true,"href":"https:\/\/www.sesamo.eu\/fr\/wp-json\/wp\/v2\/product_brand?post=3387"},{"taxonomy":"product_cat","embeddable":true,"href":"https:\/\/www.sesamo.eu\/fr\/wp-json\/wp\/v2\/product_cat?post=3387"},{"taxonomy":"product_tag","embeddable":true,"href":"https:\/\/www.sesamo.eu\/fr\/wp-json\/wp\/v2\/product_tag?post=3387"}],"curies":[{"name":"wp","href":"https:\/\/api.w.org\/{rel}","templated":true}]}}