{"id":3403,"date":"2021-01-19T20:37:29","date_gmt":"2021-01-19T20:37:29","guid":{"rendered":"https:\/\/sesamo.eu\/prodotto\/cirque\/"},"modified":"2022-03-03T10:06:37","modified_gmt":"2022-03-03T10:06:37","slug":"cirque-dualcore","status":"publish","type":"product","link":"https:\/\/www.sesamo.eu\/fr\/prodotto\/cirque-dualcore\/","title":{"rendered":"CIRCO"},"content":{"rendered":"<p>CIRCO est un automatisme SESAME utilis\u00e9 pour la cr\u00e9ation d&rsquo;entr\u00e9es automatiques circulaires et d&rsquo;angle. En combinant les automatismes CIRCO avec la s\u00e9rie SESAMO PROFILES pour la construction de vantaux fixes et coulissants, le r\u00e9sultat est une entr\u00e9e pi\u00e9tonne automatique construite selon les directives europ\u00e9ennes sur la s\u00e9curit\u00e9 des portes automatiques. Le d\u00e9veloppement, les tests et la production de cet automatisme sont r\u00e9alis\u00e9s, comme pour tous les produits SESAMO, selon les normes exig\u00e9es par la norme internationale ISO 9001.<\/p>\n","protected":false},"excerpt":{"rendered":"<p>Les portes courbes sont une v\u00e9ritable touche de style sur n&rsquo;importe quel b\u00e2timent, parfaitement int\u00e9gr\u00e9es \u00e0 une fa\u00e7ade courbe.<\/p>\n","protected":false},"featured_media":2492,"comment_status":"open","ping_status":"closed","template":"","meta":{"_acf_changed":false,"_et_pb_use_builder":"","_et_pb_old_content":"","_et_gb_content_width":""},"product_brand":[],"product_cat":[79],"product_tag":[],"class_list":{"0":"post-3403","1":"product","2":"type-product","3":"status-publish","4":"has-post-thumbnail","6":"product_cat-applications-speciales","8":"first","9":"instock","10":"shipping-taxable","11":"product-type-simple"},"acf":[],"yoast_head":"<!-- This site is optimized with the Yoast SEO plugin v27.2 - https:\/\/yoast.com\/product\/yoast-seo-wordpress\/ -->\n<title>CIRCO - SESAMO<\/title>\n<meta name=\"robots\" content=\"index, follow, max-snippet:-1, max-image-preview:large, max-video-preview:-1\" \/>\n<link rel=\"canonical\" href=\"https:\/\/www.sesamo.eu\/fr\/prodotto\/cirque-dualcore\/\" \/>\n<meta property=\"og:locale\" content=\"fr_FR\" \/>\n<meta property=\"og:type\" content=\"article\" \/>\n<meta property=\"og:title\" content=\"CIRCO - SESAMO\" \/>\n<meta property=\"og:description\" content=\"Les portes courbes sont une v\u00e9ritable touche de style sur n&#039;importe quel b\u00e2timent, parfaitement int\u00e9gr\u00e9es \u00e0 une fa\u00e7ade courbe.\" \/>\n<meta property=\"og:url\" content=\"https:\/\/www.sesamo.eu\/fr\/prodotto\/cirque-dualcore\/\" \/>\n<meta property=\"og:site_name\" content=\"SESAMO\" \/>\n<meta property=\"article:modified_time\" content=\"2022-03-03T10:06:37+00:00\" \/>\n<meta property=\"og:image\" content=\"https:\/\/www.sesamo.eu\/wp-content\/uploads\/2021\/01\/thumb_circo.jpg\" \/>\n\t<meta property=\"og:image:width\" content=\"670\" \/>\n\t<meta property=\"og:image:height\" content=\"414\" \/>\n\t<meta property=\"og:image:type\" content=\"image\/jpeg\" \/>\n<meta name=\"twitter:card\" content=\"summary_large_image\" \/>\n<script type=\"application\/ld+json\" class=\"yoast-schema-graph\">{\"@context\":\"https:\/\/schema.org\",\"@graph\":[{\"@type\":\"WebPage\",\"@id\":\"https:\/\/www.sesamo.eu\/fr\/prodotto\/cirque-dualcore\/\",\"url\":\"https:\/\/www.sesamo.eu\/fr\/prodotto\/cirque-dualcore\/\",\"name\":\"CIRCO - SESAMO\",\"isPartOf\":{\"@id\":\"https:\/\/www.sesamo.eu\/fr\/#website\"},\"primaryImageOfPage\":{\"@id\":\"https:\/\/www.sesamo.eu\/fr\/prodotto\/cirque-dualcore\/#primaryimage\"},\"image\":{\"@id\":\"https:\/\/www.sesamo.eu\/fr\/prodotto\/cirque-dualcore\/#primaryimage\"},\"thumbnailUrl\":\"https:\/\/www.sesamo.eu\/wp-content\/uploads\/2021\/01\/thumb_circo.jpg\",\"datePublished\":\"2021-01-19T20:37:29+00:00\",\"dateModified\":\"2022-03-03T10:06:37+00:00\",\"breadcrumb\":{\"@id\":\"https:\/\/www.sesamo.eu\/fr\/prodotto\/cirque-dualcore\/#breadcrumb\"},\"inLanguage\":\"fr-FR\",\"potentialAction\":[{\"@type\":\"ReadAction\",\"target\":[\"https:\/\/www.sesamo.eu\/fr\/prodotto\/cirque-dualcore\/\"]}]},{\"@type\":\"ImageObject\",\"inLanguage\":\"fr-FR\",\"@id\":\"https:\/\/www.sesamo.eu\/fr\/prodotto\/cirque-dualcore\/#primaryimage\",\"url\":\"https:\/\/www.sesamo.eu\/wp-content\/uploads\/2021\/01\/thumb_circo.jpg\",\"contentUrl\":\"https:\/\/www.sesamo.eu\/wp-content\/uploads\/2021\/01\/thumb_circo.jpg\",\"width\":670,\"height\":414},{\"@type\":\"BreadcrumbList\",\"@id\":\"https:\/\/www.sesamo.eu\/fr\/prodotto\/cirque-dualcore\/#breadcrumb\",\"itemListElement\":[{\"@type\":\"ListItem\",\"position\":1,\"name\":\"Home\",\"item\":\"https:\/\/www.sesamo.eu\/fr\/accueil\/\"},{\"@type\":\"ListItem\",\"position\":2,\"name\":\"Boutique\",\"item\":\"https:\/\/www.sesamo.eu\/fr\/boutique\/\"},{\"@type\":\"ListItem\",\"position\":3,\"name\":\"CIRCO\"}]},{\"@type\":\"WebSite\",\"@id\":\"https:\/\/www.sesamo.eu\/fr\/#website\",\"url\":\"https:\/\/www.sesamo.eu\/fr\/\",\"name\":\"SESAMO\",\"description\":\"Ingressi automatici\",\"publisher\":{\"@id\":\"https:\/\/www.sesamo.eu\/fr\/#organization\"},\"potentialAction\":[{\"@type\":\"SearchAction\",\"target\":{\"@type\":\"EntryPoint\",\"urlTemplate\":\"https:\/\/www.sesamo.eu\/fr\/?s={search_term_string}\"},\"query-input\":{\"@type\":\"PropertyValueSpecification\",\"valueRequired\":true,\"valueName\":\"search_term_string\"}}],\"inLanguage\":\"fr-FR\"},{\"@type\":\"Organization\",\"@id\":\"https:\/\/www.sesamo.eu\/fr\/#organization\",\"name\":\"SESAMO\",\"url\":\"https:\/\/www.sesamo.eu\/fr\/\",\"logo\":{\"@type\":\"ImageObject\",\"inLanguage\":\"fr-FR\",\"@id\":\"https:\/\/www.sesamo.eu\/fr\/#\/schema\/logo\/image\/\",\"url\":\"https:\/\/www.sesamo.eu\/wp-content\/uploads\/2020\/10\/cropped-Logo_Sesamo.png\",\"contentUrl\":\"https:\/\/www.sesamo.eu\/wp-content\/uploads\/2020\/10\/cropped-Logo_Sesamo.png\",\"width\":512,\"height\":512,\"caption\":\"SESAMO\"},\"image\":{\"@id\":\"https:\/\/www.sesamo.eu\/fr\/#\/schema\/logo\/image\/\"}}]}<\/script>\n<!-- \/ Yoast SEO plugin. -->","yoast_head_json":{"title":"CIRCO - SESAMO","robots":{"index":"index","follow":"follow","max-snippet":"max-snippet:-1","max-image-preview":"max-image-preview:large","max-video-preview":"max-video-preview:-1"},"canonical":"https:\/\/www.sesamo.eu\/fr\/prodotto\/cirque-dualcore\/","og_locale":"fr_FR","og_type":"article","og_title":"CIRCO - SESAMO","og_description":"Les portes courbes sont une v\u00e9ritable touche de style sur n'importe quel b\u00e2timent, parfaitement int\u00e9gr\u00e9es \u00e0 une fa\u00e7ade courbe.","og_url":"https:\/\/www.sesamo.eu\/fr\/prodotto\/cirque-dualcore\/","og_site_name":"SESAMO","article_modified_time":"2022-03-03T10:06:37+00:00","og_image":[{"width":670,"height":414,"url":"https:\/\/www.sesamo.eu\/wp-content\/uploads\/2021\/01\/thumb_circo.jpg","type":"image\/jpeg"}],"twitter_card":"summary_large_image","schema":{"@context":"https:\/\/schema.org","@graph":[{"@type":"WebPage","@id":"https:\/\/www.sesamo.eu\/fr\/prodotto\/cirque-dualcore\/","url":"https:\/\/www.sesamo.eu\/fr\/prodotto\/cirque-dualcore\/","name":"CIRCO - SESAMO","isPartOf":{"@id":"https:\/\/www.sesamo.eu\/fr\/#website"},"primaryImageOfPage":{"@id":"https:\/\/www.sesamo.eu\/fr\/prodotto\/cirque-dualcore\/#primaryimage"},"image":{"@id":"https:\/\/www.sesamo.eu\/fr\/prodotto\/cirque-dualcore\/#primaryimage"},"thumbnailUrl":"https:\/\/www.sesamo.eu\/wp-content\/uploads\/2021\/01\/thumb_circo.jpg","datePublished":"2021-01-19T20:37:29+00:00","dateModified":"2022-03-03T10:06:37+00:00","breadcrumb":{"@id":"https:\/\/www.sesamo.eu\/fr\/prodotto\/cirque-dualcore\/#breadcrumb"},"inLanguage":"fr-FR","potentialAction":[{"@type":"ReadAction","target":["https:\/\/www.sesamo.eu\/fr\/prodotto\/cirque-dualcore\/"]}]},{"@type":"ImageObject","inLanguage":"fr-FR","@id":"https:\/\/www.sesamo.eu\/fr\/prodotto\/cirque-dualcore\/#primaryimage","url":"https:\/\/www.sesamo.eu\/wp-content\/uploads\/2021\/01\/thumb_circo.jpg","contentUrl":"https:\/\/www.sesamo.eu\/wp-content\/uploads\/2021\/01\/thumb_circo.jpg","width":670,"height":414},{"@type":"BreadcrumbList","@id":"https:\/\/www.sesamo.eu\/fr\/prodotto\/cirque-dualcore\/#breadcrumb","itemListElement":[{"@type":"ListItem","position":1,"name":"Home","item":"https:\/\/www.sesamo.eu\/fr\/accueil\/"},{"@type":"ListItem","position":2,"name":"Boutique","item":"https:\/\/www.sesamo.eu\/fr\/boutique\/"},{"@type":"ListItem","position":3,"name":"CIRCO"}]},{"@type":"WebSite","@id":"https:\/\/www.sesamo.eu\/fr\/#website","url":"https:\/\/www.sesamo.eu\/fr\/","name":"SESAMO","description":"Ingressi automatici","publisher":{"@id":"https:\/\/www.sesamo.eu\/fr\/#organization"},"potentialAction":[{"@type":"SearchAction","target":{"@type":"EntryPoint","urlTemplate":"https:\/\/www.sesamo.eu\/fr\/?s={search_term_string}"},"query-input":{"@type":"PropertyValueSpecification","valueRequired":true,"valueName":"search_term_string"}}],"inLanguage":"fr-FR"},{"@type":"Organization","@id":"https:\/\/www.sesamo.eu\/fr\/#organization","name":"SESAMO","url":"https:\/\/www.sesamo.eu\/fr\/","logo":{"@type":"ImageObject","inLanguage":"fr-FR","@id":"https:\/\/www.sesamo.eu\/fr\/#\/schema\/logo\/image\/","url":"https:\/\/www.sesamo.eu\/wp-content\/uploads\/2020\/10\/cropped-Logo_Sesamo.png","contentUrl":"https:\/\/www.sesamo.eu\/wp-content\/uploads\/2020\/10\/cropped-Logo_Sesamo.png","width":512,"height":512,"caption":"SESAMO"},"image":{"@id":"https:\/\/www.sesamo.eu\/fr\/#\/schema\/logo\/image\/"}}]}},"_links":{"self":[{"href":"https:\/\/www.sesamo.eu\/fr\/wp-json\/wp\/v2\/product\/3403","targetHints":{"allow":["GET"]}}],"collection":[{"href":"https:\/\/www.sesamo.eu\/fr\/wp-json\/wp\/v2\/product"}],"about":[{"href":"https:\/\/www.sesamo.eu\/fr\/wp-json\/wp\/v2\/types\/product"}],"replies":[{"embeddable":true,"href":"https:\/\/www.sesamo.eu\/fr\/wp-json\/wp\/v2\/comments?post=3403"}],"wp:featuredmedia":[{"embeddable":true,"href":"https:\/\/www.sesamo.eu\/fr\/wp-json\/wp\/v2\/media\/2492"}],"wp:attachment":[{"href":"https:\/\/www.sesamo.eu\/fr\/wp-json\/wp\/v2\/media?parent=3403"}],"wp:term":[{"taxonomy":"product_brand","embeddable":true,"href":"https:\/\/www.sesamo.eu\/fr\/wp-json\/wp\/v2\/product_brand?post=3403"},{"taxonomy":"product_cat","embeddable":true,"href":"https:\/\/www.sesamo.eu\/fr\/wp-json\/wp\/v2\/product_cat?post=3403"},{"taxonomy":"product_tag","embeddable":true,"href":"https:\/\/www.sesamo.eu\/fr\/wp-json\/wp\/v2\/product_tag?post=3403"}],"curies":[{"name":"wp","href":"https:\/\/api.w.org\/{rel}","templated":true}]}}