{"id":3410,"date":"2021-01-19T20:41:07","date_gmt":"2021-01-19T20:41:07","guid":{"rendered":"https:\/\/sesamo.eu\/prodotto\/carrousel\/"},"modified":"2022-02-20T13:29:17","modified_gmt":"2022-02-20T13:29:17","slug":"carrousel","status":"publish","type":"product","link":"https:\/\/www.sesamo.eu\/fr\/prodotto\/carrousel\/","title":{"rendered":"GIOSTRA"},"content":{"rendered":"<p>Porte tournante automatique ou manuelle, disponible en diff\u00e9rentes configurations.<\/p>\n<p><strong>Choix<\/strong><\/p>\n<p>Ex\u00e9cutions avec volets de nuit, en version manuelle (3\/4 vantaux) ou automatique (2\/3\/4 vantaux), avec serrures \u00e9lectriques ou m\u00e9caniques, avec poign\u00e9es de pouss\u00e9e en diff\u00e9rentes variantes ou avec des demandes sp\u00e9cifiques de verre. La porte tournante automatique tourne dans le sens inverse des aiguilles d&rsquo;une montre et est toujours \u00e9quip\u00e9e des derni\u00e8res fonctionnalit\u00e9s de s\u00e9curit\u00e9 pour assurer un fonctionnement s\u00fbr et fiable. La structure de l&rsquo;auvent est constitu\u00e9e d&rsquo;un cadre en acier solide et robuste, isol\u00e9 thermiquement, recouvert de t\u00f4les d&rsquo;aluminium le long du caisson et ferm\u00e9 par un cache anti-poussi\u00e8re standard. La partie inf\u00e9rieure du plafond est ferm\u00e9e par des plaques d&rsquo;aluminium segment\u00e9es qui garantissent un aspect solide et parfaitement coplanaire. Une conception soign\u00e9e et l&rsquo;utilisation de composants fiables garantissent un fonctionnement fluide et s\u00fbr \u00e0 tout moment. Les portes tournantes offrent un confort id\u00e9al pour les bureaux, les a\u00e9roports, les gares, les h\u00f4pitaux, les centres commerciaux, les h\u00f4tels et de nombreuses autres applications.<\/p>\n<ul>\n<li>La ma\u00eetrise de la climatisation (temp\u00e9rature, d\u00e9bits de climatisation), qui permet de r\u00e9duire les co\u00fbts.<\/li>\n<li>La flexibilit\u00e9 de la conception offre des solutions totalement personnalis\u00e9es pour chaque entr\u00e9e.<\/li>\n<li>La disponibilit\u00e9 d&rsquo;innombrables options de verre utilisables assure une transparence incroyable, principalement pour une utilisation avec des fa\u00e7ades en verre.<\/li>\n<\/ul>\n<p><strong>Sp\u00e9cifications techniques des surfaces<\/strong><\/p>\n<p>Les surfaces peuvent \u00eatre fournies enduites de poudre dans n&rsquo;importe quelle couleur RAL standard ou avec une finition anodis\u00e9e standard. Ex\u00e9cutions personnalis\u00e9es possibles avec rev\u00eatement en acier inoxydable 304 ou 316, bronze ou laiton.<\/p>\n","protected":false},"excerpt":{"rendered":"<p>Libert\u00e9 d&rsquo;interpr\u00e9tation du design, multiples variantes et options pour la cr\u00e9ation d&rsquo;une entr\u00e9e prestigieuse.<\/p>\n","protected":false},"featured_media":2524,"comment_status":"open","ping_status":"closed","template":"","meta":{"_acf_changed":false,"_et_pb_use_builder":"","_et_pb_old_content":"","_et_gb_content_width":""},"product_brand":[],"product_cat":[79],"product_tag":[],"class_list":{"0":"post-3410","1":"product","2":"type-product","3":"status-publish","4":"has-post-thumbnail","6":"product_cat-applications-speciales","8":"first","9":"instock","10":"shipping-taxable","11":"product-type-simple"},"acf":[],"yoast_head":"<!-- This site is optimized with the Yoast SEO plugin v27.2 - https:\/\/yoast.com\/product\/yoast-seo-wordpress\/ -->\n<title>GIOSTRA - SESAMO<\/title>\n<meta name=\"robots\" content=\"index, follow, max-snippet:-1, max-image-preview:large, max-video-preview:-1\" \/>\n<link rel=\"canonical\" href=\"https:\/\/www.sesamo.eu\/fr\/prodotto\/carrousel\/\" \/>\n<meta property=\"og:locale\" content=\"fr_FR\" \/>\n<meta property=\"og:type\" content=\"article\" \/>\n<meta property=\"og:title\" content=\"GIOSTRA - SESAMO\" \/>\n<meta property=\"og:description\" content=\"Libert\u00e9 d&#039;interpr\u00e9tation du design, multiples variantes et options pour la cr\u00e9ation d&#039;une entr\u00e9e prestigieuse.\" \/>\n<meta property=\"og:url\" content=\"https:\/\/www.sesamo.eu\/fr\/prodotto\/carrousel\/\" \/>\n<meta property=\"og:site_name\" content=\"SESAMO\" \/>\n<meta property=\"article:modified_time\" content=\"2022-02-20T13:29:17+00:00\" \/>\n<meta property=\"og:image\" content=\"https:\/\/www.sesamo.eu\/wp-content\/uploads\/2021\/01\/thumb_Turin_Palace_general.jpeg\" \/>\n\t<meta property=\"og:image:width\" content=\"670\" \/>\n\t<meta property=\"og:image:height\" content=\"414\" \/>\n\t<meta property=\"og:image:type\" content=\"image\/jpeg\" \/>\n<meta name=\"twitter:card\" content=\"summary_large_image\" \/>\n<meta name=\"twitter:label1\" content=\"Dur\u00e9e de lecture estim\u00e9e\" \/>\n\t<meta name=\"twitter:data1\" content=\"1 minute\" \/>\n<script type=\"application\/ld+json\" class=\"yoast-schema-graph\">{\"@context\":\"https:\/\/schema.org\",\"@graph\":[{\"@type\":\"WebPage\",\"@id\":\"https:\/\/www.sesamo.eu\/fr\/prodotto\/carrousel\/\",\"url\":\"https:\/\/www.sesamo.eu\/fr\/prodotto\/carrousel\/\",\"name\":\"GIOSTRA - SESAMO\",\"isPartOf\":{\"@id\":\"https:\/\/www.sesamo.eu\/fr\/#website\"},\"primaryImageOfPage\":{\"@id\":\"https:\/\/www.sesamo.eu\/fr\/prodotto\/carrousel\/#primaryimage\"},\"image\":{\"@id\":\"https:\/\/www.sesamo.eu\/fr\/prodotto\/carrousel\/#primaryimage\"},\"thumbnailUrl\":\"https:\/\/www.sesamo.eu\/wp-content\/uploads\/2021\/01\/thumb_Turin_Palace_general.jpeg\",\"datePublished\":\"2021-01-19T20:41:07+00:00\",\"dateModified\":\"2022-02-20T13:29:17+00:00\",\"breadcrumb\":{\"@id\":\"https:\/\/www.sesamo.eu\/fr\/prodotto\/carrousel\/#breadcrumb\"},\"inLanguage\":\"fr-FR\",\"potentialAction\":[{\"@type\":\"ReadAction\",\"target\":[\"https:\/\/www.sesamo.eu\/fr\/prodotto\/carrousel\/\"]}]},{\"@type\":\"ImageObject\",\"inLanguage\":\"fr-FR\",\"@id\":\"https:\/\/www.sesamo.eu\/fr\/prodotto\/carrousel\/#primaryimage\",\"url\":\"https:\/\/www.sesamo.eu\/wp-content\/uploads\/2021\/01\/thumb_Turin_Palace_general.jpeg\",\"contentUrl\":\"https:\/\/www.sesamo.eu\/wp-content\/uploads\/2021\/01\/thumb_Turin_Palace_general.jpeg\",\"width\":670,\"height\":414},{\"@type\":\"BreadcrumbList\",\"@id\":\"https:\/\/www.sesamo.eu\/fr\/prodotto\/carrousel\/#breadcrumb\",\"itemListElement\":[{\"@type\":\"ListItem\",\"position\":1,\"name\":\"Home\",\"item\":\"https:\/\/www.sesamo.eu\/fr\/accueil\/\"},{\"@type\":\"ListItem\",\"position\":2,\"name\":\"Boutique\",\"item\":\"https:\/\/www.sesamo.eu\/fr\/boutique\/\"},{\"@type\":\"ListItem\",\"position\":3,\"name\":\"GIOSTRA\"}]},{\"@type\":\"WebSite\",\"@id\":\"https:\/\/www.sesamo.eu\/fr\/#website\",\"url\":\"https:\/\/www.sesamo.eu\/fr\/\",\"name\":\"SESAMO\",\"description\":\"Ingressi automatici\",\"publisher\":{\"@id\":\"https:\/\/www.sesamo.eu\/fr\/#organization\"},\"potentialAction\":[{\"@type\":\"SearchAction\",\"target\":{\"@type\":\"EntryPoint\",\"urlTemplate\":\"https:\/\/www.sesamo.eu\/fr\/?s={search_term_string}\"},\"query-input\":{\"@type\":\"PropertyValueSpecification\",\"valueRequired\":true,\"valueName\":\"search_term_string\"}}],\"inLanguage\":\"fr-FR\"},{\"@type\":\"Organization\",\"@id\":\"https:\/\/www.sesamo.eu\/fr\/#organization\",\"name\":\"SESAMO\",\"url\":\"https:\/\/www.sesamo.eu\/fr\/\",\"logo\":{\"@type\":\"ImageObject\",\"inLanguage\":\"fr-FR\",\"@id\":\"https:\/\/www.sesamo.eu\/fr\/#\/schema\/logo\/image\/\",\"url\":\"https:\/\/www.sesamo.eu\/wp-content\/uploads\/2020\/10\/cropped-Logo_Sesamo.png\",\"contentUrl\":\"https:\/\/www.sesamo.eu\/wp-content\/uploads\/2020\/10\/cropped-Logo_Sesamo.png\",\"width\":512,\"height\":512,\"caption\":\"SESAMO\"},\"image\":{\"@id\":\"https:\/\/www.sesamo.eu\/fr\/#\/schema\/logo\/image\/\"}}]}<\/script>\n<!-- \/ Yoast SEO plugin. -->","yoast_head_json":{"title":"GIOSTRA - SESAMO","robots":{"index":"index","follow":"follow","max-snippet":"max-snippet:-1","max-image-preview":"max-image-preview:large","max-video-preview":"max-video-preview:-1"},"canonical":"https:\/\/www.sesamo.eu\/fr\/prodotto\/carrousel\/","og_locale":"fr_FR","og_type":"article","og_title":"GIOSTRA - SESAMO","og_description":"Libert\u00e9 d'interpr\u00e9tation du design, multiples variantes et options pour la cr\u00e9ation d'une entr\u00e9e prestigieuse.","og_url":"https:\/\/www.sesamo.eu\/fr\/prodotto\/carrousel\/","og_site_name":"SESAMO","article_modified_time":"2022-02-20T13:29:17+00:00","og_image":[{"width":670,"height":414,"url":"https:\/\/www.sesamo.eu\/wp-content\/uploads\/2021\/01\/thumb_Turin_Palace_general.jpeg","type":"image\/jpeg"}],"twitter_card":"summary_large_image","twitter_misc":{"Dur\u00e9e de lecture estim\u00e9e":"1 minute"},"schema":{"@context":"https:\/\/schema.org","@graph":[{"@type":"WebPage","@id":"https:\/\/www.sesamo.eu\/fr\/prodotto\/carrousel\/","url":"https:\/\/www.sesamo.eu\/fr\/prodotto\/carrousel\/","name":"GIOSTRA - SESAMO","isPartOf":{"@id":"https:\/\/www.sesamo.eu\/fr\/#website"},"primaryImageOfPage":{"@id":"https:\/\/www.sesamo.eu\/fr\/prodotto\/carrousel\/#primaryimage"},"image":{"@id":"https:\/\/www.sesamo.eu\/fr\/prodotto\/carrousel\/#primaryimage"},"thumbnailUrl":"https:\/\/www.sesamo.eu\/wp-content\/uploads\/2021\/01\/thumb_Turin_Palace_general.jpeg","datePublished":"2021-01-19T20:41:07+00:00","dateModified":"2022-02-20T13:29:17+00:00","breadcrumb":{"@id":"https:\/\/www.sesamo.eu\/fr\/prodotto\/carrousel\/#breadcrumb"},"inLanguage":"fr-FR","potentialAction":[{"@type":"ReadAction","target":["https:\/\/www.sesamo.eu\/fr\/prodotto\/carrousel\/"]}]},{"@type":"ImageObject","inLanguage":"fr-FR","@id":"https:\/\/www.sesamo.eu\/fr\/prodotto\/carrousel\/#primaryimage","url":"https:\/\/www.sesamo.eu\/wp-content\/uploads\/2021\/01\/thumb_Turin_Palace_general.jpeg","contentUrl":"https:\/\/www.sesamo.eu\/wp-content\/uploads\/2021\/01\/thumb_Turin_Palace_general.jpeg","width":670,"height":414},{"@type":"BreadcrumbList","@id":"https:\/\/www.sesamo.eu\/fr\/prodotto\/carrousel\/#breadcrumb","itemListElement":[{"@type":"ListItem","position":1,"name":"Home","item":"https:\/\/www.sesamo.eu\/fr\/accueil\/"},{"@type":"ListItem","position":2,"name":"Boutique","item":"https:\/\/www.sesamo.eu\/fr\/boutique\/"},{"@type":"ListItem","position":3,"name":"GIOSTRA"}]},{"@type":"WebSite","@id":"https:\/\/www.sesamo.eu\/fr\/#website","url":"https:\/\/www.sesamo.eu\/fr\/","name":"SESAMO","description":"Ingressi automatici","publisher":{"@id":"https:\/\/www.sesamo.eu\/fr\/#organization"},"potentialAction":[{"@type":"SearchAction","target":{"@type":"EntryPoint","urlTemplate":"https:\/\/www.sesamo.eu\/fr\/?s={search_term_string}"},"query-input":{"@type":"PropertyValueSpecification","valueRequired":true,"valueName":"search_term_string"}}],"inLanguage":"fr-FR"},{"@type":"Organization","@id":"https:\/\/www.sesamo.eu\/fr\/#organization","name":"SESAMO","url":"https:\/\/www.sesamo.eu\/fr\/","logo":{"@type":"ImageObject","inLanguage":"fr-FR","@id":"https:\/\/www.sesamo.eu\/fr\/#\/schema\/logo\/image\/","url":"https:\/\/www.sesamo.eu\/wp-content\/uploads\/2020\/10\/cropped-Logo_Sesamo.png","contentUrl":"https:\/\/www.sesamo.eu\/wp-content\/uploads\/2020\/10\/cropped-Logo_Sesamo.png","width":512,"height":512,"caption":"SESAMO"},"image":{"@id":"https:\/\/www.sesamo.eu\/fr\/#\/schema\/logo\/image\/"}}]}},"_links":{"self":[{"href":"https:\/\/www.sesamo.eu\/fr\/wp-json\/wp\/v2\/product\/3410","targetHints":{"allow":["GET"]}}],"collection":[{"href":"https:\/\/www.sesamo.eu\/fr\/wp-json\/wp\/v2\/product"}],"about":[{"href":"https:\/\/www.sesamo.eu\/fr\/wp-json\/wp\/v2\/types\/product"}],"replies":[{"embeddable":true,"href":"https:\/\/www.sesamo.eu\/fr\/wp-json\/wp\/v2\/comments?post=3410"}],"wp:featuredmedia":[{"embeddable":true,"href":"https:\/\/www.sesamo.eu\/fr\/wp-json\/wp\/v2\/media\/2524"}],"wp:attachment":[{"href":"https:\/\/www.sesamo.eu\/fr\/wp-json\/wp\/v2\/media?parent=3410"}],"wp:term":[{"taxonomy":"product_brand","embeddable":true,"href":"https:\/\/www.sesamo.eu\/fr\/wp-json\/wp\/v2\/product_brand?post=3410"},{"taxonomy":"product_cat","embeddable":true,"href":"https:\/\/www.sesamo.eu\/fr\/wp-json\/wp\/v2\/product_cat?post=3410"},{"taxonomy":"product_tag","embeddable":true,"href":"https:\/\/www.sesamo.eu\/fr\/wp-json\/wp\/v2\/product_tag?post=3410"}],"curies":[{"name":"wp","href":"https:\/\/api.w.org\/{rel}","templated":true}]}}