{"id":3421,"date":"2021-01-19T21:01:10","date_gmt":"2021-01-19T21:01:10","guid":{"rendered":"https:\/\/sesamo.eu\/prodotto\/belier\/"},"modified":"2022-02-21T09:45:59","modified_gmt":"2022-02-21T09:45:59","slug":"belier","status":"publish","type":"product","link":"https:\/\/www.sesamo.eu\/fr\/prodotto\/belier\/","title":{"rendered":"ARIETE"},"content":{"rendered":"<p>Le syst\u00e8me anti-panique ARIETE, con\u00e7u et r\u00e9alis\u00e9 par <strong>SESAMO<\/strong> , permet l&rsquo;ouverture par effraction des portes d&rsquo;une entr\u00e9e coulissante automatique. Il est possible de choisir entre un syst\u00e8me d&rsquo;\u00e9vasion partielle et un syst\u00e8me d&rsquo;\u00e9vasion totale. Le premier est con\u00e7u pour ne permettre de percer en cas de besoin que la partie mobile (porte\/s coulissante(s)) de l&rsquo;entr\u00e9e automatique ; le second est con\u00e7u pour assurer, en cas de panne des portes coulissantes, \u00e9galement le d\u00e9verrouillage des portes \u00ab\u00a0semi-fixes\u00a0\u00bb, contribuant \u00e0 augmenter la largeur de l&rsquo;espace destin\u00e9 \u00e0 l&rsquo;\u00e9vacuation, facilitant le d\u00e9gagement de la pi\u00e8ce en cas d&rsquo;urgence . Le dispositif anti-panique ARIETE est con\u00e7u pour r\u00e9pondre aux exigences de s\u00e9curit\u00e9 n\u00e9cessaires chaque fois que l&rsquo;entr\u00e9e est utilis\u00e9e comme voie d&rsquo;\u00e9vacuation en cas d&rsquo;incendie ou d&rsquo;autres calamit\u00e9s pouvant frapper le b\u00e2timent. Le syst\u00e8me se compose essentiellement de deux profils en alliage d&rsquo;aluminium \u00e0 haute r\u00e9sistance qui supportent la porte coulissante et de d\u00e9tails qui, appliqu\u00e9s au cadre de la fen\u00eatre, permettent \u00e0 la porte, en appliquant une force appropri\u00e9e, de se d\u00e9gager du profil sup\u00e9rieur et de tourner dans l&rsquo;ouverture direction afin de lib\u00e9rer compl\u00e8tement la voie d&rsquo;\u00e9vacuation. Les glissi\u00e8res sont log\u00e9es sous les portes coulissantes, le long de leur course et sont r\u00e9alis\u00e9es de mani\u00e8re \u00e0 minimiser l&rsquo;encombrement vertical en limitant au maximum les risques de tr\u00e9buchement lors de la phase d&rsquo;\u00e9vacuation d&rsquo;urgence du local. Si le syst\u00e8me anti-panique est activ\u00e9 pendant le fonctionnement du syst\u00e8me, l&rsquo;automatisme enregistre automatiquement l&rsquo;\u00e9v\u00e9nement et d\u00e9place les vantaux en position d&rsquo;ouverture compl\u00e8te afin de faciliter au maximum l&rsquo;ouverture de la voie d&rsquo;\u00e9vacuation. Le syst\u00e8me de d\u00e9rivation ARIETE a \u00e9t\u00e9 test\u00e9 et \u00e9quip\u00e9 du certificat de test relatif d\u00e9livr\u00e9 par le Minist\u00e8re de l&rsquo;Int\u00e9rieur. ARIETE est con\u00e7u pour s&rsquo;adapter \u00e0 tous les profils commerciaux les plus courants : une chambre \u00e0 l&rsquo;int\u00e9rieur du montant d&rsquo;au moins 29&#215;29 mm est n\u00e9cessaire et la possibilit\u00e9 d&rsquo;obtenir une distance entre le centre de l&rsquo;axe de rotation et la queue du montant de 23,5 mm.<\/p>\n","protected":false},"excerpt":{"rendered":"<p>Le syst\u00e8me anti-panique ARIETE, con\u00e7u et r\u00e9alis\u00e9 par <strong>SESAMO<\/strong> , permet l&rsquo;ouverture par effraction des portes d&rsquo;une entr\u00e9e coulissante automatique.<\/p>\n","protected":false},"featured_media":2660,"comment_status":"open","ping_status":"closed","template":"","meta":{"_acf_changed":false,"_et_pb_use_builder":"off","_et_pb_old_content":"Le syst\u00e8me anti-panique ARIETE, con\u00e7u et r\u00e9alis\u00e9 par <strong>SESAMO<\/strong> , permet l'ouverture par effraction des portes d'une entr\u00e9e coulissante automatique.\n\nIl est possible de choisir entre un syst\u00e8me d'\u00e9vasion partielle et un syst\u00e8me d'\u00e9vasion totale. Le premier est con\u00e7u pour ne permettre de percer en cas de besoin que la partie mobile (porte\/s coulissante(s)) de l'entr\u00e9e automatique ; le second est con\u00e7u pour assurer, en cas de panne des portes coulissantes, \u00e9galement le d\u00e9verrouillage des portes \"semi-fixes\", contribuant \u00e0 augmenter la largeur de l'espace destin\u00e9 \u00e0 l'\u00e9vacuation, facilitant le d\u00e9gagement de la pi\u00e8ce en cas d'urgence .\n\nLe dispositif anti-panique ARIETE est con\u00e7u pour r\u00e9pondre aux exigences de s\u00e9curit\u00e9 n\u00e9cessaires chaque fois que l'entr\u00e9e est utilis\u00e9e comme voie d'\u00e9vacuation en cas d'incendie ou d'autres calamit\u00e9s pouvant frapper le b\u00e2timent. Le syst\u00e8me se compose essentiellement de deux profils en alliage d'aluminium \u00e0 haute r\u00e9sistance qui supportent la porte coulissante et de d\u00e9tails qui, appliqu\u00e9s au cadre de la fen\u00eatre, permettent \u00e0 la porte, en appliquant une force appropri\u00e9e, de se d\u00e9gager du profil sup\u00e9rieur et de tourner dans l'ouverture direction afin de lib\u00e9rer compl\u00e8tement la voie d'\u00e9vacuation. Les glissi\u00e8res sont log\u00e9es sous les portes coulissantes, le long de leur course et sont r\u00e9alis\u00e9es de mani\u00e8re \u00e0 minimiser l'encombrement vertical en limitant au maximum les risques de tr\u00e9buchement lors de la phase d'\u00e9vacuation d'urgence du local.\n\nSi le syst\u00e8me anti-panique est activ\u00e9 pendant le fonctionnement du syst\u00e8me, l'automatisme enregistre automatiquement l'\u00e9v\u00e9nement et d\u00e9place les vantaux en position d'ouverture compl\u00e8te afin de faciliter au maximum l'ouverture de la voie d'\u00e9vacuation. Le syst\u00e8me de d\u00e9rivation ARIETE a \u00e9t\u00e9 test\u00e9 et \u00e9quip\u00e9 du certificat de test relatif d\u00e9livr\u00e9 par le Minist\u00e8re de l'Int\u00e9rieur. ARIETE est con\u00e7u pour s'adapter \u00e0 tous les profils commerciaux les plus courants : une chambre \u00e0 l'int\u00e9rieur du montant d'au moins 29x29 mm est n\u00e9cessaire et la possibilit\u00e9 d'obtenir une distance entre le centre de l'axe de rotation et la queue du montant de 23,5 mm.","_et_gb_content_width":""},"product_brand":[],"product_cat":[69],"product_tag":[],"class_list":{"0":"post-3421","1":"product","2":"type-product","3":"status-publish","4":"has-post-thumbnail","6":"product_cat-systemes-pour-issues-de-secours","8":"first","9":"instock","10":"shipping-taxable","11":"product-type-simple"},"acf":[],"yoast_head":"<!-- This site is optimized with the Yoast SEO plugin v27.2 - https:\/\/yoast.com\/product\/yoast-seo-wordpress\/ -->\n<title>ARIETE - SESAMO<\/title>\n<meta name=\"robots\" content=\"index, follow, max-snippet:-1, max-image-preview:large, max-video-preview:-1\" \/>\n<link rel=\"canonical\" href=\"https:\/\/www.sesamo.eu\/fr\/prodotto\/belier\/\" \/>\n<meta property=\"og:locale\" content=\"fr_FR\" \/>\n<meta property=\"og:type\" content=\"article\" \/>\n<meta property=\"og:title\" content=\"ARIETE - SESAMO\" \/>\n<meta property=\"og:description\" content=\"Le syst\u00e8me anti-panique ARIETE, con\u00e7u et r\u00e9alis\u00e9 par SESAMO , permet l&#039;ouverture par effraction des portes d&#039;une entr\u00e9e coulissante automatique.\" \/>\n<meta property=\"og:url\" content=\"https:\/\/www.sesamo.eu\/fr\/prodotto\/belier\/\" \/>\n<meta property=\"og:site_name\" content=\"SESAMO\" \/>\n<meta property=\"article:modified_time\" content=\"2022-02-21T09:45:59+00:00\" \/>\n<meta property=\"og:image\" content=\"https:\/\/www.sesamo.eu\/wp-content\/uploads\/2021\/01\/thumb_DSCN0956.jpeg\" \/>\n\t<meta property=\"og:image:width\" content=\"670\" \/>\n\t<meta property=\"og:image:height\" content=\"414\" \/>\n\t<meta property=\"og:image:type\" content=\"image\/jpeg\" \/>\n<meta name=\"twitter:card\" content=\"summary_large_image\" \/>\n<meta name=\"twitter:label1\" content=\"Dur\u00e9e de lecture estim\u00e9e\" \/>\n\t<meta name=\"twitter:data1\" content=\"2 minutes\" \/>\n<script type=\"application\/ld+json\" class=\"yoast-schema-graph\">{\"@context\":\"https:\/\/schema.org\",\"@graph\":[{\"@type\":\"WebPage\",\"@id\":\"https:\/\/www.sesamo.eu\/fr\/prodotto\/belier\/\",\"url\":\"https:\/\/www.sesamo.eu\/fr\/prodotto\/belier\/\",\"name\":\"ARIETE - SESAMO\",\"isPartOf\":{\"@id\":\"https:\/\/www.sesamo.eu\/fr\/#website\"},\"primaryImageOfPage\":{\"@id\":\"https:\/\/www.sesamo.eu\/fr\/prodotto\/belier\/#primaryimage\"},\"image\":{\"@id\":\"https:\/\/www.sesamo.eu\/fr\/prodotto\/belier\/#primaryimage\"},\"thumbnailUrl\":\"https:\/\/www.sesamo.eu\/wp-content\/uploads\/2021\/01\/thumb_DSCN0956.jpeg\",\"datePublished\":\"2021-01-19T21:01:10+00:00\",\"dateModified\":\"2022-02-21T09:45:59+00:00\",\"breadcrumb\":{\"@id\":\"https:\/\/www.sesamo.eu\/fr\/prodotto\/belier\/#breadcrumb\"},\"inLanguage\":\"fr-FR\",\"potentialAction\":[{\"@type\":\"ReadAction\",\"target\":[\"https:\/\/www.sesamo.eu\/fr\/prodotto\/belier\/\"]}]},{\"@type\":\"ImageObject\",\"inLanguage\":\"fr-FR\",\"@id\":\"https:\/\/www.sesamo.eu\/fr\/prodotto\/belier\/#primaryimage\",\"url\":\"https:\/\/www.sesamo.eu\/wp-content\/uploads\/2021\/01\/thumb_DSCN0956.jpeg\",\"contentUrl\":\"https:\/\/www.sesamo.eu\/wp-content\/uploads\/2021\/01\/thumb_DSCN0956.jpeg\",\"width\":670,\"height\":414},{\"@type\":\"BreadcrumbList\",\"@id\":\"https:\/\/www.sesamo.eu\/fr\/prodotto\/belier\/#breadcrumb\",\"itemListElement\":[{\"@type\":\"ListItem\",\"position\":1,\"name\":\"Home\",\"item\":\"https:\/\/www.sesamo.eu\/fr\/accueil\/\"},{\"@type\":\"ListItem\",\"position\":2,\"name\":\"Boutique\",\"item\":\"https:\/\/www.sesamo.eu\/fr\/boutique\/\"},{\"@type\":\"ListItem\",\"position\":3,\"name\":\"ARIETE\"}]},{\"@type\":\"WebSite\",\"@id\":\"https:\/\/www.sesamo.eu\/fr\/#website\",\"url\":\"https:\/\/www.sesamo.eu\/fr\/\",\"name\":\"SESAMO\",\"description\":\"Ingressi automatici\",\"publisher\":{\"@id\":\"https:\/\/www.sesamo.eu\/fr\/#organization\"},\"potentialAction\":[{\"@type\":\"SearchAction\",\"target\":{\"@type\":\"EntryPoint\",\"urlTemplate\":\"https:\/\/www.sesamo.eu\/fr\/?s={search_term_string}\"},\"query-input\":{\"@type\":\"PropertyValueSpecification\",\"valueRequired\":true,\"valueName\":\"search_term_string\"}}],\"inLanguage\":\"fr-FR\"},{\"@type\":\"Organization\",\"@id\":\"https:\/\/www.sesamo.eu\/fr\/#organization\",\"name\":\"SESAMO\",\"url\":\"https:\/\/www.sesamo.eu\/fr\/\",\"logo\":{\"@type\":\"ImageObject\",\"inLanguage\":\"fr-FR\",\"@id\":\"https:\/\/www.sesamo.eu\/fr\/#\/schema\/logo\/image\/\",\"url\":\"https:\/\/www.sesamo.eu\/wp-content\/uploads\/2020\/10\/cropped-Logo_Sesamo.png\",\"contentUrl\":\"https:\/\/www.sesamo.eu\/wp-content\/uploads\/2020\/10\/cropped-Logo_Sesamo.png\",\"width\":512,\"height\":512,\"caption\":\"SESAMO\"},\"image\":{\"@id\":\"https:\/\/www.sesamo.eu\/fr\/#\/schema\/logo\/image\/\"}}]}<\/script>\n<!-- \/ Yoast SEO plugin. -->","yoast_head_json":{"title":"ARIETE - SESAMO","robots":{"index":"index","follow":"follow","max-snippet":"max-snippet:-1","max-image-preview":"max-image-preview:large","max-video-preview":"max-video-preview:-1"},"canonical":"https:\/\/www.sesamo.eu\/fr\/prodotto\/belier\/","og_locale":"fr_FR","og_type":"article","og_title":"ARIETE - SESAMO","og_description":"Le syst\u00e8me anti-panique ARIETE, con\u00e7u et r\u00e9alis\u00e9 par SESAMO , permet l'ouverture par effraction des portes d'une entr\u00e9e coulissante automatique.","og_url":"https:\/\/www.sesamo.eu\/fr\/prodotto\/belier\/","og_site_name":"SESAMO","article_modified_time":"2022-02-21T09:45:59+00:00","og_image":[{"width":670,"height":414,"url":"https:\/\/www.sesamo.eu\/wp-content\/uploads\/2021\/01\/thumb_DSCN0956.jpeg","type":"image\/jpeg"}],"twitter_card":"summary_large_image","twitter_misc":{"Dur\u00e9e de lecture estim\u00e9e":"2 minutes"},"schema":{"@context":"https:\/\/schema.org","@graph":[{"@type":"WebPage","@id":"https:\/\/www.sesamo.eu\/fr\/prodotto\/belier\/","url":"https:\/\/www.sesamo.eu\/fr\/prodotto\/belier\/","name":"ARIETE - SESAMO","isPartOf":{"@id":"https:\/\/www.sesamo.eu\/fr\/#website"},"primaryImageOfPage":{"@id":"https:\/\/www.sesamo.eu\/fr\/prodotto\/belier\/#primaryimage"},"image":{"@id":"https:\/\/www.sesamo.eu\/fr\/prodotto\/belier\/#primaryimage"},"thumbnailUrl":"https:\/\/www.sesamo.eu\/wp-content\/uploads\/2021\/01\/thumb_DSCN0956.jpeg","datePublished":"2021-01-19T21:01:10+00:00","dateModified":"2022-02-21T09:45:59+00:00","breadcrumb":{"@id":"https:\/\/www.sesamo.eu\/fr\/prodotto\/belier\/#breadcrumb"},"inLanguage":"fr-FR","potentialAction":[{"@type":"ReadAction","target":["https:\/\/www.sesamo.eu\/fr\/prodotto\/belier\/"]}]},{"@type":"ImageObject","inLanguage":"fr-FR","@id":"https:\/\/www.sesamo.eu\/fr\/prodotto\/belier\/#primaryimage","url":"https:\/\/www.sesamo.eu\/wp-content\/uploads\/2021\/01\/thumb_DSCN0956.jpeg","contentUrl":"https:\/\/www.sesamo.eu\/wp-content\/uploads\/2021\/01\/thumb_DSCN0956.jpeg","width":670,"height":414},{"@type":"BreadcrumbList","@id":"https:\/\/www.sesamo.eu\/fr\/prodotto\/belier\/#breadcrumb","itemListElement":[{"@type":"ListItem","position":1,"name":"Home","item":"https:\/\/www.sesamo.eu\/fr\/accueil\/"},{"@type":"ListItem","position":2,"name":"Boutique","item":"https:\/\/www.sesamo.eu\/fr\/boutique\/"},{"@type":"ListItem","position":3,"name":"ARIETE"}]},{"@type":"WebSite","@id":"https:\/\/www.sesamo.eu\/fr\/#website","url":"https:\/\/www.sesamo.eu\/fr\/","name":"SESAMO","description":"Ingressi automatici","publisher":{"@id":"https:\/\/www.sesamo.eu\/fr\/#organization"},"potentialAction":[{"@type":"SearchAction","target":{"@type":"EntryPoint","urlTemplate":"https:\/\/www.sesamo.eu\/fr\/?s={search_term_string}"},"query-input":{"@type":"PropertyValueSpecification","valueRequired":true,"valueName":"search_term_string"}}],"inLanguage":"fr-FR"},{"@type":"Organization","@id":"https:\/\/www.sesamo.eu\/fr\/#organization","name":"SESAMO","url":"https:\/\/www.sesamo.eu\/fr\/","logo":{"@type":"ImageObject","inLanguage":"fr-FR","@id":"https:\/\/www.sesamo.eu\/fr\/#\/schema\/logo\/image\/","url":"https:\/\/www.sesamo.eu\/wp-content\/uploads\/2020\/10\/cropped-Logo_Sesamo.png","contentUrl":"https:\/\/www.sesamo.eu\/wp-content\/uploads\/2020\/10\/cropped-Logo_Sesamo.png","width":512,"height":512,"caption":"SESAMO"},"image":{"@id":"https:\/\/www.sesamo.eu\/fr\/#\/schema\/logo\/image\/"}}]}},"_links":{"self":[{"href":"https:\/\/www.sesamo.eu\/fr\/wp-json\/wp\/v2\/product\/3421","targetHints":{"allow":["GET"]}}],"collection":[{"href":"https:\/\/www.sesamo.eu\/fr\/wp-json\/wp\/v2\/product"}],"about":[{"href":"https:\/\/www.sesamo.eu\/fr\/wp-json\/wp\/v2\/types\/product"}],"replies":[{"embeddable":true,"href":"https:\/\/www.sesamo.eu\/fr\/wp-json\/wp\/v2\/comments?post=3421"}],"wp:featuredmedia":[{"embeddable":true,"href":"https:\/\/www.sesamo.eu\/fr\/wp-json\/wp\/v2\/media\/2660"}],"wp:attachment":[{"href":"https:\/\/www.sesamo.eu\/fr\/wp-json\/wp\/v2\/media?parent=3421"}],"wp:term":[{"taxonomy":"product_brand","embeddable":true,"href":"https:\/\/www.sesamo.eu\/fr\/wp-json\/wp\/v2\/product_brand?post=3421"},{"taxonomy":"product_cat","embeddable":true,"href":"https:\/\/www.sesamo.eu\/fr\/wp-json\/wp\/v2\/product_cat?post=3421"},{"taxonomy":"product_tag","embeddable":true,"href":"https:\/\/www.sesamo.eu\/fr\/wp-json\/wp\/v2\/product_tag?post=3421"}],"curies":[{"name":"wp","href":"https:\/\/api.w.org\/{rel}","templated":true}]}}