{"id":3427,"date":"2021-01-19T20:55:26","date_gmt":"2021-01-19T20:55:26","guid":{"rendered":"https:\/\/sesamo.eu\/prodotto\/vingt\/"},"modified":"2022-09-06T12:41:30","modified_gmt":"2022-09-06T12:41:30","slug":"vingt","status":"publish","type":"product","link":"https:\/\/www.sesamo.eu\/fr\/prodotto\/vingt\/","title":{"rendered":"TWENTY"},"content":{"rendered":"<p>LE PROFIL POLYVALENT ET INNOVANT POUR LES PORTES COULISSANTES<\/p>\n<p>Un profil aux lignes douces et aux dimensions r\u00e9duites, le meilleur de la technologie avec un design raffin\u00e9 et contemporain.<\/p>\n<ul>\n<li>Destin\u00e9 \u00e0 cr\u00e9er des portes et des fen\u00eatres parfaitement fonctionnelles et esth\u00e9tiquement impeccables avec une ou plusieurs portes, ses formes lin\u00e9aires et l\u00e9g\u00e8res lui permettent d&rsquo;\u00eatre utilis\u00e9 dans une large gamme d&rsquo;entr\u00e9es, du r\u00e9sidentiel au public, satisfaisant m\u00eame les besoins les plus particuliers.<\/li>\n<li>La ligne est \u00e0 l&rsquo;avant-garde en offrant un produit de haut niveau capable d&rsquo;am\u00e9liorer la transparence du verre et de donner de l&rsquo;\u00e9l\u00e9gance \u00e0 tout projet architectural.<\/li>\n<li>Un produit innovant qui a des caract\u00e9ristiques techniques et des performances \u00e9lev\u00e9es combin\u00e9es \u00e0 un design essentiel et \u00e9l\u00e9gant.<\/li>\n<li>TWENTY se caract\u00e9rise par une \u00e9lasticit\u00e9 et une simplicit\u00e9 de montage qui r\u00e9duisent et optimisent les temps de traitement, polyvalent et innovant non seulement dans la forme mais aussi dans le fond.<\/li>\n<li>Des accessoires sp\u00e9cifiques sont fournis (joints et brosses) qui garantissent protection et solidit\u00e9 au ch\u00e2ssis et, par cons\u00e9quent, \u00e0 la porte coulissante automatique.<\/li>\n<\/ul>\n","protected":false},"excerpt":{"rendered":"<p>LE PROFIL POLYVALENT ET INNOVANT POUR LES PORTES COULISSANTES Un profil aux lignes douces et aux dimensions r\u00e9duites, le meilleur de la technologie avec un design raffin\u00e9 et contemporain. Destin\u00e9 \u00e0 cr\u00e9er des portes et des fen\u00eatres parfaitement fonctionnelles et esth\u00e9tiquement impeccables avec une ou plusieurs portes, ses formes lin\u00e9aires et l\u00e9g\u00e8res lui permettent d&rsquo;\u00eatre [&hellip;]<\/p>\n","protected":false},"featured_media":2612,"comment_status":"open","ping_status":"closed","template":"","meta":{"_acf_changed":false,"_et_pb_use_builder":"","_et_pb_old_content":"","_et_gb_content_width":""},"product_brand":[],"product_cat":[86],"product_tag":[],"class_list":{"0":"post-3427","1":"product","2":"type-product","3":"status-publish","4":"has-post-thumbnail","6":"product_cat-profils-et-fenetres","8":"first","9":"instock","10":"shipping-taxable","11":"product-type-simple"},"acf":[],"yoast_head":"<!-- This site is optimized with the Yoast SEO plugin v27.2 - https:\/\/yoast.com\/product\/yoast-seo-wordpress\/ -->\n<title>TWENTY - SESAMO<\/title>\n<meta name=\"robots\" content=\"index, follow, max-snippet:-1, max-image-preview:large, max-video-preview:-1\" \/>\n<link rel=\"canonical\" href=\"https:\/\/www.sesamo.eu\/fr\/prodotto\/vingt\/\" \/>\n<meta property=\"og:locale\" content=\"fr_FR\" \/>\n<meta property=\"og:type\" content=\"article\" \/>\n<meta property=\"og:title\" content=\"TWENTY - SESAMO\" \/>\n<meta property=\"og:description\" content=\"LE PROFIL POLYVALENT ET INNOVANT POUR LES PORTES COULISSANTES Un profil aux lignes douces et aux dimensions r\u00e9duites, le meilleur de la technologie avec un design raffin\u00e9 et contemporain. Destin\u00e9 \u00e0 cr\u00e9er des portes et des fen\u00eatres parfaitement fonctionnelles et esth\u00e9tiquement impeccables avec une ou plusieurs portes, ses formes lin\u00e9aires et l\u00e9g\u00e8res lui permettent d&rsquo;\u00eatre [&hellip;]\" \/>\n<meta property=\"og:url\" content=\"https:\/\/www.sesamo.eu\/fr\/prodotto\/vingt\/\" \/>\n<meta property=\"og:site_name\" content=\"SESAMO\" \/>\n<meta property=\"article:modified_time\" content=\"2022-09-06T12:41:30+00:00\" \/>\n<meta property=\"og:image\" content=\"https:\/\/www.sesamo.eu\/wp-content\/uploads\/2021\/01\/thumb_DSCN6404.jpeg\" \/>\n\t<meta property=\"og:image:width\" content=\"670\" \/>\n\t<meta property=\"og:image:height\" content=\"414\" \/>\n\t<meta property=\"og:image:type\" content=\"image\/jpeg\" \/>\n<meta name=\"twitter:card\" content=\"summary_large_image\" \/>\n<meta name=\"twitter:label1\" content=\"Dur\u00e9e de lecture estim\u00e9e\" \/>\n\t<meta name=\"twitter:data1\" content=\"1 minute\" \/>\n<script type=\"application\/ld+json\" class=\"yoast-schema-graph\">{\"@context\":\"https:\/\/schema.org\",\"@graph\":[{\"@type\":\"WebPage\",\"@id\":\"https:\/\/www.sesamo.eu\/fr\/prodotto\/vingt\/\",\"url\":\"https:\/\/www.sesamo.eu\/fr\/prodotto\/vingt\/\",\"name\":\"TWENTY - SESAMO\",\"isPartOf\":{\"@id\":\"https:\/\/www.sesamo.eu\/fr\/#website\"},\"primaryImageOfPage\":{\"@id\":\"https:\/\/www.sesamo.eu\/fr\/prodotto\/vingt\/#primaryimage\"},\"image\":{\"@id\":\"https:\/\/www.sesamo.eu\/fr\/prodotto\/vingt\/#primaryimage\"},\"thumbnailUrl\":\"https:\/\/www.sesamo.eu\/wp-content\/uploads\/2021\/01\/thumb_DSCN6404.jpeg\",\"datePublished\":\"2021-01-19T20:55:26+00:00\",\"dateModified\":\"2022-09-06T12:41:30+00:00\",\"breadcrumb\":{\"@id\":\"https:\/\/www.sesamo.eu\/fr\/prodotto\/vingt\/#breadcrumb\"},\"inLanguage\":\"fr-FR\",\"potentialAction\":[{\"@type\":\"ReadAction\",\"target\":[\"https:\/\/www.sesamo.eu\/fr\/prodotto\/vingt\/\"]}]},{\"@type\":\"ImageObject\",\"inLanguage\":\"fr-FR\",\"@id\":\"https:\/\/www.sesamo.eu\/fr\/prodotto\/vingt\/#primaryimage\",\"url\":\"https:\/\/www.sesamo.eu\/wp-content\/uploads\/2021\/01\/thumb_DSCN6404.jpeg\",\"contentUrl\":\"https:\/\/www.sesamo.eu\/wp-content\/uploads\/2021\/01\/thumb_DSCN6404.jpeg\",\"width\":670,\"height\":414},{\"@type\":\"BreadcrumbList\",\"@id\":\"https:\/\/www.sesamo.eu\/fr\/prodotto\/vingt\/#breadcrumb\",\"itemListElement\":[{\"@type\":\"ListItem\",\"position\":1,\"name\":\"Home\",\"item\":\"https:\/\/www.sesamo.eu\/fr\/accueil\/\"},{\"@type\":\"ListItem\",\"position\":2,\"name\":\"Boutique\",\"item\":\"https:\/\/www.sesamo.eu\/fr\/boutique\/\"},{\"@type\":\"ListItem\",\"position\":3,\"name\":\"TWENTY\"}]},{\"@type\":\"WebSite\",\"@id\":\"https:\/\/www.sesamo.eu\/fr\/#website\",\"url\":\"https:\/\/www.sesamo.eu\/fr\/\",\"name\":\"SESAMO\",\"description\":\"Ingressi automatici\",\"publisher\":{\"@id\":\"https:\/\/www.sesamo.eu\/fr\/#organization\"},\"potentialAction\":[{\"@type\":\"SearchAction\",\"target\":{\"@type\":\"EntryPoint\",\"urlTemplate\":\"https:\/\/www.sesamo.eu\/fr\/?s={search_term_string}\"},\"query-input\":{\"@type\":\"PropertyValueSpecification\",\"valueRequired\":true,\"valueName\":\"search_term_string\"}}],\"inLanguage\":\"fr-FR\"},{\"@type\":\"Organization\",\"@id\":\"https:\/\/www.sesamo.eu\/fr\/#organization\",\"name\":\"SESAMO\",\"url\":\"https:\/\/www.sesamo.eu\/fr\/\",\"logo\":{\"@type\":\"ImageObject\",\"inLanguage\":\"fr-FR\",\"@id\":\"https:\/\/www.sesamo.eu\/fr\/#\/schema\/logo\/image\/\",\"url\":\"https:\/\/www.sesamo.eu\/wp-content\/uploads\/2020\/10\/cropped-Logo_Sesamo.png\",\"contentUrl\":\"https:\/\/www.sesamo.eu\/wp-content\/uploads\/2020\/10\/cropped-Logo_Sesamo.png\",\"width\":512,\"height\":512,\"caption\":\"SESAMO\"},\"image\":{\"@id\":\"https:\/\/www.sesamo.eu\/fr\/#\/schema\/logo\/image\/\"}}]}<\/script>\n<!-- \/ Yoast SEO plugin. -->","yoast_head_json":{"title":"TWENTY - SESAMO","robots":{"index":"index","follow":"follow","max-snippet":"max-snippet:-1","max-image-preview":"max-image-preview:large","max-video-preview":"max-video-preview:-1"},"canonical":"https:\/\/www.sesamo.eu\/fr\/prodotto\/vingt\/","og_locale":"fr_FR","og_type":"article","og_title":"TWENTY - SESAMO","og_description":"LE PROFIL POLYVALENT ET INNOVANT POUR LES PORTES COULISSANTES Un profil aux lignes douces et aux dimensions r\u00e9duites, le meilleur de la technologie avec un design raffin\u00e9 et contemporain. Destin\u00e9 \u00e0 cr\u00e9er des portes et des fen\u00eatres parfaitement fonctionnelles et esth\u00e9tiquement impeccables avec une ou plusieurs portes, ses formes lin\u00e9aires et l\u00e9g\u00e8res lui permettent d&rsquo;\u00eatre [&hellip;]","og_url":"https:\/\/www.sesamo.eu\/fr\/prodotto\/vingt\/","og_site_name":"SESAMO","article_modified_time":"2022-09-06T12:41:30+00:00","og_image":[{"width":670,"height":414,"url":"https:\/\/www.sesamo.eu\/wp-content\/uploads\/2021\/01\/thumb_DSCN6404.jpeg","type":"image\/jpeg"}],"twitter_card":"summary_large_image","twitter_misc":{"Dur\u00e9e de lecture estim\u00e9e":"1 minute"},"schema":{"@context":"https:\/\/schema.org","@graph":[{"@type":"WebPage","@id":"https:\/\/www.sesamo.eu\/fr\/prodotto\/vingt\/","url":"https:\/\/www.sesamo.eu\/fr\/prodotto\/vingt\/","name":"TWENTY - SESAMO","isPartOf":{"@id":"https:\/\/www.sesamo.eu\/fr\/#website"},"primaryImageOfPage":{"@id":"https:\/\/www.sesamo.eu\/fr\/prodotto\/vingt\/#primaryimage"},"image":{"@id":"https:\/\/www.sesamo.eu\/fr\/prodotto\/vingt\/#primaryimage"},"thumbnailUrl":"https:\/\/www.sesamo.eu\/wp-content\/uploads\/2021\/01\/thumb_DSCN6404.jpeg","datePublished":"2021-01-19T20:55:26+00:00","dateModified":"2022-09-06T12:41:30+00:00","breadcrumb":{"@id":"https:\/\/www.sesamo.eu\/fr\/prodotto\/vingt\/#breadcrumb"},"inLanguage":"fr-FR","potentialAction":[{"@type":"ReadAction","target":["https:\/\/www.sesamo.eu\/fr\/prodotto\/vingt\/"]}]},{"@type":"ImageObject","inLanguage":"fr-FR","@id":"https:\/\/www.sesamo.eu\/fr\/prodotto\/vingt\/#primaryimage","url":"https:\/\/www.sesamo.eu\/wp-content\/uploads\/2021\/01\/thumb_DSCN6404.jpeg","contentUrl":"https:\/\/www.sesamo.eu\/wp-content\/uploads\/2021\/01\/thumb_DSCN6404.jpeg","width":670,"height":414},{"@type":"BreadcrumbList","@id":"https:\/\/www.sesamo.eu\/fr\/prodotto\/vingt\/#breadcrumb","itemListElement":[{"@type":"ListItem","position":1,"name":"Home","item":"https:\/\/www.sesamo.eu\/fr\/accueil\/"},{"@type":"ListItem","position":2,"name":"Boutique","item":"https:\/\/www.sesamo.eu\/fr\/boutique\/"},{"@type":"ListItem","position":3,"name":"TWENTY"}]},{"@type":"WebSite","@id":"https:\/\/www.sesamo.eu\/fr\/#website","url":"https:\/\/www.sesamo.eu\/fr\/","name":"SESAMO","description":"Ingressi automatici","publisher":{"@id":"https:\/\/www.sesamo.eu\/fr\/#organization"},"potentialAction":[{"@type":"SearchAction","target":{"@type":"EntryPoint","urlTemplate":"https:\/\/www.sesamo.eu\/fr\/?s={search_term_string}"},"query-input":{"@type":"PropertyValueSpecification","valueRequired":true,"valueName":"search_term_string"}}],"inLanguage":"fr-FR"},{"@type":"Organization","@id":"https:\/\/www.sesamo.eu\/fr\/#organization","name":"SESAMO","url":"https:\/\/www.sesamo.eu\/fr\/","logo":{"@type":"ImageObject","inLanguage":"fr-FR","@id":"https:\/\/www.sesamo.eu\/fr\/#\/schema\/logo\/image\/","url":"https:\/\/www.sesamo.eu\/wp-content\/uploads\/2020\/10\/cropped-Logo_Sesamo.png","contentUrl":"https:\/\/www.sesamo.eu\/wp-content\/uploads\/2020\/10\/cropped-Logo_Sesamo.png","width":512,"height":512,"caption":"SESAMO"},"image":{"@id":"https:\/\/www.sesamo.eu\/fr\/#\/schema\/logo\/image\/"}}]}},"_links":{"self":[{"href":"https:\/\/www.sesamo.eu\/fr\/wp-json\/wp\/v2\/product\/3427","targetHints":{"allow":["GET"]}}],"collection":[{"href":"https:\/\/www.sesamo.eu\/fr\/wp-json\/wp\/v2\/product"}],"about":[{"href":"https:\/\/www.sesamo.eu\/fr\/wp-json\/wp\/v2\/types\/product"}],"replies":[{"embeddable":true,"href":"https:\/\/www.sesamo.eu\/fr\/wp-json\/wp\/v2\/comments?post=3427"}],"wp:featuredmedia":[{"embeddable":true,"href":"https:\/\/www.sesamo.eu\/fr\/wp-json\/wp\/v2\/media\/2612"}],"wp:attachment":[{"href":"https:\/\/www.sesamo.eu\/fr\/wp-json\/wp\/v2\/media?parent=3427"}],"wp:term":[{"taxonomy":"product_brand","embeddable":true,"href":"https:\/\/www.sesamo.eu\/fr\/wp-json\/wp\/v2\/product_brand?post=3427"},{"taxonomy":"product_cat","embeddable":true,"href":"https:\/\/www.sesamo.eu\/fr\/wp-json\/wp\/v2\/product_cat?post=3427"},{"taxonomy":"product_tag","embeddable":true,"href":"https:\/\/www.sesamo.eu\/fr\/wp-json\/wp\/v2\/product_tag?post=3427"}],"curies":[{"name":"wp","href":"https:\/\/api.w.org\/{rel}","templated":true}]}}