{"id":3434,"date":"2021-01-19T21:08:06","date_gmt":"2021-01-19T21:08:06","guid":{"rendered":"https:\/\/sesamo.eu\/prodotto\/smartpro\/"},"modified":"2023-02-21T09:55:06","modified_gmt":"2023-02-21T09:55:06","slug":"smartpro","status":"publish","type":"product","link":"https:\/\/www.sesamo.eu\/fr\/prodotto\/smartpro\/","title":{"rendered":"SMARTPRO"},"content":{"rendered":"<p>Op\u00e9rateur de porte battante con\u00e7u pour simplifier au maximum les activit\u00e9s d&rsquo;installation et de programmation. SmartPRO est \u00e9quip\u00e9 de solutions m\u00e9caniques innovantes qui garantissent une utilisation intensive et une longue dur\u00e9e de vie. Le nombre limit\u00e9 de pi\u00e8ces m\u00e9caniques internes combin\u00e9 \u00e0 la centrale \u00e9lectronique qui recueille la synth\u00e8se du savoir-faire de Sesamo dans la conception d&rsquo;automatismes pour entr\u00e9es automatiques, garantissent les plus hauts standards de fiabilit\u00e9 et la pleine conformit\u00e9 \u00e0 la norme europ\u00e9enne EN 16005. Le c\u0153ur innovant de l&rsquo;op\u00e9rateur est repr\u00e9sent\u00e9 par la transmission, compos\u00e9e du motor\u00e9ducteur d\u00e9j\u00e0 utilis\u00e9 avec d&rsquo;excellents r\u00e9sultats de qualit\u00e9 dans d&rsquo;autres automatismes de la gamme Sesamo, combin\u00e9 \u00e0 un seul \u00e9tage de r\u00e9duction r\u00e9alis\u00e9 avec une cha\u00eene \u00e0 rouleaux \u00e0 lubrification \u00e9tanche (autolubrifiante). Cette solution implique une longue dur\u00e9e de vie et aucun entretien. Le syst\u00e8me est compl\u00e9t\u00e9 par un accumulateur d&rsquo;\u00e9nergie m\u00e9canique r\u00e9alis\u00e9 avec un ressort \u00e0 ruban sp\u00e9cial et innovant test\u00e9 pour assurer un fonctionnement d\u00e9passant un million de cycles d&rsquo;ouverture et de fermeture.<\/p>\n<p>PRINCIPALES CARACT\u00c9RISTIQUES TECHNIQUES<\/p>\n<p>\u2022 Possibilit\u00e9 de g\u00e9rer diff\u00e9rents types de serrures \u00e9lectriques avec diff\u00e9rentes valeurs de puissance<\/p>\n<p>\u2022 Ressort en acier harmonique \u00e0 haute r\u00e9sistance, durant plus d&rsquo;un million de cycles complets d&rsquo;ouverture\/fermeture<\/p>\n<p>\u2022 Configuration et mise en service directement sur l&rsquo;unit\u00e9 de contr\u00f4le<\/p>\n<p>\u2022 Commandes avec diff\u00e9rents types de s\u00e9lecteurs de fonctions et en WiFi avec l&rsquo;application Sesamo<\/p>\n<p>\u2022 Syst\u00e8me de transmission avec cha\u00eene autolubrifiante sans entretien<\/p>\n<p>\u2022 Fonction PUSH &amp; GO et Verrouillage<\/p>\n<p>\u2022 Pr\u00e9disposition des capteurs sur CAN-BUS<\/p>\n<p>\u2022 Interrupteurs embarqu\u00e9s standard, ON\/OFF et s\u00e9lecteur 3 logiques<\/p>\n<p>VIDEO<\/p>\n<div style=\"width: 640px;\" class=\"wp-video\"><video class=\"wp-video-shortcode\" id=\"video-3434-1\" width=\"640\" height=\"480\" loop autoplay preload=\"metadata\" controls=\"controls\"><source type=\"video\/mp4\" src=\"https:\/\/www.sesamo.eu\/wp-content\/uploads\/2021\/01\/SmartPro_MUSICA-FG-fra.mp4?_=1\" \/><a href=\"https:\/\/www.sesamo.eu\/wp-content\/uploads\/2021\/01\/SmartPro_MUSICA-FG-fra.mp4\">https:\/\/www.sesamo.eu\/wp-content\/uploads\/2021\/01\/SmartPro_MUSICA-FG-fra.mp4<\/a><\/video><\/div>\n","protected":false},"excerpt":{"rendered":"<p>Op\u00e9rateur adapt\u00e9 \u00e0 tout type d&rsquo;entr\u00e9e sur portes int\u00e9rieures et ext\u00e9rieures, polyvalent, puissant et s\u00fbr.<\/p>\n","protected":false},"featured_media":3852,"comment_status":"open","ping_status":"closed","template":"","meta":{"_acf_changed":false,"_et_pb_use_builder":"","_et_pb_old_content":"","_et_gb_content_width":""},"product_brand":[],"product_cat":[68,89],"product_tag":[],"class_list":{"0":"post-3434","1":"product","2":"type-product","3":"status-publish","4":"has-post-thumbnail","6":"product_cat-automatisme-pour-portes","7":"product_cat-operateurs-de-portes-battantes","9":"first","10":"instock","11":"shipping-taxable","12":"product-type-simple"},"acf":[],"yoast_head":"<!-- This site is optimized with the Yoast SEO plugin v27.2 - https:\/\/yoast.com\/product\/yoast-seo-wordpress\/ -->\n<title>SMARTPRO - SESAMO<\/title>\n<meta name=\"robots\" content=\"index, follow, max-snippet:-1, max-image-preview:large, max-video-preview:-1\" \/>\n<link rel=\"canonical\" href=\"https:\/\/www.sesamo.eu\/fr\/prodotto\/smartpro\/\" \/>\n<meta property=\"og:locale\" content=\"fr_FR\" \/>\n<meta property=\"og:type\" content=\"article\" \/>\n<meta property=\"og:title\" content=\"SMARTPRO - SESAMO\" \/>\n<meta property=\"og:description\" content=\"Op\u00e9rateur adapt\u00e9 \u00e0 tout type d&#039;entr\u00e9e sur portes int\u00e9rieures et ext\u00e9rieures, polyvalent, puissant et s\u00fbr.\" \/>\n<meta property=\"og:url\" content=\"https:\/\/www.sesamo.eu\/fr\/prodotto\/smartpro\/\" \/>\n<meta property=\"og:site_name\" content=\"SESAMO\" \/>\n<meta property=\"article:modified_time\" content=\"2023-02-21T09:55:06+00:00\" \/>\n<meta property=\"og:image\" content=\"https:\/\/www.sesamo.eu\/wp-content\/uploads\/2021\/01\/20200508_091442-1.png\" \/>\n\t<meta property=\"og:image:width\" content=\"805\" \/>\n\t<meta property=\"og:image:height\" content=\"325\" \/>\n\t<meta property=\"og:image:type\" content=\"image\/png\" \/>\n<meta name=\"twitter:card\" content=\"summary_large_image\" \/>\n<meta name=\"twitter:label1\" content=\"Dur\u00e9e de lecture estim\u00e9e\" \/>\n\t<meta name=\"twitter:data1\" content=\"1 minute\" \/>\n<script type=\"application\/ld+json\" class=\"yoast-schema-graph\">{\"@context\":\"https:\/\/schema.org\",\"@graph\":[{\"@type\":\"WebPage\",\"@id\":\"https:\/\/www.sesamo.eu\/fr\/prodotto\/smartpro\/\",\"url\":\"https:\/\/www.sesamo.eu\/fr\/prodotto\/smartpro\/\",\"name\":\"SMARTPRO - SESAMO\",\"isPartOf\":{\"@id\":\"https:\/\/www.sesamo.eu\/fr\/#website\"},\"primaryImageOfPage\":{\"@id\":\"https:\/\/www.sesamo.eu\/fr\/prodotto\/smartpro\/#primaryimage\"},\"image\":{\"@id\":\"https:\/\/www.sesamo.eu\/fr\/prodotto\/smartpro\/#primaryimage\"},\"thumbnailUrl\":\"https:\/\/www.sesamo.eu\/wp-content\/uploads\/2021\/01\/20200508_091442-1.png\",\"datePublished\":\"2021-01-19T21:08:06+00:00\",\"dateModified\":\"2023-02-21T09:55:06+00:00\",\"breadcrumb\":{\"@id\":\"https:\/\/www.sesamo.eu\/fr\/prodotto\/smartpro\/#breadcrumb\"},\"inLanguage\":\"fr-FR\",\"potentialAction\":[{\"@type\":\"ReadAction\",\"target\":[\"https:\/\/www.sesamo.eu\/fr\/prodotto\/smartpro\/\"]}]},{\"@type\":\"ImageObject\",\"inLanguage\":\"fr-FR\",\"@id\":\"https:\/\/www.sesamo.eu\/fr\/prodotto\/smartpro\/#primaryimage\",\"url\":\"https:\/\/www.sesamo.eu\/wp-content\/uploads\/2021\/01\/20200508_091442-1.png\",\"contentUrl\":\"https:\/\/www.sesamo.eu\/wp-content\/uploads\/2021\/01\/20200508_091442-1.png\",\"width\":805,\"height\":325},{\"@type\":\"BreadcrumbList\",\"@id\":\"https:\/\/www.sesamo.eu\/fr\/prodotto\/smartpro\/#breadcrumb\",\"itemListElement\":[{\"@type\":\"ListItem\",\"position\":1,\"name\":\"Home\",\"item\":\"https:\/\/www.sesamo.eu\/fr\/accueil\/\"},{\"@type\":\"ListItem\",\"position\":2,\"name\":\"Boutique\",\"item\":\"https:\/\/www.sesamo.eu\/fr\/boutique\/\"},{\"@type\":\"ListItem\",\"position\":3,\"name\":\"SMARTPRO\"}]},{\"@type\":\"WebSite\",\"@id\":\"https:\/\/www.sesamo.eu\/fr\/#website\",\"url\":\"https:\/\/www.sesamo.eu\/fr\/\",\"name\":\"SESAMO\",\"description\":\"Ingressi automatici\",\"publisher\":{\"@id\":\"https:\/\/www.sesamo.eu\/fr\/#organization\"},\"potentialAction\":[{\"@type\":\"SearchAction\",\"target\":{\"@type\":\"EntryPoint\",\"urlTemplate\":\"https:\/\/www.sesamo.eu\/fr\/?s={search_term_string}\"},\"query-input\":{\"@type\":\"PropertyValueSpecification\",\"valueRequired\":true,\"valueName\":\"search_term_string\"}}],\"inLanguage\":\"fr-FR\"},{\"@type\":\"Organization\",\"@id\":\"https:\/\/www.sesamo.eu\/fr\/#organization\",\"name\":\"SESAMO\",\"url\":\"https:\/\/www.sesamo.eu\/fr\/\",\"logo\":{\"@type\":\"ImageObject\",\"inLanguage\":\"fr-FR\",\"@id\":\"https:\/\/www.sesamo.eu\/fr\/#\/schema\/logo\/image\/\",\"url\":\"https:\/\/www.sesamo.eu\/wp-content\/uploads\/2020\/10\/cropped-Logo_Sesamo.png\",\"contentUrl\":\"https:\/\/www.sesamo.eu\/wp-content\/uploads\/2020\/10\/cropped-Logo_Sesamo.png\",\"width\":512,\"height\":512,\"caption\":\"SESAMO\"},\"image\":{\"@id\":\"https:\/\/www.sesamo.eu\/fr\/#\/schema\/logo\/image\/\"}}]}<\/script>\n<!-- \/ Yoast SEO plugin. -->","yoast_head_json":{"title":"SMARTPRO - SESAMO","robots":{"index":"index","follow":"follow","max-snippet":"max-snippet:-1","max-image-preview":"max-image-preview:large","max-video-preview":"max-video-preview:-1"},"canonical":"https:\/\/www.sesamo.eu\/fr\/prodotto\/smartpro\/","og_locale":"fr_FR","og_type":"article","og_title":"SMARTPRO - SESAMO","og_description":"Op\u00e9rateur adapt\u00e9 \u00e0 tout type d'entr\u00e9e sur portes int\u00e9rieures et ext\u00e9rieures, polyvalent, puissant et s\u00fbr.","og_url":"https:\/\/www.sesamo.eu\/fr\/prodotto\/smartpro\/","og_site_name":"SESAMO","article_modified_time":"2023-02-21T09:55:06+00:00","og_image":[{"url":"https:\/\/www.sesamo.eu\/wp-content\/uploads\/2021\/01\/20200508_091442-1.png","width":805,"height":325,"type":"image\/png"}],"twitter_card":"summary_large_image","twitter_misc":{"Dur\u00e9e de lecture estim\u00e9e":"1 minute"},"schema":{"@context":"https:\/\/schema.org","@graph":[{"@type":"WebPage","@id":"https:\/\/www.sesamo.eu\/fr\/prodotto\/smartpro\/","url":"https:\/\/www.sesamo.eu\/fr\/prodotto\/smartpro\/","name":"SMARTPRO - SESAMO","isPartOf":{"@id":"https:\/\/www.sesamo.eu\/fr\/#website"},"primaryImageOfPage":{"@id":"https:\/\/www.sesamo.eu\/fr\/prodotto\/smartpro\/#primaryimage"},"image":{"@id":"https:\/\/www.sesamo.eu\/fr\/prodotto\/smartpro\/#primaryimage"},"thumbnailUrl":"https:\/\/www.sesamo.eu\/wp-content\/uploads\/2021\/01\/20200508_091442-1.png","datePublished":"2021-01-19T21:08:06+00:00","dateModified":"2023-02-21T09:55:06+00:00","breadcrumb":{"@id":"https:\/\/www.sesamo.eu\/fr\/prodotto\/smartpro\/#breadcrumb"},"inLanguage":"fr-FR","potentialAction":[{"@type":"ReadAction","target":["https:\/\/www.sesamo.eu\/fr\/prodotto\/smartpro\/"]}]},{"@type":"ImageObject","inLanguage":"fr-FR","@id":"https:\/\/www.sesamo.eu\/fr\/prodotto\/smartpro\/#primaryimage","url":"https:\/\/www.sesamo.eu\/wp-content\/uploads\/2021\/01\/20200508_091442-1.png","contentUrl":"https:\/\/www.sesamo.eu\/wp-content\/uploads\/2021\/01\/20200508_091442-1.png","width":805,"height":325},{"@type":"BreadcrumbList","@id":"https:\/\/www.sesamo.eu\/fr\/prodotto\/smartpro\/#breadcrumb","itemListElement":[{"@type":"ListItem","position":1,"name":"Home","item":"https:\/\/www.sesamo.eu\/fr\/accueil\/"},{"@type":"ListItem","position":2,"name":"Boutique","item":"https:\/\/www.sesamo.eu\/fr\/boutique\/"},{"@type":"ListItem","position":3,"name":"SMARTPRO"}]},{"@type":"WebSite","@id":"https:\/\/www.sesamo.eu\/fr\/#website","url":"https:\/\/www.sesamo.eu\/fr\/","name":"SESAMO","description":"Ingressi automatici","publisher":{"@id":"https:\/\/www.sesamo.eu\/fr\/#organization"},"potentialAction":[{"@type":"SearchAction","target":{"@type":"EntryPoint","urlTemplate":"https:\/\/www.sesamo.eu\/fr\/?s={search_term_string}"},"query-input":{"@type":"PropertyValueSpecification","valueRequired":true,"valueName":"search_term_string"}}],"inLanguage":"fr-FR"},{"@type":"Organization","@id":"https:\/\/www.sesamo.eu\/fr\/#organization","name":"SESAMO","url":"https:\/\/www.sesamo.eu\/fr\/","logo":{"@type":"ImageObject","inLanguage":"fr-FR","@id":"https:\/\/www.sesamo.eu\/fr\/#\/schema\/logo\/image\/","url":"https:\/\/www.sesamo.eu\/wp-content\/uploads\/2020\/10\/cropped-Logo_Sesamo.png","contentUrl":"https:\/\/www.sesamo.eu\/wp-content\/uploads\/2020\/10\/cropped-Logo_Sesamo.png","width":512,"height":512,"caption":"SESAMO"},"image":{"@id":"https:\/\/www.sesamo.eu\/fr\/#\/schema\/logo\/image\/"}}]}},"_links":{"self":[{"href":"https:\/\/www.sesamo.eu\/fr\/wp-json\/wp\/v2\/product\/3434","targetHints":{"allow":["GET"]}}],"collection":[{"href":"https:\/\/www.sesamo.eu\/fr\/wp-json\/wp\/v2\/product"}],"about":[{"href":"https:\/\/www.sesamo.eu\/fr\/wp-json\/wp\/v2\/types\/product"}],"replies":[{"embeddable":true,"href":"https:\/\/www.sesamo.eu\/fr\/wp-json\/wp\/v2\/comments?post=3434"}],"wp:featuredmedia":[{"embeddable":true,"href":"https:\/\/www.sesamo.eu\/fr\/wp-json\/wp\/v2\/media\/3852"}],"wp:attachment":[{"href":"https:\/\/www.sesamo.eu\/fr\/wp-json\/wp\/v2\/media?parent=3434"}],"wp:term":[{"taxonomy":"product_brand","embeddable":true,"href":"https:\/\/www.sesamo.eu\/fr\/wp-json\/wp\/v2\/product_brand?post=3434"},{"taxonomy":"product_cat","embeddable":true,"href":"https:\/\/www.sesamo.eu\/fr\/wp-json\/wp\/v2\/product_cat?post=3434"},{"taxonomy":"product_tag","embeddable":true,"href":"https:\/\/www.sesamo.eu\/fr\/wp-json\/wp\/v2\/product_tag?post=3434"}],"curies":[{"name":"wp","href":"https:\/\/api.w.org\/{rel}","templated":true}]}}