{"id":3440,"date":"2021-01-19T20:54:21","date_gmt":"2021-01-19T20:54:21","guid":{"rendered":"https:\/\/sesamo.eu\/prodotto\/s30\/"},"modified":"2022-02-21T09:45:51","modified_gmt":"2022-02-21T09:45:51","slug":"s30","status":"publish","type":"product","link":"https:\/\/www.sesamo.eu\/fr\/prodotto\/s30\/","title":{"rendered":"S30"},"content":{"rendered":"<p>La nouvelle s\u00e9rie a \u00e9t\u00e9 con\u00e7ue et construite pour garantir les meilleures performances en termes de r\u00e9sistance, l\u00e9g\u00e8ret\u00e9 et polyvalence, un compl\u00e9ment parfait aux automatismes Dualcore pour la cr\u00e9ation d&rsquo;entr\u00e9es automatiques dans le plein respect des normes de s\u00e9curit\u00e9 internationales.<\/p>\n<p>Facilit\u00e9 maximale de traitement, d&rsquo;assemblage et d&rsquo;installation, coupes \u00e0 90 \u00b0, assemblage au moyen de supports d&rsquo;alignement et de vis autotaraudeuses.<\/p>\n<p><strong><em>Caract\u00e9ristiques principales<\/em><\/strong> <em>:<\/em><\/p>\n<ul>\n<li><em>les si\u00e8ges pour coulisser sur le coulisseau et pour ins\u00e9rer la brosse d&rsquo;\u00e9tanch\u00e9it\u00e9 au sol sont obtenus dans le profil inf\u00e9rieur du vantail mobile&nbsp;;<\/em><\/li>\n<li><em>nombre limit\u00e9 de matrices pour composer une trame compl\u00e8te ;<\/em><\/li>\n<li><em>deux types de joints diff\u00e9rents permettent une utilisation avec des vitrages tremp\u00e9s, feuillet\u00e9s ou doubles, jusqu&rsquo;\u00e0 une \u00e9paisseur maximale de 25 mm&nbsp;;<\/em><\/li>\n<li><em>fermeture centrale entre les portes coulissantes avec joint \u00e0 double feuillure avec verrouillage;<\/em><\/li>\n<li><em>\u00e9tanch\u00e9it\u00e9 \u00e0 l&rsquo;air entre porte coulissante et porte fixe avec labyrinthe en aluminium ou joint de pression&nbsp;;<\/em><\/li>\n<li><em>le profil transversal sup\u00e9rieur ne n\u00e9cessite aucun adaptateur suppl\u00e9mentaire pour accrocher les chariots&nbsp;;<\/em><\/li>\n<li><em>la fen\u00eatre peut \u00eatre int\u00e9gr\u00e9e avec diff\u00e9rents types de fermetures et de serrures&nbsp;;<\/em><\/li>\n<li><em>profil\u00e9s fournis en finition argent ou anodis\u00e9 brut&nbsp;; Il est possible de demander une peinture RAL standard ou sp\u00e9ciale \u00e0 partir d&rsquo;un \u00e9chantillon<\/em><\/li>\n<\/ul>\n","protected":false},"excerpt":{"rendered":"<p><strong>SESAMO<\/strong> a le plaisir de pr\u00e9senter la nouvelle gamme de profil\u00e9s en aluminium pour portes coulissantes automatiques <strong>S30,<\/strong> une <strong>s\u00e9rie<\/strong> qui \u00e9largit la gamme de profil\u00e9s pour portes et fen\u00eatres automatiques.<\/p>\n","protected":false},"featured_media":2600,"comment_status":"open","ping_status":"closed","template":"","meta":{"_acf_changed":false,"_et_pb_use_builder":"","_et_pb_old_content":"","_et_gb_content_width":""},"product_brand":[],"product_cat":[86],"product_tag":[],"class_list":{"0":"post-3440","1":"product","2":"type-product","3":"status-publish","4":"has-post-thumbnail","6":"product_cat-profils-et-fenetres","8":"first","9":"instock","10":"shipping-taxable","11":"product-type-simple"},"acf":[],"yoast_head":"<!-- This site is optimized with the Yoast SEO plugin v27.2 - https:\/\/yoast.com\/product\/yoast-seo-wordpress\/ -->\n<title>S30 - SESAMO<\/title>\n<meta name=\"robots\" content=\"index, follow, max-snippet:-1, max-image-preview:large, max-video-preview:-1\" \/>\n<link rel=\"canonical\" href=\"https:\/\/www.sesamo.eu\/fr\/prodotto\/s30\/\" \/>\n<meta property=\"og:locale\" content=\"fr_FR\" \/>\n<meta property=\"og:type\" content=\"article\" \/>\n<meta property=\"og:title\" content=\"S30 - SESAMO\" \/>\n<meta property=\"og:description\" content=\"SESAMO a le plaisir de pr\u00e9senter la nouvelle gamme de profil\u00e9s en aluminium pour portes coulissantes automatiques S30, une s\u00e9rie qui \u00e9largit la gamme de profil\u00e9s pour portes et fen\u00eatres automatiques.\" \/>\n<meta property=\"og:url\" content=\"https:\/\/www.sesamo.eu\/fr\/prodotto\/s30\/\" \/>\n<meta property=\"og:site_name\" content=\"SESAMO\" \/>\n<meta property=\"article:modified_time\" content=\"2022-02-21T09:45:51+00:00\" \/>\n<meta property=\"og:image\" content=\"https:\/\/www.sesamo.eu\/wp-content\/uploads\/2021\/01\/thumb_IMG_0409.jpeg\" \/>\n\t<meta property=\"og:image:width\" content=\"552\" \/>\n\t<meta property=\"og:image:height\" content=\"414\" \/>\n\t<meta property=\"og:image:type\" content=\"image\/jpeg\" \/>\n<meta name=\"twitter:card\" content=\"summary_large_image\" \/>\n<meta name=\"twitter:label1\" content=\"Dur\u00e9e de lecture estim\u00e9e\" \/>\n\t<meta name=\"twitter:data1\" content=\"1 minute\" \/>\n<script type=\"application\/ld+json\" class=\"yoast-schema-graph\">{\"@context\":\"https:\/\/schema.org\",\"@graph\":[{\"@type\":\"WebPage\",\"@id\":\"https:\/\/www.sesamo.eu\/fr\/prodotto\/s30\/\",\"url\":\"https:\/\/www.sesamo.eu\/fr\/prodotto\/s30\/\",\"name\":\"S30 - SESAMO\",\"isPartOf\":{\"@id\":\"https:\/\/www.sesamo.eu\/fr\/#website\"},\"primaryImageOfPage\":{\"@id\":\"https:\/\/www.sesamo.eu\/fr\/prodotto\/s30\/#primaryimage\"},\"image\":{\"@id\":\"https:\/\/www.sesamo.eu\/fr\/prodotto\/s30\/#primaryimage\"},\"thumbnailUrl\":\"https:\/\/www.sesamo.eu\/wp-content\/uploads\/2021\/01\/thumb_IMG_0409.jpeg\",\"datePublished\":\"2021-01-19T20:54:21+00:00\",\"dateModified\":\"2022-02-21T09:45:51+00:00\",\"breadcrumb\":{\"@id\":\"https:\/\/www.sesamo.eu\/fr\/prodotto\/s30\/#breadcrumb\"},\"inLanguage\":\"fr-FR\",\"potentialAction\":[{\"@type\":\"ReadAction\",\"target\":[\"https:\/\/www.sesamo.eu\/fr\/prodotto\/s30\/\"]}]},{\"@type\":\"ImageObject\",\"inLanguage\":\"fr-FR\",\"@id\":\"https:\/\/www.sesamo.eu\/fr\/prodotto\/s30\/#primaryimage\",\"url\":\"https:\/\/www.sesamo.eu\/wp-content\/uploads\/2021\/01\/thumb_IMG_0409.jpeg\",\"contentUrl\":\"https:\/\/www.sesamo.eu\/wp-content\/uploads\/2021\/01\/thumb_IMG_0409.jpeg\",\"width\":552,\"height\":414},{\"@type\":\"BreadcrumbList\",\"@id\":\"https:\/\/www.sesamo.eu\/fr\/prodotto\/s30\/#breadcrumb\",\"itemListElement\":[{\"@type\":\"ListItem\",\"position\":1,\"name\":\"Home\",\"item\":\"https:\/\/www.sesamo.eu\/fr\/accueil\/\"},{\"@type\":\"ListItem\",\"position\":2,\"name\":\"Boutique\",\"item\":\"https:\/\/www.sesamo.eu\/fr\/boutique\/\"},{\"@type\":\"ListItem\",\"position\":3,\"name\":\"S30\"}]},{\"@type\":\"WebSite\",\"@id\":\"https:\/\/www.sesamo.eu\/fr\/#website\",\"url\":\"https:\/\/www.sesamo.eu\/fr\/\",\"name\":\"SESAMO\",\"description\":\"Ingressi automatici\",\"publisher\":{\"@id\":\"https:\/\/www.sesamo.eu\/fr\/#organization\"},\"potentialAction\":[{\"@type\":\"SearchAction\",\"target\":{\"@type\":\"EntryPoint\",\"urlTemplate\":\"https:\/\/www.sesamo.eu\/fr\/?s={search_term_string}\"},\"query-input\":{\"@type\":\"PropertyValueSpecification\",\"valueRequired\":true,\"valueName\":\"search_term_string\"}}],\"inLanguage\":\"fr-FR\"},{\"@type\":\"Organization\",\"@id\":\"https:\/\/www.sesamo.eu\/fr\/#organization\",\"name\":\"SESAMO\",\"url\":\"https:\/\/www.sesamo.eu\/fr\/\",\"logo\":{\"@type\":\"ImageObject\",\"inLanguage\":\"fr-FR\",\"@id\":\"https:\/\/www.sesamo.eu\/fr\/#\/schema\/logo\/image\/\",\"url\":\"https:\/\/www.sesamo.eu\/wp-content\/uploads\/2020\/10\/cropped-Logo_Sesamo.png\",\"contentUrl\":\"https:\/\/www.sesamo.eu\/wp-content\/uploads\/2020\/10\/cropped-Logo_Sesamo.png\",\"width\":512,\"height\":512,\"caption\":\"SESAMO\"},\"image\":{\"@id\":\"https:\/\/www.sesamo.eu\/fr\/#\/schema\/logo\/image\/\"}}]}<\/script>\n<!-- \/ Yoast SEO plugin. -->","yoast_head_json":{"title":"S30 - SESAMO","robots":{"index":"index","follow":"follow","max-snippet":"max-snippet:-1","max-image-preview":"max-image-preview:large","max-video-preview":"max-video-preview:-1"},"canonical":"https:\/\/www.sesamo.eu\/fr\/prodotto\/s30\/","og_locale":"fr_FR","og_type":"article","og_title":"S30 - SESAMO","og_description":"SESAMO a le plaisir de pr\u00e9senter la nouvelle gamme de profil\u00e9s en aluminium pour portes coulissantes automatiques S30, une s\u00e9rie qui \u00e9largit la gamme de profil\u00e9s pour portes et fen\u00eatres automatiques.","og_url":"https:\/\/www.sesamo.eu\/fr\/prodotto\/s30\/","og_site_name":"SESAMO","article_modified_time":"2022-02-21T09:45:51+00:00","og_image":[{"width":552,"height":414,"url":"https:\/\/www.sesamo.eu\/wp-content\/uploads\/2021\/01\/thumb_IMG_0409.jpeg","type":"image\/jpeg"}],"twitter_card":"summary_large_image","twitter_misc":{"Dur\u00e9e de lecture estim\u00e9e":"1 minute"},"schema":{"@context":"https:\/\/schema.org","@graph":[{"@type":"WebPage","@id":"https:\/\/www.sesamo.eu\/fr\/prodotto\/s30\/","url":"https:\/\/www.sesamo.eu\/fr\/prodotto\/s30\/","name":"S30 - SESAMO","isPartOf":{"@id":"https:\/\/www.sesamo.eu\/fr\/#website"},"primaryImageOfPage":{"@id":"https:\/\/www.sesamo.eu\/fr\/prodotto\/s30\/#primaryimage"},"image":{"@id":"https:\/\/www.sesamo.eu\/fr\/prodotto\/s30\/#primaryimage"},"thumbnailUrl":"https:\/\/www.sesamo.eu\/wp-content\/uploads\/2021\/01\/thumb_IMG_0409.jpeg","datePublished":"2021-01-19T20:54:21+00:00","dateModified":"2022-02-21T09:45:51+00:00","breadcrumb":{"@id":"https:\/\/www.sesamo.eu\/fr\/prodotto\/s30\/#breadcrumb"},"inLanguage":"fr-FR","potentialAction":[{"@type":"ReadAction","target":["https:\/\/www.sesamo.eu\/fr\/prodotto\/s30\/"]}]},{"@type":"ImageObject","inLanguage":"fr-FR","@id":"https:\/\/www.sesamo.eu\/fr\/prodotto\/s30\/#primaryimage","url":"https:\/\/www.sesamo.eu\/wp-content\/uploads\/2021\/01\/thumb_IMG_0409.jpeg","contentUrl":"https:\/\/www.sesamo.eu\/wp-content\/uploads\/2021\/01\/thumb_IMG_0409.jpeg","width":552,"height":414},{"@type":"BreadcrumbList","@id":"https:\/\/www.sesamo.eu\/fr\/prodotto\/s30\/#breadcrumb","itemListElement":[{"@type":"ListItem","position":1,"name":"Home","item":"https:\/\/www.sesamo.eu\/fr\/accueil\/"},{"@type":"ListItem","position":2,"name":"Boutique","item":"https:\/\/www.sesamo.eu\/fr\/boutique\/"},{"@type":"ListItem","position":3,"name":"S30"}]},{"@type":"WebSite","@id":"https:\/\/www.sesamo.eu\/fr\/#website","url":"https:\/\/www.sesamo.eu\/fr\/","name":"SESAMO","description":"Ingressi automatici","publisher":{"@id":"https:\/\/www.sesamo.eu\/fr\/#organization"},"potentialAction":[{"@type":"SearchAction","target":{"@type":"EntryPoint","urlTemplate":"https:\/\/www.sesamo.eu\/fr\/?s={search_term_string}"},"query-input":{"@type":"PropertyValueSpecification","valueRequired":true,"valueName":"search_term_string"}}],"inLanguage":"fr-FR"},{"@type":"Organization","@id":"https:\/\/www.sesamo.eu\/fr\/#organization","name":"SESAMO","url":"https:\/\/www.sesamo.eu\/fr\/","logo":{"@type":"ImageObject","inLanguage":"fr-FR","@id":"https:\/\/www.sesamo.eu\/fr\/#\/schema\/logo\/image\/","url":"https:\/\/www.sesamo.eu\/wp-content\/uploads\/2020\/10\/cropped-Logo_Sesamo.png","contentUrl":"https:\/\/www.sesamo.eu\/wp-content\/uploads\/2020\/10\/cropped-Logo_Sesamo.png","width":512,"height":512,"caption":"SESAMO"},"image":{"@id":"https:\/\/www.sesamo.eu\/fr\/#\/schema\/logo\/image\/"}}]}},"_links":{"self":[{"href":"https:\/\/www.sesamo.eu\/fr\/wp-json\/wp\/v2\/product\/3440","targetHints":{"allow":["GET"]}}],"collection":[{"href":"https:\/\/www.sesamo.eu\/fr\/wp-json\/wp\/v2\/product"}],"about":[{"href":"https:\/\/www.sesamo.eu\/fr\/wp-json\/wp\/v2\/types\/product"}],"replies":[{"embeddable":true,"href":"https:\/\/www.sesamo.eu\/fr\/wp-json\/wp\/v2\/comments?post=3440"}],"wp:featuredmedia":[{"embeddable":true,"href":"https:\/\/www.sesamo.eu\/fr\/wp-json\/wp\/v2\/media\/2600"}],"wp:attachment":[{"href":"https:\/\/www.sesamo.eu\/fr\/wp-json\/wp\/v2\/media?parent=3440"}],"wp:term":[{"taxonomy":"product_brand","embeddable":true,"href":"https:\/\/www.sesamo.eu\/fr\/wp-json\/wp\/v2\/product_brand?post=3440"},{"taxonomy":"product_cat","embeddable":true,"href":"https:\/\/www.sesamo.eu\/fr\/wp-json\/wp\/v2\/product_cat?post=3440"},{"taxonomy":"product_tag","embeddable":true,"href":"https:\/\/www.sesamo.eu\/fr\/wp-json\/wp\/v2\/product_tag?post=3440"}],"curies":[{"name":"wp","href":"https:\/\/api.w.org\/{rel}","templated":true}]}}