{"id":3458,"date":"2021-06-07T09:50:38","date_gmt":"2021-06-07T09:50:38","guid":{"rendered":"https:\/\/sesamo.eu\/prodotto\/balancoire-domus\/"},"modified":"2022-03-02T20:47:09","modified_gmt":"2022-03-02T20:47:09","slug":"balancoire-domus","status":"publish","type":"product","link":"https:\/\/www.sesamo.eu\/fr\/prodotto\/balancoire-domus\/","title":{"rendered":"DOMUS SWING"},"content":{"rendered":"<p>DOMUS SWING ouvre et ferme tous les types de volets \u00e0 un ou deux vantaux, r\u00e9solvant les probl\u00e8mes d&rsquo;ouverture de volets inconfortables, hauts ou grillag\u00e9s et r\u00e9duisant la perte de chaleur des pi\u00e8ces en hiver, car les fen\u00eatres n&rsquo;ont pas besoin d&rsquo;\u00eatre ouvertes.<\/p>\n<p>CARACT\u00c9RISTIQUES DE FONCTIONNEMENT&nbsp;:<br \/>\nLes moteurs peuvent fonctionner individuellement ou de mani\u00e8re centralis\u00e9e, les volets peuvent \u00eatre arr\u00eat\u00e9s \u00e0 volont\u00e9 dans n&rsquo;importe quelle position souhait\u00e9e. Pour la centralisation et le d\u00e9calage des portes, il est indispensable de demander la carte appropri\u00e9e pour le retard de la porte. Il est \u00e9galement possible d&rsquo;accessoiriser le syst\u00e8me avec le dispositif de serrure \u00e9lectrique.<\/p>\n","protected":false},"excerpt":{"rendered":"<p>Automatisme con\u00e7u pour automatiser tout type de volet avec efficacit\u00e9 et pr\u00e9cision.<\/p>\n","protected":false},"featured_media":2940,"comment_status":"open","ping_status":"closed","template":"","meta":{"_acf_changed":false,"_et_pb_use_builder":"","_et_pb_old_content":"","_et_gb_content_width":""},"product_brand":[],"product_cat":[79],"product_tag":[],"class_list":{"0":"post-3458","1":"product","2":"type-product","3":"status-publish","4":"has-post-thumbnail","6":"product_cat-applications-speciales","8":"first","9":"instock","10":"shipping-taxable","11":"product-type-simple"},"acf":[],"yoast_head":"<!-- This site is optimized with the Yoast SEO plugin v27.2 - https:\/\/yoast.com\/product\/yoast-seo-wordpress\/ -->\n<title>DOMUS SWING - SESAMO<\/title>\n<meta name=\"robots\" content=\"index, follow, max-snippet:-1, max-image-preview:large, max-video-preview:-1\" \/>\n<link rel=\"canonical\" href=\"https:\/\/www.sesamo.eu\/fr\/prodotto\/balancoire-domus\/\" \/>\n<meta property=\"og:locale\" content=\"fr_FR\" \/>\n<meta property=\"og:type\" content=\"article\" \/>\n<meta property=\"og:title\" content=\"DOMUS SWING - SESAMO\" \/>\n<meta property=\"og:description\" content=\"Automatisme con\u00e7u pour automatiser tout type de volet avec efficacit\u00e9 et pr\u00e9cision.\" \/>\n<meta property=\"og:url\" content=\"https:\/\/www.sesamo.eu\/fr\/prodotto\/balancoire-domus\/\" \/>\n<meta property=\"og:site_name\" content=\"SESAMO\" \/>\n<meta property=\"article:modified_time\" content=\"2022-03-02T20:47:09+00:00\" \/>\n<meta property=\"og:image\" content=\"https:\/\/www.sesamo.eu\/wp-content\/uploads\/2021\/06\/thumb_domus.jpg\" \/>\n\t<meta property=\"og:image:width\" content=\"670\" \/>\n\t<meta property=\"og:image:height\" content=\"414\" \/>\n\t<meta property=\"og:image:type\" content=\"image\/jpeg\" \/>\n<meta name=\"twitter:card\" content=\"summary_large_image\" \/>\n<meta name=\"twitter:label1\" content=\"Dur\u00e9e de lecture estim\u00e9e\" \/>\n\t<meta name=\"twitter:data1\" content=\"1 minute\" \/>\n<script type=\"application\/ld+json\" class=\"yoast-schema-graph\">{\"@context\":\"https:\/\/schema.org\",\"@graph\":[{\"@type\":\"WebPage\",\"@id\":\"https:\/\/www.sesamo.eu\/fr\/prodotto\/balancoire-domus\/\",\"url\":\"https:\/\/www.sesamo.eu\/fr\/prodotto\/balancoire-domus\/\",\"name\":\"DOMUS SWING - SESAMO\",\"isPartOf\":{\"@id\":\"https:\/\/www.sesamo.eu\/fr\/#website\"},\"primaryImageOfPage\":{\"@id\":\"https:\/\/www.sesamo.eu\/fr\/prodotto\/balancoire-domus\/#primaryimage\"},\"image\":{\"@id\":\"https:\/\/www.sesamo.eu\/fr\/prodotto\/balancoire-domus\/#primaryimage\"},\"thumbnailUrl\":\"https:\/\/www.sesamo.eu\/wp-content\/uploads\/2021\/06\/thumb_domus.jpg\",\"datePublished\":\"2021-06-07T09:50:38+00:00\",\"dateModified\":\"2022-03-02T20:47:09+00:00\",\"breadcrumb\":{\"@id\":\"https:\/\/www.sesamo.eu\/fr\/prodotto\/balancoire-domus\/#breadcrumb\"},\"inLanguage\":\"fr-FR\",\"potentialAction\":[{\"@type\":\"ReadAction\",\"target\":[\"https:\/\/www.sesamo.eu\/fr\/prodotto\/balancoire-domus\/\"]}]},{\"@type\":\"ImageObject\",\"inLanguage\":\"fr-FR\",\"@id\":\"https:\/\/www.sesamo.eu\/fr\/prodotto\/balancoire-domus\/#primaryimage\",\"url\":\"https:\/\/www.sesamo.eu\/wp-content\/uploads\/2021\/06\/thumb_domus.jpg\",\"contentUrl\":\"https:\/\/www.sesamo.eu\/wp-content\/uploads\/2021\/06\/thumb_domus.jpg\",\"width\":670,\"height\":414},{\"@type\":\"BreadcrumbList\",\"@id\":\"https:\/\/www.sesamo.eu\/fr\/prodotto\/balancoire-domus\/#breadcrumb\",\"itemListElement\":[{\"@type\":\"ListItem\",\"position\":1,\"name\":\"Home\",\"item\":\"https:\/\/www.sesamo.eu\/fr\/accueil\/\"},{\"@type\":\"ListItem\",\"position\":2,\"name\":\"Boutique\",\"item\":\"https:\/\/www.sesamo.eu\/fr\/boutique\/\"},{\"@type\":\"ListItem\",\"position\":3,\"name\":\"DOMUS SWING\"}]},{\"@type\":\"WebSite\",\"@id\":\"https:\/\/www.sesamo.eu\/fr\/#website\",\"url\":\"https:\/\/www.sesamo.eu\/fr\/\",\"name\":\"SESAMO\",\"description\":\"Ingressi automatici\",\"publisher\":{\"@id\":\"https:\/\/www.sesamo.eu\/fr\/#organization\"},\"potentialAction\":[{\"@type\":\"SearchAction\",\"target\":{\"@type\":\"EntryPoint\",\"urlTemplate\":\"https:\/\/www.sesamo.eu\/fr\/?s={search_term_string}\"},\"query-input\":{\"@type\":\"PropertyValueSpecification\",\"valueRequired\":true,\"valueName\":\"search_term_string\"}}],\"inLanguage\":\"fr-FR\"},{\"@type\":\"Organization\",\"@id\":\"https:\/\/www.sesamo.eu\/fr\/#organization\",\"name\":\"SESAMO\",\"url\":\"https:\/\/www.sesamo.eu\/fr\/\",\"logo\":{\"@type\":\"ImageObject\",\"inLanguage\":\"fr-FR\",\"@id\":\"https:\/\/www.sesamo.eu\/fr\/#\/schema\/logo\/image\/\",\"url\":\"https:\/\/www.sesamo.eu\/wp-content\/uploads\/2020\/10\/cropped-Logo_Sesamo.png\",\"contentUrl\":\"https:\/\/www.sesamo.eu\/wp-content\/uploads\/2020\/10\/cropped-Logo_Sesamo.png\",\"width\":512,\"height\":512,\"caption\":\"SESAMO\"},\"image\":{\"@id\":\"https:\/\/www.sesamo.eu\/fr\/#\/schema\/logo\/image\/\"}}]}<\/script>\n<!-- \/ Yoast SEO plugin. -->","yoast_head_json":{"title":"DOMUS SWING - SESAMO","robots":{"index":"index","follow":"follow","max-snippet":"max-snippet:-1","max-image-preview":"max-image-preview:large","max-video-preview":"max-video-preview:-1"},"canonical":"https:\/\/www.sesamo.eu\/fr\/prodotto\/balancoire-domus\/","og_locale":"fr_FR","og_type":"article","og_title":"DOMUS SWING - SESAMO","og_description":"Automatisme con\u00e7u pour automatiser tout type de volet avec efficacit\u00e9 et pr\u00e9cision.","og_url":"https:\/\/www.sesamo.eu\/fr\/prodotto\/balancoire-domus\/","og_site_name":"SESAMO","article_modified_time":"2022-03-02T20:47:09+00:00","og_image":[{"width":670,"height":414,"url":"https:\/\/www.sesamo.eu\/wp-content\/uploads\/2021\/06\/thumb_domus.jpg","type":"image\/jpeg"}],"twitter_card":"summary_large_image","twitter_misc":{"Dur\u00e9e de lecture estim\u00e9e":"1 minute"},"schema":{"@context":"https:\/\/schema.org","@graph":[{"@type":"WebPage","@id":"https:\/\/www.sesamo.eu\/fr\/prodotto\/balancoire-domus\/","url":"https:\/\/www.sesamo.eu\/fr\/prodotto\/balancoire-domus\/","name":"DOMUS SWING - SESAMO","isPartOf":{"@id":"https:\/\/www.sesamo.eu\/fr\/#website"},"primaryImageOfPage":{"@id":"https:\/\/www.sesamo.eu\/fr\/prodotto\/balancoire-domus\/#primaryimage"},"image":{"@id":"https:\/\/www.sesamo.eu\/fr\/prodotto\/balancoire-domus\/#primaryimage"},"thumbnailUrl":"https:\/\/www.sesamo.eu\/wp-content\/uploads\/2021\/06\/thumb_domus.jpg","datePublished":"2021-06-07T09:50:38+00:00","dateModified":"2022-03-02T20:47:09+00:00","breadcrumb":{"@id":"https:\/\/www.sesamo.eu\/fr\/prodotto\/balancoire-domus\/#breadcrumb"},"inLanguage":"fr-FR","potentialAction":[{"@type":"ReadAction","target":["https:\/\/www.sesamo.eu\/fr\/prodotto\/balancoire-domus\/"]}]},{"@type":"ImageObject","inLanguage":"fr-FR","@id":"https:\/\/www.sesamo.eu\/fr\/prodotto\/balancoire-domus\/#primaryimage","url":"https:\/\/www.sesamo.eu\/wp-content\/uploads\/2021\/06\/thumb_domus.jpg","contentUrl":"https:\/\/www.sesamo.eu\/wp-content\/uploads\/2021\/06\/thumb_domus.jpg","width":670,"height":414},{"@type":"BreadcrumbList","@id":"https:\/\/www.sesamo.eu\/fr\/prodotto\/balancoire-domus\/#breadcrumb","itemListElement":[{"@type":"ListItem","position":1,"name":"Home","item":"https:\/\/www.sesamo.eu\/fr\/accueil\/"},{"@type":"ListItem","position":2,"name":"Boutique","item":"https:\/\/www.sesamo.eu\/fr\/boutique\/"},{"@type":"ListItem","position":3,"name":"DOMUS SWING"}]},{"@type":"WebSite","@id":"https:\/\/www.sesamo.eu\/fr\/#website","url":"https:\/\/www.sesamo.eu\/fr\/","name":"SESAMO","description":"Ingressi automatici","publisher":{"@id":"https:\/\/www.sesamo.eu\/fr\/#organization"},"potentialAction":[{"@type":"SearchAction","target":{"@type":"EntryPoint","urlTemplate":"https:\/\/www.sesamo.eu\/fr\/?s={search_term_string}"},"query-input":{"@type":"PropertyValueSpecification","valueRequired":true,"valueName":"search_term_string"}}],"inLanguage":"fr-FR"},{"@type":"Organization","@id":"https:\/\/www.sesamo.eu\/fr\/#organization","name":"SESAMO","url":"https:\/\/www.sesamo.eu\/fr\/","logo":{"@type":"ImageObject","inLanguage":"fr-FR","@id":"https:\/\/www.sesamo.eu\/fr\/#\/schema\/logo\/image\/","url":"https:\/\/www.sesamo.eu\/wp-content\/uploads\/2020\/10\/cropped-Logo_Sesamo.png","contentUrl":"https:\/\/www.sesamo.eu\/wp-content\/uploads\/2020\/10\/cropped-Logo_Sesamo.png","width":512,"height":512,"caption":"SESAMO"},"image":{"@id":"https:\/\/www.sesamo.eu\/fr\/#\/schema\/logo\/image\/"}}]}},"_links":{"self":[{"href":"https:\/\/www.sesamo.eu\/fr\/wp-json\/wp\/v2\/product\/3458","targetHints":{"allow":["GET"]}}],"collection":[{"href":"https:\/\/www.sesamo.eu\/fr\/wp-json\/wp\/v2\/product"}],"about":[{"href":"https:\/\/www.sesamo.eu\/fr\/wp-json\/wp\/v2\/types\/product"}],"replies":[{"embeddable":true,"href":"https:\/\/www.sesamo.eu\/fr\/wp-json\/wp\/v2\/comments?post=3458"}],"wp:featuredmedia":[{"embeddable":true,"href":"https:\/\/www.sesamo.eu\/fr\/wp-json\/wp\/v2\/media\/2940"}],"wp:attachment":[{"href":"https:\/\/www.sesamo.eu\/fr\/wp-json\/wp\/v2\/media?parent=3458"}],"wp:term":[{"taxonomy":"product_brand","embeddable":true,"href":"https:\/\/www.sesamo.eu\/fr\/wp-json\/wp\/v2\/product_brand?post=3458"},{"taxonomy":"product_cat","embeddable":true,"href":"https:\/\/www.sesamo.eu\/fr\/wp-json\/wp\/v2\/product_cat?post=3458"},{"taxonomy":"product_tag","embeddable":true,"href":"https:\/\/www.sesamo.eu\/fr\/wp-json\/wp\/v2\/product_tag?post=3458"}],"curies":[{"name":"wp","href":"https:\/\/api.w.org\/{rel}","templated":true}]}}