{"id":5586,"date":"2026-04-14T08:44:50","date_gmt":"2026-04-14T08:44:50","guid":{"rendered":"https:\/\/www.sesamo.eu\/?post_type=product&#038;p=5586"},"modified":"2026-04-14T13:25:58","modified_gmt":"2026-04-14T13:25:58","slug":"telescopica-pwt80","status":"publish","type":"product","link":"https:\/\/www.sesamo.eu\/fr\/prodotto\/telescopica-pwt80\/","title":{"rendered":"TELESCOPICA PWT80"},"content":{"rendered":"<p>SESAMO pr\u00e9sente TELESCOPICA POWERCORE, le nouveau syst\u00e8me automatique pour portes coulissantes \u00e0 vantaux t\u00e9lescopiques. Les solutions les plus avanc\u00e9es technologiquement de la gamme POWERCORE constituent la base de ce nouveau syst\u00e8me automatique.<\/p>\n<p>TELESCOPICA POWERCORE est con\u00e7u et fabriqu\u00e9 pour r\u00e9soudre les probl\u00e8mes des passages o\u00f9 la capacit\u00e9 de coulissement des portes est limit\u00e9e ou m\u00eame impossible en raison de contraintes architecturales. Des mat\u00e9riaux de haute qualit\u00e9 et des solutions technologiques innovantes<br \/>\nallient facilit\u00e9 d&rsquo;installation, d&rsquo;utilisation et d&rsquo;entretien \u00e0 la s\u00e9curit\u00e9 d&rsquo;un syst\u00e8me automatique con\u00e7u pour durer. L&rsquo;\u00e9lectronique sophistiqu\u00e9e fournit \u00e0 l&rsquo;installateur les outils n\u00e9cessaires \u00e0 une personnalisation pouss\u00e9e et \u00e0 des diagnostics pr\u00e9cis lors de la maintenance.<\/p>\n<p>Le design \u00e9pur\u00e9 et fonctionnel met en valeur les performances et les dimensions particuli\u00e8rement compactes du syst\u00e8me automatique.<\/p>\n","protected":false},"excerpt":{"rendered":"<p>TELESCOPICA POWERCORE est con\u00e7u et fabriqu\u00e9 pour r\u00e9soudre les probl\u00e8mes des passages o\u00f9 la capacit\u00e9 de coulissement des portes est limit\u00e9e ou m\u00eame impossible en raison de contraintes architecturales<\/p>\n","protected":false},"featured_media":5582,"comment_status":"open","ping_status":"closed","template":"","meta":{"_acf_changed":false,"_et_pb_use_builder":"","_et_pb_old_content":"","_et_gb_content_width":""},"product_brand":[],"product_cat":[68,66],"product_tag":[],"class_list":{"0":"post-5586","1":"product","2":"type-product","3":"status-publish","4":"has-post-thumbnail","6":"product_cat-automatisme-pour-portes","7":"product_cat-operateurs-pour-portes-coulissantes-droites","9":"first","10":"instock","11":"shipping-taxable","12":"product-type-simple"},"acf":[],"yoast_head":"<!-- This site is optimized with the Yoast SEO plugin v27.2 - https:\/\/yoast.com\/product\/yoast-seo-wordpress\/ -->\n<title>TELESCOPICA PWT80 - SESAMO<\/title>\n<meta name=\"robots\" content=\"index, follow, max-snippet:-1, max-image-preview:large, max-video-preview:-1\" \/>\n<link rel=\"canonical\" href=\"https:\/\/www.sesamo.eu\/fr\/prodotto\/telescopica-pwt80\/\" \/>\n<meta property=\"og:locale\" content=\"fr_FR\" \/>\n<meta property=\"og:type\" content=\"article\" \/>\n<meta property=\"og:title\" content=\"TELESCOPICA PWT80 - SESAMO\" \/>\n<meta property=\"og:description\" content=\"TELESCOPICA POWERCORE est con\u00e7u et fabriqu\u00e9 pour r\u00e9soudre les probl\u00e8mes des passages o\u00f9 la capacit\u00e9 de coulissement des portes est limit\u00e9e ou m\u00eame impossible en raison de contraintes architecturales\" \/>\n<meta property=\"og:url\" content=\"https:\/\/www.sesamo.eu\/fr\/prodotto\/telescopica-pwt80\/\" \/>\n<meta property=\"og:site_name\" content=\"SESAMO\" \/>\n<meta property=\"article:modified_time\" content=\"2026-04-14T13:25:58+00:00\" \/>\n<meta property=\"og:image\" content=\"https:\/\/www.sesamo.eu\/wp-content\/uploads\/2026\/04\/PWT80-immagine-pagina-5-brochure-scaled.png\" \/>\n\t<meta property=\"og:image:width\" content=\"2560\" \/>\n\t<meta property=\"og:image:height\" content=\"667\" \/>\n\t<meta property=\"og:image:type\" content=\"image\/png\" \/>\n<meta name=\"twitter:card\" content=\"summary_large_image\" \/>\n<meta name=\"twitter:label1\" content=\"Dur\u00e9e de lecture estim\u00e9e\" \/>\n\t<meta name=\"twitter:data1\" content=\"1 minute\" \/>\n<script type=\"application\/ld+json\" class=\"yoast-schema-graph\">{\"@context\":\"https:\/\/schema.org\",\"@graph\":[{\"@type\":\"WebPage\",\"@id\":\"https:\/\/www.sesamo.eu\/fr\/prodotto\/telescopica-pwt80\/\",\"url\":\"https:\/\/www.sesamo.eu\/fr\/prodotto\/telescopica-pwt80\/\",\"name\":\"TELESCOPICA PWT80 - SESAMO\",\"isPartOf\":{\"@id\":\"https:\/\/www.sesamo.eu\/fr\/#website\"},\"primaryImageOfPage\":{\"@id\":\"https:\/\/www.sesamo.eu\/fr\/prodotto\/telescopica-pwt80\/#primaryimage\"},\"image\":{\"@id\":\"https:\/\/www.sesamo.eu\/fr\/prodotto\/telescopica-pwt80\/#primaryimage\"},\"thumbnailUrl\":\"https:\/\/www.sesamo.eu\/wp-content\/uploads\/2026\/04\/PWT80-immagine-pagina-5-brochure-scaled.png\",\"datePublished\":\"2026-04-14T08:44:50+00:00\",\"dateModified\":\"2026-04-14T13:25:58+00:00\",\"breadcrumb\":{\"@id\":\"https:\/\/www.sesamo.eu\/fr\/prodotto\/telescopica-pwt80\/#breadcrumb\"},\"inLanguage\":\"fr-FR\",\"potentialAction\":[{\"@type\":\"ReadAction\",\"target\":[\"https:\/\/www.sesamo.eu\/fr\/prodotto\/telescopica-pwt80\/\"]}]},{\"@type\":\"ImageObject\",\"inLanguage\":\"fr-FR\",\"@id\":\"https:\/\/www.sesamo.eu\/fr\/prodotto\/telescopica-pwt80\/#primaryimage\",\"url\":\"https:\/\/www.sesamo.eu\/wp-content\/uploads\/2026\/04\/PWT80-immagine-pagina-5-brochure-scaled.png\",\"contentUrl\":\"https:\/\/www.sesamo.eu\/wp-content\/uploads\/2026\/04\/PWT80-immagine-pagina-5-brochure-scaled.png\",\"width\":2560,\"height\":667},{\"@type\":\"BreadcrumbList\",\"@id\":\"https:\/\/www.sesamo.eu\/fr\/prodotto\/telescopica-pwt80\/#breadcrumb\",\"itemListElement\":[{\"@type\":\"ListItem\",\"position\":1,\"name\":\"Home\",\"item\":\"https:\/\/www.sesamo.eu\/fr\/accueil\/\"},{\"@type\":\"ListItem\",\"position\":2,\"name\":\"Boutique\",\"item\":\"https:\/\/www.sesamo.eu\/fr\/boutique\/\"},{\"@type\":\"ListItem\",\"position\":3,\"name\":\"TELESCOPICA PWT80\"}]},{\"@type\":\"WebSite\",\"@id\":\"https:\/\/www.sesamo.eu\/fr\/#website\",\"url\":\"https:\/\/www.sesamo.eu\/fr\/\",\"name\":\"SESAMO\",\"description\":\"Ingressi automatici\",\"publisher\":{\"@id\":\"https:\/\/www.sesamo.eu\/fr\/#organization\"},\"potentialAction\":[{\"@type\":\"SearchAction\",\"target\":{\"@type\":\"EntryPoint\",\"urlTemplate\":\"https:\/\/www.sesamo.eu\/fr\/?s={search_term_string}\"},\"query-input\":{\"@type\":\"PropertyValueSpecification\",\"valueRequired\":true,\"valueName\":\"search_term_string\"}}],\"inLanguage\":\"fr-FR\"},{\"@type\":\"Organization\",\"@id\":\"https:\/\/www.sesamo.eu\/fr\/#organization\",\"name\":\"SESAMO\",\"url\":\"https:\/\/www.sesamo.eu\/fr\/\",\"logo\":{\"@type\":\"ImageObject\",\"inLanguage\":\"fr-FR\",\"@id\":\"https:\/\/www.sesamo.eu\/fr\/#\/schema\/logo\/image\/\",\"url\":\"https:\/\/www.sesamo.eu\/wp-content\/uploads\/2020\/10\/cropped-Logo_Sesamo.png\",\"contentUrl\":\"https:\/\/www.sesamo.eu\/wp-content\/uploads\/2020\/10\/cropped-Logo_Sesamo.png\",\"width\":512,\"height\":512,\"caption\":\"SESAMO\"},\"image\":{\"@id\":\"https:\/\/www.sesamo.eu\/fr\/#\/schema\/logo\/image\/\"}}]}<\/script>\n<!-- \/ Yoast SEO plugin. -->","yoast_head_json":{"title":"TELESCOPICA PWT80 - SESAMO","robots":{"index":"index","follow":"follow","max-snippet":"max-snippet:-1","max-image-preview":"max-image-preview:large","max-video-preview":"max-video-preview:-1"},"canonical":"https:\/\/www.sesamo.eu\/fr\/prodotto\/telescopica-pwt80\/","og_locale":"fr_FR","og_type":"article","og_title":"TELESCOPICA PWT80 - SESAMO","og_description":"TELESCOPICA POWERCORE est con\u00e7u et fabriqu\u00e9 pour r\u00e9soudre les probl\u00e8mes des passages o\u00f9 la capacit\u00e9 de coulissement des portes est limit\u00e9e ou m\u00eame impossible en raison de contraintes architecturales","og_url":"https:\/\/www.sesamo.eu\/fr\/prodotto\/telescopica-pwt80\/","og_site_name":"SESAMO","article_modified_time":"2026-04-14T13:25:58+00:00","og_image":[{"width":2560,"height":667,"url":"https:\/\/www.sesamo.eu\/wp-content\/uploads\/2026\/04\/PWT80-immagine-pagina-5-brochure-scaled.png","type":"image\/png"}],"twitter_card":"summary_large_image","twitter_misc":{"Dur\u00e9e de lecture estim\u00e9e":"1 minute"},"schema":{"@context":"https:\/\/schema.org","@graph":[{"@type":"WebPage","@id":"https:\/\/www.sesamo.eu\/fr\/prodotto\/telescopica-pwt80\/","url":"https:\/\/www.sesamo.eu\/fr\/prodotto\/telescopica-pwt80\/","name":"TELESCOPICA PWT80 - SESAMO","isPartOf":{"@id":"https:\/\/www.sesamo.eu\/fr\/#website"},"primaryImageOfPage":{"@id":"https:\/\/www.sesamo.eu\/fr\/prodotto\/telescopica-pwt80\/#primaryimage"},"image":{"@id":"https:\/\/www.sesamo.eu\/fr\/prodotto\/telescopica-pwt80\/#primaryimage"},"thumbnailUrl":"https:\/\/www.sesamo.eu\/wp-content\/uploads\/2026\/04\/PWT80-immagine-pagina-5-brochure-scaled.png","datePublished":"2026-04-14T08:44:50+00:00","dateModified":"2026-04-14T13:25:58+00:00","breadcrumb":{"@id":"https:\/\/www.sesamo.eu\/fr\/prodotto\/telescopica-pwt80\/#breadcrumb"},"inLanguage":"fr-FR","potentialAction":[{"@type":"ReadAction","target":["https:\/\/www.sesamo.eu\/fr\/prodotto\/telescopica-pwt80\/"]}]},{"@type":"ImageObject","inLanguage":"fr-FR","@id":"https:\/\/www.sesamo.eu\/fr\/prodotto\/telescopica-pwt80\/#primaryimage","url":"https:\/\/www.sesamo.eu\/wp-content\/uploads\/2026\/04\/PWT80-immagine-pagina-5-brochure-scaled.png","contentUrl":"https:\/\/www.sesamo.eu\/wp-content\/uploads\/2026\/04\/PWT80-immagine-pagina-5-brochure-scaled.png","width":2560,"height":667},{"@type":"BreadcrumbList","@id":"https:\/\/www.sesamo.eu\/fr\/prodotto\/telescopica-pwt80\/#breadcrumb","itemListElement":[{"@type":"ListItem","position":1,"name":"Home","item":"https:\/\/www.sesamo.eu\/fr\/accueil\/"},{"@type":"ListItem","position":2,"name":"Boutique","item":"https:\/\/www.sesamo.eu\/fr\/boutique\/"},{"@type":"ListItem","position":3,"name":"TELESCOPICA PWT80"}]},{"@type":"WebSite","@id":"https:\/\/www.sesamo.eu\/fr\/#website","url":"https:\/\/www.sesamo.eu\/fr\/","name":"SESAMO","description":"Ingressi automatici","publisher":{"@id":"https:\/\/www.sesamo.eu\/fr\/#organization"},"potentialAction":[{"@type":"SearchAction","target":{"@type":"EntryPoint","urlTemplate":"https:\/\/www.sesamo.eu\/fr\/?s={search_term_string}"},"query-input":{"@type":"PropertyValueSpecification","valueRequired":true,"valueName":"search_term_string"}}],"inLanguage":"fr-FR"},{"@type":"Organization","@id":"https:\/\/www.sesamo.eu\/fr\/#organization","name":"SESAMO","url":"https:\/\/www.sesamo.eu\/fr\/","logo":{"@type":"ImageObject","inLanguage":"fr-FR","@id":"https:\/\/www.sesamo.eu\/fr\/#\/schema\/logo\/image\/","url":"https:\/\/www.sesamo.eu\/wp-content\/uploads\/2020\/10\/cropped-Logo_Sesamo.png","contentUrl":"https:\/\/www.sesamo.eu\/wp-content\/uploads\/2020\/10\/cropped-Logo_Sesamo.png","width":512,"height":512,"caption":"SESAMO"},"image":{"@id":"https:\/\/www.sesamo.eu\/fr\/#\/schema\/logo\/image\/"}}]}},"_links":{"self":[{"href":"https:\/\/www.sesamo.eu\/fr\/wp-json\/wp\/v2\/product\/5586","targetHints":{"allow":["GET"]}}],"collection":[{"href":"https:\/\/www.sesamo.eu\/fr\/wp-json\/wp\/v2\/product"}],"about":[{"href":"https:\/\/www.sesamo.eu\/fr\/wp-json\/wp\/v2\/types\/product"}],"replies":[{"embeddable":true,"href":"https:\/\/www.sesamo.eu\/fr\/wp-json\/wp\/v2\/comments?post=5586"}],"wp:featuredmedia":[{"embeddable":true,"href":"https:\/\/www.sesamo.eu\/fr\/wp-json\/wp\/v2\/media\/5582"}],"wp:attachment":[{"href":"https:\/\/www.sesamo.eu\/fr\/wp-json\/wp\/v2\/media?parent=5586"}],"wp:term":[{"taxonomy":"product_brand","embeddable":true,"href":"https:\/\/www.sesamo.eu\/fr\/wp-json\/wp\/v2\/product_brand?post=5586"},{"taxonomy":"product_cat","embeddable":true,"href":"https:\/\/www.sesamo.eu\/fr\/wp-json\/wp\/v2\/product_cat?post=5586"},{"taxonomy":"product_tag","embeddable":true,"href":"https:\/\/www.sesamo.eu\/fr\/wp-json\/wp\/v2\/product_tag?post=5586"}],"curies":[{"name":"wp","href":"https:\/\/api.w.org\/{rel}","templated":true}]}}